{"id":18540,"date":"2023-08-18T19:02:56","date_gmt":"2023-08-18T17:02:56","guid":{"rendered":"https:\/\/www.tedom.com\/kogeneracni-jednotky\/cento\/"},"modified":"2025-02-06T15:58:28","modified_gmt":"2025-02-06T14:58:28","slug":"cento","status":"publish","type":"product","link":"https:\/\/www.tedom.com\/us\/cogeneration-us\/cento\/","title":{"rendered":"Cento"},"content":{"rendered":"<div class=\"text\">\n<p>Cento CHP units can be found mainly in the energy-intensive buildings such as hospitals, schools, hotels, water parks or conference centers.<\/p>\n<p><strong>Smart design<\/strong>, variable design and a <strong>wide power range<\/strong> &#8211; these features allow us to install our units wherever they are needed.<\/p>\n<\/div>\n","protected":false},"excerpt":{"rendered":"<p>Cento CHP units can be found mainly in the energy-intensive buildings such as hospitals, schools, hotels, water parks or conference centers. Smart design, variable design and a wide power range &#8211; these features allow us to install our units wherever they are needed.<\/p>\n","protected":false},"featured_media":21971,"template":"","meta":{"_acf_changed":false},"product_brand":[],"product_cat":[463],"product_tag":[],"class_list":{"0":"post-18540","1":"product","2":"type-product","3":"status-publish","4":"has-post-thumbnail","6":"product_cat-cogeneration-us","8":"first","9":"instock","10":"sale","11":"virtual","12":"purchasable","13":"product-type-simple"},"acf":[],"yoast_head":"<!-- This site is optimized with the Yoast SEO Premium plugin v24.6 (Yoast SEO v26.4) - https:\/\/yoast.com\/wordpress\/plugins\/seo\/ -->\n<title>Cento &#8211; TEDOM<\/title>\n<meta name=\"robots\" content=\"index, follow, max-snippet:-1, max-image-preview:large, max-video-preview:-1\" \/>\n<link rel=\"canonical\" href=\"https:\/\/www.tedom.com\/us\/cogeneration-us\/cento\/\" \/>\n<meta property=\"og:locale\" content=\"en_US\" \/>\n<meta property=\"og:type\" content=\"article\" \/>\n<meta property=\"og:title\" content=\"Cento\" \/>\n<meta property=\"og:description\" content=\"Cento CHP units can be found mainly in the energy-intensive buildings such as hospitals, schools, hotels, water parks or conference centers. Smart design, variable design and a wide power range &#8211; these features allow us to install our units wherever they are needed.\" \/>\n<meta property=\"og:url\" content=\"https:\/\/www.tedom.com\/us\/cogeneration-us\/cento\/\" \/>\n<meta property=\"og:site_name\" content=\"TEDOM\" \/>\n<meta property=\"article:publisher\" content=\"https:\/\/www.facebook.com\/tedom.cz\/\" \/>\n<meta property=\"article:modified_time\" content=\"2025-02-06T14:58:28+00:00\" \/>\n<meta property=\"og:image\" content=\"https:\/\/www.tedom.com\/wp-content\/uploads\/2025\/02\/CENTO-2-1024x861.png\" \/>\n\t<meta property=\"og:image:width\" content=\"1024\" \/>\n\t<meta property=\"og:image:height\" content=\"861\" \/>\n\t<meta property=\"og:image:type\" content=\"image\/png\" \/>\n<meta name=\"twitter:card\" content=\"summary_large_image\" \/>\n<meta name=\"twitter:site\" content=\"@tedom_chp\" \/>\n<meta name=\"twitter:label1\" content=\"Est. reading time\" \/>\n\t<meta name=\"twitter:data1\" content=\"1 minute\" \/>\n<script type=\"application\/ld+json\" class=\"yoast-schema-graph\">{\"@context\":\"https:\/\/schema.org\",\"@graph\":[{\"@type\":\"WebPage\",\"@id\":\"https:\/\/www.tedom.com\/us\/cogeneration-us\/cento\/\",\"url\":\"https:\/\/www.tedom.com\/us\/cogeneration-us\/cento\/\",\"name\":\"Cento &#8211; TEDOM\",\"isPartOf\":{\"@id\":\"https:\/\/www.tedom.com\/us\/#website\"},\"primaryImageOfPage\":{\"@id\":\"https:\/\/www.tedom.com\/us\/cogeneration-us\/cento\/#primaryimage\"},\"image\":{\"@id\":\"https:\/\/www.tedom.com\/us\/cogeneration-us\/cento\/#primaryimage\"},\"thumbnailUrl\":\"https:\/\/www.tedom.com\/wp-content\/uploads\/2025\/02\/CENTO-2.png\",\"datePublished\":\"2023-08-18T17:02:56+00:00\",\"dateModified\":\"2025-02-06T14:58:28+00:00\",\"breadcrumb\":{\"@id\":\"https:\/\/www.tedom.com\/us\/cogeneration-us\/cento\/#breadcrumb\"},\"inLanguage\":\"us\",\"potentialAction\":[{\"@type\":\"ReadAction\",\"target\":[\"https:\/\/www.tedom.com\/us\/cogeneration-us\/cento\/\"]}]},{\"@type\":\"ImageObject\",\"inLanguage\":\"us\",\"@id\":\"https:\/\/www.tedom.com\/us\/cogeneration-us\/cento\/#primaryimage\",\"url\":\"https:\/\/www.tedom.com\/wp-content\/uploads\/2025\/02\/CENTO-2.png\",\"contentUrl\":\"https:\/\/www.tedom.com\/wp-content\/uploads\/2025\/02\/CENTO-2.png\",\"width\":2772,\"height\":2331},{\"@type\":\"BreadcrumbList\",\"@id\":\"https:\/\/www.tedom.com\/us\/cogeneration-us\/cento\/#breadcrumb\",\"itemListElement\":[{\"@type\":\"ListItem\",\"position\":1,\"name\":\"Home\",\"item\":\"https:\/\/www.tedom.com\/us\/home-page\/\"},{\"@type\":\"ListItem\",\"position\":2,\"name\":\"Shop\",\"item\":\"https:\/\/www.tedom.com\/cs\/shop\/\"},{\"@type\":\"ListItem\",\"position\":3,\"name\":\"Cento\"}]},{\"@type\":\"WebSite\",\"@id\":\"https:\/\/www.tedom.com\/us\/#website\",\"url\":\"https:\/\/www.tedom.com\/us\/\",\"name\":\"TEDOM\",\"description\":\"TEDOM se zab\u00fdv\u00e1 v\u00fdrobou kogenera\u010dn\u00edch jednotek, instalac\u00ed fotovoltaiky a poskytov\u00e1n\u00edm komplexn\u00edch slu\u017eeb pro modern\u00ed decentr\u00e1ln\u00ed energetiku.\",\"publisher\":{\"@id\":\"https:\/\/www.tedom.com\/us\/#organization\"},\"potentialAction\":[{\"@type\":\"SearchAction\",\"target\":{\"@type\":\"EntryPoint\",\"urlTemplate\":\"https:\/\/www.tedom.com\/us\/?s={search_term_string}\"},\"query-input\":{\"@type\":\"PropertyValueSpecification\",\"valueRequired\":true,\"valueName\":\"search_term_string\"}}],\"inLanguage\":\"us\"},{\"@type\":\"Organization\",\"@id\":\"https:\/\/www.tedom.com\/us\/#organization\",\"name\":\"TEDOM a. s.\",\"url\":\"https:\/\/www.tedom.com\/us\/\",\"logo\":{\"@type\":\"ImageObject\",\"inLanguage\":\"us\",\"@id\":\"https:\/\/www.tedom.com\/us\/#\/schema\/logo\/image\/\",\"url\":\"https:\/\/www.tedom.com\/wp-content\/uploads\/2023\/11\/TEDOM_logotype_RGB-scaled.jpg\",\"contentUrl\":\"https:\/\/www.tedom.com\/wp-content\/uploads\/2023\/11\/TEDOM_logotype_RGB-scaled.jpg\",\"width\":2560,\"height\":654,\"caption\":\"TEDOM a. s.\"},\"image\":{\"@id\":\"https:\/\/www.tedom.com\/us\/#\/schema\/logo\/image\/\"},\"sameAs\":[\"https:\/\/www.facebook.com\/tedom.cz\/\",\"https:\/\/x.com\/tedom_chp\",\"https:\/\/www.instagram.com\/tedom_a.s\/\",\"https:\/\/www.youtube.com\/channel\/UCEqr6fHr02vxVRVF_xtKZ2w\",\"https:\/\/www.linkedin.com\/company\/tedom-a-s-?originalSubdomain=cz\"]}]}<\/script>\n<!-- \/ Yoast SEO Premium plugin. -->","yoast_head_json":{"title":"Cento &#8211; TEDOM","robots":{"index":"index","follow":"follow","max-snippet":"max-snippet:-1","max-image-preview":"max-image-preview:large","max-video-preview":"max-video-preview:-1"},"canonical":"https:\/\/www.tedom.com\/us\/cogeneration-us\/cento\/","og_locale":"en_US","og_type":"article","og_title":"Cento","og_description":"Cento CHP units can be found mainly in the energy-intensive buildings such as hospitals, schools, hotels, water parks or conference centers. Smart design, variable design and a wide power range &#8211; these features allow us to install our units wherever they are needed.","og_url":"https:\/\/www.tedom.com\/us\/cogeneration-us\/cento\/","og_site_name":"TEDOM","article_publisher":"https:\/\/www.facebook.com\/tedom.cz\/","article_modified_time":"2025-02-06T14:58:28+00:00","og_image":[{"width":1024,"height":861,"url":"https:\/\/www.tedom.com\/wp-content\/uploads\/2025\/02\/CENTO-2-1024x861.png","type":"image\/png"}],"twitter_card":"summary_large_image","twitter_site":"@tedom_chp","twitter_misc":{"Est. reading time":"1 minute"},"schema":{"@context":"https:\/\/schema.org","@graph":[{"@type":"WebPage","@id":"https:\/\/www.tedom.com\/us\/cogeneration-us\/cento\/","url":"https:\/\/www.tedom.com\/us\/cogeneration-us\/cento\/","name":"Cento &#8211; TEDOM","isPartOf":{"@id":"https:\/\/www.tedom.com\/us\/#website"},"primaryImageOfPage":{"@id":"https:\/\/www.tedom.com\/us\/cogeneration-us\/cento\/#primaryimage"},"image":{"@id":"https:\/\/www.tedom.com\/us\/cogeneration-us\/cento\/#primaryimage"},"thumbnailUrl":"https:\/\/www.tedom.com\/wp-content\/uploads\/2025\/02\/CENTO-2.png","datePublished":"2023-08-18T17:02:56+00:00","dateModified":"2025-02-06T14:58:28+00:00","breadcrumb":{"@id":"https:\/\/www.tedom.com\/us\/cogeneration-us\/cento\/#breadcrumb"},"inLanguage":"us","potentialAction":[{"@type":"ReadAction","target":["https:\/\/www.tedom.com\/us\/cogeneration-us\/cento\/"]}]},{"@type":"ImageObject","inLanguage":"us","@id":"https:\/\/www.tedom.com\/us\/cogeneration-us\/cento\/#primaryimage","url":"https:\/\/www.tedom.com\/wp-content\/uploads\/2025\/02\/CENTO-2.png","contentUrl":"https:\/\/www.tedom.com\/wp-content\/uploads\/2025\/02\/CENTO-2.png","width":2772,"height":2331},{"@type":"BreadcrumbList","@id":"https:\/\/www.tedom.com\/us\/cogeneration-us\/cento\/#breadcrumb","itemListElement":[{"@type":"ListItem","position":1,"name":"Home","item":"https:\/\/www.tedom.com\/us\/home-page\/"},{"@type":"ListItem","position":2,"name":"Shop","item":"https:\/\/www.tedom.com\/cs\/shop\/"},{"@type":"ListItem","position":3,"name":"Cento"}]},{"@type":"WebSite","@id":"https:\/\/www.tedom.com\/us\/#website","url":"https:\/\/www.tedom.com\/us\/","name":"TEDOM","description":"TEDOM se zab\u00fdv\u00e1 v\u00fdrobou kogenera\u010dn\u00edch jednotek, instalac\u00ed fotovoltaiky a poskytov\u00e1n\u00edm komplexn\u00edch slu\u017eeb pro modern\u00ed decentr\u00e1ln\u00ed energetiku.","publisher":{"@id":"https:\/\/www.tedom.com\/us\/#organization"},"potentialAction":[{"@type":"SearchAction","target":{"@type":"EntryPoint","urlTemplate":"https:\/\/www.tedom.com\/us\/?s={search_term_string}"},"query-input":{"@type":"PropertyValueSpecification","valueRequired":true,"valueName":"search_term_string"}}],"inLanguage":"us"},{"@type":"Organization","@id":"https:\/\/www.tedom.com\/us\/#organization","name":"TEDOM a. s.","url":"https:\/\/www.tedom.com\/us\/","logo":{"@type":"ImageObject","inLanguage":"us","@id":"https:\/\/www.tedom.com\/us\/#\/schema\/logo\/image\/","url":"https:\/\/www.tedom.com\/wp-content\/uploads\/2023\/11\/TEDOM_logotype_RGB-scaled.jpg","contentUrl":"https:\/\/www.tedom.com\/wp-content\/uploads\/2023\/11\/TEDOM_logotype_RGB-scaled.jpg","width":2560,"height":654,"caption":"TEDOM a. s."},"image":{"@id":"https:\/\/www.tedom.com\/us\/#\/schema\/logo\/image\/"},"sameAs":["https:\/\/www.facebook.com\/tedom.cz\/","https:\/\/x.com\/tedom_chp","https:\/\/www.instagram.com\/tedom_a.s\/","https:\/\/www.youtube.com\/channel\/UCEqr6fHr02vxVRVF_xtKZ2w","https:\/\/www.linkedin.com\/company\/tedom-a-s-?originalSubdomain=cz"]}]}},"_links":{"self":[{"href":"https:\/\/www.tedom.com\/us\/wp-json\/wp\/v2\/product\/18540","targetHints":{"allow":["GET"]}}],"collection":[{"href":"https:\/\/www.tedom.com\/us\/wp-json\/wp\/v2\/product"}],"about":[{"href":"https:\/\/www.tedom.com\/us\/wp-json\/wp\/v2\/types\/product"}],"wp:featuredmedia":[{"embeddable":true,"href":"https:\/\/www.tedom.com\/us\/wp-json\/wp\/v2\/media\/21971"}],"wp:attachment":[{"href":"https:\/\/www.tedom.com\/us\/wp-json\/wp\/v2\/media?parent=18540"}],"wp:term":[{"taxonomy":"product_brand","embeddable":true,"href":"https:\/\/www.tedom.com\/us\/wp-json\/wp\/v2\/product_brand?post=18540"},{"taxonomy":"product_cat","embeddable":true,"href":"https:\/\/www.tedom.com\/us\/wp-json\/wp\/v2\/product_cat?post=18540"},{"taxonomy":"product_tag","embeddable":true,"href":"https:\/\/www.tedom.com\/us\/wp-json\/wp\/v2\/product_tag?post=18540"}],"curies":[{"name":"wp","href":"https:\/\/api.w.org\/{rel}","templated":true}]}}