{"id":18442,"date":"2023-08-12T07:04:20","date_gmt":"2023-08-12T05:04:20","guid":{"rendered":"https:\/\/www.tedom.com\/about-us\/"},"modified":"2025-01-09T14:11:37","modified_gmt":"2025-01-09T13:11:37","slug":"about-us","status":"publish","type":"page","link":"https:\/\/www.tedom.com\/us\/about-us\/","title":{"rendered":"About us"},"content":{"rendered":"<p>For more than 33 years, we have been involved in the development, production, and operation of CHP units, highly efficient sources for the joint production of electricity and heat. We are one of the top businesses in the cogeneration sector. Our products sell in a number of countries around the world, from Japan to Europe to the United States. We also cooperate with a wide group of foreign partners in more than 55 countries.<\/p>\n<p>We have four production sites in the Czech Republic and several international business branches, the most important of which is in Germany. Other members of the TEDOM group operate in UK, Poland, Italy, USA, Kazakhstan and Slovakia. The entire TEDOM group has over 1,000 employees.<\/p>\n<p>We develop and manufacture our own combustion engines for our cogeneration units and at the same time modify engines from renowned global manufacturers. We offer gas CHP units with electric power ranging from 20 kW to 4.5 MW. Throughout our existence, we have sold over 10,000 CHP units.<\/p>\n<p>In addition to the production of CHP units, we provide a number of other energy services, such as power balance services, connection to a virtual power plant, purchase, and sale of energy, installation of photovoltaic sources, or complex supply of energy units.<\/p>\n<p>The main shareholder of the TEDOM Group is the Japanese engineering and energy company YANMAR.<\/p>\n","protected":false},"excerpt":{"rendered":"<p>For more than 33 years, we have been involved in the development, production, and operation of CHP units, highly efficient sources for the joint production of electricity and heat. We are one of the top businesses in the cogeneration sector. Our products sell in a number of countries around the world, from Japan to Europe [&hellip;]<\/p>\n","protected":false},"author":2,"featured_media":18444,"parent":0,"menu_order":0,"comment_status":"closed","ping_status":"closed","template":"templates\/skupina-TEDOM.php","meta":{"_acf_changed":false,"footnotes":""},"class_list":["post-18442","page","type-page","status-publish","has-post-thumbnail","hentry"],"acf":[],"yoast_head":"<!-- This site is optimized with the Yoast SEO Premium plugin v24.6 (Yoast SEO v26.4) - https:\/\/yoast.com\/wordpress\/plugins\/seo\/ -->\n<title>About us &#8211; TEDOM<\/title>\n<meta name=\"description\" content=\"For more than 30 years, we have been involved in the development, production, and operation of CHP units, highly efficient sources for the joint production of electricity and heat. We are one of the top businesses in the cogeneration sector. Our products sell in a number of countries around the world, from Japan to Europe to the United States. We also cooperate with a wide group of foreign partners in more than 50 countries. We have four production sites in the Czech Republic and several international business branches, the most important of which is in Germany. Other members of the TEDOM group operate in Poland, the USA, Kazakhstan and Slovakia. The entire TEDOM group has over 900 employees.We develop and manufacture our own combustion engines for our cogeneration units and at the same time modify engines from renowned global manufacturers. We offer gas CHP units with electric power ranging from 20 kW to 4.5 MW. Throughout our existence, we have sold over 10,000 CHP units.In addition to the production of CHP units, we provide a number of other energy services, such as power balance services, connection to a virtual power plant, purchase, and sale of energy, installation of photovoltaic sources, or complex supply of energy units.The main shareholder of the TEDOM group is the Czech company Jet Investment, which acquired it through its Jet2 investment fund.\" \/>\n<meta name=\"robots\" content=\"index, follow, max-snippet:-1, max-image-preview:large, max-video-preview:-1\" \/>\n<link rel=\"canonical\" href=\"https:\/\/www.tedom.com\/us\/about-us\/\" \/>\n<meta property=\"og:locale\" content=\"en_US\" \/>\n<meta property=\"og:type\" content=\"article\" \/>\n<meta property=\"og:title\" content=\"About us\" \/>\n<meta property=\"og:description\" content=\"For more than 30 years, we have been involved in the development, production, and operation of CHP units, highly efficient sources for the joint production of electricity and heat. We are one of the top businesses in the cogeneration sector. Our products sell in a number of countries around the world, from Japan to Europe to the United States. We also cooperate with a wide group of foreign partners in more than 50 countries. We have four production sites in the Czech Republic and several international business branches, the most important of which is in Germany. Other members of the TEDOM group operate in Poland, the USA, Kazakhstan and Slovakia. The entire TEDOM group has over 900 employees.We develop and manufacture our own combustion engines for our cogeneration units and at the same time modify engines from renowned global manufacturers. We offer gas CHP units with electric power ranging from 20 kW to 4.5 MW. Throughout our existence, we have sold over 10,000 CHP units.In addition to the production of CHP units, we provide a number of other energy services, such as power balance services, connection to a virtual power plant, purchase, and sale of energy, installation of photovoltaic sources, or complex supply of energy units.The main shareholder of the TEDOM group is the Czech company Jet Investment, which acquired it through its Jet2 investment fund.\" \/>\n<meta property=\"og:url\" content=\"https:\/\/www.tedom.com\/us\/about-us\/\" \/>\n<meta property=\"og:site_name\" content=\"TEDOM\" \/>\n<meta property=\"article:publisher\" content=\"https:\/\/www.facebook.com\/tedom.cz\/\" \/>\n<meta property=\"article:modified_time\" content=\"2025-01-09T13:11:37+00:00\" \/>\n<meta property=\"og:image\" content=\"https:\/\/www.tedom.com\/wp-content\/uploads\/2023\/10\/10-scaled.jpg\" \/>\n\t<meta property=\"og:image:width\" content=\"2560\" \/>\n\t<meta property=\"og:image:height\" content=\"1706\" \/>\n\t<meta property=\"og:image:type\" content=\"image\/jpeg\" \/>\n<meta name=\"twitter:card\" content=\"summary_large_image\" \/>\n<meta name=\"twitter:site\" content=\"@tedom_chp\" \/>\n<meta name=\"twitter:label1\" content=\"Est. reading time\" \/>\n\t<meta name=\"twitter:data1\" content=\"2 minutes\" \/>\n<script type=\"application\/ld+json\" class=\"yoast-schema-graph\">{\"@context\":\"https:\/\/schema.org\",\"@graph\":[{\"@type\":\"WebPage\",\"@id\":\"https:\/\/www.tedom.com\/us\/about-us\/\",\"url\":\"https:\/\/www.tedom.com\/us\/about-us\/\",\"name\":\"About us &#8211; TEDOM\",\"isPartOf\":{\"@id\":\"https:\/\/www.tedom.com\/us\/#website\"},\"primaryImageOfPage\":{\"@id\":\"https:\/\/www.tedom.com\/us\/about-us\/#primaryimage\"},\"image\":{\"@id\":\"https:\/\/www.tedom.com\/us\/about-us\/#primaryimage\"},\"thumbnailUrl\":\"https:\/\/www.tedom.com\/wp-content\/uploads\/2023\/10\/10-scaled.jpg\",\"datePublished\":\"2023-08-12T05:04:20+00:00\",\"dateModified\":\"2025-01-09T13:11:37+00:00\",\"description\":\"For more than 30 years, we have been involved in the development, production, and operation of CHP units, highly efficient sources for the joint production of electricity and heat. We are one of the top businesses in the cogeneration sector. Our products sell in a number of countries around the world, from Japan to Europe to the United States. We also cooperate with a wide group of foreign partners in more than 50 countries. We have four production sites in the Czech Republic and several international business branches, the most important of which is in Germany. Other members of the TEDOM group operate in Poland, the USA, Kazakhstan and Slovakia. The entire TEDOM group has over 900 employees.We develop and manufacture our own combustion engines for our cogeneration units and at the same time modify engines from renowned global manufacturers. We offer gas CHP units with electric power ranging from 20 kW to 4.5 MW. Throughout our existence, we have sold over 10,000 CHP units.In addition to the production of CHP units, we provide a number of other energy services, such as power balance services, connection to a virtual power plant, purchase, and sale of energy, installation of photovoltaic sources, or complex supply of energy units.The main shareholder of the TEDOM group is the Czech company Jet Investment, which acquired it through its Jet2 investment fund.\",\"breadcrumb\":{\"@id\":\"https:\/\/www.tedom.com\/us\/about-us\/#breadcrumb\"},\"inLanguage\":\"us\",\"potentialAction\":[{\"@type\":\"ReadAction\",\"target\":[\"https:\/\/www.tedom.com\/us\/about-us\/\"]}]},{\"@type\":\"ImageObject\",\"inLanguage\":\"us\",\"@id\":\"https:\/\/www.tedom.com\/us\/about-us\/#primaryimage\",\"url\":\"https:\/\/www.tedom.com\/wp-content\/uploads\/2023\/10\/10-scaled.jpg\",\"contentUrl\":\"https:\/\/www.tedom.com\/wp-content\/uploads\/2023\/10\/10-scaled.jpg\",\"width\":2560,\"height\":1706},{\"@type\":\"BreadcrumbList\",\"@id\":\"https:\/\/www.tedom.com\/us\/about-us\/#breadcrumb\",\"itemListElement\":[{\"@type\":\"ListItem\",\"position\":1,\"name\":\"Home\",\"item\":\"https:\/\/www.tedom.com\/us\/home-page\/\"},{\"@type\":\"ListItem\",\"position\":2,\"name\":\"About us\"}]},{\"@type\":\"WebSite\",\"@id\":\"https:\/\/www.tedom.com\/us\/#website\",\"url\":\"https:\/\/www.tedom.com\/us\/\",\"name\":\"TEDOM\",\"description\":\"TEDOM se zab\u00fdv\u00e1 v\u00fdrobou kogenera\u010dn\u00edch jednotek, instalac\u00ed fotovoltaiky a poskytov\u00e1n\u00edm komplexn\u00edch slu\u017eeb pro modern\u00ed decentr\u00e1ln\u00ed energetiku.\",\"publisher\":{\"@id\":\"https:\/\/www.tedom.com\/us\/#organization\"},\"potentialAction\":[{\"@type\":\"SearchAction\",\"target\":{\"@type\":\"EntryPoint\",\"urlTemplate\":\"https:\/\/www.tedom.com\/us\/?s={search_term_string}\"},\"query-input\":{\"@type\":\"PropertyValueSpecification\",\"valueRequired\":true,\"valueName\":\"search_term_string\"}}],\"inLanguage\":\"us\"},{\"@type\":\"Organization\",\"@id\":\"https:\/\/www.tedom.com\/us\/#organization\",\"name\":\"TEDOM a. s.\",\"url\":\"https:\/\/www.tedom.com\/us\/\",\"logo\":{\"@type\":\"ImageObject\",\"inLanguage\":\"us\",\"@id\":\"https:\/\/www.tedom.com\/us\/#\/schema\/logo\/image\/\",\"url\":\"https:\/\/www.tedom.com\/wp-content\/uploads\/2023\/11\/TEDOM_logotype_RGB-scaled.jpg\",\"contentUrl\":\"https:\/\/www.tedom.com\/wp-content\/uploads\/2023\/11\/TEDOM_logotype_RGB-scaled.jpg\",\"width\":2560,\"height\":654,\"caption\":\"TEDOM a. s.\"},\"image\":{\"@id\":\"https:\/\/www.tedom.com\/us\/#\/schema\/logo\/image\/\"},\"sameAs\":[\"https:\/\/www.facebook.com\/tedom.cz\/\",\"https:\/\/x.com\/tedom_chp\",\"https:\/\/www.instagram.com\/tedom_a.s\/\",\"https:\/\/www.youtube.com\/channel\/UCEqr6fHr02vxVRVF_xtKZ2w\",\"https:\/\/www.linkedin.com\/company\/tedom-a-s-?originalSubdomain=cz\"]}]}<\/script>\n<!-- \/ Yoast SEO Premium plugin. -->","yoast_head_json":{"title":"About us &#8211; TEDOM","description":"For more than 30 years, we have been involved in the development, production, and operation of CHP units, highly efficient sources for the joint production of electricity and heat. We are one of the top businesses in the cogeneration sector. Our products sell in a number of countries around the world, from Japan to Europe to the United States. We also cooperate with a wide group of foreign partners in more than 50 countries. We have four production sites in the Czech Republic and several international business branches, the most important of which is in Germany. Other members of the TEDOM group operate in Poland, the USA, Kazakhstan and Slovakia. The entire TEDOM group has over 900 employees.We develop and manufacture our own combustion engines for our cogeneration units and at the same time modify engines from renowned global manufacturers. We offer gas CHP units with electric power ranging from 20 kW to 4.5 MW. Throughout our existence, we have sold over 10,000 CHP units.In addition to the production of CHP units, we provide a number of other energy services, such as power balance services, connection to a virtual power plant, purchase, and sale of energy, installation of photovoltaic sources, or complex supply of energy units.The main shareholder of the TEDOM group is the Czech company Jet Investment, which acquired it through its Jet2 investment fund.","robots":{"index":"index","follow":"follow","max-snippet":"max-snippet:-1","max-image-preview":"max-image-preview:large","max-video-preview":"max-video-preview:-1"},"canonical":"https:\/\/www.tedom.com\/us\/about-us\/","og_locale":"en_US","og_type":"article","og_title":"About us","og_description":"For more than 30 years, we have been involved in the development, production, and operation of CHP units, highly efficient sources for the joint production of electricity and heat. We are one of the top businesses in the cogeneration sector. Our products sell in a number of countries around the world, from Japan to Europe to the United States. We also cooperate with a wide group of foreign partners in more than 50 countries. We have four production sites in the Czech Republic and several international business branches, the most important of which is in Germany. Other members of the TEDOM group operate in Poland, the USA, Kazakhstan and Slovakia. The entire TEDOM group has over 900 employees.We develop and manufacture our own combustion engines for our cogeneration units and at the same time modify engines from renowned global manufacturers. We offer gas CHP units with electric power ranging from 20 kW to 4.5 MW. Throughout our existence, we have sold over 10,000 CHP units.In addition to the production of CHP units, we provide a number of other energy services, such as power balance services, connection to a virtual power plant, purchase, and sale of energy, installation of photovoltaic sources, or complex supply of energy units.The main shareholder of the TEDOM group is the Czech company Jet Investment, which acquired it through its Jet2 investment fund.","og_url":"https:\/\/www.tedom.com\/us\/about-us\/","og_site_name":"TEDOM","article_publisher":"https:\/\/www.facebook.com\/tedom.cz\/","article_modified_time":"2025-01-09T13:11:37+00:00","og_image":[{"width":2560,"height":1706,"url":"https:\/\/www.tedom.com\/wp-content\/uploads\/2023\/10\/10-scaled.jpg","type":"image\/jpeg"}],"twitter_card":"summary_large_image","twitter_site":"@tedom_chp","twitter_misc":{"Est. reading time":"2 minutes"},"schema":{"@context":"https:\/\/schema.org","@graph":[{"@type":"WebPage","@id":"https:\/\/www.tedom.com\/us\/about-us\/","url":"https:\/\/www.tedom.com\/us\/about-us\/","name":"About us &#8211; TEDOM","isPartOf":{"@id":"https:\/\/www.tedom.com\/us\/#website"},"primaryImageOfPage":{"@id":"https:\/\/www.tedom.com\/us\/about-us\/#primaryimage"},"image":{"@id":"https:\/\/www.tedom.com\/us\/about-us\/#primaryimage"},"thumbnailUrl":"https:\/\/www.tedom.com\/wp-content\/uploads\/2023\/10\/10-scaled.jpg","datePublished":"2023-08-12T05:04:20+00:00","dateModified":"2025-01-09T13:11:37+00:00","description":"For more than 30 years, we have been involved in the development, production, and operation of CHP units, highly efficient sources for the joint production of electricity and heat. We are one of the top businesses in the cogeneration sector. Our products sell in a number of countries around the world, from Japan to Europe to the United States. We also cooperate with a wide group of foreign partners in more than 50 countries. We have four production sites in the Czech Republic and several international business branches, the most important of which is in Germany. Other members of the TEDOM group operate in Poland, the USA, Kazakhstan and Slovakia. The entire TEDOM group has over 900 employees.We develop and manufacture our own combustion engines for our cogeneration units and at the same time modify engines from renowned global manufacturers. We offer gas CHP units with electric power ranging from 20 kW to 4.5 MW. Throughout our existence, we have sold over 10,000 CHP units.In addition to the production of CHP units, we provide a number of other energy services, such as power balance services, connection to a virtual power plant, purchase, and sale of energy, installation of photovoltaic sources, or complex supply of energy units.The main shareholder of the TEDOM group is the Czech company Jet Investment, which acquired it through its Jet2 investment fund.","breadcrumb":{"@id":"https:\/\/www.tedom.com\/us\/about-us\/#breadcrumb"},"inLanguage":"us","potentialAction":[{"@type":"ReadAction","target":["https:\/\/www.tedom.com\/us\/about-us\/"]}]},{"@type":"ImageObject","inLanguage":"us","@id":"https:\/\/www.tedom.com\/us\/about-us\/#primaryimage","url":"https:\/\/www.tedom.com\/wp-content\/uploads\/2023\/10\/10-scaled.jpg","contentUrl":"https:\/\/www.tedom.com\/wp-content\/uploads\/2023\/10\/10-scaled.jpg","width":2560,"height":1706},{"@type":"BreadcrumbList","@id":"https:\/\/www.tedom.com\/us\/about-us\/#breadcrumb","itemListElement":[{"@type":"ListItem","position":1,"name":"Home","item":"https:\/\/www.tedom.com\/us\/home-page\/"},{"@type":"ListItem","position":2,"name":"About us"}]},{"@type":"WebSite","@id":"https:\/\/www.tedom.com\/us\/#website","url":"https:\/\/www.tedom.com\/us\/","name":"TEDOM","description":"TEDOM se zab\u00fdv\u00e1 v\u00fdrobou kogenera\u010dn\u00edch jednotek, instalac\u00ed fotovoltaiky a poskytov\u00e1n\u00edm komplexn\u00edch slu\u017eeb pro modern\u00ed decentr\u00e1ln\u00ed energetiku.","publisher":{"@id":"https:\/\/www.tedom.com\/us\/#organization"},"potentialAction":[{"@type":"SearchAction","target":{"@type":"EntryPoint","urlTemplate":"https:\/\/www.tedom.com\/us\/?s={search_term_string}"},"query-input":{"@type":"PropertyValueSpecification","valueRequired":true,"valueName":"search_term_string"}}],"inLanguage":"us"},{"@type":"Organization","@id":"https:\/\/www.tedom.com\/us\/#organization","name":"TEDOM a. s.","url":"https:\/\/www.tedom.com\/us\/","logo":{"@type":"ImageObject","inLanguage":"us","@id":"https:\/\/www.tedom.com\/us\/#\/schema\/logo\/image\/","url":"https:\/\/www.tedom.com\/wp-content\/uploads\/2023\/11\/TEDOM_logotype_RGB-scaled.jpg","contentUrl":"https:\/\/www.tedom.com\/wp-content\/uploads\/2023\/11\/TEDOM_logotype_RGB-scaled.jpg","width":2560,"height":654,"caption":"TEDOM a. s."},"image":{"@id":"https:\/\/www.tedom.com\/us\/#\/schema\/logo\/image\/"},"sameAs":["https:\/\/www.facebook.com\/tedom.cz\/","https:\/\/x.com\/tedom_chp","https:\/\/www.instagram.com\/tedom_a.s\/","https:\/\/www.youtube.com\/channel\/UCEqr6fHr02vxVRVF_xtKZ2w","https:\/\/www.linkedin.com\/company\/tedom-a-s-?originalSubdomain=cz"]}]}},"_links":{"self":[{"href":"https:\/\/www.tedom.com\/us\/wp-json\/wp\/v2\/pages\/18442","targetHints":{"allow":["GET"]}}],"collection":[{"href":"https:\/\/www.tedom.com\/us\/wp-json\/wp\/v2\/pages"}],"about":[{"href":"https:\/\/www.tedom.com\/us\/wp-json\/wp\/v2\/types\/page"}],"author":[{"embeddable":true,"href":"https:\/\/www.tedom.com\/us\/wp-json\/wp\/v2\/users\/2"}],"replies":[{"embeddable":true,"href":"https:\/\/www.tedom.com\/us\/wp-json\/wp\/v2\/comments?post=18442"}],"version-history":[{"count":8,"href":"https:\/\/www.tedom.com\/us\/wp-json\/wp\/v2\/pages\/18442\/revisions"}],"predecessor-version":[{"id":21575,"href":"https:\/\/www.tedom.com\/us\/wp-json\/wp\/v2\/pages\/18442\/revisions\/21575"}],"wp:featuredmedia":[{"embeddable":true,"href":"https:\/\/www.tedom.com\/us\/wp-json\/wp\/v2\/media\/18444"}],"wp:attachment":[{"href":"https:\/\/www.tedom.com\/us\/wp-json\/wp\/v2\/media?parent=18442"}],"curies":[{"name":"wp","href":"https:\/\/api.w.org\/{rel}","templated":true}]}}