{"id":17290,"date":"2023-08-18T19:40:55","date_gmt":"2023-08-18T17:40:55","guid":{"rendered":"https:\/\/www.tedom.com\/kogeneracni-jednotky\/quanto\/"},"modified":"2025-02-07T10:42:51","modified_gmt":"2025-02-07T09:42:51","slug":"quanto","status":"publish","type":"product","link":"https:\/\/www.tedom.com\/uk\/cogeneration-uk\/quanto\/","title":{"rendered":"Quanto"},"content":{"rendered":"<p>The Quanto series CHP units have a really high output. One such unit can reliably supply heat to an entire housing estate of two hundred and fifty apartments, including the adjacent primary school.<\/p>\n<p>At the same time, it produces enough electric power to cover the consumption of a town of two thousand people. Other applications include energy-intensive industrial plants, mines, etc.<\/p>\n","protected":false},"excerpt":{"rendered":"<p>The Quanto series CHP units have a really high output. One such unit can reliably supply heat to an entire housing estate of two hundred and fifty apartments, including the adjacent primary school. At the same time, it produces enough electric power to cover the consumption of a town of two thousand people. Other applications [&hellip;]<\/p>\n","protected":false},"featured_media":21959,"template":"","meta":{"_acf_changed":false},"product_brand":[],"product_cat":[449],"product_tag":[],"class_list":{"0":"post-17290","1":"product","2":"type-product","3":"status-publish","4":"has-post-thumbnail","6":"product_cat-cogeneration-uk","8":"first","9":"instock","10":"sale","11":"virtual","12":"purchasable","13":"product-type-simple"},"acf":[],"yoast_head":"<!-- This site is optimized with the Yoast SEO Premium plugin v24.6 (Yoast SEO v26.4) - https:\/\/yoast.com\/wordpress\/plugins\/seo\/ -->\n<title>Quanto &#8211; TEDOM<\/title>\n<meta name=\"robots\" content=\"index, follow, max-snippet:-1, max-image-preview:large, max-video-preview:-1\" \/>\n<link rel=\"canonical\" href=\"https:\/\/www.tedom.com\/uk\/cogeneration-uk\/quanto\/\" \/>\n<meta property=\"og:locale\" content=\"uk_UA\" \/>\n<meta property=\"og:type\" content=\"article\" \/>\n<meta property=\"og:title\" content=\"Quanto\" \/>\n<meta property=\"og:description\" content=\"The Quanto series CHP units have a really high output. One such unit can reliably supply heat to an entire housing estate of two hundred and fifty apartments, including the adjacent primary school. At the same time, it produces enough electric power to cover the consumption of a town of two thousand people. Other applications [&hellip;]\" \/>\n<meta property=\"og:url\" content=\"https:\/\/www.tedom.com\/uk\/cogeneration-uk\/quanto\/\" \/>\n<meta property=\"og:site_name\" content=\"TEDOM\" \/>\n<meta property=\"article:publisher\" content=\"https:\/\/www.facebook.com\/tedom.cz\/\" \/>\n<meta property=\"article:modified_time\" content=\"2025-02-07T09:42:51+00:00\" \/>\n<meta property=\"og:image\" content=\"https:\/\/www.tedom.com\/wp-content\/uploads\/2025\/02\/QUANTO-2.png\" \/>\n\t<meta property=\"og:image:width\" content=\"2394\" \/>\n\t<meta property=\"og:image:height\" content=\"1827\" \/>\n\t<meta property=\"og:image:type\" content=\"image\/png\" \/>\n<meta name=\"twitter:card\" content=\"summary_large_image\" \/>\n<meta name=\"twitter:site\" content=\"@tedom_chp\" \/>\n<meta name=\"twitter:label1\" content=\"\u041f\u0440\u0438\u0431\u043b. \u0447\u0430\u0441 \u0447\u0438\u0442\u0430\u043d\u043d\u044f\" \/>\n\t<meta name=\"twitter:data1\" content=\"1 \u0445\u0432\u0438\u043b\u0438\u043d\u0430\" \/>\n<script type=\"application\/ld+json\" class=\"yoast-schema-graph\">{\"@context\":\"https:\/\/schema.org\",\"@graph\":[{\"@type\":\"WebPage\",\"@id\":\"https:\/\/www.tedom.com\/uk\/cogeneration-uk\/quanto\/\",\"url\":\"https:\/\/www.tedom.com\/uk\/cogeneration-uk\/quanto\/\",\"name\":\"Quanto &#8211; TEDOM\",\"isPartOf\":{\"@id\":\"https:\/\/www.tedom.com\/uk\/#website\"},\"primaryImageOfPage\":{\"@id\":\"https:\/\/www.tedom.com\/uk\/cogeneration-uk\/quanto\/#primaryimage\"},\"image\":{\"@id\":\"https:\/\/www.tedom.com\/uk\/cogeneration-uk\/quanto\/#primaryimage\"},\"thumbnailUrl\":\"https:\/\/www.tedom.com\/wp-content\/uploads\/2025\/02\/QUANTO-2.png\",\"datePublished\":\"2023-08-18T17:40:55+00:00\",\"dateModified\":\"2025-02-07T09:42:51+00:00\",\"breadcrumb\":{\"@id\":\"https:\/\/www.tedom.com\/uk\/cogeneration-uk\/quanto\/#breadcrumb\"},\"inLanguage\":\"uk\",\"potentialAction\":[{\"@type\":\"ReadAction\",\"target\":[\"https:\/\/www.tedom.com\/uk\/cogeneration-uk\/quanto\/\"]}]},{\"@type\":\"ImageObject\",\"inLanguage\":\"uk\",\"@id\":\"https:\/\/www.tedom.com\/uk\/cogeneration-uk\/quanto\/#primaryimage\",\"url\":\"https:\/\/www.tedom.com\/wp-content\/uploads\/2025\/02\/QUANTO-2.png\",\"contentUrl\":\"https:\/\/www.tedom.com\/wp-content\/uploads\/2025\/02\/QUANTO-2.png\",\"width\":2394,\"height\":1827},{\"@type\":\"BreadcrumbList\",\"@id\":\"https:\/\/www.tedom.com\/uk\/cogeneration-uk\/quanto\/#breadcrumb\",\"itemListElement\":[{\"@type\":\"ListItem\",\"position\":1,\"name\":\"Home\",\"item\":\"https:\/\/www.tedom.com\/uk\/home-page\/\"},{\"@type\":\"ListItem\",\"position\":2,\"name\":\"Shop\",\"item\":\"https:\/\/www.tedom.com\/cs\/shop\/\"},{\"@type\":\"ListItem\",\"position\":3,\"name\":\"Quanto\"}]},{\"@type\":\"WebSite\",\"@id\":\"https:\/\/www.tedom.com\/uk\/#website\",\"url\":\"https:\/\/www.tedom.com\/uk\/\",\"name\":\"TEDOM\",\"description\":\"TEDOM se zab\u00fdv\u00e1 v\u00fdrobou kogenera\u010dn\u00edch jednotek, instalac\u00ed fotovoltaiky a poskytov\u00e1n\u00edm komplexn\u00edch slu\u017eeb pro modern\u00ed decentr\u00e1ln\u00ed energetiku.\",\"publisher\":{\"@id\":\"https:\/\/www.tedom.com\/uk\/#organization\"},\"potentialAction\":[{\"@type\":\"SearchAction\",\"target\":{\"@type\":\"EntryPoint\",\"urlTemplate\":\"https:\/\/www.tedom.com\/uk\/?s={search_term_string}\"},\"query-input\":{\"@type\":\"PropertyValueSpecification\",\"valueRequired\":true,\"valueName\":\"search_term_string\"}}],\"inLanguage\":\"uk\"},{\"@type\":\"Organization\",\"@id\":\"https:\/\/www.tedom.com\/uk\/#organization\",\"name\":\"TEDOM a. s.\",\"url\":\"https:\/\/www.tedom.com\/uk\/\",\"logo\":{\"@type\":\"ImageObject\",\"inLanguage\":\"uk\",\"@id\":\"https:\/\/www.tedom.com\/uk\/#\/schema\/logo\/image\/\",\"url\":\"https:\/\/www.tedom.com\/wp-content\/uploads\/2023\/11\/TEDOM_logotype_RGB-scaled.jpg\",\"contentUrl\":\"https:\/\/www.tedom.com\/wp-content\/uploads\/2023\/11\/TEDOM_logotype_RGB-scaled.jpg\",\"width\":2560,\"height\":654,\"caption\":\"TEDOM a. s.\"},\"image\":{\"@id\":\"https:\/\/www.tedom.com\/uk\/#\/schema\/logo\/image\/\"},\"sameAs\":[\"https:\/\/www.facebook.com\/tedom.cz\/\",\"https:\/\/x.com\/tedom_chp\",\"https:\/\/www.instagram.com\/tedom_a.s\/\",\"https:\/\/www.youtube.com\/channel\/UCEqr6fHr02vxVRVF_xtKZ2w\",\"https:\/\/www.linkedin.com\/company\/tedom-a-s-?originalSubdomain=cz\"]}]}<\/script>\n<!-- \/ Yoast SEO Premium plugin. -->","yoast_head_json":{"title":"Quanto &#8211; TEDOM","robots":{"index":"index","follow":"follow","max-snippet":"max-snippet:-1","max-image-preview":"max-image-preview:large","max-video-preview":"max-video-preview:-1"},"canonical":"https:\/\/www.tedom.com\/uk\/cogeneration-uk\/quanto\/","og_locale":"uk_UA","og_type":"article","og_title":"Quanto","og_description":"The Quanto series CHP units have a really high output. One such unit can reliably supply heat to an entire housing estate of two hundred and fifty apartments, including the adjacent primary school. At the same time, it produces enough electric power to cover the consumption of a town of two thousand people. Other applications [&hellip;]","og_url":"https:\/\/www.tedom.com\/uk\/cogeneration-uk\/quanto\/","og_site_name":"TEDOM","article_publisher":"https:\/\/www.facebook.com\/tedom.cz\/","article_modified_time":"2025-02-07T09:42:51+00:00","og_image":[{"width":2394,"height":1827,"url":"https:\/\/www.tedom.com\/wp-content\/uploads\/2025\/02\/QUANTO-2.png","type":"image\/png"}],"twitter_card":"summary_large_image","twitter_site":"@tedom_chp","twitter_misc":{"\u041f\u0440\u0438\u0431\u043b. \u0447\u0430\u0441 \u0447\u0438\u0442\u0430\u043d\u043d\u044f":"1 \u0445\u0432\u0438\u043b\u0438\u043d\u0430"},"schema":{"@context":"https:\/\/schema.org","@graph":[{"@type":"WebPage","@id":"https:\/\/www.tedom.com\/uk\/cogeneration-uk\/quanto\/","url":"https:\/\/www.tedom.com\/uk\/cogeneration-uk\/quanto\/","name":"Quanto &#8211; TEDOM","isPartOf":{"@id":"https:\/\/www.tedom.com\/uk\/#website"},"primaryImageOfPage":{"@id":"https:\/\/www.tedom.com\/uk\/cogeneration-uk\/quanto\/#primaryimage"},"image":{"@id":"https:\/\/www.tedom.com\/uk\/cogeneration-uk\/quanto\/#primaryimage"},"thumbnailUrl":"https:\/\/www.tedom.com\/wp-content\/uploads\/2025\/02\/QUANTO-2.png","datePublished":"2023-08-18T17:40:55+00:00","dateModified":"2025-02-07T09:42:51+00:00","breadcrumb":{"@id":"https:\/\/www.tedom.com\/uk\/cogeneration-uk\/quanto\/#breadcrumb"},"inLanguage":"uk","potentialAction":[{"@type":"ReadAction","target":["https:\/\/www.tedom.com\/uk\/cogeneration-uk\/quanto\/"]}]},{"@type":"ImageObject","inLanguage":"uk","@id":"https:\/\/www.tedom.com\/uk\/cogeneration-uk\/quanto\/#primaryimage","url":"https:\/\/www.tedom.com\/wp-content\/uploads\/2025\/02\/QUANTO-2.png","contentUrl":"https:\/\/www.tedom.com\/wp-content\/uploads\/2025\/02\/QUANTO-2.png","width":2394,"height":1827},{"@type":"BreadcrumbList","@id":"https:\/\/www.tedom.com\/uk\/cogeneration-uk\/quanto\/#breadcrumb","itemListElement":[{"@type":"ListItem","position":1,"name":"Home","item":"https:\/\/www.tedom.com\/uk\/home-page\/"},{"@type":"ListItem","position":2,"name":"Shop","item":"https:\/\/www.tedom.com\/cs\/shop\/"},{"@type":"ListItem","position":3,"name":"Quanto"}]},{"@type":"WebSite","@id":"https:\/\/www.tedom.com\/uk\/#website","url":"https:\/\/www.tedom.com\/uk\/","name":"TEDOM","description":"TEDOM se zab\u00fdv\u00e1 v\u00fdrobou kogenera\u010dn\u00edch jednotek, instalac\u00ed fotovoltaiky a poskytov\u00e1n\u00edm komplexn\u00edch slu\u017eeb pro modern\u00ed decentr\u00e1ln\u00ed energetiku.","publisher":{"@id":"https:\/\/www.tedom.com\/uk\/#organization"},"potentialAction":[{"@type":"SearchAction","target":{"@type":"EntryPoint","urlTemplate":"https:\/\/www.tedom.com\/uk\/?s={search_term_string}"},"query-input":{"@type":"PropertyValueSpecification","valueRequired":true,"valueName":"search_term_string"}}],"inLanguage":"uk"},{"@type":"Organization","@id":"https:\/\/www.tedom.com\/uk\/#organization","name":"TEDOM a. s.","url":"https:\/\/www.tedom.com\/uk\/","logo":{"@type":"ImageObject","inLanguage":"uk","@id":"https:\/\/www.tedom.com\/uk\/#\/schema\/logo\/image\/","url":"https:\/\/www.tedom.com\/wp-content\/uploads\/2023\/11\/TEDOM_logotype_RGB-scaled.jpg","contentUrl":"https:\/\/www.tedom.com\/wp-content\/uploads\/2023\/11\/TEDOM_logotype_RGB-scaled.jpg","width":2560,"height":654,"caption":"TEDOM a. s."},"image":{"@id":"https:\/\/www.tedom.com\/uk\/#\/schema\/logo\/image\/"},"sameAs":["https:\/\/www.facebook.com\/tedom.cz\/","https:\/\/x.com\/tedom_chp","https:\/\/www.instagram.com\/tedom_a.s\/","https:\/\/www.youtube.com\/channel\/UCEqr6fHr02vxVRVF_xtKZ2w","https:\/\/www.linkedin.com\/company\/tedom-a-s-?originalSubdomain=cz"]}]}},"_links":{"self":[{"href":"https:\/\/www.tedom.com\/uk\/wp-json\/wp\/v2\/product\/17290","targetHints":{"allow":["GET"]}}],"collection":[{"href":"https:\/\/www.tedom.com\/uk\/wp-json\/wp\/v2\/product"}],"about":[{"href":"https:\/\/www.tedom.com\/uk\/wp-json\/wp\/v2\/types\/product"}],"wp:featuredmedia":[{"embeddable":true,"href":"https:\/\/www.tedom.com\/uk\/wp-json\/wp\/v2\/media\/21959"}],"wp:attachment":[{"href":"https:\/\/www.tedom.com\/uk\/wp-json\/wp\/v2\/media?parent=17290"}],"wp:term":[{"taxonomy":"product_brand","embeddable":true,"href":"https:\/\/www.tedom.com\/uk\/wp-json\/wp\/v2\/product_brand?post=17290"},{"taxonomy":"product_cat","embeddable":true,"href":"https:\/\/www.tedom.com\/uk\/wp-json\/wp\/v2\/product_cat?post=17290"},{"taxonomy":"product_tag","embeddable":true,"href":"https:\/\/www.tedom.com\/uk\/wp-json\/wp\/v2\/product_tag?post=17290"}],"curies":[{"name":"wp","href":"https:\/\/api.w.org\/{rel}","templated":true}]}}