{"id":18188,"date":"2024-07-29T11:13:46","date_gmt":"2024-07-29T09:13:46","guid":{"rendered":"https:\/\/www.tedom.com\/benefits-and-use-of-cogeneration-2\/"},"modified":"2025-10-29T10:55:17","modified_gmt":"2025-10-29T09:55:17","slug":"benefits-and-use-of-cogeneration-2","status":"publish","type":"page","link":"https:\/\/www.tedom.com\/uk\/benefits-and-use-of-cogeneration-2\/","title":{"rendered":"Benefits and use of biogas cogeneration"},"content":{"rendered":"<p style=\"text-align: center;\">Combined generation of electricity and heat, i.e. cogeneration, is a method of generating electrical energy in which the heat released during the electricity generation process is used in a useful way, thus achieving a very high efficiency of use of energy contained in the fuel. At the same time, this process minimizes the losses that occur in conventional electricity generation. Due to the efficient use of \u201cwaste heat\u201d, the combined heat and electricity generation can save up to 70 % of the energy contained in the fuel compared to separate electricity and heat generation. If the CHP unit is equipped with an additional absorption unit, we speak of trigeneration.<\/p>\n","protected":false},"excerpt":{"rendered":"<p>Combined generation of electricity and heat, i.e. cogeneration, is a method of generating electrical energy in which the heat released during the electricity generation process is used in a useful way, thus achieving a very high efficiency of use of energy contained in the fuel. At the same time, this process minimizes the losses that [&hellip;]<\/p>\n","protected":false},"author":7,"featured_media":20606,"parent":0,"menu_order":0,"comment_status":"closed","ping_status":"closed","template":"templates\/vyhody-a-vyuziti-kogenerace.php","meta":{"_acf_changed":false,"footnotes":""},"class_list":["post-18188","page","type-page","status-publish","has-post-thumbnail","hentry"],"acf":[],"yoast_head":"<!-- This site is optimized with the Yoast SEO Premium plugin v24.6 (Yoast SEO v26.4) - https:\/\/yoast.com\/wordpress\/plugins\/seo\/ -->\n<title>Benefits and use of biogas cogeneration &#8211; TEDOM<\/title>\n<meta name=\"robots\" content=\"index, follow, max-snippet:-1, max-image-preview:large, max-video-preview:-1\" \/>\n<link rel=\"canonical\" href=\"https:\/\/www.tedom.com\/uk\/benefits-and-use-of-cogeneration-2\/\" \/>\n<meta property=\"og:locale\" content=\"uk_UA\" \/>\n<meta property=\"og:type\" content=\"article\" \/>\n<meta property=\"og:title\" content=\"Benefits and use of biogas cogeneration\" \/>\n<meta property=\"og:description\" content=\"Combined generation of electricity and heat, i.e. cogeneration, is a method of generating electrical energy in which the heat released during the electricity generation process is used in a useful way, thus achieving a very high efficiency of use of energy contained in the fuel. At the same time, this process minimizes the losses that [&hellip;]\" \/>\n<meta property=\"og:url\" content=\"https:\/\/www.tedom.com\/uk\/benefits-and-use-of-cogeneration-2\/\" \/>\n<meta property=\"og:site_name\" content=\"TEDOM\" \/>\n<meta property=\"article:publisher\" content=\"https:\/\/www.facebook.com\/tedom.cz\/\" \/>\n<meta property=\"article:modified_time\" content=\"2025-10-29T09:55:17+00:00\" \/>\n<meta property=\"og:image\" content=\"https:\/\/www.tedom.com\/wp-content\/uploads\/2024\/10\/cogeneration-principle--e1727943021401.png\" \/>\n\t<meta property=\"og:image:width\" content=\"2171\" \/>\n\t<meta property=\"og:image:height\" content=\"1177\" \/>\n\t<meta property=\"og:image:type\" content=\"image\/png\" \/>\n<meta name=\"twitter:card\" content=\"summary_large_image\" \/>\n<meta name=\"twitter:site\" content=\"@tedom_chp\" \/>\n<meta name=\"twitter:label1\" content=\"\u041f\u0440\u0438\u0431\u043b. \u0447\u0430\u0441 \u0447\u0438\u0442\u0430\u043d\u043d\u044f\" \/>\n\t<meta name=\"twitter:data1\" content=\"1 \u0445\u0432\u0438\u043b\u0438\u043d\u0430\" \/>\n<script type=\"application\/ld+json\" class=\"yoast-schema-graph\">{\"@context\":\"https:\/\/schema.org\",\"@graph\":[{\"@type\":\"WebPage\",\"@id\":\"https:\/\/www.tedom.com\/uk\/benefits-and-use-of-cogeneration-2\/\",\"url\":\"https:\/\/www.tedom.com\/uk\/benefits-and-use-of-cogeneration-2\/\",\"name\":\"Benefits and use of biogas cogeneration &#8211; TEDOM\",\"isPartOf\":{\"@id\":\"https:\/\/www.tedom.com\/uk\/#website\"},\"primaryImageOfPage\":{\"@id\":\"https:\/\/www.tedom.com\/uk\/benefits-and-use-of-cogeneration-2\/#primaryimage\"},\"image\":{\"@id\":\"https:\/\/www.tedom.com\/uk\/benefits-and-use-of-cogeneration-2\/#primaryimage\"},\"thumbnailUrl\":\"https:\/\/www.tedom.com\/wp-content\/uploads\/2024\/10\/cogeneration-principle--e1727943021401.png\",\"datePublished\":\"2024-07-29T09:13:46+00:00\",\"dateModified\":\"2025-10-29T09:55:17+00:00\",\"breadcrumb\":{\"@id\":\"https:\/\/www.tedom.com\/uk\/benefits-and-use-of-cogeneration-2\/#breadcrumb\"},\"inLanguage\":\"uk\",\"potentialAction\":[{\"@type\":\"ReadAction\",\"target\":[\"https:\/\/www.tedom.com\/uk\/benefits-and-use-of-cogeneration-2\/\"]}]},{\"@type\":\"ImageObject\",\"inLanguage\":\"uk\",\"@id\":\"https:\/\/www.tedom.com\/uk\/benefits-and-use-of-cogeneration-2\/#primaryimage\",\"url\":\"https:\/\/www.tedom.com\/wp-content\/uploads\/2024\/10\/cogeneration-principle--e1727943021401.png\",\"contentUrl\":\"https:\/\/www.tedom.com\/wp-content\/uploads\/2024\/10\/cogeneration-principle--e1727943021401.png\",\"width\":2171,\"height\":1177},{\"@type\":\"BreadcrumbList\",\"@id\":\"https:\/\/www.tedom.com\/uk\/benefits-and-use-of-cogeneration-2\/#breadcrumb\",\"itemListElement\":[{\"@type\":\"ListItem\",\"position\":1,\"name\":\"Home\",\"item\":\"https:\/\/www.tedom.com\/uk\/home-page\/\"},{\"@type\":\"ListItem\",\"position\":2,\"name\":\"Benefits and use of biogas cogeneration\"}]},{\"@type\":\"WebSite\",\"@id\":\"https:\/\/www.tedom.com\/uk\/#website\",\"url\":\"https:\/\/www.tedom.com\/uk\/\",\"name\":\"TEDOM\",\"description\":\"TEDOM se zab\u00fdv\u00e1 v\u00fdrobou kogenera\u010dn\u00edch jednotek, instalac\u00ed fotovoltaiky a poskytov\u00e1n\u00edm komplexn\u00edch slu\u017eeb pro modern\u00ed decentr\u00e1ln\u00ed energetiku.\",\"publisher\":{\"@id\":\"https:\/\/www.tedom.com\/uk\/#organization\"},\"potentialAction\":[{\"@type\":\"SearchAction\",\"target\":{\"@type\":\"EntryPoint\",\"urlTemplate\":\"https:\/\/www.tedom.com\/uk\/?s={search_term_string}\"},\"query-input\":{\"@type\":\"PropertyValueSpecification\",\"valueRequired\":true,\"valueName\":\"search_term_string\"}}],\"inLanguage\":\"uk\"},{\"@type\":\"Organization\",\"@id\":\"https:\/\/www.tedom.com\/uk\/#organization\",\"name\":\"TEDOM a. s.\",\"url\":\"https:\/\/www.tedom.com\/uk\/\",\"logo\":{\"@type\":\"ImageObject\",\"inLanguage\":\"uk\",\"@id\":\"https:\/\/www.tedom.com\/uk\/#\/schema\/logo\/image\/\",\"url\":\"https:\/\/www.tedom.com\/wp-content\/uploads\/2023\/11\/TEDOM_logotype_RGB-scaled.jpg\",\"contentUrl\":\"https:\/\/www.tedom.com\/wp-content\/uploads\/2023\/11\/TEDOM_logotype_RGB-scaled.jpg\",\"width\":2560,\"height\":654,\"caption\":\"TEDOM a. s.\"},\"image\":{\"@id\":\"https:\/\/www.tedom.com\/uk\/#\/schema\/logo\/image\/\"},\"sameAs\":[\"https:\/\/www.facebook.com\/tedom.cz\/\",\"https:\/\/x.com\/tedom_chp\",\"https:\/\/www.instagram.com\/tedom_a.s\/\",\"https:\/\/www.youtube.com\/channel\/UCEqr6fHr02vxVRVF_xtKZ2w\",\"https:\/\/www.linkedin.com\/company\/tedom-a-s-?originalSubdomain=cz\"]}]}<\/script>\n<!-- \/ Yoast SEO Premium plugin. -->","yoast_head_json":{"title":"Benefits and use of biogas cogeneration &#8211; TEDOM","robots":{"index":"index","follow":"follow","max-snippet":"max-snippet:-1","max-image-preview":"max-image-preview:large","max-video-preview":"max-video-preview:-1"},"canonical":"https:\/\/www.tedom.com\/uk\/benefits-and-use-of-cogeneration-2\/","og_locale":"uk_UA","og_type":"article","og_title":"Benefits and use of biogas cogeneration","og_description":"Combined generation of electricity and heat, i.e. cogeneration, is a method of generating electrical energy in which the heat released during the electricity generation process is used in a useful way, thus achieving a very high efficiency of use of energy contained in the fuel. At the same time, this process minimizes the losses that [&hellip;]","og_url":"https:\/\/www.tedom.com\/uk\/benefits-and-use-of-cogeneration-2\/","og_site_name":"TEDOM","article_publisher":"https:\/\/www.facebook.com\/tedom.cz\/","article_modified_time":"2025-10-29T09:55:17+00:00","og_image":[{"width":2171,"height":1177,"url":"https:\/\/www.tedom.com\/wp-content\/uploads\/2024\/10\/cogeneration-principle--e1727943021401.png","type":"image\/png"}],"twitter_card":"summary_large_image","twitter_site":"@tedom_chp","twitter_misc":{"\u041f\u0440\u0438\u0431\u043b. \u0447\u0430\u0441 \u0447\u0438\u0442\u0430\u043d\u043d\u044f":"1 \u0445\u0432\u0438\u043b\u0438\u043d\u0430"},"schema":{"@context":"https:\/\/schema.org","@graph":[{"@type":"WebPage","@id":"https:\/\/www.tedom.com\/uk\/benefits-and-use-of-cogeneration-2\/","url":"https:\/\/www.tedom.com\/uk\/benefits-and-use-of-cogeneration-2\/","name":"Benefits and use of biogas cogeneration &#8211; TEDOM","isPartOf":{"@id":"https:\/\/www.tedom.com\/uk\/#website"},"primaryImageOfPage":{"@id":"https:\/\/www.tedom.com\/uk\/benefits-and-use-of-cogeneration-2\/#primaryimage"},"image":{"@id":"https:\/\/www.tedom.com\/uk\/benefits-and-use-of-cogeneration-2\/#primaryimage"},"thumbnailUrl":"https:\/\/www.tedom.com\/wp-content\/uploads\/2024\/10\/cogeneration-principle--e1727943021401.png","datePublished":"2024-07-29T09:13:46+00:00","dateModified":"2025-10-29T09:55:17+00:00","breadcrumb":{"@id":"https:\/\/www.tedom.com\/uk\/benefits-and-use-of-cogeneration-2\/#breadcrumb"},"inLanguage":"uk","potentialAction":[{"@type":"ReadAction","target":["https:\/\/www.tedom.com\/uk\/benefits-and-use-of-cogeneration-2\/"]}]},{"@type":"ImageObject","inLanguage":"uk","@id":"https:\/\/www.tedom.com\/uk\/benefits-and-use-of-cogeneration-2\/#primaryimage","url":"https:\/\/www.tedom.com\/wp-content\/uploads\/2024\/10\/cogeneration-principle--e1727943021401.png","contentUrl":"https:\/\/www.tedom.com\/wp-content\/uploads\/2024\/10\/cogeneration-principle--e1727943021401.png","width":2171,"height":1177},{"@type":"BreadcrumbList","@id":"https:\/\/www.tedom.com\/uk\/benefits-and-use-of-cogeneration-2\/#breadcrumb","itemListElement":[{"@type":"ListItem","position":1,"name":"Home","item":"https:\/\/www.tedom.com\/uk\/home-page\/"},{"@type":"ListItem","position":2,"name":"Benefits and use of biogas cogeneration"}]},{"@type":"WebSite","@id":"https:\/\/www.tedom.com\/uk\/#website","url":"https:\/\/www.tedom.com\/uk\/","name":"TEDOM","description":"TEDOM se zab\u00fdv\u00e1 v\u00fdrobou kogenera\u010dn\u00edch jednotek, instalac\u00ed fotovoltaiky a poskytov\u00e1n\u00edm komplexn\u00edch slu\u017eeb pro modern\u00ed decentr\u00e1ln\u00ed energetiku.","publisher":{"@id":"https:\/\/www.tedom.com\/uk\/#organization"},"potentialAction":[{"@type":"SearchAction","target":{"@type":"EntryPoint","urlTemplate":"https:\/\/www.tedom.com\/uk\/?s={search_term_string}"},"query-input":{"@type":"PropertyValueSpecification","valueRequired":true,"valueName":"search_term_string"}}],"inLanguage":"uk"},{"@type":"Organization","@id":"https:\/\/www.tedom.com\/uk\/#organization","name":"TEDOM a. s.","url":"https:\/\/www.tedom.com\/uk\/","logo":{"@type":"ImageObject","inLanguage":"uk","@id":"https:\/\/www.tedom.com\/uk\/#\/schema\/logo\/image\/","url":"https:\/\/www.tedom.com\/wp-content\/uploads\/2023\/11\/TEDOM_logotype_RGB-scaled.jpg","contentUrl":"https:\/\/www.tedom.com\/wp-content\/uploads\/2023\/11\/TEDOM_logotype_RGB-scaled.jpg","width":2560,"height":654,"caption":"TEDOM a. s."},"image":{"@id":"https:\/\/www.tedom.com\/uk\/#\/schema\/logo\/image\/"},"sameAs":["https:\/\/www.facebook.com\/tedom.cz\/","https:\/\/x.com\/tedom_chp","https:\/\/www.instagram.com\/tedom_a.s\/","https:\/\/www.youtube.com\/channel\/UCEqr6fHr02vxVRVF_xtKZ2w","https:\/\/www.linkedin.com\/company\/tedom-a-s-?originalSubdomain=cz"]}]}},"_links":{"self":[{"href":"https:\/\/www.tedom.com\/uk\/wp-json\/wp\/v2\/pages\/18188","targetHints":{"allow":["GET"]}}],"collection":[{"href":"https:\/\/www.tedom.com\/uk\/wp-json\/wp\/v2\/pages"}],"about":[{"href":"https:\/\/www.tedom.com\/uk\/wp-json\/wp\/v2\/types\/page"}],"author":[{"embeddable":true,"href":"https:\/\/www.tedom.com\/uk\/wp-json\/wp\/v2\/users\/7"}],"replies":[{"embeddable":true,"href":"https:\/\/www.tedom.com\/uk\/wp-json\/wp\/v2\/comments?post=18188"}],"version-history":[{"count":9,"href":"https:\/\/www.tedom.com\/uk\/wp-json\/wp\/v2\/pages\/18188\/revisions"}],"predecessor-version":[{"id":25723,"href":"https:\/\/www.tedom.com\/uk\/wp-json\/wp\/v2\/pages\/18188\/revisions\/25723"}],"wp:featuredmedia":[{"embeddable":true,"href":"https:\/\/www.tedom.com\/uk\/wp-json\/wp\/v2\/media\/20606"}],"wp:attachment":[{"href":"https:\/\/www.tedom.com\/uk\/wp-json\/wp\/v2\/media?parent=18188"}],"curies":[{"name":"wp","href":"https:\/\/api.w.org\/{rel}","templated":true}]}}