{"id":17170,"date":"2023-11-13T11:03:30","date_gmt":"2023-11-13T10:03:30","guid":{"rendered":"https:\/\/www.tedom.com\/ul-certification\/"},"modified":"2024-06-20T10:21:56","modified_gmt":"2024-06-20T08:21:56","slug":"ul-certification","status":"publish","type":"page","link":"https:\/\/www.tedom.com\/uk\/ul-certification\/","title":{"rendered":"UL certification"},"content":{"rendered":"<div>\n<p style=\"text-align: center;\">UL LLC (formerly Underwriters Laboratories, Inc.) is an independent certification organization that tests and certifies the safety of products and services. UL has more than 100 years of experience certifying products to safety regulations.<\/p>\n<p style=\"text-align: center;\">UL certification is a standardized process designed to demonstrate that certain products or services meet high standards of safety and quality. UL aims to improve the safety of workers and consumers around the world.<\/p>\n<p style=\"text-align: center;\" align=\"justify\">Our company is currently certified for 4 natural gas fired 60 Hz cogeneration units. Specifically, these are the models Cento 150, Cento 285, Cento 375 and Cento 555; all are powered by MAN engines. Each unit is always certified in 3 different versions (basic module, with noise enclosure, in container). In addition, we have also certified selected options that we have identified as key through market analysis.<\/p>\n<\/div>\n","protected":false},"excerpt":{"rendered":"<p>UL LLC (formerly Underwriters Laboratories, Inc.) is an independent certification organization that tests and certifies the safety of products and services. UL has more than 100 years of experience certifying products to safety regulations. UL certification is a standardized process designed to demonstrate that certain products or services meet high standards of safety and quality. [&hellip;]<\/p>\n","protected":false},"author":7,"featured_media":0,"parent":0,"menu_order":0,"comment_status":"closed","ping_status":"closed","template":"templates\/Certifikace-ISO.php","meta":{"_acf_changed":false,"footnotes":""},"class_list":["post-17170","page","type-page","status-publish","hentry"],"acf":[],"yoast_head":"<!-- This site is optimized with the Yoast SEO Premium plugin v24.6 (Yoast SEO v26.4) - https:\/\/yoast.com\/wordpress\/plugins\/seo\/ -->\n<title>UL certification &#8211; TEDOM<\/title>\n<meta name=\"robots\" content=\"index, follow, max-snippet:-1, max-image-preview:large, max-video-preview:-1\" \/>\n<link rel=\"canonical\" href=\"https:\/\/www.tedom.com\/uk\/ul-certification\/\" \/>\n<meta property=\"og:locale\" content=\"uk_UA\" \/>\n<meta property=\"og:type\" content=\"article\" \/>\n<meta property=\"og:title\" content=\"UL certification\" \/>\n<meta property=\"og:description\" content=\"UL LLC (formerly Underwriters Laboratories, Inc.) is an independent certification organization that tests and certifies the safety of products and services. UL has more than 100 years of experience certifying products to safety regulations. UL certification is a standardized process designed to demonstrate that certain products or services meet high standards of safety and quality. [&hellip;]\" \/>\n<meta property=\"og:url\" content=\"https:\/\/www.tedom.com\/uk\/ul-certification\/\" \/>\n<meta property=\"og:site_name\" content=\"TEDOM\" \/>\n<meta property=\"article:publisher\" content=\"https:\/\/www.facebook.com\/tedom.cz\/\" \/>\n<meta property=\"article:modified_time\" content=\"2024-06-20T08:21:56+00:00\" \/>\n<meta name=\"twitter:card\" content=\"summary_large_image\" \/>\n<meta name=\"twitter:site\" content=\"@tedom_chp\" \/>\n<meta name=\"twitter:label1\" content=\"\u041f\u0440\u0438\u0431\u043b. \u0447\u0430\u0441 \u0447\u0438\u0442\u0430\u043d\u043d\u044f\" \/>\n\t<meta name=\"twitter:data1\" content=\"1 \u0445\u0432\u0438\u043b\u0438\u043d\u0430\" \/>\n<script type=\"application\/ld+json\" class=\"yoast-schema-graph\">{\"@context\":\"https:\/\/schema.org\",\"@graph\":[{\"@type\":\"WebPage\",\"@id\":\"https:\/\/www.tedom.com\/uk\/ul-certification\/\",\"url\":\"https:\/\/www.tedom.com\/uk\/ul-certification\/\",\"name\":\"UL certification &#8211; TEDOM\",\"isPartOf\":{\"@id\":\"https:\/\/www.tedom.com\/uk\/#website\"},\"datePublished\":\"2023-11-13T10:03:30+00:00\",\"dateModified\":\"2024-06-20T08:21:56+00:00\",\"breadcrumb\":{\"@id\":\"https:\/\/www.tedom.com\/uk\/ul-certification\/#breadcrumb\"},\"inLanguage\":\"uk\",\"potentialAction\":[{\"@type\":\"ReadAction\",\"target\":[\"https:\/\/www.tedom.com\/uk\/ul-certification\/\"]}]},{\"@type\":\"BreadcrumbList\",\"@id\":\"https:\/\/www.tedom.com\/uk\/ul-certification\/#breadcrumb\",\"itemListElement\":[{\"@type\":\"ListItem\",\"position\":1,\"name\":\"Home\",\"item\":\"https:\/\/www.tedom.com\/uk\/home-page\/\"},{\"@type\":\"ListItem\",\"position\":2,\"name\":\"UL certification\"}]},{\"@type\":\"WebSite\",\"@id\":\"https:\/\/www.tedom.com\/uk\/#website\",\"url\":\"https:\/\/www.tedom.com\/uk\/\",\"name\":\"TEDOM\",\"description\":\"TEDOM se zab\u00fdv\u00e1 v\u00fdrobou kogenera\u010dn\u00edch jednotek, instalac\u00ed fotovoltaiky a poskytov\u00e1n\u00edm komplexn\u00edch slu\u017eeb pro modern\u00ed decentr\u00e1ln\u00ed energetiku.\",\"publisher\":{\"@id\":\"https:\/\/www.tedom.com\/uk\/#organization\"},\"potentialAction\":[{\"@type\":\"SearchAction\",\"target\":{\"@type\":\"EntryPoint\",\"urlTemplate\":\"https:\/\/www.tedom.com\/uk\/?s={search_term_string}\"},\"query-input\":{\"@type\":\"PropertyValueSpecification\",\"valueRequired\":true,\"valueName\":\"search_term_string\"}}],\"inLanguage\":\"uk\"},{\"@type\":\"Organization\",\"@id\":\"https:\/\/www.tedom.com\/uk\/#organization\",\"name\":\"TEDOM a. s.\",\"url\":\"https:\/\/www.tedom.com\/uk\/\",\"logo\":{\"@type\":\"ImageObject\",\"inLanguage\":\"uk\",\"@id\":\"https:\/\/www.tedom.com\/uk\/#\/schema\/logo\/image\/\",\"url\":\"https:\/\/www.tedom.com\/wp-content\/uploads\/2023\/11\/TEDOM_logotype_RGB-scaled.jpg\",\"contentUrl\":\"https:\/\/www.tedom.com\/wp-content\/uploads\/2023\/11\/TEDOM_logotype_RGB-scaled.jpg\",\"width\":2560,\"height\":654,\"caption\":\"TEDOM a. s.\"},\"image\":{\"@id\":\"https:\/\/www.tedom.com\/uk\/#\/schema\/logo\/image\/\"},\"sameAs\":[\"https:\/\/www.facebook.com\/tedom.cz\/\",\"https:\/\/x.com\/tedom_chp\",\"https:\/\/www.instagram.com\/tedom_a.s\/\",\"https:\/\/www.youtube.com\/channel\/UCEqr6fHr02vxVRVF_xtKZ2w\",\"https:\/\/www.linkedin.com\/company\/tedom-a-s-?originalSubdomain=cz\"]}]}<\/script>\n<!-- \/ Yoast SEO Premium plugin. -->","yoast_head_json":{"title":"UL certification &#8211; TEDOM","robots":{"index":"index","follow":"follow","max-snippet":"max-snippet:-1","max-image-preview":"max-image-preview:large","max-video-preview":"max-video-preview:-1"},"canonical":"https:\/\/www.tedom.com\/uk\/ul-certification\/","og_locale":"uk_UA","og_type":"article","og_title":"UL certification","og_description":"UL LLC (formerly Underwriters Laboratories, Inc.) is an independent certification organization that tests and certifies the safety of products and services. UL has more than 100 years of experience certifying products to safety regulations. UL certification is a standardized process designed to demonstrate that certain products or services meet high standards of safety and quality. [&hellip;]","og_url":"https:\/\/www.tedom.com\/uk\/ul-certification\/","og_site_name":"TEDOM","article_publisher":"https:\/\/www.facebook.com\/tedom.cz\/","article_modified_time":"2024-06-20T08:21:56+00:00","twitter_card":"summary_large_image","twitter_site":"@tedom_chp","twitter_misc":{"\u041f\u0440\u0438\u0431\u043b. \u0447\u0430\u0441 \u0447\u0438\u0442\u0430\u043d\u043d\u044f":"1 \u0445\u0432\u0438\u043b\u0438\u043d\u0430"},"schema":{"@context":"https:\/\/schema.org","@graph":[{"@type":"WebPage","@id":"https:\/\/www.tedom.com\/uk\/ul-certification\/","url":"https:\/\/www.tedom.com\/uk\/ul-certification\/","name":"UL certification &#8211; TEDOM","isPartOf":{"@id":"https:\/\/www.tedom.com\/uk\/#website"},"datePublished":"2023-11-13T10:03:30+00:00","dateModified":"2024-06-20T08:21:56+00:00","breadcrumb":{"@id":"https:\/\/www.tedom.com\/uk\/ul-certification\/#breadcrumb"},"inLanguage":"uk","potentialAction":[{"@type":"ReadAction","target":["https:\/\/www.tedom.com\/uk\/ul-certification\/"]}]},{"@type":"BreadcrumbList","@id":"https:\/\/www.tedom.com\/uk\/ul-certification\/#breadcrumb","itemListElement":[{"@type":"ListItem","position":1,"name":"Home","item":"https:\/\/www.tedom.com\/uk\/home-page\/"},{"@type":"ListItem","position":2,"name":"UL certification"}]},{"@type":"WebSite","@id":"https:\/\/www.tedom.com\/uk\/#website","url":"https:\/\/www.tedom.com\/uk\/","name":"TEDOM","description":"TEDOM se zab\u00fdv\u00e1 v\u00fdrobou kogenera\u010dn\u00edch jednotek, instalac\u00ed fotovoltaiky a poskytov\u00e1n\u00edm komplexn\u00edch slu\u017eeb pro modern\u00ed decentr\u00e1ln\u00ed energetiku.","publisher":{"@id":"https:\/\/www.tedom.com\/uk\/#organization"},"potentialAction":[{"@type":"SearchAction","target":{"@type":"EntryPoint","urlTemplate":"https:\/\/www.tedom.com\/uk\/?s={search_term_string}"},"query-input":{"@type":"PropertyValueSpecification","valueRequired":true,"valueName":"search_term_string"}}],"inLanguage":"uk"},{"@type":"Organization","@id":"https:\/\/www.tedom.com\/uk\/#organization","name":"TEDOM a. s.","url":"https:\/\/www.tedom.com\/uk\/","logo":{"@type":"ImageObject","inLanguage":"uk","@id":"https:\/\/www.tedom.com\/uk\/#\/schema\/logo\/image\/","url":"https:\/\/www.tedom.com\/wp-content\/uploads\/2023\/11\/TEDOM_logotype_RGB-scaled.jpg","contentUrl":"https:\/\/www.tedom.com\/wp-content\/uploads\/2023\/11\/TEDOM_logotype_RGB-scaled.jpg","width":2560,"height":654,"caption":"TEDOM a. s."},"image":{"@id":"https:\/\/www.tedom.com\/uk\/#\/schema\/logo\/image\/"},"sameAs":["https:\/\/www.facebook.com\/tedom.cz\/","https:\/\/x.com\/tedom_chp","https:\/\/www.instagram.com\/tedom_a.s\/","https:\/\/www.youtube.com\/channel\/UCEqr6fHr02vxVRVF_xtKZ2w","https:\/\/www.linkedin.com\/company\/tedom-a-s-?originalSubdomain=cz"]}]}},"_links":{"self":[{"href":"https:\/\/www.tedom.com\/uk\/wp-json\/wp\/v2\/pages\/17170","targetHints":{"allow":["GET"]}}],"collection":[{"href":"https:\/\/www.tedom.com\/uk\/wp-json\/wp\/v2\/pages"}],"about":[{"href":"https:\/\/www.tedom.com\/uk\/wp-json\/wp\/v2\/types\/page"}],"author":[{"embeddable":true,"href":"https:\/\/www.tedom.com\/uk\/wp-json\/wp\/v2\/users\/7"}],"replies":[{"embeddable":true,"href":"https:\/\/www.tedom.com\/uk\/wp-json\/wp\/v2\/comments?post=17170"}],"version-history":[{"count":1,"href":"https:\/\/www.tedom.com\/uk\/wp-json\/wp\/v2\/pages\/17170\/revisions"}],"predecessor-version":[{"id":17249,"href":"https:\/\/www.tedom.com\/uk\/wp-json\/wp\/v2\/pages\/17170\/revisions\/17249"}],"wp:attachment":[{"href":"https:\/\/www.tedom.com\/uk\/wp-json\/wp\/v2\/media?parent=17170"}],"curies":[{"name":"wp","href":"https:\/\/api.w.org\/{rel}","templated":true}]}}