{"id":17032,"date":"2023-08-12T07:04:38","date_gmt":"2023-08-12T05:04:38","guid":{"rendered":"https:\/\/www.tedom.com\/downloads\/"},"modified":"2024-06-20T10:15:20","modified_gmt":"2024-06-20T08:15:20","slug":"downloads","status":"publish","type":"page","link":"https:\/\/www.tedom.com\/uk\/downloads\/","title":{"rendered":"Downloads"},"content":{"rendered":"","protected":false},"excerpt":{"rendered":"","protected":false},"author":2,"featured_media":0,"parent":0,"menu_order":0,"comment_status":"closed","ping_status":"closed","template":"templates\/ke-stazeni.php","meta":{"_acf_changed":false,"footnotes":""},"class_list":["post-17032","page","type-page","status-publish","hentry"],"acf":[],"yoast_head":"<!-- This site is optimized with the Yoast SEO Premium plugin v24.6 (Yoast SEO v26.4) - https:\/\/yoast.com\/wordpress\/plugins\/seo\/ -->\n<title>Downloads &#8211; TEDOM<\/title>\n<meta name=\"description\" content=\"Dokumenty ke sta\u017een\u00ed, p\u0159ehled vyr\u00e1b\u011bn\u00fdch typ\u016f kogenera\u010dn\u00edch jednotek TEDOM, informace o kogeneraci, vybran\u00e9 reference, plynov\u00e9 tepeln\u00e9 \u010derpadlo TEDOM Polo 100, ...\" \/>\n<meta name=\"robots\" content=\"index, follow, max-snippet:-1, max-image-preview:large, max-video-preview:-1\" \/>\n<link rel=\"canonical\" href=\"https:\/\/www.tedom.com\/uk\/downloads\/\" \/>\n<meta property=\"og:locale\" content=\"uk_UA\" \/>\n<meta property=\"og:type\" content=\"article\" \/>\n<meta property=\"og:title\" content=\"Downloads\" \/>\n<meta property=\"og:description\" content=\"Dokumenty ke sta\u017een\u00ed, p\u0159ehled vyr\u00e1b\u011bn\u00fdch typ\u016f kogenera\u010dn\u00edch jednotek TEDOM, informace o kogeneraci, vybran\u00e9 reference, plynov\u00e9 tepeln\u00e9 \u010derpadlo TEDOM Polo 100, ...\" \/>\n<meta property=\"og:url\" content=\"https:\/\/www.tedom.com\/uk\/downloads\/\" \/>\n<meta property=\"og:site_name\" content=\"TEDOM\" \/>\n<meta property=\"article:publisher\" content=\"https:\/\/www.facebook.com\/tedom.cz\/\" \/>\n<meta property=\"article:modified_time\" content=\"2024-06-20T08:15:20+00:00\" \/>\n<meta name=\"twitter:card\" content=\"summary_large_image\" \/>\n<meta name=\"twitter:site\" content=\"@tedom_chp\" \/>\n<script type=\"application\/ld+json\" class=\"yoast-schema-graph\">{\"@context\":\"https:\/\/schema.org\",\"@graph\":[{\"@type\":\"WebPage\",\"@id\":\"https:\/\/www.tedom.com\/uk\/downloads\/\",\"url\":\"https:\/\/www.tedom.com\/uk\/downloads\/\",\"name\":\"Downloads &#8211; TEDOM\",\"isPartOf\":{\"@id\":\"https:\/\/www.tedom.com\/uk\/#website\"},\"datePublished\":\"2023-08-12T05:04:38+00:00\",\"dateModified\":\"2024-06-20T08:15:20+00:00\",\"description\":\"Dokumenty ke sta\u017een\u00ed, p\u0159ehled vyr\u00e1b\u011bn\u00fdch typ\u016f kogenera\u010dn\u00edch jednotek TEDOM, informace o kogeneraci, vybran\u00e9 reference, plynov\u00e9 tepeln\u00e9 \u010derpadlo TEDOM Polo 100, ...\",\"breadcrumb\":{\"@id\":\"https:\/\/www.tedom.com\/uk\/downloads\/#breadcrumb\"},\"inLanguage\":\"uk\",\"potentialAction\":[{\"@type\":\"ReadAction\",\"target\":[\"https:\/\/www.tedom.com\/uk\/downloads\/\"]}]},{\"@type\":\"BreadcrumbList\",\"@id\":\"https:\/\/www.tedom.com\/uk\/downloads\/#breadcrumb\",\"itemListElement\":[{\"@type\":\"ListItem\",\"position\":1,\"name\":\"Home\",\"item\":\"https:\/\/www.tedom.com\/uk\/home-page\/\"},{\"@type\":\"ListItem\",\"position\":2,\"name\":\"Downloads\"}]},{\"@type\":\"WebSite\",\"@id\":\"https:\/\/www.tedom.com\/uk\/#website\",\"url\":\"https:\/\/www.tedom.com\/uk\/\",\"name\":\"TEDOM\",\"description\":\"TEDOM se zab\u00fdv\u00e1 v\u00fdrobou kogenera\u010dn\u00edch jednotek, instalac\u00ed fotovoltaiky a poskytov\u00e1n\u00edm komplexn\u00edch slu\u017eeb pro modern\u00ed decentr\u00e1ln\u00ed energetiku.\",\"publisher\":{\"@id\":\"https:\/\/www.tedom.com\/uk\/#organization\"},\"potentialAction\":[{\"@type\":\"SearchAction\",\"target\":{\"@type\":\"EntryPoint\",\"urlTemplate\":\"https:\/\/www.tedom.com\/uk\/?s={search_term_string}\"},\"query-input\":{\"@type\":\"PropertyValueSpecification\",\"valueRequired\":true,\"valueName\":\"search_term_string\"}}],\"inLanguage\":\"uk\"},{\"@type\":\"Organization\",\"@id\":\"https:\/\/www.tedom.com\/uk\/#organization\",\"name\":\"TEDOM a. s.\",\"url\":\"https:\/\/www.tedom.com\/uk\/\",\"logo\":{\"@type\":\"ImageObject\",\"inLanguage\":\"uk\",\"@id\":\"https:\/\/www.tedom.com\/uk\/#\/schema\/logo\/image\/\",\"url\":\"https:\/\/www.tedom.com\/wp-content\/uploads\/2023\/11\/TEDOM_logotype_RGB-scaled.jpg\",\"contentUrl\":\"https:\/\/www.tedom.com\/wp-content\/uploads\/2023\/11\/TEDOM_logotype_RGB-scaled.jpg\",\"width\":2560,\"height\":654,\"caption\":\"TEDOM a. s.\"},\"image\":{\"@id\":\"https:\/\/www.tedom.com\/uk\/#\/schema\/logo\/image\/\"},\"sameAs\":[\"https:\/\/www.facebook.com\/tedom.cz\/\",\"https:\/\/x.com\/tedom_chp\",\"https:\/\/www.instagram.com\/tedom_a.s\/\",\"https:\/\/www.youtube.com\/channel\/UCEqr6fHr02vxVRVF_xtKZ2w\",\"https:\/\/www.linkedin.com\/company\/tedom-a-s-?originalSubdomain=cz\"]}]}<\/script>\n<!-- \/ Yoast SEO Premium plugin. -->","yoast_head_json":{"title":"Downloads &#8211; TEDOM","description":"Dokumenty ke sta\u017een\u00ed, p\u0159ehled vyr\u00e1b\u011bn\u00fdch typ\u016f kogenera\u010dn\u00edch jednotek TEDOM, informace o kogeneraci, vybran\u00e9 reference, plynov\u00e9 tepeln\u00e9 \u010derpadlo TEDOM Polo 100, ...","robots":{"index":"index","follow":"follow","max-snippet":"max-snippet:-1","max-image-preview":"max-image-preview:large","max-video-preview":"max-video-preview:-1"},"canonical":"https:\/\/www.tedom.com\/uk\/downloads\/","og_locale":"uk_UA","og_type":"article","og_title":"Downloads","og_description":"Dokumenty ke sta\u017een\u00ed, p\u0159ehled vyr\u00e1b\u011bn\u00fdch typ\u016f kogenera\u010dn\u00edch jednotek TEDOM, informace o kogeneraci, vybran\u00e9 reference, plynov\u00e9 tepeln\u00e9 \u010derpadlo TEDOM Polo 100, ...","og_url":"https:\/\/www.tedom.com\/uk\/downloads\/","og_site_name":"TEDOM","article_publisher":"https:\/\/www.facebook.com\/tedom.cz\/","article_modified_time":"2024-06-20T08:15:20+00:00","twitter_card":"summary_large_image","twitter_site":"@tedom_chp","schema":{"@context":"https:\/\/schema.org","@graph":[{"@type":"WebPage","@id":"https:\/\/www.tedom.com\/uk\/downloads\/","url":"https:\/\/www.tedom.com\/uk\/downloads\/","name":"Downloads &#8211; TEDOM","isPartOf":{"@id":"https:\/\/www.tedom.com\/uk\/#website"},"datePublished":"2023-08-12T05:04:38+00:00","dateModified":"2024-06-20T08:15:20+00:00","description":"Dokumenty ke sta\u017een\u00ed, p\u0159ehled vyr\u00e1b\u011bn\u00fdch typ\u016f kogenera\u010dn\u00edch jednotek TEDOM, informace o kogeneraci, vybran\u00e9 reference, plynov\u00e9 tepeln\u00e9 \u010derpadlo TEDOM Polo 100, ...","breadcrumb":{"@id":"https:\/\/www.tedom.com\/uk\/downloads\/#breadcrumb"},"inLanguage":"uk","potentialAction":[{"@type":"ReadAction","target":["https:\/\/www.tedom.com\/uk\/downloads\/"]}]},{"@type":"BreadcrumbList","@id":"https:\/\/www.tedom.com\/uk\/downloads\/#breadcrumb","itemListElement":[{"@type":"ListItem","position":1,"name":"Home","item":"https:\/\/www.tedom.com\/uk\/home-page\/"},{"@type":"ListItem","position":2,"name":"Downloads"}]},{"@type":"WebSite","@id":"https:\/\/www.tedom.com\/uk\/#website","url":"https:\/\/www.tedom.com\/uk\/","name":"TEDOM","description":"TEDOM se zab\u00fdv\u00e1 v\u00fdrobou kogenera\u010dn\u00edch jednotek, instalac\u00ed fotovoltaiky a poskytov\u00e1n\u00edm komplexn\u00edch slu\u017eeb pro modern\u00ed decentr\u00e1ln\u00ed energetiku.","publisher":{"@id":"https:\/\/www.tedom.com\/uk\/#organization"},"potentialAction":[{"@type":"SearchAction","target":{"@type":"EntryPoint","urlTemplate":"https:\/\/www.tedom.com\/uk\/?s={search_term_string}"},"query-input":{"@type":"PropertyValueSpecification","valueRequired":true,"valueName":"search_term_string"}}],"inLanguage":"uk"},{"@type":"Organization","@id":"https:\/\/www.tedom.com\/uk\/#organization","name":"TEDOM a. s.","url":"https:\/\/www.tedom.com\/uk\/","logo":{"@type":"ImageObject","inLanguage":"uk","@id":"https:\/\/www.tedom.com\/uk\/#\/schema\/logo\/image\/","url":"https:\/\/www.tedom.com\/wp-content\/uploads\/2023\/11\/TEDOM_logotype_RGB-scaled.jpg","contentUrl":"https:\/\/www.tedom.com\/wp-content\/uploads\/2023\/11\/TEDOM_logotype_RGB-scaled.jpg","width":2560,"height":654,"caption":"TEDOM a. s."},"image":{"@id":"https:\/\/www.tedom.com\/uk\/#\/schema\/logo\/image\/"},"sameAs":["https:\/\/www.facebook.com\/tedom.cz\/","https:\/\/x.com\/tedom_chp","https:\/\/www.instagram.com\/tedom_a.s\/","https:\/\/www.youtube.com\/channel\/UCEqr6fHr02vxVRVF_xtKZ2w","https:\/\/www.linkedin.com\/company\/tedom-a-s-?originalSubdomain=cz"]}]}},"_links":{"self":[{"href":"https:\/\/www.tedom.com\/uk\/wp-json\/wp\/v2\/pages\/17032","targetHints":{"allow":["GET"]}}],"collection":[{"href":"https:\/\/www.tedom.com\/uk\/wp-json\/wp\/v2\/pages"}],"about":[{"href":"https:\/\/www.tedom.com\/uk\/wp-json\/wp\/v2\/types\/page"}],"author":[{"embeddable":true,"href":"https:\/\/www.tedom.com\/uk\/wp-json\/wp\/v2\/users\/2"}],"replies":[{"embeddable":true,"href":"https:\/\/www.tedom.com\/uk\/wp-json\/wp\/v2\/comments?post=17032"}],"version-history":[{"count":1,"href":"https:\/\/www.tedom.com\/uk\/wp-json\/wp\/v2\/pages\/17032\/revisions"}],"predecessor-version":[{"id":17085,"href":"https:\/\/www.tedom.com\/uk\/wp-json\/wp\/v2\/pages\/17032\/revisions\/17085"}],"wp:attachment":[{"href":"https:\/\/www.tedom.com\/uk\/wp-json\/wp\/v2\/media?parent=17032"}],"curies":[{"name":"wp","href":"https:\/\/api.w.org\/{rel}","templated":true}]}}