{"id":21794,"date":"2023-10-04T17:04:51","date_gmt":"2023-10-04T15:04:51","guid":{"rendered":"https:\/\/www.tedom.com\/?page_id=21794"},"modified":"2025-03-25T13:20:50","modified_gmt":"2025-03-25T12:20:50","slug":"lpg","status":"publish","type":"page","link":"https:\/\/www.tedom.com\/ua\/lpg\/","title":{"rendered":"LPG"},"content":{"rendered":"","protected":false},"excerpt":{"rendered":"","protected":false},"author":2,"featured_media":21795,"parent":0,"menu_order":0,"comment_status":"closed","ping_status":"closed","template":"templates\/technicke-parametry.php","meta":{"_acf_changed":false,"footnotes":""},"class_list":["post-21794","page","type-page","status-publish","has-post-thumbnail","hentry"],"acf":[],"yoast_head":"<!-- This site is optimized with the Yoast SEO Premium plugin v24.6 (Yoast SEO v26.4) - https:\/\/yoast.com\/wordpress\/plugins\/seo\/ -->\n<title>LPG &#8211; \u041a\u043e\u0433\u0435\u043d\u0435\u0440\u0430\u0446\u0456\u0439\u043d\u0456 \u0443\u0441\u0442\u0430\u043d\u043e\u0432\u043a\u0438 TEDOM<\/title>\n<meta name=\"robots\" content=\"index, follow, max-snippet:-1, max-image-preview:large, max-video-preview:-1\" \/>\n<link rel=\"canonical\" href=\"https:\/\/www.tedom.com\/ua\/lpg\/\" \/>\n<meta property=\"og:locale\" content=\"en_US\" \/>\n<meta property=\"og:type\" content=\"article\" \/>\n<meta property=\"og:title\" content=\"LPG\" \/>\n<meta property=\"og:url\" content=\"https:\/\/www.tedom.com\/ua\/lpg\/\" \/>\n<meta property=\"og:site_name\" content=\"TEDOM\" \/>\n<meta property=\"article:publisher\" content=\"https:\/\/www.facebook.com\/tedom.cz\/\" \/>\n<meta property=\"article:modified_time\" content=\"2025-03-25T12:20:50+00:00\" \/>\n<meta property=\"og:image\" content=\"https:\/\/www.tedom.com\/wp-content\/uploads\/2023\/10\/LPG.jpg\" \/>\n\t<meta property=\"og:image:width\" content=\"1600\" \/>\n\t<meta property=\"og:image:height\" content=\"1067\" \/>\n\t<meta property=\"og:image:type\" content=\"image\/jpeg\" \/>\n<meta name=\"twitter:card\" content=\"summary_large_image\" \/>\n<meta name=\"twitter:site\" content=\"@tedom_chp\" \/>\n<meta name=\"twitter:label1\" content=\"Est. reading time\" \/>\n\t<meta name=\"twitter:data1\" content=\"1 minute\" \/>\n<script type=\"application\/ld+json\" class=\"yoast-schema-graph\">{\"@context\":\"https:\/\/schema.org\",\"@graph\":[{\"@type\":\"WebPage\",\"@id\":\"https:\/\/www.tedom.com\/ua\/lpg\/\",\"url\":\"https:\/\/www.tedom.com\/ua\/lpg\/\",\"name\":\"LPG &#8211; \u041a\u043e\u0433\u0435\u043d\u0435\u0440\u0430\u0446\u0456\u0439\u043d\u0456 \u0443\u0441\u0442\u0430\u043d\u043e\u0432\u043a\u0438 TEDOM\",\"isPartOf\":{\"@id\":\"https:\/\/www.tedom.com\/ua\/#website\"},\"primaryImageOfPage\":{\"@id\":\"https:\/\/www.tedom.com\/ua\/lpg\/#primaryimage\"},\"image\":{\"@id\":\"https:\/\/www.tedom.com\/ua\/lpg\/#primaryimage\"},\"thumbnailUrl\":\"https:\/\/www.tedom.com\/wp-content\/uploads\/2023\/10\/LPG.jpg\",\"datePublished\":\"2023-10-04T15:04:51+00:00\",\"dateModified\":\"2025-03-25T12:20:50+00:00\",\"breadcrumb\":{\"@id\":\"https:\/\/www.tedom.com\/ua\/lpg\/#breadcrumb\"},\"inLanguage\":\"ua\",\"potentialAction\":[{\"@type\":\"ReadAction\",\"target\":[\"https:\/\/www.tedom.com\/ua\/lpg\/\"]}]},{\"@type\":\"ImageObject\",\"inLanguage\":\"ua\",\"@id\":\"https:\/\/www.tedom.com\/ua\/lpg\/#primaryimage\",\"url\":\"https:\/\/www.tedom.com\/wp-content\/uploads\/2023\/10\/LPG.jpg\",\"contentUrl\":\"https:\/\/www.tedom.com\/wp-content\/uploads\/2023\/10\/LPG.jpg\",\"width\":1600,\"height\":1067},{\"@type\":\"BreadcrumbList\",\"@id\":\"https:\/\/www.tedom.com\/ua\/lpg\/#breadcrumb\",\"itemListElement\":[{\"@type\":\"ListItem\",\"position\":1,\"name\":\"Home\",\"item\":\"https:\/\/www.tedom.com\/ua\/\"},{\"@type\":\"ListItem\",\"position\":2,\"name\":\"LPG\"}]},{\"@type\":\"WebSite\",\"@id\":\"https:\/\/www.tedom.com\/ua\/#website\",\"url\":\"https:\/\/www.tedom.com\/ua\/\",\"name\":\"TEDOM\",\"description\":\"TEDOM se zab\u00fdv\u00e1 v\u00fdrobou kogenera\u010dn\u00edch jednotek, instalac\u00ed fotovoltaiky a poskytov\u00e1n\u00edm komplexn\u00edch slu\u017eeb pro modern\u00ed decentr\u00e1ln\u00ed energetiku.\",\"publisher\":{\"@id\":\"https:\/\/www.tedom.com\/ua\/#organization\"},\"potentialAction\":[{\"@type\":\"SearchAction\",\"target\":{\"@type\":\"EntryPoint\",\"urlTemplate\":\"https:\/\/www.tedom.com\/ua\/?s={search_term_string}\"},\"query-input\":{\"@type\":\"PropertyValueSpecification\",\"valueRequired\":true,\"valueName\":\"search_term_string\"}}],\"inLanguage\":\"ua\"},{\"@type\":\"Organization\",\"@id\":\"https:\/\/www.tedom.com\/ua\/#organization\",\"name\":\"TEDOM a. s.\",\"url\":\"https:\/\/www.tedom.com\/ua\/\",\"logo\":{\"@type\":\"ImageObject\",\"inLanguage\":\"ua\",\"@id\":\"https:\/\/www.tedom.com\/ua\/#\/schema\/logo\/image\/\",\"url\":\"https:\/\/www.tedom.com\/wp-content\/uploads\/2023\/11\/TEDOM_logotype_RGB-scaled.jpg\",\"contentUrl\":\"https:\/\/www.tedom.com\/wp-content\/uploads\/2023\/11\/TEDOM_logotype_RGB-scaled.jpg\",\"width\":2560,\"height\":654,\"caption\":\"TEDOM a. s.\"},\"image\":{\"@id\":\"https:\/\/www.tedom.com\/ua\/#\/schema\/logo\/image\/\"},\"sameAs\":[\"https:\/\/www.facebook.com\/tedom.cz\/\",\"https:\/\/x.com\/tedom_chp\",\"https:\/\/www.instagram.com\/tedom_a.s\/\",\"https:\/\/www.youtube.com\/channel\/UCEqr6fHr02vxVRVF_xtKZ2w\",\"https:\/\/www.linkedin.com\/company\/tedom-a-s-?originalSubdomain=cz\"]}]}<\/script>\n<!-- \/ Yoast SEO Premium plugin. -->","yoast_head_json":{"title":"LPG &#8211; \u041a\u043e\u0433\u0435\u043d\u0435\u0440\u0430\u0446\u0456\u0439\u043d\u0456 \u0443\u0441\u0442\u0430\u043d\u043e\u0432\u043a\u0438 TEDOM","robots":{"index":"index","follow":"follow","max-snippet":"max-snippet:-1","max-image-preview":"max-image-preview:large","max-video-preview":"max-video-preview:-1"},"canonical":"https:\/\/www.tedom.com\/ua\/lpg\/","og_locale":"en_US","og_type":"article","og_title":"LPG","og_url":"https:\/\/www.tedom.com\/ua\/lpg\/","og_site_name":"TEDOM","article_publisher":"https:\/\/www.facebook.com\/tedom.cz\/","article_modified_time":"2025-03-25T12:20:50+00:00","og_image":[{"width":1600,"height":1067,"url":"https:\/\/www.tedom.com\/wp-content\/uploads\/2023\/10\/LPG.jpg","type":"image\/jpeg"}],"twitter_card":"summary_large_image","twitter_site":"@tedom_chp","twitter_misc":{"Est. reading time":"1 minute"},"schema":{"@context":"https:\/\/schema.org","@graph":[{"@type":"WebPage","@id":"https:\/\/www.tedom.com\/ua\/lpg\/","url":"https:\/\/www.tedom.com\/ua\/lpg\/","name":"LPG &#8211; \u041a\u043e\u0433\u0435\u043d\u0435\u0440\u0430\u0446\u0456\u0439\u043d\u0456 \u0443\u0441\u0442\u0430\u043d\u043e\u0432\u043a\u0438 TEDOM","isPartOf":{"@id":"https:\/\/www.tedom.com\/ua\/#website"},"primaryImageOfPage":{"@id":"https:\/\/www.tedom.com\/ua\/lpg\/#primaryimage"},"image":{"@id":"https:\/\/www.tedom.com\/ua\/lpg\/#primaryimage"},"thumbnailUrl":"https:\/\/www.tedom.com\/wp-content\/uploads\/2023\/10\/LPG.jpg","datePublished":"2023-10-04T15:04:51+00:00","dateModified":"2025-03-25T12:20:50+00:00","breadcrumb":{"@id":"https:\/\/www.tedom.com\/ua\/lpg\/#breadcrumb"},"inLanguage":"ua","potentialAction":[{"@type":"ReadAction","target":["https:\/\/www.tedom.com\/ua\/lpg\/"]}]},{"@type":"ImageObject","inLanguage":"ua","@id":"https:\/\/www.tedom.com\/ua\/lpg\/#primaryimage","url":"https:\/\/www.tedom.com\/wp-content\/uploads\/2023\/10\/LPG.jpg","contentUrl":"https:\/\/www.tedom.com\/wp-content\/uploads\/2023\/10\/LPG.jpg","width":1600,"height":1067},{"@type":"BreadcrumbList","@id":"https:\/\/www.tedom.com\/ua\/lpg\/#breadcrumb","itemListElement":[{"@type":"ListItem","position":1,"name":"Home","item":"https:\/\/www.tedom.com\/ua\/"},{"@type":"ListItem","position":2,"name":"LPG"}]},{"@type":"WebSite","@id":"https:\/\/www.tedom.com\/ua\/#website","url":"https:\/\/www.tedom.com\/ua\/","name":"TEDOM","description":"TEDOM se zab\u00fdv\u00e1 v\u00fdrobou kogenera\u010dn\u00edch jednotek, instalac\u00ed fotovoltaiky a poskytov\u00e1n\u00edm komplexn\u00edch slu\u017eeb pro modern\u00ed decentr\u00e1ln\u00ed energetiku.","publisher":{"@id":"https:\/\/www.tedom.com\/ua\/#organization"},"potentialAction":[{"@type":"SearchAction","target":{"@type":"EntryPoint","urlTemplate":"https:\/\/www.tedom.com\/ua\/?s={search_term_string}"},"query-input":{"@type":"PropertyValueSpecification","valueRequired":true,"valueName":"search_term_string"}}],"inLanguage":"ua"},{"@type":"Organization","@id":"https:\/\/www.tedom.com\/ua\/#organization","name":"TEDOM a. s.","url":"https:\/\/www.tedom.com\/ua\/","logo":{"@type":"ImageObject","inLanguage":"ua","@id":"https:\/\/www.tedom.com\/ua\/#\/schema\/logo\/image\/","url":"https:\/\/www.tedom.com\/wp-content\/uploads\/2023\/11\/TEDOM_logotype_RGB-scaled.jpg","contentUrl":"https:\/\/www.tedom.com\/wp-content\/uploads\/2023\/11\/TEDOM_logotype_RGB-scaled.jpg","width":2560,"height":654,"caption":"TEDOM a. s."},"image":{"@id":"https:\/\/www.tedom.com\/ua\/#\/schema\/logo\/image\/"},"sameAs":["https:\/\/www.facebook.com\/tedom.cz\/","https:\/\/x.com\/tedom_chp","https:\/\/www.instagram.com\/tedom_a.s\/","https:\/\/www.youtube.com\/channel\/UCEqr6fHr02vxVRVF_xtKZ2w","https:\/\/www.linkedin.com\/company\/tedom-a-s-?originalSubdomain=cz"]}]}},"_links":{"self":[{"href":"https:\/\/www.tedom.com\/ua\/wp-json\/wp\/v2\/pages\/21794","targetHints":{"allow":["GET"]}}],"collection":[{"href":"https:\/\/www.tedom.com\/ua\/wp-json\/wp\/v2\/pages"}],"about":[{"href":"https:\/\/www.tedom.com\/ua\/wp-json\/wp\/v2\/types\/page"}],"author":[{"embeddable":true,"href":"https:\/\/www.tedom.com\/ua\/wp-json\/wp\/v2\/users\/2"}],"replies":[{"embeddable":true,"href":"https:\/\/www.tedom.com\/ua\/wp-json\/wp\/v2\/comments?post=21794"}],"version-history":[{"count":3,"href":"https:\/\/www.tedom.com\/ua\/wp-json\/wp\/v2\/pages\/21794\/revisions"}],"predecessor-version":[{"id":22540,"href":"https:\/\/www.tedom.com\/ua\/wp-json\/wp\/v2\/pages\/21794\/revisions\/22540"}],"wp:featuredmedia":[{"embeddable":true,"href":"https:\/\/www.tedom.com\/ua\/wp-json\/wp\/v2\/media\/21795"}],"wp:attachment":[{"href":"https:\/\/www.tedom.com\/ua\/wp-json\/wp\/v2\/media?parent=21794"}],"curies":[{"name":"wp","href":"https:\/\/api.w.org\/{rel}","templated":true}]}}