{"id":11932,"date":"2023-08-18T19:02:56","date_gmt":"2023-08-18T17:02:56","guid":{"rendered":"https:\/\/www.tedom.com\/kogeneracni-jednotky\/cento\/"},"modified":"2025-02-06T15:49:10","modified_gmt":"2025-02-06T14:49:10","slug":"cento","status":"publish","type":"product","link":"https:\/\/www.tedom.com\/pl\/kogeneracni-jednotky\/cento\/","title":{"rendered":"Cento"},"content":{"rendered":"<div class=\"text\">\n<p>Jednostki kogeneracyjne Cento znajduj\u0105 zastosowanie szczeg\u00f3lnie w energoch\u0142onnych budynkach, jak np. szpitale, szko\u0142y, hotele, aquaparki czy centra konferencyjne.<\/p>\n<p>Nowoczesny projekt, wykonanie dostosowane pod klienta i szeroki zakres mocy \u2013 w\u0142a\u015bnie takie cechy umo\u017cliwiaj\u0105 zainstalowanie naszych jednostek wsz\u0119dzie, gdzie b\u0119dzie to potrzebne.<\/p>\n<\/div>\n","protected":false},"excerpt":{"rendered":"<p>Jednostki kogeneracyjne Cento znajduj\u0105 zastosowanie szczeg\u00f3lnie w energoch\u0142onnych budynkach, jak np. szpitale, szko\u0142y, hotele, aquaparki czy centra konferencyjne. Nowoczesny projekt, wykonanie dostosowane pod klienta i szeroki zakres mocy \u2013 w\u0142a\u015bnie takie cechy umo\u017cliwiaj\u0105 zainstalowanie naszych jednostek wsz\u0119dzie, gdzie b\u0119dzie to potrzebne.<\/p>\n","protected":false},"featured_media":21973,"template":"","meta":{"_acf_changed":false},"product_brand":[],"product_cat":[371],"product_tag":[],"class_list":{"0":"post-11932","1":"product","2":"type-product","3":"status-publish","4":"has-post-thumbnail","6":"product_cat-kogenerace-kogeneracni-jednotky-pl","8":"first","9":"instock","10":"sale","11":"virtual","12":"purchasable","13":"product-type-simple"},"acf":[],"yoast_head":"<!-- This site is optimized with the Yoast SEO Premium plugin v24.6 (Yoast SEO v26.4) - https:\/\/yoast.com\/wordpress\/plugins\/seo\/ -->\n<title>Cento &#8211; TEDOM<\/title>\n<meta name=\"description\" content=\"Jednostki kogeneracyjne Cento znajduj\u0105 zastosowanie szczeg\u00f3lnie w energoch\u0142onnych budynkach, jak np. szpitale, szko\u0142y, hotele, aquaparki czy centra konferencyjne.\u00a0\" \/>\n<meta name=\"robots\" content=\"index, follow, max-snippet:-1, max-image-preview:large, max-video-preview:-1\" \/>\n<link rel=\"canonical\" href=\"https:\/\/www.tedom.com\/pl\/kogeneracni-jednotky\/cento\/\" \/>\n<meta property=\"og:locale\" content=\"pl_PL\" \/>\n<meta property=\"og:type\" content=\"article\" \/>\n<meta property=\"og:title\" content=\"Cento\" \/>\n<meta property=\"og:description\" content=\"Jednostki kogeneracyjne Cento znajduj\u0105 zastosowanie szczeg\u00f3lnie w energoch\u0142onnych budynkach, jak np. szpitale, szko\u0142y, hotele, aquaparki czy centra konferencyjne.\u00a0\" \/>\n<meta property=\"og:url\" content=\"https:\/\/www.tedom.com\/pl\/kogeneracni-jednotky\/cento\/\" \/>\n<meta property=\"og:site_name\" content=\"TEDOM\" \/>\n<meta property=\"article:publisher\" content=\"https:\/\/www.facebook.com\/tedom.cz\/\" \/>\n<meta property=\"article:modified_time\" content=\"2025-02-06T14:49:10+00:00\" \/>\n<meta property=\"og:image\" content=\"https:\/\/www.tedom.com\/wp-content\/uploads\/2025\/02\/CENTO-2-1024x861.png\" \/>\n\t<meta property=\"og:image:width\" content=\"1024\" \/>\n\t<meta property=\"og:image:height\" content=\"861\" \/>\n\t<meta property=\"og:image:type\" content=\"image\/png\" \/>\n<meta name=\"twitter:card\" content=\"summary_large_image\" \/>\n<meta name=\"twitter:site\" content=\"@tedom_chp\" \/>\n<meta name=\"twitter:label1\" content=\"Szacowany czas czytania\" \/>\n\t<meta name=\"twitter:data1\" content=\"1 minuta\" \/>\n<script type=\"application\/ld+json\" class=\"yoast-schema-graph\">{\"@context\":\"https:\/\/schema.org\",\"@graph\":[{\"@type\":\"WebPage\",\"@id\":\"https:\/\/www.tedom.com\/pl\/kogeneracni-jednotky\/cento\/\",\"url\":\"https:\/\/www.tedom.com\/pl\/kogeneracni-jednotky\/cento\/\",\"name\":\"Cento &#8211; TEDOM\",\"isPartOf\":{\"@id\":\"https:\/\/www.tedom.com\/pl\/#website\"},\"primaryImageOfPage\":{\"@id\":\"https:\/\/www.tedom.com\/pl\/kogeneracni-jednotky\/cento\/#primaryimage\"},\"image\":{\"@id\":\"https:\/\/www.tedom.com\/pl\/kogeneracni-jednotky\/cento\/#primaryimage\"},\"thumbnailUrl\":\"https:\/\/www.tedom.com\/wp-content\/uploads\/2025\/02\/CENTO-2.png\",\"datePublished\":\"2023-08-18T17:02:56+00:00\",\"dateModified\":\"2025-02-06T14:49:10+00:00\",\"description\":\"Jednostki kogeneracyjne Cento znajduj\u0105 zastosowanie szczeg\u00f3lnie w energoch\u0142onnych budynkach, jak np. szpitale, szko\u0142y, hotele, aquaparki czy centra konferencyjne.\u00a0\",\"breadcrumb\":{\"@id\":\"https:\/\/www.tedom.com\/pl\/kogeneracni-jednotky\/cento\/#breadcrumb\"},\"inLanguage\":\"pl-PL\",\"potentialAction\":[{\"@type\":\"ReadAction\",\"target\":[\"https:\/\/www.tedom.com\/pl\/kogeneracni-jednotky\/cento\/\"]}]},{\"@type\":\"ImageObject\",\"inLanguage\":\"pl-PL\",\"@id\":\"https:\/\/www.tedom.com\/pl\/kogeneracni-jednotky\/cento\/#primaryimage\",\"url\":\"https:\/\/www.tedom.com\/wp-content\/uploads\/2025\/02\/CENTO-2.png\",\"contentUrl\":\"https:\/\/www.tedom.com\/wp-content\/uploads\/2025\/02\/CENTO-2.png\",\"width\":2772,\"height\":2331},{\"@type\":\"BreadcrumbList\",\"@id\":\"https:\/\/www.tedom.com\/pl\/kogeneracni-jednotky\/cento\/#breadcrumb\",\"itemListElement\":[{\"@type\":\"ListItem\",\"position\":1,\"name\":\"Home\",\"item\":\"https:\/\/www.tedom.com\/pl\/home-page\/\"},{\"@type\":\"ListItem\",\"position\":2,\"name\":\"Shop\",\"item\":\"https:\/\/www.tedom.com\/cs\/shop\/\"},{\"@type\":\"ListItem\",\"position\":3,\"name\":\"Cento\"}]},{\"@type\":\"WebSite\",\"@id\":\"https:\/\/www.tedom.com\/pl\/#website\",\"url\":\"https:\/\/www.tedom.com\/pl\/\",\"name\":\"TEDOM\",\"description\":\"TEDOM se zab\u00fdv\u00e1 v\u00fdrobou kogenera\u010dn\u00edch jednotek, instalac\u00ed fotovoltaiky a poskytov\u00e1n\u00edm komplexn\u00edch slu\u017eeb pro modern\u00ed decentr\u00e1ln\u00ed energetiku.\",\"publisher\":{\"@id\":\"https:\/\/www.tedom.com\/pl\/#organization\"},\"potentialAction\":[{\"@type\":\"SearchAction\",\"target\":{\"@type\":\"EntryPoint\",\"urlTemplate\":\"https:\/\/www.tedom.com\/pl\/?s={search_term_string}\"},\"query-input\":{\"@type\":\"PropertyValueSpecification\",\"valueRequired\":true,\"valueName\":\"search_term_string\"}}],\"inLanguage\":\"pl-PL\"},{\"@type\":\"Organization\",\"@id\":\"https:\/\/www.tedom.com\/pl\/#organization\",\"name\":\"TEDOM a. s.\",\"url\":\"https:\/\/www.tedom.com\/pl\/\",\"logo\":{\"@type\":\"ImageObject\",\"inLanguage\":\"pl-PL\",\"@id\":\"https:\/\/www.tedom.com\/pl\/#\/schema\/logo\/image\/\",\"url\":\"https:\/\/www.tedom.com\/wp-content\/uploads\/2023\/11\/TEDOM_logotype_RGB-scaled.jpg\",\"contentUrl\":\"https:\/\/www.tedom.com\/wp-content\/uploads\/2023\/11\/TEDOM_logotype_RGB-scaled.jpg\",\"width\":2560,\"height\":654,\"caption\":\"TEDOM a. s.\"},\"image\":{\"@id\":\"https:\/\/www.tedom.com\/pl\/#\/schema\/logo\/image\/\"},\"sameAs\":[\"https:\/\/www.facebook.com\/tedom.cz\/\",\"https:\/\/x.com\/tedom_chp\",\"https:\/\/www.instagram.com\/tedom_a.s\/\",\"https:\/\/www.youtube.com\/channel\/UCEqr6fHr02vxVRVF_xtKZ2w\",\"https:\/\/www.linkedin.com\/company\/tedom-a-s-?originalSubdomain=cz\"]}]}<\/script>\n<!-- \/ Yoast SEO Premium plugin. -->","yoast_head_json":{"title":"Cento &#8211; TEDOM","description":"Jednostki kogeneracyjne Cento znajduj\u0105 zastosowanie szczeg\u00f3lnie w energoch\u0142onnych budynkach, jak np. szpitale, szko\u0142y, hotele, aquaparki czy centra konferencyjne.\u00a0","robots":{"index":"index","follow":"follow","max-snippet":"max-snippet:-1","max-image-preview":"max-image-preview:large","max-video-preview":"max-video-preview:-1"},"canonical":"https:\/\/www.tedom.com\/pl\/kogeneracni-jednotky\/cento\/","og_locale":"pl_PL","og_type":"article","og_title":"Cento","og_description":"Jednostki kogeneracyjne Cento znajduj\u0105 zastosowanie szczeg\u00f3lnie w energoch\u0142onnych budynkach, jak np. szpitale, szko\u0142y, hotele, aquaparki czy centra konferencyjne.\u00a0","og_url":"https:\/\/www.tedom.com\/pl\/kogeneracni-jednotky\/cento\/","og_site_name":"TEDOM","article_publisher":"https:\/\/www.facebook.com\/tedom.cz\/","article_modified_time":"2025-02-06T14:49:10+00:00","og_image":[{"width":1024,"height":861,"url":"https:\/\/www.tedom.com\/wp-content\/uploads\/2025\/02\/CENTO-2-1024x861.png","type":"image\/png"}],"twitter_card":"summary_large_image","twitter_site":"@tedom_chp","twitter_misc":{"Szacowany czas czytania":"1 minuta"},"schema":{"@context":"https:\/\/schema.org","@graph":[{"@type":"WebPage","@id":"https:\/\/www.tedom.com\/pl\/kogeneracni-jednotky\/cento\/","url":"https:\/\/www.tedom.com\/pl\/kogeneracni-jednotky\/cento\/","name":"Cento &#8211; TEDOM","isPartOf":{"@id":"https:\/\/www.tedom.com\/pl\/#website"},"primaryImageOfPage":{"@id":"https:\/\/www.tedom.com\/pl\/kogeneracni-jednotky\/cento\/#primaryimage"},"image":{"@id":"https:\/\/www.tedom.com\/pl\/kogeneracni-jednotky\/cento\/#primaryimage"},"thumbnailUrl":"https:\/\/www.tedom.com\/wp-content\/uploads\/2025\/02\/CENTO-2.png","datePublished":"2023-08-18T17:02:56+00:00","dateModified":"2025-02-06T14:49:10+00:00","description":"Jednostki kogeneracyjne Cento znajduj\u0105 zastosowanie szczeg\u00f3lnie w energoch\u0142onnych budynkach, jak np. szpitale, szko\u0142y, hotele, aquaparki czy centra konferencyjne.\u00a0","breadcrumb":{"@id":"https:\/\/www.tedom.com\/pl\/kogeneracni-jednotky\/cento\/#breadcrumb"},"inLanguage":"pl-PL","potentialAction":[{"@type":"ReadAction","target":["https:\/\/www.tedom.com\/pl\/kogeneracni-jednotky\/cento\/"]}]},{"@type":"ImageObject","inLanguage":"pl-PL","@id":"https:\/\/www.tedom.com\/pl\/kogeneracni-jednotky\/cento\/#primaryimage","url":"https:\/\/www.tedom.com\/wp-content\/uploads\/2025\/02\/CENTO-2.png","contentUrl":"https:\/\/www.tedom.com\/wp-content\/uploads\/2025\/02\/CENTO-2.png","width":2772,"height":2331},{"@type":"BreadcrumbList","@id":"https:\/\/www.tedom.com\/pl\/kogeneracni-jednotky\/cento\/#breadcrumb","itemListElement":[{"@type":"ListItem","position":1,"name":"Home","item":"https:\/\/www.tedom.com\/pl\/home-page\/"},{"@type":"ListItem","position":2,"name":"Shop","item":"https:\/\/www.tedom.com\/cs\/shop\/"},{"@type":"ListItem","position":3,"name":"Cento"}]},{"@type":"WebSite","@id":"https:\/\/www.tedom.com\/pl\/#website","url":"https:\/\/www.tedom.com\/pl\/","name":"TEDOM","description":"TEDOM se zab\u00fdv\u00e1 v\u00fdrobou kogenera\u010dn\u00edch jednotek, instalac\u00ed fotovoltaiky a poskytov\u00e1n\u00edm komplexn\u00edch slu\u017eeb pro modern\u00ed decentr\u00e1ln\u00ed energetiku.","publisher":{"@id":"https:\/\/www.tedom.com\/pl\/#organization"},"potentialAction":[{"@type":"SearchAction","target":{"@type":"EntryPoint","urlTemplate":"https:\/\/www.tedom.com\/pl\/?s={search_term_string}"},"query-input":{"@type":"PropertyValueSpecification","valueRequired":true,"valueName":"search_term_string"}}],"inLanguage":"pl-PL"},{"@type":"Organization","@id":"https:\/\/www.tedom.com\/pl\/#organization","name":"TEDOM a. s.","url":"https:\/\/www.tedom.com\/pl\/","logo":{"@type":"ImageObject","inLanguage":"pl-PL","@id":"https:\/\/www.tedom.com\/pl\/#\/schema\/logo\/image\/","url":"https:\/\/www.tedom.com\/wp-content\/uploads\/2023\/11\/TEDOM_logotype_RGB-scaled.jpg","contentUrl":"https:\/\/www.tedom.com\/wp-content\/uploads\/2023\/11\/TEDOM_logotype_RGB-scaled.jpg","width":2560,"height":654,"caption":"TEDOM a. s."},"image":{"@id":"https:\/\/www.tedom.com\/pl\/#\/schema\/logo\/image\/"},"sameAs":["https:\/\/www.facebook.com\/tedom.cz\/","https:\/\/x.com\/tedom_chp","https:\/\/www.instagram.com\/tedom_a.s\/","https:\/\/www.youtube.com\/channel\/UCEqr6fHr02vxVRVF_xtKZ2w","https:\/\/www.linkedin.com\/company\/tedom-a-s-?originalSubdomain=cz"]}]}},"_links":{"self":[{"href":"https:\/\/www.tedom.com\/pl\/wp-json\/wp\/v2\/product\/11932","targetHints":{"allow":["GET"]}}],"collection":[{"href":"https:\/\/www.tedom.com\/pl\/wp-json\/wp\/v2\/product"}],"about":[{"href":"https:\/\/www.tedom.com\/pl\/wp-json\/wp\/v2\/types\/product"}],"wp:featuredmedia":[{"embeddable":true,"href":"https:\/\/www.tedom.com\/pl\/wp-json\/wp\/v2\/media\/21973"}],"wp:attachment":[{"href":"https:\/\/www.tedom.com\/pl\/wp-json\/wp\/v2\/media?parent=11932"}],"wp:term":[{"taxonomy":"product_brand","embeddable":true,"href":"https:\/\/www.tedom.com\/pl\/wp-json\/wp\/v2\/product_brand?post=11932"},{"taxonomy":"product_cat","embeddable":true,"href":"https:\/\/www.tedom.com\/pl\/wp-json\/wp\/v2\/product_cat?post=11932"},{"taxonomy":"product_tag","embeddable":true,"href":"https:\/\/www.tedom.com\/pl\/wp-json\/wp\/v2\/product_tag?post=11932"}],"curies":[{"name":"wp","href":"https:\/\/api.w.org\/{rel}","templated":true}]}}