{"id":15962,"date":"2024-04-26T11:02:29","date_gmt":"2024-04-26T09:02:29","guid":{"rendered":"https:\/\/www.tedom.com\/?page_id=15962"},"modified":"2024-06-10T10:25:25","modified_gmt":"2024-06-10T08:25:25","slug":"kariera","status":"publish","type":"page","link":"https:\/\/www.tedom.com\/pl\/kariera\/","title":{"rendered":"Kariera"},"content":{"rendered":"<h3 class=\"name\" style=\"text-align: left;\">Naszym pracownikom oferujemy:<\/h3>\n<p>&nbsp;<\/p>\n<ul>\n<li style=\"text-align: left;\">perspektywy w stabilnej i nieustannie rozwijaj\u0105cej si\u0119 firmie<\/li>\n<li style=\"text-align: left;\">mo\u017cliwo\u015b\u0107 awansu i rozwoju osobistego<\/li>\n<li style=\"text-align: left;\">odpowiednie wynagrodzenie<\/li>\n<li style=\"text-align: left;\">szkolenia i kursy j\u0119zykowe dla wybranych stanowisk<\/li>\n<\/ul>\n<p>&nbsp;<br \/>\n&nbsp;<br \/>\n&nbsp;<\/p>\n","protected":false},"excerpt":{"rendered":"<p>Naszym pracownikom oferujemy: &nbsp; perspektywy w stabilnej i nieustannie rozwijaj\u0105cej si\u0119 firmie mo\u017cliwo\u015b\u0107 awansu i rozwoju osobistego odpowiednie wynagrodzenie szkolenia i kursy j\u0119zykowe dla wybranych stanowisk &nbsp; &nbsp; &nbsp;<\/p>\n","protected":false},"author":8,"featured_media":16469,"parent":0,"menu_order":0,"comment_status":"closed","ping_status":"closed","template":"templates\/kariera.php","meta":{"_acf_changed":false,"footnotes":""},"class_list":["post-15962","page","type-page","status-publish","has-post-thumbnail","hentry"],"acf":[],"yoast_head":"<!-- This site is optimized with the Yoast SEO Premium plugin v24.6 (Yoast SEO v26.4) - https:\/\/yoast.com\/wordpress\/plugins\/seo\/ -->\n<title>Kariera &#8211; TEDOM<\/title>\n<meta name=\"robots\" content=\"index, follow, max-snippet:-1, max-image-preview:large, max-video-preview:-1\" \/>\n<link rel=\"canonical\" href=\"https:\/\/www.tedom.com\/pl\/kariera\/\" \/>\n<meta property=\"og:locale\" content=\"pl_PL\" \/>\n<meta property=\"og:type\" content=\"article\" \/>\n<meta property=\"og:title\" content=\"Kariera\" \/>\n<meta property=\"og:description\" content=\"Naszym pracownikom oferujemy: &nbsp; perspektywy w stabilnej i nieustannie rozwijaj\u0105cej si\u0119 firmie mo\u017cliwo\u015b\u0107 awansu i rozwoju osobistego odpowiednie wynagrodzenie szkolenia i kursy j\u0119zykowe dla wybranych stanowisk &nbsp; &nbsp; &nbsp;\" \/>\n<meta property=\"og:url\" content=\"https:\/\/www.tedom.com\/pl\/kariera\/\" \/>\n<meta property=\"og:site_name\" content=\"TEDOM\" \/>\n<meta property=\"article:publisher\" content=\"https:\/\/www.facebook.com\/tedom.cz\/\" \/>\n<meta property=\"article:modified_time\" content=\"2024-06-10T08:25:25+00:00\" \/>\n<meta property=\"og:image\" content=\"https:\/\/www.tedom.com\/wp-content\/uploads\/2024\/06\/PL-kariera-scaled.jpg\" \/>\n\t<meta property=\"og:image:width\" content=\"2560\" \/>\n\t<meta property=\"og:image:height\" content=\"1440\" \/>\n\t<meta property=\"og:image:type\" content=\"image\/jpeg\" \/>\n<meta name=\"twitter:card\" content=\"summary_large_image\" \/>\n<meta name=\"twitter:site\" content=\"@tedom_chp\" \/>\n<meta name=\"twitter:label1\" content=\"Szacowany czas czytania\" \/>\n\t<meta name=\"twitter:data1\" content=\"1 minuta\" \/>\n<script type=\"application\/ld+json\" class=\"yoast-schema-graph\">{\"@context\":\"https:\/\/schema.org\",\"@graph\":[{\"@type\":\"WebPage\",\"@id\":\"https:\/\/www.tedom.com\/pl\/kariera\/\",\"url\":\"https:\/\/www.tedom.com\/pl\/kariera\/\",\"name\":\"Kariera &#8211; TEDOM\",\"isPartOf\":{\"@id\":\"https:\/\/www.tedom.com\/pl\/#website\"},\"primaryImageOfPage\":{\"@id\":\"https:\/\/www.tedom.com\/pl\/kariera\/#primaryimage\"},\"image\":{\"@id\":\"https:\/\/www.tedom.com\/pl\/kariera\/#primaryimage\"},\"thumbnailUrl\":\"https:\/\/www.tedom.com\/wp-content\/uploads\/2024\/06\/PL-kariera-scaled.jpg\",\"datePublished\":\"2024-04-26T09:02:29+00:00\",\"dateModified\":\"2024-06-10T08:25:25+00:00\",\"breadcrumb\":{\"@id\":\"https:\/\/www.tedom.com\/pl\/kariera\/#breadcrumb\"},\"inLanguage\":\"pl-PL\",\"potentialAction\":[{\"@type\":\"ReadAction\",\"target\":[\"https:\/\/www.tedom.com\/pl\/kariera\/\"]}]},{\"@type\":\"ImageObject\",\"inLanguage\":\"pl-PL\",\"@id\":\"https:\/\/www.tedom.com\/pl\/kariera\/#primaryimage\",\"url\":\"https:\/\/www.tedom.com\/wp-content\/uploads\/2024\/06\/PL-kariera-scaled.jpg\",\"contentUrl\":\"https:\/\/www.tedom.com\/wp-content\/uploads\/2024\/06\/PL-kariera-scaled.jpg\",\"width\":2560,\"height\":1440},{\"@type\":\"BreadcrumbList\",\"@id\":\"https:\/\/www.tedom.com\/pl\/kariera\/#breadcrumb\",\"itemListElement\":[{\"@type\":\"ListItem\",\"position\":1,\"name\":\"Home\",\"item\":\"https:\/\/www.tedom.com\/pl\/home-page\/\"},{\"@type\":\"ListItem\",\"position\":2,\"name\":\"Kariera\"}]},{\"@type\":\"WebSite\",\"@id\":\"https:\/\/www.tedom.com\/pl\/#website\",\"url\":\"https:\/\/www.tedom.com\/pl\/\",\"name\":\"TEDOM\",\"description\":\"TEDOM se zab\u00fdv\u00e1 v\u00fdrobou kogenera\u010dn\u00edch jednotek, instalac\u00ed fotovoltaiky a poskytov\u00e1n\u00edm komplexn\u00edch slu\u017eeb pro modern\u00ed decentr\u00e1ln\u00ed energetiku.\",\"publisher\":{\"@id\":\"https:\/\/www.tedom.com\/pl\/#organization\"},\"potentialAction\":[{\"@type\":\"SearchAction\",\"target\":{\"@type\":\"EntryPoint\",\"urlTemplate\":\"https:\/\/www.tedom.com\/pl\/?s={search_term_string}\"},\"query-input\":{\"@type\":\"PropertyValueSpecification\",\"valueRequired\":true,\"valueName\":\"search_term_string\"}}],\"inLanguage\":\"pl-PL\"},{\"@type\":\"Organization\",\"@id\":\"https:\/\/www.tedom.com\/pl\/#organization\",\"name\":\"TEDOM a. s.\",\"url\":\"https:\/\/www.tedom.com\/pl\/\",\"logo\":{\"@type\":\"ImageObject\",\"inLanguage\":\"pl-PL\",\"@id\":\"https:\/\/www.tedom.com\/pl\/#\/schema\/logo\/image\/\",\"url\":\"https:\/\/www.tedom.com\/wp-content\/uploads\/2023\/11\/TEDOM_logotype_RGB-scaled.jpg\",\"contentUrl\":\"https:\/\/www.tedom.com\/wp-content\/uploads\/2023\/11\/TEDOM_logotype_RGB-scaled.jpg\",\"width\":2560,\"height\":654,\"caption\":\"TEDOM a. s.\"},\"image\":{\"@id\":\"https:\/\/www.tedom.com\/pl\/#\/schema\/logo\/image\/\"},\"sameAs\":[\"https:\/\/www.facebook.com\/tedom.cz\/\",\"https:\/\/x.com\/tedom_chp\",\"https:\/\/www.instagram.com\/tedom_a.s\/\",\"https:\/\/www.youtube.com\/channel\/UCEqr6fHr02vxVRVF_xtKZ2w\",\"https:\/\/www.linkedin.com\/company\/tedom-a-s-?originalSubdomain=cz\"]}]}<\/script>\n<!-- \/ Yoast SEO Premium plugin. -->","yoast_head_json":{"title":"Kariera &#8211; TEDOM","robots":{"index":"index","follow":"follow","max-snippet":"max-snippet:-1","max-image-preview":"max-image-preview:large","max-video-preview":"max-video-preview:-1"},"canonical":"https:\/\/www.tedom.com\/pl\/kariera\/","og_locale":"pl_PL","og_type":"article","og_title":"Kariera","og_description":"Naszym pracownikom oferujemy: &nbsp; perspektywy w stabilnej i nieustannie rozwijaj\u0105cej si\u0119 firmie mo\u017cliwo\u015b\u0107 awansu i rozwoju osobistego odpowiednie wynagrodzenie szkolenia i kursy j\u0119zykowe dla wybranych stanowisk &nbsp; &nbsp; &nbsp;","og_url":"https:\/\/www.tedom.com\/pl\/kariera\/","og_site_name":"TEDOM","article_publisher":"https:\/\/www.facebook.com\/tedom.cz\/","article_modified_time":"2024-06-10T08:25:25+00:00","og_image":[{"width":2560,"height":1440,"url":"https:\/\/www.tedom.com\/wp-content\/uploads\/2024\/06\/PL-kariera-scaled.jpg","type":"image\/jpeg"}],"twitter_card":"summary_large_image","twitter_site":"@tedom_chp","twitter_misc":{"Szacowany czas czytania":"1 minuta"},"schema":{"@context":"https:\/\/schema.org","@graph":[{"@type":"WebPage","@id":"https:\/\/www.tedom.com\/pl\/kariera\/","url":"https:\/\/www.tedom.com\/pl\/kariera\/","name":"Kariera &#8211; TEDOM","isPartOf":{"@id":"https:\/\/www.tedom.com\/pl\/#website"},"primaryImageOfPage":{"@id":"https:\/\/www.tedom.com\/pl\/kariera\/#primaryimage"},"image":{"@id":"https:\/\/www.tedom.com\/pl\/kariera\/#primaryimage"},"thumbnailUrl":"https:\/\/www.tedom.com\/wp-content\/uploads\/2024\/06\/PL-kariera-scaled.jpg","datePublished":"2024-04-26T09:02:29+00:00","dateModified":"2024-06-10T08:25:25+00:00","breadcrumb":{"@id":"https:\/\/www.tedom.com\/pl\/kariera\/#breadcrumb"},"inLanguage":"pl-PL","potentialAction":[{"@type":"ReadAction","target":["https:\/\/www.tedom.com\/pl\/kariera\/"]}]},{"@type":"ImageObject","inLanguage":"pl-PL","@id":"https:\/\/www.tedom.com\/pl\/kariera\/#primaryimage","url":"https:\/\/www.tedom.com\/wp-content\/uploads\/2024\/06\/PL-kariera-scaled.jpg","contentUrl":"https:\/\/www.tedom.com\/wp-content\/uploads\/2024\/06\/PL-kariera-scaled.jpg","width":2560,"height":1440},{"@type":"BreadcrumbList","@id":"https:\/\/www.tedom.com\/pl\/kariera\/#breadcrumb","itemListElement":[{"@type":"ListItem","position":1,"name":"Home","item":"https:\/\/www.tedom.com\/pl\/home-page\/"},{"@type":"ListItem","position":2,"name":"Kariera"}]},{"@type":"WebSite","@id":"https:\/\/www.tedom.com\/pl\/#website","url":"https:\/\/www.tedom.com\/pl\/","name":"TEDOM","description":"TEDOM se zab\u00fdv\u00e1 v\u00fdrobou kogenera\u010dn\u00edch jednotek, instalac\u00ed fotovoltaiky a poskytov\u00e1n\u00edm komplexn\u00edch slu\u017eeb pro modern\u00ed decentr\u00e1ln\u00ed energetiku.","publisher":{"@id":"https:\/\/www.tedom.com\/pl\/#organization"},"potentialAction":[{"@type":"SearchAction","target":{"@type":"EntryPoint","urlTemplate":"https:\/\/www.tedom.com\/pl\/?s={search_term_string}"},"query-input":{"@type":"PropertyValueSpecification","valueRequired":true,"valueName":"search_term_string"}}],"inLanguage":"pl-PL"},{"@type":"Organization","@id":"https:\/\/www.tedom.com\/pl\/#organization","name":"TEDOM a. s.","url":"https:\/\/www.tedom.com\/pl\/","logo":{"@type":"ImageObject","inLanguage":"pl-PL","@id":"https:\/\/www.tedom.com\/pl\/#\/schema\/logo\/image\/","url":"https:\/\/www.tedom.com\/wp-content\/uploads\/2023\/11\/TEDOM_logotype_RGB-scaled.jpg","contentUrl":"https:\/\/www.tedom.com\/wp-content\/uploads\/2023\/11\/TEDOM_logotype_RGB-scaled.jpg","width":2560,"height":654,"caption":"TEDOM a. s."},"image":{"@id":"https:\/\/www.tedom.com\/pl\/#\/schema\/logo\/image\/"},"sameAs":["https:\/\/www.facebook.com\/tedom.cz\/","https:\/\/x.com\/tedom_chp","https:\/\/www.instagram.com\/tedom_a.s\/","https:\/\/www.youtube.com\/channel\/UCEqr6fHr02vxVRVF_xtKZ2w","https:\/\/www.linkedin.com\/company\/tedom-a-s-?originalSubdomain=cz"]}]}},"_links":{"self":[{"href":"https:\/\/www.tedom.com\/pl\/wp-json\/wp\/v2\/pages\/15962","targetHints":{"allow":["GET"]}}],"collection":[{"href":"https:\/\/www.tedom.com\/pl\/wp-json\/wp\/v2\/pages"}],"about":[{"href":"https:\/\/www.tedom.com\/pl\/wp-json\/wp\/v2\/types\/page"}],"author":[{"embeddable":true,"href":"https:\/\/www.tedom.com\/pl\/wp-json\/wp\/v2\/users\/8"}],"replies":[{"embeddable":true,"href":"https:\/\/www.tedom.com\/pl\/wp-json\/wp\/v2\/comments?post=15962"}],"version-history":[{"count":11,"href":"https:\/\/www.tedom.com\/pl\/wp-json\/wp\/v2\/pages\/15962\/revisions"}],"predecessor-version":[{"id":16478,"href":"https:\/\/www.tedom.com\/pl\/wp-json\/wp\/v2\/pages\/15962\/revisions\/16478"}],"wp:featuredmedia":[{"embeddable":true,"href":"https:\/\/www.tedom.com\/pl\/wp-json\/wp\/v2\/media\/16469"}],"wp:attachment":[{"href":"https:\/\/www.tedom.com\/pl\/wp-json\/wp\/v2\/media?parent=15962"}],"curies":[{"name":"wp","href":"https:\/\/api.w.org\/{rel}","templated":true}]}}