{"id":12293,"date":"2023-10-25T14:40:12","date_gmt":"2023-10-25T12:40:12","guid":{"rendered":"https:\/\/www.tedom.com\/kogenerace-bez-vlastni-investice\/"},"modified":"2024-06-17T09:40:32","modified_gmt":"2024-06-17T07:40:32","slug":"energia-bez-nakladow-wlasnych","status":"publish","type":"page","link":"https:\/\/www.tedom.com\/pl\/energia-bez-nakladow-wlasnych\/","title":{"rendered":"Energia bez nak\u0142ad\u00f3w w\u0142asnych"},"content":{"rendered":"","protected":false},"excerpt":{"rendered":"","protected":false},"author":8,"featured_media":7648,"parent":0,"menu_order":0,"comment_status":"closed","ping_status":"closed","template":"templates\/kogenerace-bez-investice.php","meta":{"_acf_changed":false,"footnotes":""},"class_list":["post-12293","page","type-page","status-publish","has-post-thumbnail","hentry"],"acf":[],"yoast_head":"<!-- This site is optimized with the Yoast SEO Premium plugin v24.6 (Yoast SEO v26.4) - https:\/\/yoast.com\/wordpress\/plugins\/seo\/ -->\n<title>Energia bez nak\u0142ad\u00f3w w\u0142asnych &#8211; TEDOM<\/title>\n<meta name=\"description\" content=\"TEDOM zajmuje si\u0119 produkcj\u0105 agregat\u00f3w kogeneracyjnych, instalacj\u0105 fotowoltaiki oraz \u015bwiadczeniem kompleksowych us\u0142ug w zakresie nowoczesnej energetyki zdecentralizowanej.e\" \/>\n<meta name=\"robots\" content=\"index, follow, max-snippet:-1, max-image-preview:large, max-video-preview:-1\" \/>\n<link rel=\"canonical\" href=\"https:\/\/www.tedom.com\/pl\/energia-bez-nakladow-wlasnych\/\" \/>\n<meta property=\"og:locale\" content=\"pl_PL\" \/>\n<meta property=\"og:type\" content=\"article\" \/>\n<meta property=\"og:title\" content=\"Energia bez nak\u0142ad\u00f3w w\u0142asnych\" \/>\n<meta property=\"og:description\" content=\"TEDOM zajmuje si\u0119 produkcj\u0105 agregat\u00f3w kogeneracyjnych, instalacj\u0105 fotowoltaiki oraz \u015bwiadczeniem kompleksowych us\u0142ug w zakresie nowoczesnej energetyki zdecentralizowanej.e\" \/>\n<meta property=\"og:url\" content=\"https:\/\/www.tedom.com\/pl\/energia-bez-nakladow-wlasnych\/\" \/>\n<meta property=\"og:site_name\" content=\"TEDOM\" \/>\n<meta property=\"article:publisher\" content=\"https:\/\/www.facebook.com\/tedom.cz\/\" \/>\n<meta property=\"article:modified_time\" content=\"2024-06-17T07:40:32+00:00\" \/>\n<meta property=\"og:image\" content=\"https:\/\/www.tedom.com\/wp-content\/uploads\/2023\/11\/Svit-scaled.jpg\" \/>\n\t<meta property=\"og:image:width\" content=\"2560\" \/>\n\t<meta property=\"og:image:height\" content=\"1707\" \/>\n\t<meta property=\"og:image:type\" content=\"image\/jpeg\" \/>\n<meta name=\"twitter:card\" content=\"summary_large_image\" \/>\n<meta name=\"twitter:site\" content=\"@tedom_chp\" \/>\n<script type=\"application\/ld+json\" class=\"yoast-schema-graph\">{\"@context\":\"https:\/\/schema.org\",\"@graph\":[{\"@type\":\"WebPage\",\"@id\":\"https:\/\/www.tedom.com\/pl\/energia-bez-nakladow-wlasnych\/\",\"url\":\"https:\/\/www.tedom.com\/pl\/energia-bez-nakladow-wlasnych\/\",\"name\":\"Energia bez nak\u0142ad\u00f3w w\u0142asnych &#8211; TEDOM\",\"isPartOf\":{\"@id\":\"https:\/\/www.tedom.com\/pl\/#website\"},\"primaryImageOfPage\":{\"@id\":\"https:\/\/www.tedom.com\/pl\/energia-bez-nakladow-wlasnych\/#primaryimage\"},\"image\":{\"@id\":\"https:\/\/www.tedom.com\/pl\/energia-bez-nakladow-wlasnych\/#primaryimage\"},\"thumbnailUrl\":\"https:\/\/www.tedom.com\/wp-content\/uploads\/2023\/11\/Svit-scaled.jpg\",\"datePublished\":\"2023-10-25T12:40:12+00:00\",\"dateModified\":\"2024-06-17T07:40:32+00:00\",\"description\":\"TEDOM zajmuje si\u0119 produkcj\u0105 agregat\u00f3w kogeneracyjnych, instalacj\u0105 fotowoltaiki oraz \u015bwiadczeniem kompleksowych us\u0142ug w zakresie nowoczesnej energetyki zdecentralizowanej.e\",\"breadcrumb\":{\"@id\":\"https:\/\/www.tedom.com\/pl\/energia-bez-nakladow-wlasnych\/#breadcrumb\"},\"inLanguage\":\"pl-PL\",\"potentialAction\":[{\"@type\":\"ReadAction\",\"target\":[\"https:\/\/www.tedom.com\/pl\/energia-bez-nakladow-wlasnych\/\"]}]},{\"@type\":\"ImageObject\",\"inLanguage\":\"pl-PL\",\"@id\":\"https:\/\/www.tedom.com\/pl\/energia-bez-nakladow-wlasnych\/#primaryimage\",\"url\":\"https:\/\/www.tedom.com\/wp-content\/uploads\/2023\/11\/Svit-scaled.jpg\",\"contentUrl\":\"https:\/\/www.tedom.com\/wp-content\/uploads\/2023\/11\/Svit-scaled.jpg\",\"width\":2560,\"height\":1707},{\"@type\":\"BreadcrumbList\",\"@id\":\"https:\/\/www.tedom.com\/pl\/energia-bez-nakladow-wlasnych\/#breadcrumb\",\"itemListElement\":[{\"@type\":\"ListItem\",\"position\":1,\"name\":\"Home\",\"item\":\"https:\/\/www.tedom.com\/pl\/home-page\/\"},{\"@type\":\"ListItem\",\"position\":2,\"name\":\"Energia bez nak\u0142ad\u00f3w w\u0142asnych\"}]},{\"@type\":\"WebSite\",\"@id\":\"https:\/\/www.tedom.com\/pl\/#website\",\"url\":\"https:\/\/www.tedom.com\/pl\/\",\"name\":\"TEDOM\",\"description\":\"TEDOM se zab\u00fdv\u00e1 v\u00fdrobou kogenera\u010dn\u00edch jednotek, instalac\u00ed fotovoltaiky a poskytov\u00e1n\u00edm komplexn\u00edch slu\u017eeb pro modern\u00ed decentr\u00e1ln\u00ed energetiku.\",\"publisher\":{\"@id\":\"https:\/\/www.tedom.com\/pl\/#organization\"},\"potentialAction\":[{\"@type\":\"SearchAction\",\"target\":{\"@type\":\"EntryPoint\",\"urlTemplate\":\"https:\/\/www.tedom.com\/pl\/?s={search_term_string}\"},\"query-input\":{\"@type\":\"PropertyValueSpecification\",\"valueRequired\":true,\"valueName\":\"search_term_string\"}}],\"inLanguage\":\"pl-PL\"},{\"@type\":\"Organization\",\"@id\":\"https:\/\/www.tedom.com\/pl\/#organization\",\"name\":\"TEDOM a. s.\",\"url\":\"https:\/\/www.tedom.com\/pl\/\",\"logo\":{\"@type\":\"ImageObject\",\"inLanguage\":\"pl-PL\",\"@id\":\"https:\/\/www.tedom.com\/pl\/#\/schema\/logo\/image\/\",\"url\":\"https:\/\/www.tedom.com\/wp-content\/uploads\/2023\/11\/TEDOM_logotype_RGB-scaled.jpg\",\"contentUrl\":\"https:\/\/www.tedom.com\/wp-content\/uploads\/2023\/11\/TEDOM_logotype_RGB-scaled.jpg\",\"width\":2560,\"height\":654,\"caption\":\"TEDOM a. s.\"},\"image\":{\"@id\":\"https:\/\/www.tedom.com\/pl\/#\/schema\/logo\/image\/\"},\"sameAs\":[\"https:\/\/www.facebook.com\/tedom.cz\/\",\"https:\/\/x.com\/tedom_chp\",\"https:\/\/www.instagram.com\/tedom_a.s\/\",\"https:\/\/www.youtube.com\/channel\/UCEqr6fHr02vxVRVF_xtKZ2w\",\"https:\/\/www.linkedin.com\/company\/tedom-a-s-?originalSubdomain=cz\"]}]}<\/script>\n<!-- \/ Yoast SEO Premium plugin. -->","yoast_head_json":{"title":"Energia bez nak\u0142ad\u00f3w w\u0142asnych &#8211; TEDOM","description":"TEDOM zajmuje si\u0119 produkcj\u0105 agregat\u00f3w kogeneracyjnych, instalacj\u0105 fotowoltaiki oraz \u015bwiadczeniem kompleksowych us\u0142ug w zakresie nowoczesnej energetyki zdecentralizowanej.e","robots":{"index":"index","follow":"follow","max-snippet":"max-snippet:-1","max-image-preview":"max-image-preview:large","max-video-preview":"max-video-preview:-1"},"canonical":"https:\/\/www.tedom.com\/pl\/energia-bez-nakladow-wlasnych\/","og_locale":"pl_PL","og_type":"article","og_title":"Energia bez nak\u0142ad\u00f3w w\u0142asnych","og_description":"TEDOM zajmuje si\u0119 produkcj\u0105 agregat\u00f3w kogeneracyjnych, instalacj\u0105 fotowoltaiki oraz \u015bwiadczeniem kompleksowych us\u0142ug w zakresie nowoczesnej energetyki zdecentralizowanej.e","og_url":"https:\/\/www.tedom.com\/pl\/energia-bez-nakladow-wlasnych\/","og_site_name":"TEDOM","article_publisher":"https:\/\/www.facebook.com\/tedom.cz\/","article_modified_time":"2024-06-17T07:40:32+00:00","og_image":[{"width":2560,"height":1707,"url":"https:\/\/www.tedom.com\/wp-content\/uploads\/2023\/11\/Svit-scaled.jpg","type":"image\/jpeg"}],"twitter_card":"summary_large_image","twitter_site":"@tedom_chp","schema":{"@context":"https:\/\/schema.org","@graph":[{"@type":"WebPage","@id":"https:\/\/www.tedom.com\/pl\/energia-bez-nakladow-wlasnych\/","url":"https:\/\/www.tedom.com\/pl\/energia-bez-nakladow-wlasnych\/","name":"Energia bez nak\u0142ad\u00f3w w\u0142asnych &#8211; TEDOM","isPartOf":{"@id":"https:\/\/www.tedom.com\/pl\/#website"},"primaryImageOfPage":{"@id":"https:\/\/www.tedom.com\/pl\/energia-bez-nakladow-wlasnych\/#primaryimage"},"image":{"@id":"https:\/\/www.tedom.com\/pl\/energia-bez-nakladow-wlasnych\/#primaryimage"},"thumbnailUrl":"https:\/\/www.tedom.com\/wp-content\/uploads\/2023\/11\/Svit-scaled.jpg","datePublished":"2023-10-25T12:40:12+00:00","dateModified":"2024-06-17T07:40:32+00:00","description":"TEDOM zajmuje si\u0119 produkcj\u0105 agregat\u00f3w kogeneracyjnych, instalacj\u0105 fotowoltaiki oraz \u015bwiadczeniem kompleksowych us\u0142ug w zakresie nowoczesnej energetyki zdecentralizowanej.e","breadcrumb":{"@id":"https:\/\/www.tedom.com\/pl\/energia-bez-nakladow-wlasnych\/#breadcrumb"},"inLanguage":"pl-PL","potentialAction":[{"@type":"ReadAction","target":["https:\/\/www.tedom.com\/pl\/energia-bez-nakladow-wlasnych\/"]}]},{"@type":"ImageObject","inLanguage":"pl-PL","@id":"https:\/\/www.tedom.com\/pl\/energia-bez-nakladow-wlasnych\/#primaryimage","url":"https:\/\/www.tedom.com\/wp-content\/uploads\/2023\/11\/Svit-scaled.jpg","contentUrl":"https:\/\/www.tedom.com\/wp-content\/uploads\/2023\/11\/Svit-scaled.jpg","width":2560,"height":1707},{"@type":"BreadcrumbList","@id":"https:\/\/www.tedom.com\/pl\/energia-bez-nakladow-wlasnych\/#breadcrumb","itemListElement":[{"@type":"ListItem","position":1,"name":"Home","item":"https:\/\/www.tedom.com\/pl\/home-page\/"},{"@type":"ListItem","position":2,"name":"Energia bez nak\u0142ad\u00f3w w\u0142asnych"}]},{"@type":"WebSite","@id":"https:\/\/www.tedom.com\/pl\/#website","url":"https:\/\/www.tedom.com\/pl\/","name":"TEDOM","description":"TEDOM se zab\u00fdv\u00e1 v\u00fdrobou kogenera\u010dn\u00edch jednotek, instalac\u00ed fotovoltaiky a poskytov\u00e1n\u00edm komplexn\u00edch slu\u017eeb pro modern\u00ed decentr\u00e1ln\u00ed energetiku.","publisher":{"@id":"https:\/\/www.tedom.com\/pl\/#organization"},"potentialAction":[{"@type":"SearchAction","target":{"@type":"EntryPoint","urlTemplate":"https:\/\/www.tedom.com\/pl\/?s={search_term_string}"},"query-input":{"@type":"PropertyValueSpecification","valueRequired":true,"valueName":"search_term_string"}}],"inLanguage":"pl-PL"},{"@type":"Organization","@id":"https:\/\/www.tedom.com\/pl\/#organization","name":"TEDOM a. s.","url":"https:\/\/www.tedom.com\/pl\/","logo":{"@type":"ImageObject","inLanguage":"pl-PL","@id":"https:\/\/www.tedom.com\/pl\/#\/schema\/logo\/image\/","url":"https:\/\/www.tedom.com\/wp-content\/uploads\/2023\/11\/TEDOM_logotype_RGB-scaled.jpg","contentUrl":"https:\/\/www.tedom.com\/wp-content\/uploads\/2023\/11\/TEDOM_logotype_RGB-scaled.jpg","width":2560,"height":654,"caption":"TEDOM a. s."},"image":{"@id":"https:\/\/www.tedom.com\/pl\/#\/schema\/logo\/image\/"},"sameAs":["https:\/\/www.facebook.com\/tedom.cz\/","https:\/\/x.com\/tedom_chp","https:\/\/www.instagram.com\/tedom_a.s\/","https:\/\/www.youtube.com\/channel\/UCEqr6fHr02vxVRVF_xtKZ2w","https:\/\/www.linkedin.com\/company\/tedom-a-s-?originalSubdomain=cz"]}]}},"_links":{"self":[{"href":"https:\/\/www.tedom.com\/pl\/wp-json\/wp\/v2\/pages\/12293","targetHints":{"allow":["GET"]}}],"collection":[{"href":"https:\/\/www.tedom.com\/pl\/wp-json\/wp\/v2\/pages"}],"about":[{"href":"https:\/\/www.tedom.com\/pl\/wp-json\/wp\/v2\/types\/page"}],"author":[{"embeddable":true,"href":"https:\/\/www.tedom.com\/pl\/wp-json\/wp\/v2\/users\/8"}],"replies":[{"embeddable":true,"href":"https:\/\/www.tedom.com\/pl\/wp-json\/wp\/v2\/comments?post=12293"}],"version-history":[{"count":32,"href":"https:\/\/www.tedom.com\/pl\/wp-json\/wp\/v2\/pages\/12293\/revisions"}],"predecessor-version":[{"id":16521,"href":"https:\/\/www.tedom.com\/pl\/wp-json\/wp\/v2\/pages\/12293\/revisions\/16521"}],"wp:featuredmedia":[{"embeddable":true,"href":"https:\/\/www.tedom.com\/pl\/wp-json\/wp\/v2\/media\/7648"}],"wp:attachment":[{"href":"https:\/\/www.tedom.com\/pl\/wp-json\/wp\/v2\/media?parent=12293"}],"curies":[{"name":"wp","href":"https:\/\/api.w.org\/{rel}","templated":true}]}}