{"id":11196,"date":"2023-08-25T18:56:29","date_gmt":"2023-08-25T16:56:29","guid":{"rendered":"https:\/\/www.tedom.com\/benefits-and-use-of-cogeneration\/"},"modified":"2024-06-18T14:08:43","modified_gmt":"2024-06-18T12:08:43","slug":"zalety-i-zastosowanie-kogeneracji-2","status":"publish","type":"page","link":"https:\/\/www.tedom.com\/pl\/zalety-i-zastosowanie-kogeneracji-2\/","title":{"rendered":"Zalety i zastosowanie kogeneracji"},"content":{"rendered":"<p style=\"text-align: center;\">Skojarzona produkcja energii elektrycznej i ciep\u0142a, zwana te\u017c kogeneracj\u0105, to spos\u00f3b na wytwarzanie energii elektrycznej, podczas kt\u00f3rego w u\u017cyteczny spos\u00f3b wykorzystywane jest ciep\u0142o powstaj\u0105ce w trakcie takiego procesu. W ten spos\u00f3b osi\u0105gamy bardzo du\u017c\u0105 efektywno\u015b\u0107 w wykorzystaniu zawartej w paliwie energii. Dzi\u0119ki temu procesowi jednocze\u015bnie minimalizujemy straty, kt\u00f3re powstaj\u0105 w tradycyjnych procesach wytwarzania energii elektrycznej. Efektywne wykorzystanie \u201eciep\u0142a odpadowego\u201d w procesie skojarzonej produkcji energii elektrycznej i ciep\u0142a pozwoli zaoszcz\u0119dzi\u0107 nawet do 70% energii zawartej w paliwie, w odr\u00f3\u017cnieniu od procesu oddzielnej produkcji energii elektrycznej i ciep\u0142a.<\/p>\n","protected":false},"excerpt":{"rendered":"<p>Skojarzona produkcja energii elektrycznej i ciep\u0142a, zwana te\u017c kogeneracj\u0105, to spos\u00f3b na wytwarzanie energii elektrycznej, podczas kt\u00f3rego w u\u017cyteczny spos\u00f3b wykorzystywane jest ciep\u0142o powstaj\u0105ce w trakcie takiego procesu. W ten spos\u00f3b osi\u0105gamy bardzo du\u017c\u0105 efektywno\u015b\u0107 w wykorzystaniu zawartej w paliwie energii. Dzi\u0119ki temu procesowi jednocze\u015bnie minimalizujemy straty, kt\u00f3re powstaj\u0105 w tradycyjnych procesach wytwarzania energii elektrycznej. [&hellip;]<\/p>\n","protected":false},"author":2,"featured_media":16293,"parent":0,"menu_order":0,"comment_status":"closed","ping_status":"closed","template":"templates\/vyhody-a-vyuziti-kogenerace.php","meta":{"_acf_changed":false,"footnotes":""},"class_list":["post-11196","page","type-page","status-publish","has-post-thumbnail","hentry"],"acf":[],"yoast_head":"<!-- This site is optimized with the Yoast SEO Premium plugin v24.6 (Yoast SEO v26.4) - https:\/\/yoast.com\/wordpress\/plugins\/seo\/ -->\n<title>Zalety i zastosowanie kogeneracji &#8211; TEDOM<\/title>\n<meta name=\"robots\" content=\"index, follow, max-snippet:-1, max-image-preview:large, max-video-preview:-1\" \/>\n<link rel=\"canonical\" href=\"https:\/\/www.tedom.com\/pl\/zalety-i-zastosowanie-kogeneracji-2\/\" \/>\n<meta property=\"og:locale\" content=\"pl_PL\" \/>\n<meta property=\"og:type\" content=\"article\" \/>\n<meta property=\"og:title\" content=\"Zalety i zastosowanie kogeneracji\" \/>\n<meta property=\"og:description\" content=\"Skojarzona produkcja energii elektrycznej i ciep\u0142a, zwana te\u017c kogeneracj\u0105, to spos\u00f3b na wytwarzanie energii elektrycznej, podczas kt\u00f3rego w u\u017cyteczny spos\u00f3b wykorzystywane jest ciep\u0142o powstaj\u0105ce w trakcie takiego procesu. W ten spos\u00f3b osi\u0105gamy bardzo du\u017c\u0105 efektywno\u015b\u0107 w wykorzystaniu zawartej w paliwie energii. Dzi\u0119ki temu procesowi jednocze\u015bnie minimalizujemy straty, kt\u00f3re powstaj\u0105 w tradycyjnych procesach wytwarzania energii elektrycznej. [&hellip;]\" \/>\n<meta property=\"og:url\" content=\"https:\/\/www.tedom.com\/pl\/zalety-i-zastosowanie-kogeneracji-2\/\" \/>\n<meta property=\"og:site_name\" content=\"TEDOM\" \/>\n<meta property=\"article:publisher\" content=\"https:\/\/www.facebook.com\/tedom.cz\/\" \/>\n<meta property=\"article:modified_time\" content=\"2024-06-18T12:08:43+00:00\" \/>\n<meta property=\"og:image\" content=\"https:\/\/www.tedom.com\/wp-content\/uploads\/2024\/05\/CHP-Zasada-Oszczednosci.png\" \/>\n\t<meta property=\"og:image:width\" content=\"3189\" \/>\n\t<meta property=\"og:image:height\" content=\"1772\" \/>\n\t<meta property=\"og:image:type\" content=\"image\/png\" \/>\n<meta name=\"twitter:card\" content=\"summary_large_image\" \/>\n<meta name=\"twitter:site\" content=\"@tedom_chp\" \/>\n<meta name=\"twitter:label1\" content=\"Szacowany czas czytania\" \/>\n\t<meta name=\"twitter:data1\" content=\"1 minuta\" \/>\n<script type=\"application\/ld+json\" class=\"yoast-schema-graph\">{\"@context\":\"https:\/\/schema.org\",\"@graph\":[{\"@type\":\"WebPage\",\"@id\":\"https:\/\/www.tedom.com\/pl\/zalety-i-zastosowanie-kogeneracji-2\/\",\"url\":\"https:\/\/www.tedom.com\/pl\/zalety-i-zastosowanie-kogeneracji-2\/\",\"name\":\"Zalety i zastosowanie kogeneracji &#8211; TEDOM\",\"isPartOf\":{\"@id\":\"https:\/\/www.tedom.com\/pl\/#website\"},\"primaryImageOfPage\":{\"@id\":\"https:\/\/www.tedom.com\/pl\/zalety-i-zastosowanie-kogeneracji-2\/#primaryimage\"},\"image\":{\"@id\":\"https:\/\/www.tedom.com\/pl\/zalety-i-zastosowanie-kogeneracji-2\/#primaryimage\"},\"thumbnailUrl\":\"https:\/\/www.tedom.com\/wp-content\/uploads\/2024\/05\/CHP-Zasada-Oszczednosci.png\",\"datePublished\":\"2023-08-25T16:56:29+00:00\",\"dateModified\":\"2024-06-18T12:08:43+00:00\",\"breadcrumb\":{\"@id\":\"https:\/\/www.tedom.com\/pl\/zalety-i-zastosowanie-kogeneracji-2\/#breadcrumb\"},\"inLanguage\":\"pl-PL\",\"potentialAction\":[{\"@type\":\"ReadAction\",\"target\":[\"https:\/\/www.tedom.com\/pl\/zalety-i-zastosowanie-kogeneracji-2\/\"]}]},{\"@type\":\"ImageObject\",\"inLanguage\":\"pl-PL\",\"@id\":\"https:\/\/www.tedom.com\/pl\/zalety-i-zastosowanie-kogeneracji-2\/#primaryimage\",\"url\":\"https:\/\/www.tedom.com\/wp-content\/uploads\/2024\/05\/CHP-Zasada-Oszczednosci.png\",\"contentUrl\":\"https:\/\/www.tedom.com\/wp-content\/uploads\/2024\/05\/CHP-Zasada-Oszczednosci.png\",\"width\":3189,\"height\":1772},{\"@type\":\"BreadcrumbList\",\"@id\":\"https:\/\/www.tedom.com\/pl\/zalety-i-zastosowanie-kogeneracji-2\/#breadcrumb\",\"itemListElement\":[{\"@type\":\"ListItem\",\"position\":1,\"name\":\"Home\",\"item\":\"https:\/\/www.tedom.com\/pl\/home-page\/\"},{\"@type\":\"ListItem\",\"position\":2,\"name\":\"Zalety i zastosowanie kogeneracji\"}]},{\"@type\":\"WebSite\",\"@id\":\"https:\/\/www.tedom.com\/pl\/#website\",\"url\":\"https:\/\/www.tedom.com\/pl\/\",\"name\":\"TEDOM\",\"description\":\"TEDOM se zab\u00fdv\u00e1 v\u00fdrobou kogenera\u010dn\u00edch jednotek, instalac\u00ed fotovoltaiky a poskytov\u00e1n\u00edm komplexn\u00edch slu\u017eeb pro modern\u00ed decentr\u00e1ln\u00ed energetiku.\",\"publisher\":{\"@id\":\"https:\/\/www.tedom.com\/pl\/#organization\"},\"potentialAction\":[{\"@type\":\"SearchAction\",\"target\":{\"@type\":\"EntryPoint\",\"urlTemplate\":\"https:\/\/www.tedom.com\/pl\/?s={search_term_string}\"},\"query-input\":{\"@type\":\"PropertyValueSpecification\",\"valueRequired\":true,\"valueName\":\"search_term_string\"}}],\"inLanguage\":\"pl-PL\"},{\"@type\":\"Organization\",\"@id\":\"https:\/\/www.tedom.com\/pl\/#organization\",\"name\":\"TEDOM a. s.\",\"url\":\"https:\/\/www.tedom.com\/pl\/\",\"logo\":{\"@type\":\"ImageObject\",\"inLanguage\":\"pl-PL\",\"@id\":\"https:\/\/www.tedom.com\/pl\/#\/schema\/logo\/image\/\",\"url\":\"https:\/\/www.tedom.com\/wp-content\/uploads\/2023\/11\/TEDOM_logotype_RGB-scaled.jpg\",\"contentUrl\":\"https:\/\/www.tedom.com\/wp-content\/uploads\/2023\/11\/TEDOM_logotype_RGB-scaled.jpg\",\"width\":2560,\"height\":654,\"caption\":\"TEDOM a. s.\"},\"image\":{\"@id\":\"https:\/\/www.tedom.com\/pl\/#\/schema\/logo\/image\/\"},\"sameAs\":[\"https:\/\/www.facebook.com\/tedom.cz\/\",\"https:\/\/x.com\/tedom_chp\",\"https:\/\/www.instagram.com\/tedom_a.s\/\",\"https:\/\/www.youtube.com\/channel\/UCEqr6fHr02vxVRVF_xtKZ2w\",\"https:\/\/www.linkedin.com\/company\/tedom-a-s-?originalSubdomain=cz\"]}]}<\/script>\n<!-- \/ Yoast SEO Premium plugin. -->","yoast_head_json":{"title":"Zalety i zastosowanie kogeneracji &#8211; TEDOM","robots":{"index":"index","follow":"follow","max-snippet":"max-snippet:-1","max-image-preview":"max-image-preview:large","max-video-preview":"max-video-preview:-1"},"canonical":"https:\/\/www.tedom.com\/pl\/zalety-i-zastosowanie-kogeneracji-2\/","og_locale":"pl_PL","og_type":"article","og_title":"Zalety i zastosowanie kogeneracji","og_description":"Skojarzona produkcja energii elektrycznej i ciep\u0142a, zwana te\u017c kogeneracj\u0105, to spos\u00f3b na wytwarzanie energii elektrycznej, podczas kt\u00f3rego w u\u017cyteczny spos\u00f3b wykorzystywane jest ciep\u0142o powstaj\u0105ce w trakcie takiego procesu. W ten spos\u00f3b osi\u0105gamy bardzo du\u017c\u0105 efektywno\u015b\u0107 w wykorzystaniu zawartej w paliwie energii. Dzi\u0119ki temu procesowi jednocze\u015bnie minimalizujemy straty, kt\u00f3re powstaj\u0105 w tradycyjnych procesach wytwarzania energii elektrycznej. [&hellip;]","og_url":"https:\/\/www.tedom.com\/pl\/zalety-i-zastosowanie-kogeneracji-2\/","og_site_name":"TEDOM","article_publisher":"https:\/\/www.facebook.com\/tedom.cz\/","article_modified_time":"2024-06-18T12:08:43+00:00","og_image":[{"width":3189,"height":1772,"url":"https:\/\/www.tedom.com\/wp-content\/uploads\/2024\/05\/CHP-Zasada-Oszczednosci.png","type":"image\/png"}],"twitter_card":"summary_large_image","twitter_site":"@tedom_chp","twitter_misc":{"Szacowany czas czytania":"1 minuta"},"schema":{"@context":"https:\/\/schema.org","@graph":[{"@type":"WebPage","@id":"https:\/\/www.tedom.com\/pl\/zalety-i-zastosowanie-kogeneracji-2\/","url":"https:\/\/www.tedom.com\/pl\/zalety-i-zastosowanie-kogeneracji-2\/","name":"Zalety i zastosowanie kogeneracji &#8211; TEDOM","isPartOf":{"@id":"https:\/\/www.tedom.com\/pl\/#website"},"primaryImageOfPage":{"@id":"https:\/\/www.tedom.com\/pl\/zalety-i-zastosowanie-kogeneracji-2\/#primaryimage"},"image":{"@id":"https:\/\/www.tedom.com\/pl\/zalety-i-zastosowanie-kogeneracji-2\/#primaryimage"},"thumbnailUrl":"https:\/\/www.tedom.com\/wp-content\/uploads\/2024\/05\/CHP-Zasada-Oszczednosci.png","datePublished":"2023-08-25T16:56:29+00:00","dateModified":"2024-06-18T12:08:43+00:00","breadcrumb":{"@id":"https:\/\/www.tedom.com\/pl\/zalety-i-zastosowanie-kogeneracji-2\/#breadcrumb"},"inLanguage":"pl-PL","potentialAction":[{"@type":"ReadAction","target":["https:\/\/www.tedom.com\/pl\/zalety-i-zastosowanie-kogeneracji-2\/"]}]},{"@type":"ImageObject","inLanguage":"pl-PL","@id":"https:\/\/www.tedom.com\/pl\/zalety-i-zastosowanie-kogeneracji-2\/#primaryimage","url":"https:\/\/www.tedom.com\/wp-content\/uploads\/2024\/05\/CHP-Zasada-Oszczednosci.png","contentUrl":"https:\/\/www.tedom.com\/wp-content\/uploads\/2024\/05\/CHP-Zasada-Oszczednosci.png","width":3189,"height":1772},{"@type":"BreadcrumbList","@id":"https:\/\/www.tedom.com\/pl\/zalety-i-zastosowanie-kogeneracji-2\/#breadcrumb","itemListElement":[{"@type":"ListItem","position":1,"name":"Home","item":"https:\/\/www.tedom.com\/pl\/home-page\/"},{"@type":"ListItem","position":2,"name":"Zalety i zastosowanie kogeneracji"}]},{"@type":"WebSite","@id":"https:\/\/www.tedom.com\/pl\/#website","url":"https:\/\/www.tedom.com\/pl\/","name":"TEDOM","description":"TEDOM se zab\u00fdv\u00e1 v\u00fdrobou kogenera\u010dn\u00edch jednotek, instalac\u00ed fotovoltaiky a poskytov\u00e1n\u00edm komplexn\u00edch slu\u017eeb pro modern\u00ed decentr\u00e1ln\u00ed energetiku.","publisher":{"@id":"https:\/\/www.tedom.com\/pl\/#organization"},"potentialAction":[{"@type":"SearchAction","target":{"@type":"EntryPoint","urlTemplate":"https:\/\/www.tedom.com\/pl\/?s={search_term_string}"},"query-input":{"@type":"PropertyValueSpecification","valueRequired":true,"valueName":"search_term_string"}}],"inLanguage":"pl-PL"},{"@type":"Organization","@id":"https:\/\/www.tedom.com\/pl\/#organization","name":"TEDOM a. s.","url":"https:\/\/www.tedom.com\/pl\/","logo":{"@type":"ImageObject","inLanguage":"pl-PL","@id":"https:\/\/www.tedom.com\/pl\/#\/schema\/logo\/image\/","url":"https:\/\/www.tedom.com\/wp-content\/uploads\/2023\/11\/TEDOM_logotype_RGB-scaled.jpg","contentUrl":"https:\/\/www.tedom.com\/wp-content\/uploads\/2023\/11\/TEDOM_logotype_RGB-scaled.jpg","width":2560,"height":654,"caption":"TEDOM a. s."},"image":{"@id":"https:\/\/www.tedom.com\/pl\/#\/schema\/logo\/image\/"},"sameAs":["https:\/\/www.facebook.com\/tedom.cz\/","https:\/\/x.com\/tedom_chp","https:\/\/www.instagram.com\/tedom_a.s\/","https:\/\/www.youtube.com\/channel\/UCEqr6fHr02vxVRVF_xtKZ2w","https:\/\/www.linkedin.com\/company\/tedom-a-s-?originalSubdomain=cz"]}]}},"_links":{"self":[{"href":"https:\/\/www.tedom.com\/pl\/wp-json\/wp\/v2\/pages\/11196","targetHints":{"allow":["GET"]}}],"collection":[{"href":"https:\/\/www.tedom.com\/pl\/wp-json\/wp\/v2\/pages"}],"about":[{"href":"https:\/\/www.tedom.com\/pl\/wp-json\/wp\/v2\/types\/page"}],"author":[{"embeddable":true,"href":"https:\/\/www.tedom.com\/pl\/wp-json\/wp\/v2\/users\/2"}],"replies":[{"embeddable":true,"href":"https:\/\/www.tedom.com\/pl\/wp-json\/wp\/v2\/comments?post=11196"}],"version-history":[{"count":12,"href":"https:\/\/www.tedom.com\/pl\/wp-json\/wp\/v2\/pages\/11196\/revisions"}],"predecessor-version":[{"id":16675,"href":"https:\/\/www.tedom.com\/pl\/wp-json\/wp\/v2\/pages\/11196\/revisions\/16675"}],"wp:featuredmedia":[{"embeddable":true,"href":"https:\/\/www.tedom.com\/pl\/wp-json\/wp\/v2\/media\/16293"}],"wp:attachment":[{"href":"https:\/\/www.tedom.com\/pl\/wp-json\/wp\/v2\/media?parent=11196"}],"curies":[{"name":"wp","href":"https:\/\/api.w.org\/{rel}","templated":true}]}}