{"id":11162,"date":"2023-10-04T17:05:25","date_gmt":"2023-10-04T15:05:25","guid":{"rendered":"https:\/\/www.tedom.com\/cogeneration-chp\/mine-gas\/"},"modified":"2024-06-03T13:37:15","modified_gmt":"2024-06-03T11:37:15","slug":"gaz-kopalniany","status":"publish","type":"page","link":"https:\/\/www.tedom.com\/pl\/cogeneration-chp\/gaz-kopalniany\/","title":{"rendered":"Gaz kopalniany"},"content":{"rendered":"","protected":false},"excerpt":{"rendered":"","protected":false},"author":2,"featured_media":7543,"parent":11160,"menu_order":0,"comment_status":"closed","ping_status":"closed","template":"templates\/technicke-parametry.php","meta":{"_acf_changed":false,"footnotes":""},"class_list":["post-11162","page","type-page","status-publish","has-post-thumbnail","hentry"],"acf":[],"yoast_head":"<!-- This site is optimized with the Yoast SEO Premium plugin v24.6 (Yoast SEO v26.4) - https:\/\/yoast.com\/wordpress\/plugins\/seo\/ -->\n<title>Gaz kopalniany &#8211; Jednostki kogeneracyjne TEDOM<\/title>\n<meta name=\"robots\" content=\"index, follow, max-snippet:-1, max-image-preview:large, max-video-preview:-1\" \/>\n<link rel=\"canonical\" href=\"https:\/\/www.tedom.com\/pl\/cogeneration-chp\/gaz-kopalniany\/\" \/>\n<meta property=\"og:locale\" content=\"pl_PL\" \/>\n<meta property=\"og:type\" content=\"article\" \/>\n<meta property=\"og:title\" content=\"Gaz kopalniany\" \/>\n<meta property=\"og:url\" content=\"https:\/\/www.tedom.com\/pl\/cogeneration-chp\/gaz-kopalniany\/\" \/>\n<meta property=\"og:site_name\" content=\"TEDOM\" \/>\n<meta property=\"article:publisher\" content=\"https:\/\/www.facebook.com\/tedom.cz\/\" \/>\n<meta property=\"article:modified_time\" content=\"2024-06-03T11:37:15+00:00\" \/>\n<meta property=\"og:image\" content=\"https:\/\/www.tedom.com\/wp-content\/uploads\/2023\/11\/Dulni_plyn.png\" \/>\n\t<meta property=\"og:image:width\" content=\"1076\" \/>\n\t<meta property=\"og:image:height\" content=\"416\" \/>\n\t<meta property=\"og:image:type\" content=\"image\/png\" \/>\n<meta name=\"twitter:card\" content=\"summary_large_image\" \/>\n<meta name=\"twitter:site\" content=\"@tedom_chp\" \/>\n<script type=\"application\/ld+json\" class=\"yoast-schema-graph\">{\"@context\":\"https:\/\/schema.org\",\"@graph\":[{\"@type\":\"WebPage\",\"@id\":\"https:\/\/www.tedom.com\/pl\/cogeneration-chp\/gaz-kopalniany\/\",\"url\":\"https:\/\/www.tedom.com\/pl\/cogeneration-chp\/gaz-kopalniany\/\",\"name\":\"Gaz kopalniany &#8211; Jednostki kogeneracyjne TEDOM\",\"isPartOf\":{\"@id\":\"https:\/\/www.tedom.com\/pl\/#website\"},\"primaryImageOfPage\":{\"@id\":\"https:\/\/www.tedom.com\/pl\/cogeneration-chp\/gaz-kopalniany\/#primaryimage\"},\"image\":{\"@id\":\"https:\/\/www.tedom.com\/pl\/cogeneration-chp\/gaz-kopalniany\/#primaryimage\"},\"thumbnailUrl\":\"https:\/\/www.tedom.com\/wp-content\/uploads\/2023\/11\/Dulni_plyn.png\",\"datePublished\":\"2023-10-04T15:05:25+00:00\",\"dateModified\":\"2024-06-03T11:37:15+00:00\",\"breadcrumb\":{\"@id\":\"https:\/\/www.tedom.com\/pl\/cogeneration-chp\/gaz-kopalniany\/#breadcrumb\"},\"inLanguage\":\"pl-PL\",\"potentialAction\":[{\"@type\":\"ReadAction\",\"target\":[\"https:\/\/www.tedom.com\/pl\/cogeneration-chp\/gaz-kopalniany\/\"]}]},{\"@type\":\"ImageObject\",\"inLanguage\":\"pl-PL\",\"@id\":\"https:\/\/www.tedom.com\/pl\/cogeneration-chp\/gaz-kopalniany\/#primaryimage\",\"url\":\"https:\/\/www.tedom.com\/wp-content\/uploads\/2023\/11\/Dulni_plyn.png\",\"contentUrl\":\"https:\/\/www.tedom.com\/wp-content\/uploads\/2023\/11\/Dulni_plyn.png\",\"width\":1076,\"height\":416},{\"@type\":\"BreadcrumbList\",\"@id\":\"https:\/\/www.tedom.com\/pl\/cogeneration-chp\/gaz-kopalniany\/#breadcrumb\",\"itemListElement\":[{\"@type\":\"ListItem\",\"position\":1,\"name\":\"Home\",\"item\":\"https:\/\/www.tedom.com\/pl\/home-page\/\"},{\"@type\":\"ListItem\",\"position\":2,\"name\":\"Cogeneration\",\"item\":\"https:\/\/www.tedom.com\/pl\/cogeneration-chp\/\"},{\"@type\":\"ListItem\",\"position\":3,\"name\":\"Gaz kopalniany\"}]},{\"@type\":\"WebSite\",\"@id\":\"https:\/\/www.tedom.com\/pl\/#website\",\"url\":\"https:\/\/www.tedom.com\/pl\/\",\"name\":\"TEDOM\",\"description\":\"TEDOM se zab\u00fdv\u00e1 v\u00fdrobou kogenera\u010dn\u00edch jednotek, instalac\u00ed fotovoltaiky a poskytov\u00e1n\u00edm komplexn\u00edch slu\u017eeb pro modern\u00ed decentr\u00e1ln\u00ed energetiku.\",\"publisher\":{\"@id\":\"https:\/\/www.tedom.com\/pl\/#organization\"},\"potentialAction\":[{\"@type\":\"SearchAction\",\"target\":{\"@type\":\"EntryPoint\",\"urlTemplate\":\"https:\/\/www.tedom.com\/pl\/?s={search_term_string}\"},\"query-input\":{\"@type\":\"PropertyValueSpecification\",\"valueRequired\":true,\"valueName\":\"search_term_string\"}}],\"inLanguage\":\"pl-PL\"},{\"@type\":\"Organization\",\"@id\":\"https:\/\/www.tedom.com\/pl\/#organization\",\"name\":\"TEDOM a. s.\",\"url\":\"https:\/\/www.tedom.com\/pl\/\",\"logo\":{\"@type\":\"ImageObject\",\"inLanguage\":\"pl-PL\",\"@id\":\"https:\/\/www.tedom.com\/pl\/#\/schema\/logo\/image\/\",\"url\":\"https:\/\/www.tedom.com\/wp-content\/uploads\/2023\/11\/TEDOM_logotype_RGB-scaled.jpg\",\"contentUrl\":\"https:\/\/www.tedom.com\/wp-content\/uploads\/2023\/11\/TEDOM_logotype_RGB-scaled.jpg\",\"width\":2560,\"height\":654,\"caption\":\"TEDOM a. s.\"},\"image\":{\"@id\":\"https:\/\/www.tedom.com\/pl\/#\/schema\/logo\/image\/\"},\"sameAs\":[\"https:\/\/www.facebook.com\/tedom.cz\/\",\"https:\/\/x.com\/tedom_chp\",\"https:\/\/www.instagram.com\/tedom_a.s\/\",\"https:\/\/www.youtube.com\/channel\/UCEqr6fHr02vxVRVF_xtKZ2w\",\"https:\/\/www.linkedin.com\/company\/tedom-a-s-?originalSubdomain=cz\"]}]}<\/script>\n<!-- \/ Yoast SEO Premium plugin. -->","yoast_head_json":{"title":"Gaz kopalniany &#8211; Jednostki kogeneracyjne TEDOM","robots":{"index":"index","follow":"follow","max-snippet":"max-snippet:-1","max-image-preview":"max-image-preview:large","max-video-preview":"max-video-preview:-1"},"canonical":"https:\/\/www.tedom.com\/pl\/cogeneration-chp\/gaz-kopalniany\/","og_locale":"pl_PL","og_type":"article","og_title":"Gaz kopalniany","og_url":"https:\/\/www.tedom.com\/pl\/cogeneration-chp\/gaz-kopalniany\/","og_site_name":"TEDOM","article_publisher":"https:\/\/www.facebook.com\/tedom.cz\/","article_modified_time":"2024-06-03T11:37:15+00:00","og_image":[{"width":1076,"height":416,"url":"https:\/\/www.tedom.com\/wp-content\/uploads\/2023\/11\/Dulni_plyn.png","type":"image\/png"}],"twitter_card":"summary_large_image","twitter_site":"@tedom_chp","schema":{"@context":"https:\/\/schema.org","@graph":[{"@type":"WebPage","@id":"https:\/\/www.tedom.com\/pl\/cogeneration-chp\/gaz-kopalniany\/","url":"https:\/\/www.tedom.com\/pl\/cogeneration-chp\/gaz-kopalniany\/","name":"Gaz kopalniany &#8211; Jednostki kogeneracyjne TEDOM","isPartOf":{"@id":"https:\/\/www.tedom.com\/pl\/#website"},"primaryImageOfPage":{"@id":"https:\/\/www.tedom.com\/pl\/cogeneration-chp\/gaz-kopalniany\/#primaryimage"},"image":{"@id":"https:\/\/www.tedom.com\/pl\/cogeneration-chp\/gaz-kopalniany\/#primaryimage"},"thumbnailUrl":"https:\/\/www.tedom.com\/wp-content\/uploads\/2023\/11\/Dulni_plyn.png","datePublished":"2023-10-04T15:05:25+00:00","dateModified":"2024-06-03T11:37:15+00:00","breadcrumb":{"@id":"https:\/\/www.tedom.com\/pl\/cogeneration-chp\/gaz-kopalniany\/#breadcrumb"},"inLanguage":"pl-PL","potentialAction":[{"@type":"ReadAction","target":["https:\/\/www.tedom.com\/pl\/cogeneration-chp\/gaz-kopalniany\/"]}]},{"@type":"ImageObject","inLanguage":"pl-PL","@id":"https:\/\/www.tedom.com\/pl\/cogeneration-chp\/gaz-kopalniany\/#primaryimage","url":"https:\/\/www.tedom.com\/wp-content\/uploads\/2023\/11\/Dulni_plyn.png","contentUrl":"https:\/\/www.tedom.com\/wp-content\/uploads\/2023\/11\/Dulni_plyn.png","width":1076,"height":416},{"@type":"BreadcrumbList","@id":"https:\/\/www.tedom.com\/pl\/cogeneration-chp\/gaz-kopalniany\/#breadcrumb","itemListElement":[{"@type":"ListItem","position":1,"name":"Home","item":"https:\/\/www.tedom.com\/pl\/home-page\/"},{"@type":"ListItem","position":2,"name":"Cogeneration","item":"https:\/\/www.tedom.com\/pl\/cogeneration-chp\/"},{"@type":"ListItem","position":3,"name":"Gaz kopalniany"}]},{"@type":"WebSite","@id":"https:\/\/www.tedom.com\/pl\/#website","url":"https:\/\/www.tedom.com\/pl\/","name":"TEDOM","description":"TEDOM se zab\u00fdv\u00e1 v\u00fdrobou kogenera\u010dn\u00edch jednotek, instalac\u00ed fotovoltaiky a poskytov\u00e1n\u00edm komplexn\u00edch slu\u017eeb pro modern\u00ed decentr\u00e1ln\u00ed energetiku.","publisher":{"@id":"https:\/\/www.tedom.com\/pl\/#organization"},"potentialAction":[{"@type":"SearchAction","target":{"@type":"EntryPoint","urlTemplate":"https:\/\/www.tedom.com\/pl\/?s={search_term_string}"},"query-input":{"@type":"PropertyValueSpecification","valueRequired":true,"valueName":"search_term_string"}}],"inLanguage":"pl-PL"},{"@type":"Organization","@id":"https:\/\/www.tedom.com\/pl\/#organization","name":"TEDOM a. s.","url":"https:\/\/www.tedom.com\/pl\/","logo":{"@type":"ImageObject","inLanguage":"pl-PL","@id":"https:\/\/www.tedom.com\/pl\/#\/schema\/logo\/image\/","url":"https:\/\/www.tedom.com\/wp-content\/uploads\/2023\/11\/TEDOM_logotype_RGB-scaled.jpg","contentUrl":"https:\/\/www.tedom.com\/wp-content\/uploads\/2023\/11\/TEDOM_logotype_RGB-scaled.jpg","width":2560,"height":654,"caption":"TEDOM a. s."},"image":{"@id":"https:\/\/www.tedom.com\/pl\/#\/schema\/logo\/image\/"},"sameAs":["https:\/\/www.facebook.com\/tedom.cz\/","https:\/\/x.com\/tedom_chp","https:\/\/www.instagram.com\/tedom_a.s\/","https:\/\/www.youtube.com\/channel\/UCEqr6fHr02vxVRVF_xtKZ2w","https:\/\/www.linkedin.com\/company\/tedom-a-s-?originalSubdomain=cz"]}]}},"_links":{"self":[{"href":"https:\/\/www.tedom.com\/pl\/wp-json\/wp\/v2\/pages\/11162","targetHints":{"allow":["GET"]}}],"collection":[{"href":"https:\/\/www.tedom.com\/pl\/wp-json\/wp\/v2\/pages"}],"about":[{"href":"https:\/\/www.tedom.com\/pl\/wp-json\/wp\/v2\/types\/page"}],"author":[{"embeddable":true,"href":"https:\/\/www.tedom.com\/pl\/wp-json\/wp\/v2\/users\/2"}],"replies":[{"embeddable":true,"href":"https:\/\/www.tedom.com\/pl\/wp-json\/wp\/v2\/comments?post=11162"}],"version-history":[{"count":4,"href":"https:\/\/www.tedom.com\/pl\/wp-json\/wp\/v2\/pages\/11162\/revisions"}],"predecessor-version":[{"id":16322,"href":"https:\/\/www.tedom.com\/pl\/wp-json\/wp\/v2\/pages\/11162\/revisions\/16322"}],"up":[{"embeddable":true,"href":"https:\/\/www.tedom.com\/pl\/wp-json\/wp\/v2\/pages\/11160"}],"wp:featuredmedia":[{"embeddable":true,"href":"https:\/\/www.tedom.com\/pl\/wp-json\/wp\/v2\/media\/7543"}],"wp:attachment":[{"href":"https:\/\/www.tedom.com\/pl\/wp-json\/wp\/v2\/media?parent=11162"}],"curies":[{"name":"wp","href":"https:\/\/api.w.org\/{rel}","templated":true}]}}