{"id":11159,"date":"2023-08-12T09:17:22","date_gmt":"2023-08-12T07:17:22","guid":{"rendered":"https:\/\/www.tedom.com\/servis\/"},"modified":"2025-07-23T14:38:53","modified_gmt":"2025-07-23T12:38:53","slug":"servis","status":"publish","type":"page","link":"https:\/\/www.tedom.com\/pl\/servis\/","title":{"rendered":"Serwis TEDOM"},"content":{"rendered":"","protected":false},"excerpt":{"rendered":"","protected":false},"author":2,"featured_media":16293,"parent":0,"menu_order":0,"comment_status":"closed","ping_status":"closed","template":"templates\/servis-tedom.php","meta":{"_acf_changed":false,"footnotes":""},"class_list":["post-11159","page","type-page","status-publish","has-post-thumbnail","hentry"],"acf":[],"yoast_head":"<!-- This site is optimized with the Yoast SEO Premium plugin v24.6 (Yoast SEO v26.4) - https:\/\/yoast.com\/wordpress\/plugins\/seo\/ -->\n<title>Serwis TEDOM &#8211; TEDOM<\/title>\n<meta name=\"description\" content=\"W Tedom k\u0142adziemy nacisk na d\u0142ugoterminowe i niezawodne dzia\u0142anie jednostek kogeneracyjnych. Przy dobrej konserwacji jednostki TEDOM maj\u0105 tendencj\u0119 do dzia\u0142ania przez wiele lat. Opr\u00f3cz regularnych przegl\u0105d\u00f3w, w razie potrzeby zapewniamy r\u00f3wnie\u017c szybk\u0105 i profesjonaln\u0105 interwencj\u0119 serwisow\u0105 przez zesp\u00f3\u0142 przeszkolonych i w pe\u0142ni wyposa\u017conych technik\u00f3w serwisowych.\" \/>\n<meta name=\"robots\" content=\"index, follow, max-snippet:-1, max-image-preview:large, max-video-preview:-1\" \/>\n<link rel=\"canonical\" href=\"https:\/\/www.tedom.com\/pl\/servis\/\" \/>\n<meta property=\"og:locale\" content=\"pl_PL\" \/>\n<meta property=\"og:type\" content=\"article\" \/>\n<meta property=\"og:title\" content=\"Serwis TEDOM\" \/>\n<meta property=\"og:description\" content=\"W Tedom k\u0142adziemy nacisk na d\u0142ugoterminowe i niezawodne dzia\u0142anie jednostek kogeneracyjnych. Przy dobrej konserwacji jednostki TEDOM maj\u0105 tendencj\u0119 do dzia\u0142ania przez wiele lat. Opr\u00f3cz regularnych przegl\u0105d\u00f3w, w razie potrzeby zapewniamy r\u00f3wnie\u017c szybk\u0105 i profesjonaln\u0105 interwencj\u0119 serwisow\u0105 przez zesp\u00f3\u0142 przeszkolonych i w pe\u0142ni wyposa\u017conych technik\u00f3w serwisowych.\" \/>\n<meta property=\"og:url\" content=\"https:\/\/www.tedom.com\/pl\/servis\/\" \/>\n<meta property=\"og:site_name\" content=\"TEDOM\" \/>\n<meta property=\"article:publisher\" content=\"https:\/\/www.facebook.com\/tedom.cz\/\" \/>\n<meta property=\"article:modified_time\" content=\"2025-07-23T12:38:53+00:00\" \/>\n<meta property=\"og:image\" content=\"https:\/\/www.tedom.com\/wp-content\/uploads\/2024\/05\/CHP-Zasada-Oszczednosci.png\" \/>\n\t<meta property=\"og:image:width\" content=\"3189\" \/>\n\t<meta property=\"og:image:height\" content=\"1772\" \/>\n\t<meta property=\"og:image:type\" content=\"image\/png\" \/>\n<meta name=\"twitter:card\" content=\"summary_large_image\" \/>\n<meta name=\"twitter:site\" content=\"@tedom_chp\" \/>\n<meta name=\"twitter:label1\" content=\"Szacowany czas czytania\" \/>\n\t<meta name=\"twitter:data1\" content=\"1 minuta\" \/>\n<script type=\"application\/ld+json\" class=\"yoast-schema-graph\">{\"@context\":\"https:\/\/schema.org\",\"@graph\":[{\"@type\":\"WebPage\",\"@id\":\"https:\/\/www.tedom.com\/pl\/servis\/\",\"url\":\"https:\/\/www.tedom.com\/pl\/servis\/\",\"name\":\"Serwis TEDOM &#8211; TEDOM\",\"isPartOf\":{\"@id\":\"https:\/\/www.tedom.com\/pl\/#website\"},\"primaryImageOfPage\":{\"@id\":\"https:\/\/www.tedom.com\/pl\/servis\/#primaryimage\"},\"image\":{\"@id\":\"https:\/\/www.tedom.com\/pl\/servis\/#primaryimage\"},\"thumbnailUrl\":\"https:\/\/www.tedom.com\/wp-content\/uploads\/2024\/05\/CHP-Zasada-Oszczednosci.png\",\"datePublished\":\"2023-08-12T07:17:22+00:00\",\"dateModified\":\"2025-07-23T12:38:53+00:00\",\"description\":\"W Tedom k\u0142adziemy nacisk na d\u0142ugoterminowe i niezawodne dzia\u0142anie jednostek kogeneracyjnych. Przy dobrej konserwacji jednostki TEDOM maj\u0105 tendencj\u0119 do dzia\u0142ania przez wiele lat. Opr\u00f3cz regularnych przegl\u0105d\u00f3w, w razie potrzeby zapewniamy r\u00f3wnie\u017c szybk\u0105 i profesjonaln\u0105 interwencj\u0119 serwisow\u0105 przez zesp\u00f3\u0142 przeszkolonych i w pe\u0142ni wyposa\u017conych technik\u00f3w serwisowych.\",\"breadcrumb\":{\"@id\":\"https:\/\/www.tedom.com\/pl\/servis\/#breadcrumb\"},\"inLanguage\":\"pl-PL\",\"potentialAction\":[{\"@type\":\"ReadAction\",\"target\":[\"https:\/\/www.tedom.com\/pl\/servis\/\"]}]},{\"@type\":\"ImageObject\",\"inLanguage\":\"pl-PL\",\"@id\":\"https:\/\/www.tedom.com\/pl\/servis\/#primaryimage\",\"url\":\"https:\/\/www.tedom.com\/wp-content\/uploads\/2024\/05\/CHP-Zasada-Oszczednosci.png\",\"contentUrl\":\"https:\/\/www.tedom.com\/wp-content\/uploads\/2024\/05\/CHP-Zasada-Oszczednosci.png\",\"width\":3189,\"height\":1772},{\"@type\":\"BreadcrumbList\",\"@id\":\"https:\/\/www.tedom.com\/pl\/servis\/#breadcrumb\",\"itemListElement\":[{\"@type\":\"ListItem\",\"position\":1,\"name\":\"Home\",\"item\":\"https:\/\/www.tedom.com\/pl\/home-page\/\"},{\"@type\":\"ListItem\",\"position\":2,\"name\":\"Serwis TEDOM\"}]},{\"@type\":\"WebSite\",\"@id\":\"https:\/\/www.tedom.com\/pl\/#website\",\"url\":\"https:\/\/www.tedom.com\/pl\/\",\"name\":\"TEDOM\",\"description\":\"TEDOM se zab\u00fdv\u00e1 v\u00fdrobou kogenera\u010dn\u00edch jednotek, instalac\u00ed fotovoltaiky a poskytov\u00e1n\u00edm komplexn\u00edch slu\u017eeb pro modern\u00ed decentr\u00e1ln\u00ed energetiku.\",\"publisher\":{\"@id\":\"https:\/\/www.tedom.com\/pl\/#organization\"},\"potentialAction\":[{\"@type\":\"SearchAction\",\"target\":{\"@type\":\"EntryPoint\",\"urlTemplate\":\"https:\/\/www.tedom.com\/pl\/?s={search_term_string}\"},\"query-input\":{\"@type\":\"PropertyValueSpecification\",\"valueRequired\":true,\"valueName\":\"search_term_string\"}}],\"inLanguage\":\"pl-PL\"},{\"@type\":\"Organization\",\"@id\":\"https:\/\/www.tedom.com\/pl\/#organization\",\"name\":\"TEDOM a. s.\",\"url\":\"https:\/\/www.tedom.com\/pl\/\",\"logo\":{\"@type\":\"ImageObject\",\"inLanguage\":\"pl-PL\",\"@id\":\"https:\/\/www.tedom.com\/pl\/#\/schema\/logo\/image\/\",\"url\":\"https:\/\/www.tedom.com\/wp-content\/uploads\/2023\/11\/TEDOM_logotype_RGB-scaled.jpg\",\"contentUrl\":\"https:\/\/www.tedom.com\/wp-content\/uploads\/2023\/11\/TEDOM_logotype_RGB-scaled.jpg\",\"width\":2560,\"height\":654,\"caption\":\"TEDOM a. s.\"},\"image\":{\"@id\":\"https:\/\/www.tedom.com\/pl\/#\/schema\/logo\/image\/\"},\"sameAs\":[\"https:\/\/www.facebook.com\/tedom.cz\/\",\"https:\/\/x.com\/tedom_chp\",\"https:\/\/www.instagram.com\/tedom_a.s\/\",\"https:\/\/www.youtube.com\/channel\/UCEqr6fHr02vxVRVF_xtKZ2w\",\"https:\/\/www.linkedin.com\/company\/tedom-a-s-?originalSubdomain=cz\"]}]}<\/script>\n<!-- \/ Yoast SEO Premium plugin. -->","yoast_head_json":{"title":"Serwis TEDOM &#8211; TEDOM","description":"W Tedom k\u0142adziemy nacisk na d\u0142ugoterminowe i niezawodne dzia\u0142anie jednostek kogeneracyjnych. Przy dobrej konserwacji jednostki TEDOM maj\u0105 tendencj\u0119 do dzia\u0142ania przez wiele lat. Opr\u00f3cz regularnych przegl\u0105d\u00f3w, w razie potrzeby zapewniamy r\u00f3wnie\u017c szybk\u0105 i profesjonaln\u0105 interwencj\u0119 serwisow\u0105 przez zesp\u00f3\u0142 przeszkolonych i w pe\u0142ni wyposa\u017conych technik\u00f3w serwisowych.","robots":{"index":"index","follow":"follow","max-snippet":"max-snippet:-1","max-image-preview":"max-image-preview:large","max-video-preview":"max-video-preview:-1"},"canonical":"https:\/\/www.tedom.com\/pl\/servis\/","og_locale":"pl_PL","og_type":"article","og_title":"Serwis TEDOM","og_description":"W Tedom k\u0142adziemy nacisk na d\u0142ugoterminowe i niezawodne dzia\u0142anie jednostek kogeneracyjnych. Przy dobrej konserwacji jednostki TEDOM maj\u0105 tendencj\u0119 do dzia\u0142ania przez wiele lat. Opr\u00f3cz regularnych przegl\u0105d\u00f3w, w razie potrzeby zapewniamy r\u00f3wnie\u017c szybk\u0105 i profesjonaln\u0105 interwencj\u0119 serwisow\u0105 przez zesp\u00f3\u0142 przeszkolonych i w pe\u0142ni wyposa\u017conych technik\u00f3w serwisowych.","og_url":"https:\/\/www.tedom.com\/pl\/servis\/","og_site_name":"TEDOM","article_publisher":"https:\/\/www.facebook.com\/tedom.cz\/","article_modified_time":"2025-07-23T12:38:53+00:00","og_image":[{"width":3189,"height":1772,"url":"https:\/\/www.tedom.com\/wp-content\/uploads\/2024\/05\/CHP-Zasada-Oszczednosci.png","type":"image\/png"}],"twitter_card":"summary_large_image","twitter_site":"@tedom_chp","twitter_misc":{"Szacowany czas czytania":"1 minuta"},"schema":{"@context":"https:\/\/schema.org","@graph":[{"@type":"WebPage","@id":"https:\/\/www.tedom.com\/pl\/servis\/","url":"https:\/\/www.tedom.com\/pl\/servis\/","name":"Serwis TEDOM &#8211; TEDOM","isPartOf":{"@id":"https:\/\/www.tedom.com\/pl\/#website"},"primaryImageOfPage":{"@id":"https:\/\/www.tedom.com\/pl\/servis\/#primaryimage"},"image":{"@id":"https:\/\/www.tedom.com\/pl\/servis\/#primaryimage"},"thumbnailUrl":"https:\/\/www.tedom.com\/wp-content\/uploads\/2024\/05\/CHP-Zasada-Oszczednosci.png","datePublished":"2023-08-12T07:17:22+00:00","dateModified":"2025-07-23T12:38:53+00:00","description":"W Tedom k\u0142adziemy nacisk na d\u0142ugoterminowe i niezawodne dzia\u0142anie jednostek kogeneracyjnych. Przy dobrej konserwacji jednostki TEDOM maj\u0105 tendencj\u0119 do dzia\u0142ania przez wiele lat. Opr\u00f3cz regularnych przegl\u0105d\u00f3w, w razie potrzeby zapewniamy r\u00f3wnie\u017c szybk\u0105 i profesjonaln\u0105 interwencj\u0119 serwisow\u0105 przez zesp\u00f3\u0142 przeszkolonych i w pe\u0142ni wyposa\u017conych technik\u00f3w serwisowych.","breadcrumb":{"@id":"https:\/\/www.tedom.com\/pl\/servis\/#breadcrumb"},"inLanguage":"pl-PL","potentialAction":[{"@type":"ReadAction","target":["https:\/\/www.tedom.com\/pl\/servis\/"]}]},{"@type":"ImageObject","inLanguage":"pl-PL","@id":"https:\/\/www.tedom.com\/pl\/servis\/#primaryimage","url":"https:\/\/www.tedom.com\/wp-content\/uploads\/2024\/05\/CHP-Zasada-Oszczednosci.png","contentUrl":"https:\/\/www.tedom.com\/wp-content\/uploads\/2024\/05\/CHP-Zasada-Oszczednosci.png","width":3189,"height":1772},{"@type":"BreadcrumbList","@id":"https:\/\/www.tedom.com\/pl\/servis\/#breadcrumb","itemListElement":[{"@type":"ListItem","position":1,"name":"Home","item":"https:\/\/www.tedom.com\/pl\/home-page\/"},{"@type":"ListItem","position":2,"name":"Serwis TEDOM"}]},{"@type":"WebSite","@id":"https:\/\/www.tedom.com\/pl\/#website","url":"https:\/\/www.tedom.com\/pl\/","name":"TEDOM","description":"TEDOM se zab\u00fdv\u00e1 v\u00fdrobou kogenera\u010dn\u00edch jednotek, instalac\u00ed fotovoltaiky a poskytov\u00e1n\u00edm komplexn\u00edch slu\u017eeb pro modern\u00ed decentr\u00e1ln\u00ed energetiku.","publisher":{"@id":"https:\/\/www.tedom.com\/pl\/#organization"},"potentialAction":[{"@type":"SearchAction","target":{"@type":"EntryPoint","urlTemplate":"https:\/\/www.tedom.com\/pl\/?s={search_term_string}"},"query-input":{"@type":"PropertyValueSpecification","valueRequired":true,"valueName":"search_term_string"}}],"inLanguage":"pl-PL"},{"@type":"Organization","@id":"https:\/\/www.tedom.com\/pl\/#organization","name":"TEDOM a. s.","url":"https:\/\/www.tedom.com\/pl\/","logo":{"@type":"ImageObject","inLanguage":"pl-PL","@id":"https:\/\/www.tedom.com\/pl\/#\/schema\/logo\/image\/","url":"https:\/\/www.tedom.com\/wp-content\/uploads\/2023\/11\/TEDOM_logotype_RGB-scaled.jpg","contentUrl":"https:\/\/www.tedom.com\/wp-content\/uploads\/2023\/11\/TEDOM_logotype_RGB-scaled.jpg","width":2560,"height":654,"caption":"TEDOM a. s."},"image":{"@id":"https:\/\/www.tedom.com\/pl\/#\/schema\/logo\/image\/"},"sameAs":["https:\/\/www.facebook.com\/tedom.cz\/","https:\/\/x.com\/tedom_chp","https:\/\/www.instagram.com\/tedom_a.s\/","https:\/\/www.youtube.com\/channel\/UCEqr6fHr02vxVRVF_xtKZ2w","https:\/\/www.linkedin.com\/company\/tedom-a-s-?originalSubdomain=cz"]}]}},"_links":{"self":[{"href":"https:\/\/www.tedom.com\/pl\/wp-json\/wp\/v2\/pages\/11159","targetHints":{"allow":["GET"]}}],"collection":[{"href":"https:\/\/www.tedom.com\/pl\/wp-json\/wp\/v2\/pages"}],"about":[{"href":"https:\/\/www.tedom.com\/pl\/wp-json\/wp\/v2\/types\/page"}],"author":[{"embeddable":true,"href":"https:\/\/www.tedom.com\/pl\/wp-json\/wp\/v2\/users\/2"}],"replies":[{"embeddable":true,"href":"https:\/\/www.tedom.com\/pl\/wp-json\/wp\/v2\/comments?post=11159"}],"version-history":[{"count":42,"href":"https:\/\/www.tedom.com\/pl\/wp-json\/wp\/v2\/pages\/11159\/revisions"}],"predecessor-version":[{"id":24875,"href":"https:\/\/www.tedom.com\/pl\/wp-json\/wp\/v2\/pages\/11159\/revisions\/24875"}],"wp:featuredmedia":[{"embeddable":true,"href":"https:\/\/www.tedom.com\/pl\/wp-json\/wp\/v2\/media\/16293"}],"wp:attachment":[{"href":"https:\/\/www.tedom.com\/pl\/wp-json\/wp\/v2\/media?parent=11159"}],"curies":[{"name":"wp","href":"https:\/\/api.w.org\/{rel}","templated":true}]}}