{"id":9079,"date":"2023-08-08T17:29:03","date_gmt":"2023-08-08T15:29:03","guid":{"rendered":"https:\/\/www.tedom.com\/uvodni-strany\/"},"modified":"2025-01-22T12:07:48","modified_gmt":"2025-01-22T11:07:48","slug":"uvodni-strany","status":"publish","type":"page","link":"https:\/\/www.tedom.com\/en\/uvodni-strany\/","title":{"rendered":"Home page"},"content":{"rendered":"","protected":false},"excerpt":{"rendered":"","protected":false},"author":2,"featured_media":0,"parent":0,"menu_order":0,"comment_status":"closed","ping_status":"closed","template":"templates\/homepage.php","meta":{"_acf_changed":false,"footnotes":""},"class_list":["post-9079","page","type-page","status-publish","hentry"],"acf":[],"yoast_head":"<!-- This site is optimized with the Yoast SEO Premium plugin v24.6 (Yoast SEO v26.4) - https:\/\/yoast.com\/wordpress\/plugins\/seo\/ -->\n<title>TEDOM - Cogeneration, photovoltaics, energy services<\/title>\n<meta name=\"description\" content=\"TEDOM is engaged in the production of cogeneration units, installation of photovoltaics and providing comprehensive services for modern decentralised energy.\" \/>\n<meta name=\"robots\" content=\"index, follow, max-snippet:-1, max-image-preview:large, max-video-preview:-1\" \/>\n<link rel=\"canonical\" href=\"https:\/\/www.tedom.com\/en\/uvodni-strany\/\" \/>\n<meta property=\"og:locale\" content=\"en_US\" \/>\n<meta property=\"og:type\" content=\"article\" \/>\n<meta property=\"og:title\" content=\"Home page\" \/>\n<meta property=\"og:description\" content=\"TEDOM is engaged in the production of cogeneration units, installation of photovoltaics and providing comprehensive services for modern decentralised energy.\" \/>\n<meta property=\"og:url\" content=\"https:\/\/www.tedom.com\/en\/uvodni-strany\/\" \/>\n<meta property=\"og:site_name\" content=\"TEDOM\" \/>\n<meta property=\"article:publisher\" content=\"https:\/\/www.facebook.com\/tedom.cz\/\" \/>\n<meta property=\"article:modified_time\" content=\"2025-01-22T11:07:48+00:00\" \/>\n<meta name=\"twitter:card\" content=\"summary_large_image\" \/>\n<meta name=\"twitter:site\" content=\"@tedom_chp\" \/>\n<script type=\"application\/ld+json\" class=\"yoast-schema-graph\">{\"@context\":\"https:\/\/schema.org\",\"@graph\":[{\"@type\":\"WebPage\",\"@id\":\"https:\/\/www.tedom.com\/en\/uvodni-strany\/\",\"url\":\"https:\/\/www.tedom.com\/en\/uvodni-strany\/\",\"name\":\"TEDOM - Cogeneration, photovoltaics, energy services\",\"isPartOf\":{\"@id\":\"https:\/\/www.tedom.com\/en\/#website\"},\"datePublished\":\"2023-08-08T15:29:03+00:00\",\"dateModified\":\"2025-01-22T11:07:48+00:00\",\"description\":\"TEDOM is engaged in the production of cogeneration units, installation of photovoltaics and providing comprehensive services for modern decentralised energy.\",\"breadcrumb\":{\"@id\":\"https:\/\/www.tedom.com\/en\/uvodni-strany\/#breadcrumb\"},\"inLanguage\":\"en-US\",\"potentialAction\":[{\"@type\":\"ReadAction\",\"target\":[\"https:\/\/www.tedom.com\/en\/uvodni-strany\/\"]}]},{\"@type\":\"BreadcrumbList\",\"@id\":\"https:\/\/www.tedom.com\/en\/uvodni-strany\/#breadcrumb\",\"itemListElement\":[{\"@type\":\"ListItem\",\"position\":1,\"name\":\"Home\",\"item\":\"https:\/\/www.tedom.com\/en\/\"},{\"@type\":\"ListItem\",\"position\":2,\"name\":\"Home page\"}]},{\"@type\":\"WebSite\",\"@id\":\"https:\/\/www.tedom.com\/en\/#website\",\"url\":\"https:\/\/www.tedom.com\/en\/\",\"name\":\"TEDOM\",\"description\":\"TEDOM se zab\u00fdv\u00e1 v\u00fdrobou kogenera\u010dn\u00edch jednotek, instalac\u00ed fotovoltaiky a poskytov\u00e1n\u00edm komplexn\u00edch slu\u017eeb pro modern\u00ed decentr\u00e1ln\u00ed energetiku.\",\"publisher\":{\"@id\":\"https:\/\/www.tedom.com\/en\/#organization\"},\"potentialAction\":[{\"@type\":\"SearchAction\",\"target\":{\"@type\":\"EntryPoint\",\"urlTemplate\":\"https:\/\/www.tedom.com\/en\/?s={search_term_string}\"},\"query-input\":{\"@type\":\"PropertyValueSpecification\",\"valueRequired\":true,\"valueName\":\"search_term_string\"}}],\"inLanguage\":\"en-US\"},{\"@type\":\"Organization\",\"@id\":\"https:\/\/www.tedom.com\/en\/#organization\",\"name\":\"TEDOM a. s.\",\"url\":\"https:\/\/www.tedom.com\/en\/\",\"logo\":{\"@type\":\"ImageObject\",\"inLanguage\":\"en-US\",\"@id\":\"https:\/\/www.tedom.com\/en\/#\/schema\/logo\/image\/\",\"url\":\"https:\/\/www.tedom.com\/wp-content\/uploads\/2023\/11\/TEDOM_logotype_RGB-scaled.jpg\",\"contentUrl\":\"https:\/\/www.tedom.com\/wp-content\/uploads\/2023\/11\/TEDOM_logotype_RGB-scaled.jpg\",\"width\":2560,\"height\":654,\"caption\":\"TEDOM a. s.\"},\"image\":{\"@id\":\"https:\/\/www.tedom.com\/en\/#\/schema\/logo\/image\/\"},\"sameAs\":[\"https:\/\/www.facebook.com\/tedom.cz\/\",\"https:\/\/x.com\/tedom_chp\",\"https:\/\/www.instagram.com\/tedom_a.s\/\",\"https:\/\/www.youtube.com\/channel\/UCEqr6fHr02vxVRVF_xtKZ2w\",\"https:\/\/www.linkedin.com\/company\/tedom-a-s-?originalSubdomain=cz\"]}]}<\/script>\n<!-- \/ Yoast SEO Premium plugin. -->","yoast_head_json":{"title":"TEDOM - Cogeneration, photovoltaics, energy services","description":"TEDOM is engaged in the production of cogeneration units, installation of photovoltaics and providing comprehensive services for modern decentralised energy.","robots":{"index":"index","follow":"follow","max-snippet":"max-snippet:-1","max-image-preview":"max-image-preview:large","max-video-preview":"max-video-preview:-1"},"canonical":"https:\/\/www.tedom.com\/en\/uvodni-strany\/","og_locale":"en_US","og_type":"article","og_title":"Home page","og_description":"TEDOM is engaged in the production of cogeneration units, installation of photovoltaics and providing comprehensive services for modern decentralised energy.","og_url":"https:\/\/www.tedom.com\/en\/uvodni-strany\/","og_site_name":"TEDOM","article_publisher":"https:\/\/www.facebook.com\/tedom.cz\/","article_modified_time":"2025-01-22T11:07:48+00:00","twitter_card":"summary_large_image","twitter_site":"@tedom_chp","schema":{"@context":"https:\/\/schema.org","@graph":[{"@type":"WebPage","@id":"https:\/\/www.tedom.com\/en\/uvodni-strany\/","url":"https:\/\/www.tedom.com\/en\/uvodni-strany\/","name":"TEDOM - Cogeneration, photovoltaics, energy services","isPartOf":{"@id":"https:\/\/www.tedom.com\/en\/#website"},"datePublished":"2023-08-08T15:29:03+00:00","dateModified":"2025-01-22T11:07:48+00:00","description":"TEDOM is engaged in the production of cogeneration units, installation of photovoltaics and providing comprehensive services for modern decentralised energy.","breadcrumb":{"@id":"https:\/\/www.tedom.com\/en\/uvodni-strany\/#breadcrumb"},"inLanguage":"en-US","potentialAction":[{"@type":"ReadAction","target":["https:\/\/www.tedom.com\/en\/uvodni-strany\/"]}]},{"@type":"BreadcrumbList","@id":"https:\/\/www.tedom.com\/en\/uvodni-strany\/#breadcrumb","itemListElement":[{"@type":"ListItem","position":1,"name":"Home","item":"https:\/\/www.tedom.com\/en\/"},{"@type":"ListItem","position":2,"name":"Home page"}]},{"@type":"WebSite","@id":"https:\/\/www.tedom.com\/en\/#website","url":"https:\/\/www.tedom.com\/en\/","name":"TEDOM","description":"TEDOM se zab\u00fdv\u00e1 v\u00fdrobou kogenera\u010dn\u00edch jednotek, instalac\u00ed fotovoltaiky a poskytov\u00e1n\u00edm komplexn\u00edch slu\u017eeb pro modern\u00ed decentr\u00e1ln\u00ed energetiku.","publisher":{"@id":"https:\/\/www.tedom.com\/en\/#organization"},"potentialAction":[{"@type":"SearchAction","target":{"@type":"EntryPoint","urlTemplate":"https:\/\/www.tedom.com\/en\/?s={search_term_string}"},"query-input":{"@type":"PropertyValueSpecification","valueRequired":true,"valueName":"search_term_string"}}],"inLanguage":"en-US"},{"@type":"Organization","@id":"https:\/\/www.tedom.com\/en\/#organization","name":"TEDOM a. s.","url":"https:\/\/www.tedom.com\/en\/","logo":{"@type":"ImageObject","inLanguage":"en-US","@id":"https:\/\/www.tedom.com\/en\/#\/schema\/logo\/image\/","url":"https:\/\/www.tedom.com\/wp-content\/uploads\/2023\/11\/TEDOM_logotype_RGB-scaled.jpg","contentUrl":"https:\/\/www.tedom.com\/wp-content\/uploads\/2023\/11\/TEDOM_logotype_RGB-scaled.jpg","width":2560,"height":654,"caption":"TEDOM a. s."},"image":{"@id":"https:\/\/www.tedom.com\/en\/#\/schema\/logo\/image\/"},"sameAs":["https:\/\/www.facebook.com\/tedom.cz\/","https:\/\/x.com\/tedom_chp","https:\/\/www.instagram.com\/tedom_a.s\/","https:\/\/www.youtube.com\/channel\/UCEqr6fHr02vxVRVF_xtKZ2w","https:\/\/www.linkedin.com\/company\/tedom-a-s-?originalSubdomain=cz"]}]}},"_links":{"self":[{"href":"https:\/\/www.tedom.com\/en\/wp-json\/wp\/v2\/pages\/9079","targetHints":{"allow":["GET"]}}],"collection":[{"href":"https:\/\/www.tedom.com\/en\/wp-json\/wp\/v2\/pages"}],"about":[{"href":"https:\/\/www.tedom.com\/en\/wp-json\/wp\/v2\/types\/page"}],"author":[{"embeddable":true,"href":"https:\/\/www.tedom.com\/en\/wp-json\/wp\/v2\/users\/2"}],"replies":[{"embeddable":true,"href":"https:\/\/www.tedom.com\/en\/wp-json\/wp\/v2\/comments?post=9079"}],"version-history":[{"count":39,"href":"https:\/\/www.tedom.com\/en\/wp-json\/wp\/v2\/pages\/9079\/revisions"}],"predecessor-version":[{"id":21670,"href":"https:\/\/www.tedom.com\/en\/wp-json\/wp\/v2\/pages\/9079\/revisions\/21670"}],"wp:attachment":[{"href":"https:\/\/www.tedom.com\/en\/wp-json\/wp\/v2\/media?parent=9079"}],"curies":[{"name":"wp","href":"https:\/\/api.w.org\/{rel}","templated":true}]}}