{"id":9059,"date":"2023-08-24T18:57:31","date_gmt":"2023-08-24T16:57:31","guid":{"rendered":"https:\/\/www.tedom.com\/iso-certification\/"},"modified":"2025-06-26T09:12:22","modified_gmt":"2025-06-26T07:12:22","slug":"iso-certification","status":"publish","type":"page","link":"https:\/\/www.tedom.com\/en\/iso-certification\/","title":{"rendered":"ISO certification"},"content":{"rendered":"<p style=\"text-align: center;\">Our activity is selling energy-saving technologies (CHP units) and supplying heat and electrical energy with the highest possible efficiency during its generation. This is the contribution of the TEDOM a.s. product to the environment, namely saving the primary energy sources and reducing the greenhouse gas emissions.<\/p>\n<p style=\"text-align: center;\">TEDOM is also determined to fulfil the requirements and expectations of the customers concerning the quality of our services that it ensures. One of the main factors behind the successful activity of the company is systematic and transparent management of work at all stages. The success is above all driven by the implementation and maintenance of a control system, that focuses on permanently improving the activity and mutual fulfilment whilst respecting the needs and requirements of all the cooperating parties inside and outside the company.<\/p>\n","protected":false},"excerpt":{"rendered":"<p>Our activity is selling energy-saving technologies (CHP units) and supplying heat and electrical energy with the highest possible efficiency during its generation. This is the contribution of the TEDOM a.s. product to the environment, namely saving the primary energy sources and reducing the greenhouse gas emissions. TEDOM is also determined to fulfil the requirements and [&hellip;]<\/p>\n","protected":false},"author":2,"featured_media":0,"parent":0,"menu_order":0,"comment_status":"closed","ping_status":"closed","template":"templates\/Certifikace-ISO.php","meta":{"_acf_changed":false,"footnotes":""},"class_list":["post-9059","page","type-page","status-publish","hentry"],"acf":[],"yoast_head":"<!-- This site is optimized with the Yoast SEO Premium plugin v24.6 (Yoast SEO v26.4) - https:\/\/yoast.com\/wordpress\/plugins\/seo\/ -->\n<title>ISO certification &#8211; TEDOM<\/title>\n<meta name=\"description\" content=\"Our philosophy is the efficient and environmentally friendly use of fuels. We manufacture combined heat and power plants that are characterized by high efficiency and environmental friendliness. We have implemented a quality management system according to ISO 9001 standards and we also take care of environmental protection according to ISO 14001.\" \/>\n<meta name=\"robots\" content=\"index, follow, max-snippet:-1, max-image-preview:large, max-video-preview:-1\" \/>\n<link rel=\"canonical\" href=\"https:\/\/www.tedom.com\/en\/iso-certification\/\" \/>\n<meta property=\"og:locale\" content=\"en_US\" \/>\n<meta property=\"og:type\" content=\"article\" \/>\n<meta property=\"og:title\" content=\"ISO certification\" \/>\n<meta property=\"og:description\" content=\"Our philosophy is the efficient and environmentally friendly use of fuels. We manufacture combined heat and power plants that are characterized by high efficiency and environmental friendliness. We have implemented a quality management system according to ISO 9001 standards and we also take care of environmental protection according to ISO 14001.\" \/>\n<meta property=\"og:url\" content=\"https:\/\/www.tedom.com\/en\/iso-certification\/\" \/>\n<meta property=\"og:site_name\" content=\"TEDOM\" \/>\n<meta property=\"article:publisher\" content=\"https:\/\/www.facebook.com\/tedom.cz\/\" \/>\n<meta property=\"article:modified_time\" content=\"2025-06-26T07:12:22+00:00\" \/>\n<meta name=\"twitter:card\" content=\"summary_large_image\" \/>\n<meta name=\"twitter:site\" content=\"@tedom_chp\" \/>\n<meta name=\"twitter:label1\" content=\"Est. reading time\" \/>\n\t<meta name=\"twitter:data1\" content=\"1 minute\" \/>\n<script type=\"application\/ld+json\" class=\"yoast-schema-graph\">{\"@context\":\"https:\/\/schema.org\",\"@graph\":[{\"@type\":\"WebPage\",\"@id\":\"https:\/\/www.tedom.com\/en\/iso-certification\/\",\"url\":\"https:\/\/www.tedom.com\/en\/iso-certification\/\",\"name\":\"ISO certification &#8211; TEDOM\",\"isPartOf\":{\"@id\":\"https:\/\/www.tedom.com\/en\/#website\"},\"datePublished\":\"2023-08-24T16:57:31+00:00\",\"dateModified\":\"2025-06-26T07:12:22+00:00\",\"description\":\"Our philosophy is the efficient and environmentally friendly use of fuels. We manufacture combined heat and power plants that are characterized by high efficiency and environmental friendliness. We have implemented a quality management system according to ISO 9001 standards and we also take care of environmental protection according to ISO 14001.\",\"breadcrumb\":{\"@id\":\"https:\/\/www.tedom.com\/en\/iso-certification\/#breadcrumb\"},\"inLanguage\":\"en-US\",\"potentialAction\":[{\"@type\":\"ReadAction\",\"target\":[\"https:\/\/www.tedom.com\/en\/iso-certification\/\"]}]},{\"@type\":\"BreadcrumbList\",\"@id\":\"https:\/\/www.tedom.com\/en\/iso-certification\/#breadcrumb\",\"itemListElement\":[{\"@type\":\"ListItem\",\"position\":1,\"name\":\"Home\",\"item\":\"https:\/\/www.tedom.com\/en\/\"},{\"@type\":\"ListItem\",\"position\":2,\"name\":\"ISO certification\"}]},{\"@type\":\"WebSite\",\"@id\":\"https:\/\/www.tedom.com\/en\/#website\",\"url\":\"https:\/\/www.tedom.com\/en\/\",\"name\":\"TEDOM\",\"description\":\"TEDOM se zab\u00fdv\u00e1 v\u00fdrobou kogenera\u010dn\u00edch jednotek, instalac\u00ed fotovoltaiky a poskytov\u00e1n\u00edm komplexn\u00edch slu\u017eeb pro modern\u00ed decentr\u00e1ln\u00ed energetiku.\",\"publisher\":{\"@id\":\"https:\/\/www.tedom.com\/en\/#organization\"},\"potentialAction\":[{\"@type\":\"SearchAction\",\"target\":{\"@type\":\"EntryPoint\",\"urlTemplate\":\"https:\/\/www.tedom.com\/en\/?s={search_term_string}\"},\"query-input\":{\"@type\":\"PropertyValueSpecification\",\"valueRequired\":true,\"valueName\":\"search_term_string\"}}],\"inLanguage\":\"en-US\"},{\"@type\":\"Organization\",\"@id\":\"https:\/\/www.tedom.com\/en\/#organization\",\"name\":\"TEDOM a. s.\",\"url\":\"https:\/\/www.tedom.com\/en\/\",\"logo\":{\"@type\":\"ImageObject\",\"inLanguage\":\"en-US\",\"@id\":\"https:\/\/www.tedom.com\/en\/#\/schema\/logo\/image\/\",\"url\":\"https:\/\/www.tedom.com\/wp-content\/uploads\/2023\/11\/TEDOM_logotype_RGB-scaled.jpg\",\"contentUrl\":\"https:\/\/www.tedom.com\/wp-content\/uploads\/2023\/11\/TEDOM_logotype_RGB-scaled.jpg\",\"width\":2560,\"height\":654,\"caption\":\"TEDOM a. s.\"},\"image\":{\"@id\":\"https:\/\/www.tedom.com\/en\/#\/schema\/logo\/image\/\"},\"sameAs\":[\"https:\/\/www.facebook.com\/tedom.cz\/\",\"https:\/\/x.com\/tedom_chp\",\"https:\/\/www.instagram.com\/tedom_a.s\/\",\"https:\/\/www.youtube.com\/channel\/UCEqr6fHr02vxVRVF_xtKZ2w\",\"https:\/\/www.linkedin.com\/company\/tedom-a-s-?originalSubdomain=cz\"]}]}<\/script>\n<!-- \/ Yoast SEO Premium plugin. -->","yoast_head_json":{"title":"ISO certification &#8211; TEDOM","description":"Our philosophy is the efficient and environmentally friendly use of fuels. We manufacture combined heat and power plants that are characterized by high efficiency and environmental friendliness. We have implemented a quality management system according to ISO 9001 standards and we also take care of environmental protection according to ISO 14001.","robots":{"index":"index","follow":"follow","max-snippet":"max-snippet:-1","max-image-preview":"max-image-preview:large","max-video-preview":"max-video-preview:-1"},"canonical":"https:\/\/www.tedom.com\/en\/iso-certification\/","og_locale":"en_US","og_type":"article","og_title":"ISO certification","og_description":"Our philosophy is the efficient and environmentally friendly use of fuels. We manufacture combined heat and power plants that are characterized by high efficiency and environmental friendliness. We have implemented a quality management system according to ISO 9001 standards and we also take care of environmental protection according to ISO 14001.","og_url":"https:\/\/www.tedom.com\/en\/iso-certification\/","og_site_name":"TEDOM","article_publisher":"https:\/\/www.facebook.com\/tedom.cz\/","article_modified_time":"2025-06-26T07:12:22+00:00","twitter_card":"summary_large_image","twitter_site":"@tedom_chp","twitter_misc":{"Est. reading time":"1 minute"},"schema":{"@context":"https:\/\/schema.org","@graph":[{"@type":"WebPage","@id":"https:\/\/www.tedom.com\/en\/iso-certification\/","url":"https:\/\/www.tedom.com\/en\/iso-certification\/","name":"ISO certification &#8211; TEDOM","isPartOf":{"@id":"https:\/\/www.tedom.com\/en\/#website"},"datePublished":"2023-08-24T16:57:31+00:00","dateModified":"2025-06-26T07:12:22+00:00","description":"Our philosophy is the efficient and environmentally friendly use of fuels. We manufacture combined heat and power plants that are characterized by high efficiency and environmental friendliness. We have implemented a quality management system according to ISO 9001 standards and we also take care of environmental protection according to ISO 14001.","breadcrumb":{"@id":"https:\/\/www.tedom.com\/en\/iso-certification\/#breadcrumb"},"inLanguage":"en-US","potentialAction":[{"@type":"ReadAction","target":["https:\/\/www.tedom.com\/en\/iso-certification\/"]}]},{"@type":"BreadcrumbList","@id":"https:\/\/www.tedom.com\/en\/iso-certification\/#breadcrumb","itemListElement":[{"@type":"ListItem","position":1,"name":"Home","item":"https:\/\/www.tedom.com\/en\/"},{"@type":"ListItem","position":2,"name":"ISO certification"}]},{"@type":"WebSite","@id":"https:\/\/www.tedom.com\/en\/#website","url":"https:\/\/www.tedom.com\/en\/","name":"TEDOM","description":"TEDOM se zab\u00fdv\u00e1 v\u00fdrobou kogenera\u010dn\u00edch jednotek, instalac\u00ed fotovoltaiky a poskytov\u00e1n\u00edm komplexn\u00edch slu\u017eeb pro modern\u00ed decentr\u00e1ln\u00ed energetiku.","publisher":{"@id":"https:\/\/www.tedom.com\/en\/#organization"},"potentialAction":[{"@type":"SearchAction","target":{"@type":"EntryPoint","urlTemplate":"https:\/\/www.tedom.com\/en\/?s={search_term_string}"},"query-input":{"@type":"PropertyValueSpecification","valueRequired":true,"valueName":"search_term_string"}}],"inLanguage":"en-US"},{"@type":"Organization","@id":"https:\/\/www.tedom.com\/en\/#organization","name":"TEDOM a. s.","url":"https:\/\/www.tedom.com\/en\/","logo":{"@type":"ImageObject","inLanguage":"en-US","@id":"https:\/\/www.tedom.com\/en\/#\/schema\/logo\/image\/","url":"https:\/\/www.tedom.com\/wp-content\/uploads\/2023\/11\/TEDOM_logotype_RGB-scaled.jpg","contentUrl":"https:\/\/www.tedom.com\/wp-content\/uploads\/2023\/11\/TEDOM_logotype_RGB-scaled.jpg","width":2560,"height":654,"caption":"TEDOM a. s."},"image":{"@id":"https:\/\/www.tedom.com\/en\/#\/schema\/logo\/image\/"},"sameAs":["https:\/\/www.facebook.com\/tedom.cz\/","https:\/\/x.com\/tedom_chp","https:\/\/www.instagram.com\/tedom_a.s\/","https:\/\/www.youtube.com\/channel\/UCEqr6fHr02vxVRVF_xtKZ2w","https:\/\/www.linkedin.com\/company\/tedom-a-s-?originalSubdomain=cz"]}]}},"_links":{"self":[{"href":"https:\/\/www.tedom.com\/en\/wp-json\/wp\/v2\/pages\/9059","targetHints":{"allow":["GET"]}}],"collection":[{"href":"https:\/\/www.tedom.com\/en\/wp-json\/wp\/v2\/pages"}],"about":[{"href":"https:\/\/www.tedom.com\/en\/wp-json\/wp\/v2\/types\/page"}],"author":[{"embeddable":true,"href":"https:\/\/www.tedom.com\/en\/wp-json\/wp\/v2\/users\/2"}],"replies":[{"embeddable":true,"href":"https:\/\/www.tedom.com\/en\/wp-json\/wp\/v2\/comments?post=9059"}],"version-history":[{"count":10,"href":"https:\/\/www.tedom.com\/en\/wp-json\/wp\/v2\/pages\/9059\/revisions"}],"predecessor-version":[{"id":23971,"href":"https:\/\/www.tedom.com\/en\/wp-json\/wp\/v2\/pages\/9059\/revisions\/23971"}],"wp:attachment":[{"href":"https:\/\/www.tedom.com\/en\/wp-json\/wp\/v2\/media?parent=9059"}],"curies":[{"name":"wp","href":"https:\/\/api.w.org\/{rel}","templated":true}]}}