{"id":24669,"date":"2025-07-03T14:30:10","date_gmt":"2025-07-03T12:30:10","guid":{"rendered":"https:\/\/www.tedom.com\/?post_type=product&#038;p=24669"},"modified":"2025-07-03T14:32:46","modified_gmt":"2025-07-03T12:32:46","slug":"flexi-biogas","status":"publish","type":"product","link":"https:\/\/www.tedom.com\/de\/blockheizkraftwerke\/flexi-biogas\/","title":{"rendered":"Flexi"},"content":{"rendered":"<div class=\"text\">\n<p>Blockheizkraftwerke der Flexi-Reihe kommen in energetisch anspruchsvollen Geb\u00e4uden zum Einsatz \u2013 etwa in Krankenh\u00e4usern, Schulen, Hotels oder Industrieanlagen.<\/p>\n<p>Die <strong>modulare Bauweise<\/strong> erm\u00f6glicht eine passgenaue Anpassung an individuelle Anforderungen. Umfangreiche Funktionen stehen zur Auswahl \u2013 insbesondere die hohe Flexibilit\u00e4t und Konfigurierbarkeit machen diese Baureihe besonders vielseitig.<\/p>\n<\/div>\n","protected":false},"excerpt":{"rendered":"<p>Blockheizkraftwerke der Flexi-Reihe kommen in energetisch anspruchsvollen Geb\u00e4uden zum Einsatz \u2013 etwa in Krankenh\u00e4usern, Schulen, Hotels oder Industrieanlagen. Die modulare Bauweise erm\u00f6glicht eine passgenaue Anpassung an individuelle Anforderungen. Umfangreiche Funktionen stehen zur Auswahl \u2013 insbesondere die hohe Flexibilit\u00e4t und Konfigurierbarkeit machen diese Baureihe besonders vielseitig.<\/p>\n","protected":false},"featured_media":21988,"template":"","meta":{"_acf_changed":false},"product_brand":[],"product_cat":[541],"product_tag":[],"class_list":{"0":"post-24669","1":"product","2":"type-product","3":"status-publish","4":"has-post-thumbnail","6":"product_cat-cogeneration-de","8":"first","9":"instock","10":"sale","11":"virtual","12":"purchasable","13":"product-type-simple"},"acf":[],"yoast_head":"<!-- This site is optimized with the Yoast SEO Premium plugin v24.6 (Yoast SEO v26.4) - https:\/\/yoast.com\/wordpress\/plugins\/seo\/ -->\n<title>Flexi &#8211; TEDOM<\/title>\n<meta name=\"robots\" content=\"index, follow, max-snippet:-1, max-image-preview:large, max-video-preview:-1\" \/>\n<link rel=\"canonical\" href=\"https:\/\/www.tedom.com\/de\/blockheizkraftwerke\/flexi-biogas\/\" \/>\n<meta property=\"og:locale\" content=\"de_DE\" \/>\n<meta property=\"og:type\" content=\"article\" \/>\n<meta property=\"og:title\" content=\"Flexi\" \/>\n<meta property=\"og:description\" content=\"Blockheizkraftwerke der Flexi-Reihe kommen in energetisch anspruchsvollen Geb\u00e4uden zum Einsatz \u2013 etwa in Krankenh\u00e4usern, Schulen, Hotels oder Industrieanlagen. Die modulare Bauweise erm\u00f6glicht eine passgenaue Anpassung an individuelle Anforderungen. Umfangreiche Funktionen stehen zur Auswahl \u2013 insbesondere die hohe Flexibilit\u00e4t und Konfigurierbarkeit machen diese Baureihe besonders vielseitig.\" \/>\n<meta property=\"og:url\" content=\"https:\/\/www.tedom.com\/de\/blockheizkraftwerke\/flexi-biogas\/\" \/>\n<meta property=\"og:site_name\" content=\"TEDOM\" \/>\n<meta property=\"article:publisher\" content=\"https:\/\/www.facebook.com\/tedom.cz\/\" \/>\n<meta property=\"article:modified_time\" content=\"2025-07-03T12:32:46+00:00\" \/>\n<meta property=\"og:image\" content=\"https:\/\/www.tedom.com\/wp-content\/uploads\/2025\/02\/FLEXI-2-1024x768.png\" \/>\n\t<meta property=\"og:image:width\" content=\"1024\" \/>\n\t<meta property=\"og:image:height\" content=\"768\" \/>\n\t<meta property=\"og:image:type\" content=\"image\/png\" \/>\n<meta name=\"twitter:card\" content=\"summary_large_image\" \/>\n<meta name=\"twitter:site\" content=\"@tedom_chp\" \/>\n<meta name=\"twitter:label1\" content=\"Gesch\u00e4tzte Lesezeit\" \/>\n\t<meta name=\"twitter:data1\" content=\"1\u00a0Minute\" \/>\n<script type=\"application\/ld+json\" class=\"yoast-schema-graph\">{\"@context\":\"https:\/\/schema.org\",\"@graph\":[{\"@type\":\"WebPage\",\"@id\":\"https:\/\/www.tedom.com\/de\/blockheizkraftwerke\/flexi-biogas\/\",\"url\":\"https:\/\/www.tedom.com\/de\/blockheizkraftwerke\/flexi-biogas\/\",\"name\":\"Flexi &#8211; TEDOM\",\"isPartOf\":{\"@id\":\"https:\/\/www.tedom.com\/de\/#website\"},\"primaryImageOfPage\":{\"@id\":\"https:\/\/www.tedom.com\/de\/blockheizkraftwerke\/flexi-biogas\/#primaryimage\"},\"image\":{\"@id\":\"https:\/\/www.tedom.com\/de\/blockheizkraftwerke\/flexi-biogas\/#primaryimage\"},\"thumbnailUrl\":\"https:\/\/www.tedom.com\/wp-content\/uploads\/2025\/02\/FLEXI-2.png\",\"datePublished\":\"2025-07-03T12:30:10+00:00\",\"dateModified\":\"2025-07-03T12:32:46+00:00\",\"breadcrumb\":{\"@id\":\"https:\/\/www.tedom.com\/de\/blockheizkraftwerke\/flexi-biogas\/#breadcrumb\"},\"inLanguage\":\"de\",\"potentialAction\":[{\"@type\":\"ReadAction\",\"target\":[\"https:\/\/www.tedom.com\/de\/blockheizkraftwerke\/flexi-biogas\/\"]}]},{\"@type\":\"ImageObject\",\"inLanguage\":\"de\",\"@id\":\"https:\/\/www.tedom.com\/de\/blockheizkraftwerke\/flexi-biogas\/#primaryimage\",\"url\":\"https:\/\/www.tedom.com\/wp-content\/uploads\/2025\/02\/FLEXI-2.png\",\"contentUrl\":\"https:\/\/www.tedom.com\/wp-content\/uploads\/2025\/02\/FLEXI-2.png\",\"width\":2772,\"height\":2079},{\"@type\":\"BreadcrumbList\",\"@id\":\"https:\/\/www.tedom.com\/de\/blockheizkraftwerke\/flexi-biogas\/#breadcrumb\",\"itemListElement\":[{\"@type\":\"ListItem\",\"position\":1,\"name\":\"Home\",\"item\":\"https:\/\/www.tedom.com\/de\/\"},{\"@type\":\"ListItem\",\"position\":2,\"name\":\"Shop\",\"item\":\"https:\/\/www.tedom.com\/cs\/shop\/\"},{\"@type\":\"ListItem\",\"position\":3,\"name\":\"Flexi\"}]},{\"@type\":\"WebSite\",\"@id\":\"https:\/\/www.tedom.com\/de\/#website\",\"url\":\"https:\/\/www.tedom.com\/de\/\",\"name\":\"TEDOM\",\"description\":\"TEDOM se zab\u00fdv\u00e1 v\u00fdrobou kogenera\u010dn\u00edch jednotek, instalac\u00ed fotovoltaiky a poskytov\u00e1n\u00edm komplexn\u00edch slu\u017eeb pro modern\u00ed decentr\u00e1ln\u00ed energetiku.\",\"publisher\":{\"@id\":\"https:\/\/www.tedom.com\/de\/#organization\"},\"potentialAction\":[{\"@type\":\"SearchAction\",\"target\":{\"@type\":\"EntryPoint\",\"urlTemplate\":\"https:\/\/www.tedom.com\/de\/?s={search_term_string}\"},\"query-input\":{\"@type\":\"PropertyValueSpecification\",\"valueRequired\":true,\"valueName\":\"search_term_string\"}}],\"inLanguage\":\"de\"},{\"@type\":\"Organization\",\"@id\":\"https:\/\/www.tedom.com\/de\/#organization\",\"name\":\"TEDOM a. s.\",\"url\":\"https:\/\/www.tedom.com\/de\/\",\"logo\":{\"@type\":\"ImageObject\",\"inLanguage\":\"de\",\"@id\":\"https:\/\/www.tedom.com\/de\/#\/schema\/logo\/image\/\",\"url\":\"https:\/\/www.tedom.com\/wp-content\/uploads\/2023\/11\/TEDOM_logotype_RGB-scaled.jpg\",\"contentUrl\":\"https:\/\/www.tedom.com\/wp-content\/uploads\/2023\/11\/TEDOM_logotype_RGB-scaled.jpg\",\"width\":2560,\"height\":654,\"caption\":\"TEDOM a. s.\"},\"image\":{\"@id\":\"https:\/\/www.tedom.com\/de\/#\/schema\/logo\/image\/\"},\"sameAs\":[\"https:\/\/www.facebook.com\/tedom.cz\/\",\"https:\/\/x.com\/tedom_chp\",\"https:\/\/www.instagram.com\/tedom_a.s\/\",\"https:\/\/www.youtube.com\/channel\/UCEqr6fHr02vxVRVF_xtKZ2w\",\"https:\/\/www.linkedin.com\/company\/tedom-a-s-?originalSubdomain=cz\"]}]}<\/script>\n<!-- \/ Yoast SEO Premium plugin. -->","yoast_head_json":{"title":"Flexi &#8211; TEDOM","robots":{"index":"index","follow":"follow","max-snippet":"max-snippet:-1","max-image-preview":"max-image-preview:large","max-video-preview":"max-video-preview:-1"},"canonical":"https:\/\/www.tedom.com\/de\/blockheizkraftwerke\/flexi-biogas\/","og_locale":"de_DE","og_type":"article","og_title":"Flexi","og_description":"Blockheizkraftwerke der Flexi-Reihe kommen in energetisch anspruchsvollen Geb\u00e4uden zum Einsatz \u2013 etwa in Krankenh\u00e4usern, Schulen, Hotels oder Industrieanlagen. Die modulare Bauweise erm\u00f6glicht eine passgenaue Anpassung an individuelle Anforderungen. Umfangreiche Funktionen stehen zur Auswahl \u2013 insbesondere die hohe Flexibilit\u00e4t und Konfigurierbarkeit machen diese Baureihe besonders vielseitig.","og_url":"https:\/\/www.tedom.com\/de\/blockheizkraftwerke\/flexi-biogas\/","og_site_name":"TEDOM","article_publisher":"https:\/\/www.facebook.com\/tedom.cz\/","article_modified_time":"2025-07-03T12:32:46+00:00","og_image":[{"width":1024,"height":768,"url":"https:\/\/www.tedom.com\/wp-content\/uploads\/2025\/02\/FLEXI-2-1024x768.png","type":"image\/png"}],"twitter_card":"summary_large_image","twitter_site":"@tedom_chp","twitter_misc":{"Gesch\u00e4tzte Lesezeit":"1\u00a0Minute"},"schema":{"@context":"https:\/\/schema.org","@graph":[{"@type":"WebPage","@id":"https:\/\/www.tedom.com\/de\/blockheizkraftwerke\/flexi-biogas\/","url":"https:\/\/www.tedom.com\/de\/blockheizkraftwerke\/flexi-biogas\/","name":"Flexi &#8211; TEDOM","isPartOf":{"@id":"https:\/\/www.tedom.com\/de\/#website"},"primaryImageOfPage":{"@id":"https:\/\/www.tedom.com\/de\/blockheizkraftwerke\/flexi-biogas\/#primaryimage"},"image":{"@id":"https:\/\/www.tedom.com\/de\/blockheizkraftwerke\/flexi-biogas\/#primaryimage"},"thumbnailUrl":"https:\/\/www.tedom.com\/wp-content\/uploads\/2025\/02\/FLEXI-2.png","datePublished":"2025-07-03T12:30:10+00:00","dateModified":"2025-07-03T12:32:46+00:00","breadcrumb":{"@id":"https:\/\/www.tedom.com\/de\/blockheizkraftwerke\/flexi-biogas\/#breadcrumb"},"inLanguage":"de","potentialAction":[{"@type":"ReadAction","target":["https:\/\/www.tedom.com\/de\/blockheizkraftwerke\/flexi-biogas\/"]}]},{"@type":"ImageObject","inLanguage":"de","@id":"https:\/\/www.tedom.com\/de\/blockheizkraftwerke\/flexi-biogas\/#primaryimage","url":"https:\/\/www.tedom.com\/wp-content\/uploads\/2025\/02\/FLEXI-2.png","contentUrl":"https:\/\/www.tedom.com\/wp-content\/uploads\/2025\/02\/FLEXI-2.png","width":2772,"height":2079},{"@type":"BreadcrumbList","@id":"https:\/\/www.tedom.com\/de\/blockheizkraftwerke\/flexi-biogas\/#breadcrumb","itemListElement":[{"@type":"ListItem","position":1,"name":"Home","item":"https:\/\/www.tedom.com\/de\/"},{"@type":"ListItem","position":2,"name":"Shop","item":"https:\/\/www.tedom.com\/cs\/shop\/"},{"@type":"ListItem","position":3,"name":"Flexi"}]},{"@type":"WebSite","@id":"https:\/\/www.tedom.com\/de\/#website","url":"https:\/\/www.tedom.com\/de\/","name":"TEDOM","description":"TEDOM se zab\u00fdv\u00e1 v\u00fdrobou kogenera\u010dn\u00edch jednotek, instalac\u00ed fotovoltaiky a poskytov\u00e1n\u00edm komplexn\u00edch slu\u017eeb pro modern\u00ed decentr\u00e1ln\u00ed energetiku.","publisher":{"@id":"https:\/\/www.tedom.com\/de\/#organization"},"potentialAction":[{"@type":"SearchAction","target":{"@type":"EntryPoint","urlTemplate":"https:\/\/www.tedom.com\/de\/?s={search_term_string}"},"query-input":{"@type":"PropertyValueSpecification","valueRequired":true,"valueName":"search_term_string"}}],"inLanguage":"de"},{"@type":"Organization","@id":"https:\/\/www.tedom.com\/de\/#organization","name":"TEDOM a. s.","url":"https:\/\/www.tedom.com\/de\/","logo":{"@type":"ImageObject","inLanguage":"de","@id":"https:\/\/www.tedom.com\/de\/#\/schema\/logo\/image\/","url":"https:\/\/www.tedom.com\/wp-content\/uploads\/2023\/11\/TEDOM_logotype_RGB-scaled.jpg","contentUrl":"https:\/\/www.tedom.com\/wp-content\/uploads\/2023\/11\/TEDOM_logotype_RGB-scaled.jpg","width":2560,"height":654,"caption":"TEDOM a. s."},"image":{"@id":"https:\/\/www.tedom.com\/de\/#\/schema\/logo\/image\/"},"sameAs":["https:\/\/www.facebook.com\/tedom.cz\/","https:\/\/x.com\/tedom_chp","https:\/\/www.instagram.com\/tedom_a.s\/","https:\/\/www.youtube.com\/channel\/UCEqr6fHr02vxVRVF_xtKZ2w","https:\/\/www.linkedin.com\/company\/tedom-a-s-?originalSubdomain=cz"]}]}},"_links":{"self":[{"href":"https:\/\/www.tedom.com\/de\/wp-json\/wp\/v2\/product\/24669","targetHints":{"allow":["GET"]}}],"collection":[{"href":"https:\/\/www.tedom.com\/de\/wp-json\/wp\/v2\/product"}],"about":[{"href":"https:\/\/www.tedom.com\/de\/wp-json\/wp\/v2\/types\/product"}],"wp:featuredmedia":[{"embeddable":true,"href":"https:\/\/www.tedom.com\/de\/wp-json\/wp\/v2\/media\/21988"}],"wp:attachment":[{"href":"https:\/\/www.tedom.com\/de\/wp-json\/wp\/v2\/media?parent=24669"}],"wp:term":[{"taxonomy":"product_brand","embeddable":true,"href":"https:\/\/www.tedom.com\/de\/wp-json\/wp\/v2\/product_brand?post=24669"},{"taxonomy":"product_cat","embeddable":true,"href":"https:\/\/www.tedom.com\/de\/wp-json\/wp\/v2\/product_cat?post=24669"},{"taxonomy":"product_tag","embeddable":true,"href":"https:\/\/www.tedom.com\/de\/wp-json\/wp\/v2\/product_tag?post=24669"}],"curies":[{"name":"wp","href":"https:\/\/api.w.org\/{rel}","templated":true}]}}