{"id":24638,"date":"2025-07-03T14:21:38","date_gmt":"2025-07-03T12:21:38","guid":{"rendered":"https:\/\/www.tedom.com\/?post_type=product&#038;p=24638"},"modified":"2025-08-20T11:22:03","modified_gmt":"2025-08-20T09:22:03","slug":"maxi","status":"publish","type":"product","link":"https:\/\/www.tedom.com\/de\/blockheizkraftwerke\/maxi\/","title":{"rendered":"Maxi"},"content":{"rendered":"<p>Unsere MAXI-Baureihe besticht durch kompakte Bauweise und h\u00f6chste Wirkungsgrade und ist im Leistungsbereich von 800 bis 2.000 kW elektrisch verf\u00fcgbar. Diese Merkmale erm\u00f6glichen\u00a0Ihnen einen sicheren und wirtschaftlichen Betrieb.<\/p>\n<ul>\n<li>Zuverl\u00e4ssig<\/li>\n<li>Kompakt<\/li>\n<li>Hohe\u00a0Wirkungsgrade<\/li>\n<li>Bew\u00e4hrte mechanische Hauptkomponenten<\/li>\n<li>Kundenspezifische Einbaul\u00f6sungen<\/li>\n<\/ul>\n","protected":false},"excerpt":{"rendered":"<p>Unsere MAXI-Baureihe besticht durch kompakte Bauweise und h\u00f6chste Wirkungsgrade und ist im Leistungsbereich von 800 bis 2.000 kW elektrisch verf\u00fcgbar. Diese Merkmale erm\u00f6glichen\u00a0Ihnen einen sicheren und wirtschaftlichen Betrieb. Zuverl\u00e4ssig Kompakt Hohe\u00a0Wirkungsgrade Bew\u00e4hrte mechanische Hauptkomponenten Kundenspezifische Einbaul\u00f6sungen<\/p>\n","protected":false},"featured_media":24657,"template":"","meta":{"_acf_changed":false},"product_brand":[],"product_cat":[],"product_tag":[],"class_list":{"0":"post-24638","1":"product","2":"type-product","3":"status-publish","4":"has-post-thumbnail","7":"first","8":"instock","9":"shipping-taxable","10":"product-type-simple"},"acf":[],"yoast_head":"<!-- This site is optimized with the Yoast SEO Premium plugin v24.6 (Yoast SEO v26.4) - https:\/\/yoast.com\/wordpress\/plugins\/seo\/ -->\n<title>Maxi &#8211; TEDOM<\/title>\n<meta name=\"robots\" content=\"index, follow, max-snippet:-1, max-image-preview:large, max-video-preview:-1\" \/>\n<link rel=\"canonical\" href=\"https:\/\/www.tedom.com\/de\/blockheizkraftwerke\/maxi\/\" \/>\n<meta property=\"og:locale\" content=\"de_DE\" \/>\n<meta property=\"og:type\" content=\"article\" \/>\n<meta property=\"og:title\" content=\"Maxi\" \/>\n<meta property=\"og:description\" content=\"Unsere MAXI-Baureihe besticht durch kompakte Bauweise und h\u00f6chste Wirkungsgrade und ist im Leistungsbereich von 800 bis 2.000 kW elektrisch verf\u00fcgbar. Diese Merkmale erm\u00f6glichen\u00a0Ihnen einen sicheren und wirtschaftlichen Betrieb. Zuverl\u00e4ssig Kompakt Hohe\u00a0Wirkungsgrade Bew\u00e4hrte mechanische Hauptkomponenten Kundenspezifische Einbaul\u00f6sungen\" \/>\n<meta property=\"og:url\" content=\"https:\/\/www.tedom.com\/de\/blockheizkraftwerke\/maxi\/\" \/>\n<meta property=\"og:site_name\" content=\"TEDOM\" \/>\n<meta property=\"article:publisher\" content=\"https:\/\/www.facebook.com\/tedom.cz\/\" \/>\n<meta property=\"article:modified_time\" content=\"2025-08-20T09:22:03+00:00\" \/>\n<meta property=\"og:image\" content=\"https:\/\/www.tedom.com\/wp-content\/uploads\/2025\/07\/MAX-2-1-min.png\" \/>\n\t<meta property=\"og:image:width\" content=\"2560\" \/>\n\t<meta property=\"og:image:height\" content=\"1926\" \/>\n\t<meta property=\"og:image:type\" content=\"image\/png\" \/>\n<meta name=\"twitter:card\" content=\"summary_large_image\" \/>\n<meta name=\"twitter:site\" content=\"@tedom_chp\" \/>\n<meta name=\"twitter:label1\" content=\"Gesch\u00e4tzte Lesezeit\" \/>\n\t<meta name=\"twitter:data1\" content=\"1\u00a0Minute\" \/>\n<script type=\"application\/ld+json\" class=\"yoast-schema-graph\">{\"@context\":\"https:\/\/schema.org\",\"@graph\":[{\"@type\":\"WebPage\",\"@id\":\"https:\/\/www.tedom.com\/de\/blockheizkraftwerke\/maxi\/\",\"url\":\"https:\/\/www.tedom.com\/de\/blockheizkraftwerke\/maxi\/\",\"name\":\"Maxi &#8211; TEDOM\",\"isPartOf\":{\"@id\":\"https:\/\/www.tedom.com\/de\/#website\"},\"primaryImageOfPage\":{\"@id\":\"https:\/\/www.tedom.com\/de\/blockheizkraftwerke\/maxi\/#primaryimage\"},\"image\":{\"@id\":\"https:\/\/www.tedom.com\/de\/blockheizkraftwerke\/maxi\/#primaryimage\"},\"thumbnailUrl\":\"https:\/\/www.tedom.com\/wp-content\/uploads\/2025\/07\/MAX-2-1-min.png\",\"datePublished\":\"2025-07-03T12:21:38+00:00\",\"dateModified\":\"2025-08-20T09:22:03+00:00\",\"breadcrumb\":{\"@id\":\"https:\/\/www.tedom.com\/de\/blockheizkraftwerke\/maxi\/#breadcrumb\"},\"inLanguage\":\"de\",\"potentialAction\":[{\"@type\":\"ReadAction\",\"target\":[\"https:\/\/www.tedom.com\/de\/blockheizkraftwerke\/maxi\/\"]}]},{\"@type\":\"ImageObject\",\"inLanguage\":\"de\",\"@id\":\"https:\/\/www.tedom.com\/de\/blockheizkraftwerke\/maxi\/#primaryimage\",\"url\":\"https:\/\/www.tedom.com\/wp-content\/uploads\/2025\/07\/MAX-2-1-min.png\",\"contentUrl\":\"https:\/\/www.tedom.com\/wp-content\/uploads\/2025\/07\/MAX-2-1-min.png\",\"width\":2560,\"height\":1926},{\"@type\":\"BreadcrumbList\",\"@id\":\"https:\/\/www.tedom.com\/de\/blockheizkraftwerke\/maxi\/#breadcrumb\",\"itemListElement\":[{\"@type\":\"ListItem\",\"position\":1,\"name\":\"Home\",\"item\":\"https:\/\/www.tedom.com\/de\/\"},{\"@type\":\"ListItem\",\"position\":2,\"name\":\"Shop\",\"item\":\"https:\/\/www.tedom.com\/cs\/shop\/\"},{\"@type\":\"ListItem\",\"position\":3,\"name\":\"Maxi\"}]},{\"@type\":\"WebSite\",\"@id\":\"https:\/\/www.tedom.com\/de\/#website\",\"url\":\"https:\/\/www.tedom.com\/de\/\",\"name\":\"TEDOM\",\"description\":\"TEDOM se zab\u00fdv\u00e1 v\u00fdrobou kogenera\u010dn\u00edch jednotek, instalac\u00ed fotovoltaiky a poskytov\u00e1n\u00edm komplexn\u00edch slu\u017eeb pro modern\u00ed decentr\u00e1ln\u00ed energetiku.\",\"publisher\":{\"@id\":\"https:\/\/www.tedom.com\/de\/#organization\"},\"potentialAction\":[{\"@type\":\"SearchAction\",\"target\":{\"@type\":\"EntryPoint\",\"urlTemplate\":\"https:\/\/www.tedom.com\/de\/?s={search_term_string}\"},\"query-input\":{\"@type\":\"PropertyValueSpecification\",\"valueRequired\":true,\"valueName\":\"search_term_string\"}}],\"inLanguage\":\"de\"},{\"@type\":\"Organization\",\"@id\":\"https:\/\/www.tedom.com\/de\/#organization\",\"name\":\"TEDOM a. s.\",\"url\":\"https:\/\/www.tedom.com\/de\/\",\"logo\":{\"@type\":\"ImageObject\",\"inLanguage\":\"de\",\"@id\":\"https:\/\/www.tedom.com\/de\/#\/schema\/logo\/image\/\",\"url\":\"https:\/\/www.tedom.com\/wp-content\/uploads\/2023\/11\/TEDOM_logotype_RGB-scaled.jpg\",\"contentUrl\":\"https:\/\/www.tedom.com\/wp-content\/uploads\/2023\/11\/TEDOM_logotype_RGB-scaled.jpg\",\"width\":2560,\"height\":654,\"caption\":\"TEDOM a. s.\"},\"image\":{\"@id\":\"https:\/\/www.tedom.com\/de\/#\/schema\/logo\/image\/\"},\"sameAs\":[\"https:\/\/www.facebook.com\/tedom.cz\/\",\"https:\/\/x.com\/tedom_chp\",\"https:\/\/www.instagram.com\/tedom_a.s\/\",\"https:\/\/www.youtube.com\/channel\/UCEqr6fHr02vxVRVF_xtKZ2w\",\"https:\/\/www.linkedin.com\/company\/tedom-a-s-?originalSubdomain=cz\"]}]}<\/script>\n<!-- \/ Yoast SEO Premium plugin. -->","yoast_head_json":{"title":"Maxi &#8211; TEDOM","robots":{"index":"index","follow":"follow","max-snippet":"max-snippet:-1","max-image-preview":"max-image-preview:large","max-video-preview":"max-video-preview:-1"},"canonical":"https:\/\/www.tedom.com\/de\/blockheizkraftwerke\/maxi\/","og_locale":"de_DE","og_type":"article","og_title":"Maxi","og_description":"Unsere MAXI-Baureihe besticht durch kompakte Bauweise und h\u00f6chste Wirkungsgrade und ist im Leistungsbereich von 800 bis 2.000 kW elektrisch verf\u00fcgbar. Diese Merkmale erm\u00f6glichen\u00a0Ihnen einen sicheren und wirtschaftlichen Betrieb. Zuverl\u00e4ssig Kompakt Hohe\u00a0Wirkungsgrade Bew\u00e4hrte mechanische Hauptkomponenten Kundenspezifische Einbaul\u00f6sungen","og_url":"https:\/\/www.tedom.com\/de\/blockheizkraftwerke\/maxi\/","og_site_name":"TEDOM","article_publisher":"https:\/\/www.facebook.com\/tedom.cz\/","article_modified_time":"2025-08-20T09:22:03+00:00","og_image":[{"width":2560,"height":1926,"url":"https:\/\/www.tedom.com\/wp-content\/uploads\/2025\/07\/MAX-2-1-min.png","type":"image\/png"}],"twitter_card":"summary_large_image","twitter_site":"@tedom_chp","twitter_misc":{"Gesch\u00e4tzte Lesezeit":"1\u00a0Minute"},"schema":{"@context":"https:\/\/schema.org","@graph":[{"@type":"WebPage","@id":"https:\/\/www.tedom.com\/de\/blockheizkraftwerke\/maxi\/","url":"https:\/\/www.tedom.com\/de\/blockheizkraftwerke\/maxi\/","name":"Maxi &#8211; TEDOM","isPartOf":{"@id":"https:\/\/www.tedom.com\/de\/#website"},"primaryImageOfPage":{"@id":"https:\/\/www.tedom.com\/de\/blockheizkraftwerke\/maxi\/#primaryimage"},"image":{"@id":"https:\/\/www.tedom.com\/de\/blockheizkraftwerke\/maxi\/#primaryimage"},"thumbnailUrl":"https:\/\/www.tedom.com\/wp-content\/uploads\/2025\/07\/MAX-2-1-min.png","datePublished":"2025-07-03T12:21:38+00:00","dateModified":"2025-08-20T09:22:03+00:00","breadcrumb":{"@id":"https:\/\/www.tedom.com\/de\/blockheizkraftwerke\/maxi\/#breadcrumb"},"inLanguage":"de","potentialAction":[{"@type":"ReadAction","target":["https:\/\/www.tedom.com\/de\/blockheizkraftwerke\/maxi\/"]}]},{"@type":"ImageObject","inLanguage":"de","@id":"https:\/\/www.tedom.com\/de\/blockheizkraftwerke\/maxi\/#primaryimage","url":"https:\/\/www.tedom.com\/wp-content\/uploads\/2025\/07\/MAX-2-1-min.png","contentUrl":"https:\/\/www.tedom.com\/wp-content\/uploads\/2025\/07\/MAX-2-1-min.png","width":2560,"height":1926},{"@type":"BreadcrumbList","@id":"https:\/\/www.tedom.com\/de\/blockheizkraftwerke\/maxi\/#breadcrumb","itemListElement":[{"@type":"ListItem","position":1,"name":"Home","item":"https:\/\/www.tedom.com\/de\/"},{"@type":"ListItem","position":2,"name":"Shop","item":"https:\/\/www.tedom.com\/cs\/shop\/"},{"@type":"ListItem","position":3,"name":"Maxi"}]},{"@type":"WebSite","@id":"https:\/\/www.tedom.com\/de\/#website","url":"https:\/\/www.tedom.com\/de\/","name":"TEDOM","description":"TEDOM se zab\u00fdv\u00e1 v\u00fdrobou kogenera\u010dn\u00edch jednotek, instalac\u00ed fotovoltaiky a poskytov\u00e1n\u00edm komplexn\u00edch slu\u017eeb pro modern\u00ed decentr\u00e1ln\u00ed energetiku.","publisher":{"@id":"https:\/\/www.tedom.com\/de\/#organization"},"potentialAction":[{"@type":"SearchAction","target":{"@type":"EntryPoint","urlTemplate":"https:\/\/www.tedom.com\/de\/?s={search_term_string}"},"query-input":{"@type":"PropertyValueSpecification","valueRequired":true,"valueName":"search_term_string"}}],"inLanguage":"de"},{"@type":"Organization","@id":"https:\/\/www.tedom.com\/de\/#organization","name":"TEDOM a. s.","url":"https:\/\/www.tedom.com\/de\/","logo":{"@type":"ImageObject","inLanguage":"de","@id":"https:\/\/www.tedom.com\/de\/#\/schema\/logo\/image\/","url":"https:\/\/www.tedom.com\/wp-content\/uploads\/2023\/11\/TEDOM_logotype_RGB-scaled.jpg","contentUrl":"https:\/\/www.tedom.com\/wp-content\/uploads\/2023\/11\/TEDOM_logotype_RGB-scaled.jpg","width":2560,"height":654,"caption":"TEDOM a. s."},"image":{"@id":"https:\/\/www.tedom.com\/de\/#\/schema\/logo\/image\/"},"sameAs":["https:\/\/www.facebook.com\/tedom.cz\/","https:\/\/x.com\/tedom_chp","https:\/\/www.instagram.com\/tedom_a.s\/","https:\/\/www.youtube.com\/channel\/UCEqr6fHr02vxVRVF_xtKZ2w","https:\/\/www.linkedin.com\/company\/tedom-a-s-?originalSubdomain=cz"]}]}},"_links":{"self":[{"href":"https:\/\/www.tedom.com\/de\/wp-json\/wp\/v2\/product\/24638","targetHints":{"allow":["GET"]}}],"collection":[{"href":"https:\/\/www.tedom.com\/de\/wp-json\/wp\/v2\/product"}],"about":[{"href":"https:\/\/www.tedom.com\/de\/wp-json\/wp\/v2\/types\/product"}],"wp:featuredmedia":[{"embeddable":true,"href":"https:\/\/www.tedom.com\/de\/wp-json\/wp\/v2\/media\/24657"}],"wp:attachment":[{"href":"https:\/\/www.tedom.com\/de\/wp-json\/wp\/v2\/media?parent=24638"}],"wp:term":[{"taxonomy":"product_brand","embeddable":true,"href":"https:\/\/www.tedom.com\/de\/wp-json\/wp\/v2\/product_brand?post=24638"},{"taxonomy":"product_cat","embeddable":true,"href":"https:\/\/www.tedom.com\/de\/wp-json\/wp\/v2\/product_cat?post=24638"},{"taxonomy":"product_tag","embeddable":true,"href":"https:\/\/www.tedom.com\/de\/wp-json\/wp\/v2\/product_tag?post=24638"}],"curies":[{"name":"wp","href":"https:\/\/api.w.org\/{rel}","templated":true}]}}