{"id":20554,"date":"2023-08-18T19:02:56","date_gmt":"2023-08-18T17:02:56","guid":{"rendered":"https:\/\/www.tedom.com\/kogeneracni-jednotky\/cento\/"},"modified":"2025-07-04T11:34:34","modified_gmt":"2025-07-04T09:34:34","slug":"cento","status":"publish","type":"product","link":"https:\/\/www.tedom.com\/de\/blockheizkraftwerke\/cento\/","title":{"rendered":"Cento"},"content":{"rendered":"<div class=\"text\">\n<p>Blockheizkraftwerke der Baureihe Cento kommen vor allem in energieintensiven Geb\u00e4uden wie Krankenh\u00e4usern, Schulen, Hotels, Aquaparks oder Konferenzzentren zum Einsatz.<\/p>\n<p>Ein <strong>intelligenter Aufbau<\/strong>, variable Ausf\u00fchrungen und ein <strong>gro\u00dfer Leistungsbereich<\/strong> \u2013 all das erm\u00f6glicht es uns, unsere Aggregate \u00fcberall dort zu installieren, wo sie ben\u00f6tigt werden.<\/p>\n<\/div>\n","protected":false},"excerpt":{"rendered":"<p>Blockheizkraftwerke der Baureihe Cento kommen vor allem in energieintensiven Geb\u00e4uden wie Krankenh\u00e4usern, Schulen, Hotels, Aquaparks oder Konferenzzentren zum Einsatz. Ein intelligenter Aufbau, variable Ausf\u00fchrungen und ein gro\u00dfer Leistungsbereich \u2013 all das erm\u00f6glicht es uns, unsere Aggregate \u00fcberall dort zu installieren, wo sie ben\u00f6tigt werden.<\/p>\n","protected":false},"featured_media":21972,"template":"","meta":{"_acf_changed":false},"product_brand":[],"product_cat":[541],"product_tag":[],"class_list":{"0":"post-20554","1":"product","2":"type-product","3":"status-publish","4":"has-post-thumbnail","6":"product_cat-cogeneration-de","8":"first","9":"instock","10":"sale","11":"virtual","12":"purchasable","13":"product-type-simple"},"acf":[],"yoast_head":"<!-- This site is optimized with the Yoast SEO Premium plugin v24.6 (Yoast SEO v26.4) - https:\/\/yoast.com\/wordpress\/plugins\/seo\/ -->\n<title>Cento &#8211; TEDOM<\/title>\n<meta name=\"robots\" content=\"index, follow, max-snippet:-1, max-image-preview:large, max-video-preview:-1\" \/>\n<link rel=\"canonical\" href=\"https:\/\/www.tedom.com\/de\/blockheizkraftwerke\/cento\/\" \/>\n<meta property=\"og:locale\" content=\"de_DE\" \/>\n<meta property=\"og:type\" content=\"article\" \/>\n<meta property=\"og:title\" content=\"Cento\" \/>\n<meta property=\"og:description\" content=\"Blockheizkraftwerke der Baureihe Cento kommen vor allem in energieintensiven Geb\u00e4uden wie Krankenh\u00e4usern, Schulen, Hotels, Aquaparks oder Konferenzzentren zum Einsatz. Ein intelligenter Aufbau, variable Ausf\u00fchrungen und ein gro\u00dfer Leistungsbereich \u2013 all das erm\u00f6glicht es uns, unsere Aggregate \u00fcberall dort zu installieren, wo sie ben\u00f6tigt werden.\" \/>\n<meta property=\"og:url\" content=\"https:\/\/www.tedom.com\/de\/blockheizkraftwerke\/cento\/\" \/>\n<meta property=\"og:site_name\" content=\"TEDOM\" \/>\n<meta property=\"article:publisher\" content=\"https:\/\/www.facebook.com\/tedom.cz\/\" \/>\n<meta property=\"article:modified_time\" content=\"2025-07-04T09:34:34+00:00\" \/>\n<meta property=\"og:image\" content=\"https:\/\/www.tedom.com\/wp-content\/uploads\/2025\/02\/CENTO-2-1024x861.png\" \/>\n\t<meta property=\"og:image:width\" content=\"1024\" \/>\n\t<meta property=\"og:image:height\" content=\"861\" \/>\n\t<meta property=\"og:image:type\" content=\"image\/png\" \/>\n<meta name=\"twitter:card\" content=\"summary_large_image\" \/>\n<meta name=\"twitter:site\" content=\"@tedom_chp\" \/>\n<meta name=\"twitter:label1\" content=\"Gesch\u00e4tzte Lesezeit\" \/>\n\t<meta name=\"twitter:data1\" content=\"1\u00a0Minute\" \/>\n<script type=\"application\/ld+json\" class=\"yoast-schema-graph\">{\"@context\":\"https:\/\/schema.org\",\"@graph\":[{\"@type\":\"WebPage\",\"@id\":\"https:\/\/www.tedom.com\/de\/blockheizkraftwerke\/cento\/\",\"url\":\"https:\/\/www.tedom.com\/de\/blockheizkraftwerke\/cento\/\",\"name\":\"Cento &#8211; TEDOM\",\"isPartOf\":{\"@id\":\"https:\/\/www.tedom.com\/de\/#website\"},\"primaryImageOfPage\":{\"@id\":\"https:\/\/www.tedom.com\/de\/blockheizkraftwerke\/cento\/#primaryimage\"},\"image\":{\"@id\":\"https:\/\/www.tedom.com\/de\/blockheizkraftwerke\/cento\/#primaryimage\"},\"thumbnailUrl\":\"https:\/\/www.tedom.com\/wp-content\/uploads\/2025\/02\/CENTO-2.png\",\"datePublished\":\"2023-08-18T17:02:56+00:00\",\"dateModified\":\"2025-07-04T09:34:34+00:00\",\"breadcrumb\":{\"@id\":\"https:\/\/www.tedom.com\/de\/blockheizkraftwerke\/cento\/#breadcrumb\"},\"inLanguage\":\"de\",\"potentialAction\":[{\"@type\":\"ReadAction\",\"target\":[\"https:\/\/www.tedom.com\/de\/blockheizkraftwerke\/cento\/\"]}]},{\"@type\":\"ImageObject\",\"inLanguage\":\"de\",\"@id\":\"https:\/\/www.tedom.com\/de\/blockheizkraftwerke\/cento\/#primaryimage\",\"url\":\"https:\/\/www.tedom.com\/wp-content\/uploads\/2025\/02\/CENTO-2.png\",\"contentUrl\":\"https:\/\/www.tedom.com\/wp-content\/uploads\/2025\/02\/CENTO-2.png\",\"width\":2772,\"height\":2331},{\"@type\":\"BreadcrumbList\",\"@id\":\"https:\/\/www.tedom.com\/de\/blockheizkraftwerke\/cento\/#breadcrumb\",\"itemListElement\":[{\"@type\":\"ListItem\",\"position\":1,\"name\":\"Home\",\"item\":\"https:\/\/www.tedom.com\/de\/\"},{\"@type\":\"ListItem\",\"position\":2,\"name\":\"Shop\",\"item\":\"https:\/\/www.tedom.com\/cs\/shop\/\"},{\"@type\":\"ListItem\",\"position\":3,\"name\":\"Cento\"}]},{\"@type\":\"WebSite\",\"@id\":\"https:\/\/www.tedom.com\/de\/#website\",\"url\":\"https:\/\/www.tedom.com\/de\/\",\"name\":\"TEDOM\",\"description\":\"TEDOM se zab\u00fdv\u00e1 v\u00fdrobou kogenera\u010dn\u00edch jednotek, instalac\u00ed fotovoltaiky a poskytov\u00e1n\u00edm komplexn\u00edch slu\u017eeb pro modern\u00ed decentr\u00e1ln\u00ed energetiku.\",\"publisher\":{\"@id\":\"https:\/\/www.tedom.com\/de\/#organization\"},\"potentialAction\":[{\"@type\":\"SearchAction\",\"target\":{\"@type\":\"EntryPoint\",\"urlTemplate\":\"https:\/\/www.tedom.com\/de\/?s={search_term_string}\"},\"query-input\":{\"@type\":\"PropertyValueSpecification\",\"valueRequired\":true,\"valueName\":\"search_term_string\"}}],\"inLanguage\":\"de\"},{\"@type\":\"Organization\",\"@id\":\"https:\/\/www.tedom.com\/de\/#organization\",\"name\":\"TEDOM a. s.\",\"url\":\"https:\/\/www.tedom.com\/de\/\",\"logo\":{\"@type\":\"ImageObject\",\"inLanguage\":\"de\",\"@id\":\"https:\/\/www.tedom.com\/de\/#\/schema\/logo\/image\/\",\"url\":\"https:\/\/www.tedom.com\/wp-content\/uploads\/2023\/11\/TEDOM_logotype_RGB-scaled.jpg\",\"contentUrl\":\"https:\/\/www.tedom.com\/wp-content\/uploads\/2023\/11\/TEDOM_logotype_RGB-scaled.jpg\",\"width\":2560,\"height\":654,\"caption\":\"TEDOM a. s.\"},\"image\":{\"@id\":\"https:\/\/www.tedom.com\/de\/#\/schema\/logo\/image\/\"},\"sameAs\":[\"https:\/\/www.facebook.com\/tedom.cz\/\",\"https:\/\/x.com\/tedom_chp\",\"https:\/\/www.instagram.com\/tedom_a.s\/\",\"https:\/\/www.youtube.com\/channel\/UCEqr6fHr02vxVRVF_xtKZ2w\",\"https:\/\/www.linkedin.com\/company\/tedom-a-s-?originalSubdomain=cz\"]}]}<\/script>\n<!-- \/ Yoast SEO Premium plugin. -->","yoast_head_json":{"title":"Cento &#8211; TEDOM","robots":{"index":"index","follow":"follow","max-snippet":"max-snippet:-1","max-image-preview":"max-image-preview:large","max-video-preview":"max-video-preview:-1"},"canonical":"https:\/\/www.tedom.com\/de\/blockheizkraftwerke\/cento\/","og_locale":"de_DE","og_type":"article","og_title":"Cento","og_description":"Blockheizkraftwerke der Baureihe Cento kommen vor allem in energieintensiven Geb\u00e4uden wie Krankenh\u00e4usern, Schulen, Hotels, Aquaparks oder Konferenzzentren zum Einsatz. Ein intelligenter Aufbau, variable Ausf\u00fchrungen und ein gro\u00dfer Leistungsbereich \u2013 all das erm\u00f6glicht es uns, unsere Aggregate \u00fcberall dort zu installieren, wo sie ben\u00f6tigt werden.","og_url":"https:\/\/www.tedom.com\/de\/blockheizkraftwerke\/cento\/","og_site_name":"TEDOM","article_publisher":"https:\/\/www.facebook.com\/tedom.cz\/","article_modified_time":"2025-07-04T09:34:34+00:00","og_image":[{"width":1024,"height":861,"url":"https:\/\/www.tedom.com\/wp-content\/uploads\/2025\/02\/CENTO-2-1024x861.png","type":"image\/png"}],"twitter_card":"summary_large_image","twitter_site":"@tedom_chp","twitter_misc":{"Gesch\u00e4tzte Lesezeit":"1\u00a0Minute"},"schema":{"@context":"https:\/\/schema.org","@graph":[{"@type":"WebPage","@id":"https:\/\/www.tedom.com\/de\/blockheizkraftwerke\/cento\/","url":"https:\/\/www.tedom.com\/de\/blockheizkraftwerke\/cento\/","name":"Cento &#8211; TEDOM","isPartOf":{"@id":"https:\/\/www.tedom.com\/de\/#website"},"primaryImageOfPage":{"@id":"https:\/\/www.tedom.com\/de\/blockheizkraftwerke\/cento\/#primaryimage"},"image":{"@id":"https:\/\/www.tedom.com\/de\/blockheizkraftwerke\/cento\/#primaryimage"},"thumbnailUrl":"https:\/\/www.tedom.com\/wp-content\/uploads\/2025\/02\/CENTO-2.png","datePublished":"2023-08-18T17:02:56+00:00","dateModified":"2025-07-04T09:34:34+00:00","breadcrumb":{"@id":"https:\/\/www.tedom.com\/de\/blockheizkraftwerke\/cento\/#breadcrumb"},"inLanguage":"de","potentialAction":[{"@type":"ReadAction","target":["https:\/\/www.tedom.com\/de\/blockheizkraftwerke\/cento\/"]}]},{"@type":"ImageObject","inLanguage":"de","@id":"https:\/\/www.tedom.com\/de\/blockheizkraftwerke\/cento\/#primaryimage","url":"https:\/\/www.tedom.com\/wp-content\/uploads\/2025\/02\/CENTO-2.png","contentUrl":"https:\/\/www.tedom.com\/wp-content\/uploads\/2025\/02\/CENTO-2.png","width":2772,"height":2331},{"@type":"BreadcrumbList","@id":"https:\/\/www.tedom.com\/de\/blockheizkraftwerke\/cento\/#breadcrumb","itemListElement":[{"@type":"ListItem","position":1,"name":"Home","item":"https:\/\/www.tedom.com\/de\/"},{"@type":"ListItem","position":2,"name":"Shop","item":"https:\/\/www.tedom.com\/cs\/shop\/"},{"@type":"ListItem","position":3,"name":"Cento"}]},{"@type":"WebSite","@id":"https:\/\/www.tedom.com\/de\/#website","url":"https:\/\/www.tedom.com\/de\/","name":"TEDOM","description":"TEDOM se zab\u00fdv\u00e1 v\u00fdrobou kogenera\u010dn\u00edch jednotek, instalac\u00ed fotovoltaiky a poskytov\u00e1n\u00edm komplexn\u00edch slu\u017eeb pro modern\u00ed decentr\u00e1ln\u00ed energetiku.","publisher":{"@id":"https:\/\/www.tedom.com\/de\/#organization"},"potentialAction":[{"@type":"SearchAction","target":{"@type":"EntryPoint","urlTemplate":"https:\/\/www.tedom.com\/de\/?s={search_term_string}"},"query-input":{"@type":"PropertyValueSpecification","valueRequired":true,"valueName":"search_term_string"}}],"inLanguage":"de"},{"@type":"Organization","@id":"https:\/\/www.tedom.com\/de\/#organization","name":"TEDOM a. s.","url":"https:\/\/www.tedom.com\/de\/","logo":{"@type":"ImageObject","inLanguage":"de","@id":"https:\/\/www.tedom.com\/de\/#\/schema\/logo\/image\/","url":"https:\/\/www.tedom.com\/wp-content\/uploads\/2023\/11\/TEDOM_logotype_RGB-scaled.jpg","contentUrl":"https:\/\/www.tedom.com\/wp-content\/uploads\/2023\/11\/TEDOM_logotype_RGB-scaled.jpg","width":2560,"height":654,"caption":"TEDOM a. s."},"image":{"@id":"https:\/\/www.tedom.com\/de\/#\/schema\/logo\/image\/"},"sameAs":["https:\/\/www.facebook.com\/tedom.cz\/","https:\/\/x.com\/tedom_chp","https:\/\/www.instagram.com\/tedom_a.s\/","https:\/\/www.youtube.com\/channel\/UCEqr6fHr02vxVRVF_xtKZ2w","https:\/\/www.linkedin.com\/company\/tedom-a-s-?originalSubdomain=cz"]}]}},"_links":{"self":[{"href":"https:\/\/www.tedom.com\/de\/wp-json\/wp\/v2\/product\/20554","targetHints":{"allow":["GET"]}}],"collection":[{"href":"https:\/\/www.tedom.com\/de\/wp-json\/wp\/v2\/product"}],"about":[{"href":"https:\/\/www.tedom.com\/de\/wp-json\/wp\/v2\/types\/product"}],"wp:featuredmedia":[{"embeddable":true,"href":"https:\/\/www.tedom.com\/de\/wp-json\/wp\/v2\/media\/21972"}],"wp:attachment":[{"href":"https:\/\/www.tedom.com\/de\/wp-json\/wp\/v2\/media?parent=20554"}],"wp:term":[{"taxonomy":"product_brand","embeddable":true,"href":"https:\/\/www.tedom.com\/de\/wp-json\/wp\/v2\/product_brand?post=20554"},{"taxonomy":"product_cat","embeddable":true,"href":"https:\/\/www.tedom.com\/de\/wp-json\/wp\/v2\/product_cat?post=20554"},{"taxonomy":"product_tag","embeddable":true,"href":"https:\/\/www.tedom.com\/de\/wp-json\/wp\/v2\/product_tag?post=20554"}],"curies":[{"name":"wp","href":"https:\/\/api.w.org\/{rel}","templated":true}]}}