{"id":20550,"date":"2023-08-11T04:38:30","date_gmt":"2023-08-11T02:38:30","guid":{"rendered":"https:\/\/www.tedom.com\/kogeneracni-jednotky\/micro\/"},"modified":"2025-07-04T11:34:11","modified_gmt":"2025-07-04T09:34:11","slug":"micro","status":"publish","type":"product","link":"https:\/\/www.tedom.com\/de\/blockheizkraftwerke\/micro\/","title":{"rendered":"Micro"},"content":{"rendered":"\r\n<p>Die Installation oder der Austausch von Anlagentechnik in Geb\u00e4udetechnikr\u00e4umen ist oft eine Herausforderung \u2013 vor allem wegen begrenzter Zug\u00e4nge. Bei der Entwicklung unserer BHKW-Baureihe Micro haben wir diese Anforderungen gezielt ber\u00fccksichtigt.<\/p>\r\n<p>Dank ihres kompakten Aufbaus lassen sich unsere Anlagen selbst in engen Technikr\u00e4umen problemlos installieren \u2013 <strong>schnell und effizient<\/strong>. Auch f\u00fcr die Wartung wird nur wenig Platz ben\u00f6tigt.<\/p>\r\n","protected":false},"excerpt":{"rendered":"<p>Die Installation oder der Austausch von Anlagentechnik in Geb\u00e4udetechnikr\u00e4umen ist oft eine Herausforderung \u2013 vor allem wegen begrenzter Zug\u00e4nge. Bei der Entwicklung unserer BHKW-Baureihe Micro haben wir diese Anforderungen gezielt ber\u00fccksichtigt. Dank ihres kompakten Aufbaus lassen sich unsere Anlagen selbst in engen Technikr\u00e4umen problemlos installieren \u2013 schnell und effizient. Auch f\u00fcr die Wartung wird nur [&hellip;]<\/p>\n","protected":false},"featured_media":21940,"template":"","meta":{"_acf_changed":false},"product_brand":[],"product_cat":[541],"product_tag":[],"class_list":{"0":"post-20550","1":"product","2":"type-product","3":"status-publish","4":"has-post-thumbnail","6":"product_cat-cogeneration-de","8":"first","9":"instock","10":"sale","11":"virtual","12":"purchasable","13":"product-type-simple"},"acf":[],"yoast_head":"<!-- This site is optimized with the Yoast SEO Premium plugin v24.6 (Yoast SEO v26.4) - https:\/\/yoast.com\/wordpress\/plugins\/seo\/ -->\n<title>Micro &#8211; TEDOM<\/title>\n<meta name=\"robots\" content=\"index, follow, max-snippet:-1, max-image-preview:large, max-video-preview:-1\" \/>\n<link rel=\"canonical\" href=\"https:\/\/www.tedom.com\/de\/blockheizkraftwerke\/micro\/\" \/>\n<meta property=\"og:locale\" content=\"de_DE\" \/>\n<meta property=\"og:type\" content=\"article\" \/>\n<meta property=\"og:title\" content=\"Micro\" \/>\n<meta property=\"og:description\" content=\"Die Installation oder der Austausch von Anlagentechnik in Geb\u00e4udetechnikr\u00e4umen ist oft eine Herausforderung \u2013 vor allem wegen begrenzter Zug\u00e4nge. Bei der Entwicklung unserer BHKW-Baureihe Micro haben wir diese Anforderungen gezielt ber\u00fccksichtigt. Dank ihres kompakten Aufbaus lassen sich unsere Anlagen selbst in engen Technikr\u00e4umen problemlos installieren \u2013 schnell und effizient. Auch f\u00fcr die Wartung wird nur [&hellip;]\" \/>\n<meta property=\"og:url\" content=\"https:\/\/www.tedom.com\/de\/blockheizkraftwerke\/micro\/\" \/>\n<meta property=\"og:site_name\" content=\"TEDOM\" \/>\n<meta property=\"article:publisher\" content=\"https:\/\/www.facebook.com\/tedom.cz\/\" \/>\n<meta property=\"article:modified_time\" content=\"2025-07-04T09:34:11+00:00\" \/>\n<meta property=\"og:image\" content=\"https:\/\/www.tedom.com\/wp-content\/uploads\/2025\/02\/MICRO-2.png\" \/>\n\t<meta property=\"og:image:width\" content=\"2362\" \/>\n\t<meta property=\"og:image:height\" content=\"1969\" \/>\n\t<meta property=\"og:image:type\" content=\"image\/png\" \/>\n<meta name=\"twitter:card\" content=\"summary_large_image\" \/>\n<meta name=\"twitter:site\" content=\"@tedom_chp\" \/>\n<meta name=\"twitter:label1\" content=\"Gesch\u00e4tzte Lesezeit\" \/>\n\t<meta name=\"twitter:data1\" content=\"1\u00a0Minute\" \/>\n<script type=\"application\/ld+json\" class=\"yoast-schema-graph\">{\"@context\":\"https:\/\/schema.org\",\"@graph\":[{\"@type\":\"WebPage\",\"@id\":\"https:\/\/www.tedom.com\/de\/blockheizkraftwerke\/micro\/\",\"url\":\"https:\/\/www.tedom.com\/de\/blockheizkraftwerke\/micro\/\",\"name\":\"Micro &#8211; TEDOM\",\"isPartOf\":{\"@id\":\"https:\/\/www.tedom.com\/de\/#website\"},\"primaryImageOfPage\":{\"@id\":\"https:\/\/www.tedom.com\/de\/blockheizkraftwerke\/micro\/#primaryimage\"},\"image\":{\"@id\":\"https:\/\/www.tedom.com\/de\/blockheizkraftwerke\/micro\/#primaryimage\"},\"thumbnailUrl\":\"https:\/\/www.tedom.com\/wp-content\/uploads\/2025\/02\/MICRO-2.png\",\"datePublished\":\"2023-08-11T02:38:30+00:00\",\"dateModified\":\"2025-07-04T09:34:11+00:00\",\"breadcrumb\":{\"@id\":\"https:\/\/www.tedom.com\/de\/blockheizkraftwerke\/micro\/#breadcrumb\"},\"inLanguage\":\"de\",\"potentialAction\":[{\"@type\":\"ReadAction\",\"target\":[\"https:\/\/www.tedom.com\/de\/blockheizkraftwerke\/micro\/\"]}]},{\"@type\":\"ImageObject\",\"inLanguage\":\"de\",\"@id\":\"https:\/\/www.tedom.com\/de\/blockheizkraftwerke\/micro\/#primaryimage\",\"url\":\"https:\/\/www.tedom.com\/wp-content\/uploads\/2025\/02\/MICRO-2.png\",\"contentUrl\":\"https:\/\/www.tedom.com\/wp-content\/uploads\/2025\/02\/MICRO-2.png\",\"width\":2362,\"height\":1969},{\"@type\":\"BreadcrumbList\",\"@id\":\"https:\/\/www.tedom.com\/de\/blockheizkraftwerke\/micro\/#breadcrumb\",\"itemListElement\":[{\"@type\":\"ListItem\",\"position\":1,\"name\":\"Home\",\"item\":\"https:\/\/www.tedom.com\/de\/\"},{\"@type\":\"ListItem\",\"position\":2,\"name\":\"Shop\",\"item\":\"https:\/\/www.tedom.com\/cs\/shop\/\"},{\"@type\":\"ListItem\",\"position\":3,\"name\":\"Micro\"}]},{\"@type\":\"WebSite\",\"@id\":\"https:\/\/www.tedom.com\/de\/#website\",\"url\":\"https:\/\/www.tedom.com\/de\/\",\"name\":\"TEDOM\",\"description\":\"TEDOM se zab\u00fdv\u00e1 v\u00fdrobou kogenera\u010dn\u00edch jednotek, instalac\u00ed fotovoltaiky a poskytov\u00e1n\u00edm komplexn\u00edch slu\u017eeb pro modern\u00ed decentr\u00e1ln\u00ed energetiku.\",\"publisher\":{\"@id\":\"https:\/\/www.tedom.com\/de\/#organization\"},\"potentialAction\":[{\"@type\":\"SearchAction\",\"target\":{\"@type\":\"EntryPoint\",\"urlTemplate\":\"https:\/\/www.tedom.com\/de\/?s={search_term_string}\"},\"query-input\":{\"@type\":\"PropertyValueSpecification\",\"valueRequired\":true,\"valueName\":\"search_term_string\"}}],\"inLanguage\":\"de\"},{\"@type\":\"Organization\",\"@id\":\"https:\/\/www.tedom.com\/de\/#organization\",\"name\":\"TEDOM a. s.\",\"url\":\"https:\/\/www.tedom.com\/de\/\",\"logo\":{\"@type\":\"ImageObject\",\"inLanguage\":\"de\",\"@id\":\"https:\/\/www.tedom.com\/de\/#\/schema\/logo\/image\/\",\"url\":\"https:\/\/www.tedom.com\/wp-content\/uploads\/2023\/11\/TEDOM_logotype_RGB-scaled.jpg\",\"contentUrl\":\"https:\/\/www.tedom.com\/wp-content\/uploads\/2023\/11\/TEDOM_logotype_RGB-scaled.jpg\",\"width\":2560,\"height\":654,\"caption\":\"TEDOM a. s.\"},\"image\":{\"@id\":\"https:\/\/www.tedom.com\/de\/#\/schema\/logo\/image\/\"},\"sameAs\":[\"https:\/\/www.facebook.com\/tedom.cz\/\",\"https:\/\/x.com\/tedom_chp\",\"https:\/\/www.instagram.com\/tedom_a.s\/\",\"https:\/\/www.youtube.com\/channel\/UCEqr6fHr02vxVRVF_xtKZ2w\",\"https:\/\/www.linkedin.com\/company\/tedom-a-s-?originalSubdomain=cz\"]}]}<\/script>\n<!-- \/ Yoast SEO Premium plugin. -->","yoast_head_json":{"title":"Micro &#8211; TEDOM","robots":{"index":"index","follow":"follow","max-snippet":"max-snippet:-1","max-image-preview":"max-image-preview:large","max-video-preview":"max-video-preview:-1"},"canonical":"https:\/\/www.tedom.com\/de\/blockheizkraftwerke\/micro\/","og_locale":"de_DE","og_type":"article","og_title":"Micro","og_description":"Die Installation oder der Austausch von Anlagentechnik in Geb\u00e4udetechnikr\u00e4umen ist oft eine Herausforderung \u2013 vor allem wegen begrenzter Zug\u00e4nge. Bei der Entwicklung unserer BHKW-Baureihe Micro haben wir diese Anforderungen gezielt ber\u00fccksichtigt. Dank ihres kompakten Aufbaus lassen sich unsere Anlagen selbst in engen Technikr\u00e4umen problemlos installieren \u2013 schnell und effizient. Auch f\u00fcr die Wartung wird nur [&hellip;]","og_url":"https:\/\/www.tedom.com\/de\/blockheizkraftwerke\/micro\/","og_site_name":"TEDOM","article_publisher":"https:\/\/www.facebook.com\/tedom.cz\/","article_modified_time":"2025-07-04T09:34:11+00:00","og_image":[{"width":2362,"height":1969,"url":"https:\/\/www.tedom.com\/wp-content\/uploads\/2025\/02\/MICRO-2.png","type":"image\/png"}],"twitter_card":"summary_large_image","twitter_site":"@tedom_chp","twitter_misc":{"Gesch\u00e4tzte Lesezeit":"1\u00a0Minute"},"schema":{"@context":"https:\/\/schema.org","@graph":[{"@type":"WebPage","@id":"https:\/\/www.tedom.com\/de\/blockheizkraftwerke\/micro\/","url":"https:\/\/www.tedom.com\/de\/blockheizkraftwerke\/micro\/","name":"Micro &#8211; TEDOM","isPartOf":{"@id":"https:\/\/www.tedom.com\/de\/#website"},"primaryImageOfPage":{"@id":"https:\/\/www.tedom.com\/de\/blockheizkraftwerke\/micro\/#primaryimage"},"image":{"@id":"https:\/\/www.tedom.com\/de\/blockheizkraftwerke\/micro\/#primaryimage"},"thumbnailUrl":"https:\/\/www.tedom.com\/wp-content\/uploads\/2025\/02\/MICRO-2.png","datePublished":"2023-08-11T02:38:30+00:00","dateModified":"2025-07-04T09:34:11+00:00","breadcrumb":{"@id":"https:\/\/www.tedom.com\/de\/blockheizkraftwerke\/micro\/#breadcrumb"},"inLanguage":"de","potentialAction":[{"@type":"ReadAction","target":["https:\/\/www.tedom.com\/de\/blockheizkraftwerke\/micro\/"]}]},{"@type":"ImageObject","inLanguage":"de","@id":"https:\/\/www.tedom.com\/de\/blockheizkraftwerke\/micro\/#primaryimage","url":"https:\/\/www.tedom.com\/wp-content\/uploads\/2025\/02\/MICRO-2.png","contentUrl":"https:\/\/www.tedom.com\/wp-content\/uploads\/2025\/02\/MICRO-2.png","width":2362,"height":1969},{"@type":"BreadcrumbList","@id":"https:\/\/www.tedom.com\/de\/blockheizkraftwerke\/micro\/#breadcrumb","itemListElement":[{"@type":"ListItem","position":1,"name":"Home","item":"https:\/\/www.tedom.com\/de\/"},{"@type":"ListItem","position":2,"name":"Shop","item":"https:\/\/www.tedom.com\/cs\/shop\/"},{"@type":"ListItem","position":3,"name":"Micro"}]},{"@type":"WebSite","@id":"https:\/\/www.tedom.com\/de\/#website","url":"https:\/\/www.tedom.com\/de\/","name":"TEDOM","description":"TEDOM se zab\u00fdv\u00e1 v\u00fdrobou kogenera\u010dn\u00edch jednotek, instalac\u00ed fotovoltaiky a poskytov\u00e1n\u00edm komplexn\u00edch slu\u017eeb pro modern\u00ed decentr\u00e1ln\u00ed energetiku.","publisher":{"@id":"https:\/\/www.tedom.com\/de\/#organization"},"potentialAction":[{"@type":"SearchAction","target":{"@type":"EntryPoint","urlTemplate":"https:\/\/www.tedom.com\/de\/?s={search_term_string}"},"query-input":{"@type":"PropertyValueSpecification","valueRequired":true,"valueName":"search_term_string"}}],"inLanguage":"de"},{"@type":"Organization","@id":"https:\/\/www.tedom.com\/de\/#organization","name":"TEDOM a. s.","url":"https:\/\/www.tedom.com\/de\/","logo":{"@type":"ImageObject","inLanguage":"de","@id":"https:\/\/www.tedom.com\/de\/#\/schema\/logo\/image\/","url":"https:\/\/www.tedom.com\/wp-content\/uploads\/2023\/11\/TEDOM_logotype_RGB-scaled.jpg","contentUrl":"https:\/\/www.tedom.com\/wp-content\/uploads\/2023\/11\/TEDOM_logotype_RGB-scaled.jpg","width":2560,"height":654,"caption":"TEDOM a. s."},"image":{"@id":"https:\/\/www.tedom.com\/de\/#\/schema\/logo\/image\/"},"sameAs":["https:\/\/www.facebook.com\/tedom.cz\/","https:\/\/x.com\/tedom_chp","https:\/\/www.instagram.com\/tedom_a.s\/","https:\/\/www.youtube.com\/channel\/UCEqr6fHr02vxVRVF_xtKZ2w","https:\/\/www.linkedin.com\/company\/tedom-a-s-?originalSubdomain=cz"]}]}},"_links":{"self":[{"href":"https:\/\/www.tedom.com\/de\/wp-json\/wp\/v2\/product\/20550","targetHints":{"allow":["GET"]}}],"collection":[{"href":"https:\/\/www.tedom.com\/de\/wp-json\/wp\/v2\/product"}],"about":[{"href":"https:\/\/www.tedom.com\/de\/wp-json\/wp\/v2\/types\/product"}],"wp:featuredmedia":[{"embeddable":true,"href":"https:\/\/www.tedom.com\/de\/wp-json\/wp\/v2\/media\/21940"}],"wp:attachment":[{"href":"https:\/\/www.tedom.com\/de\/wp-json\/wp\/v2\/media?parent=20550"}],"wp:term":[{"taxonomy":"product_brand","embeddable":true,"href":"https:\/\/www.tedom.com\/de\/wp-json\/wp\/v2\/product_brand?post=20550"},{"taxonomy":"product_cat","embeddable":true,"href":"https:\/\/www.tedom.com\/de\/wp-json\/wp\/v2\/product_cat?post=20550"},{"taxonomy":"product_tag","embeddable":true,"href":"https:\/\/www.tedom.com\/de\/wp-json\/wp\/v2\/product_tag?post=20550"}],"curies":[{"name":"wp","href":"https:\/\/api.w.org\/{rel}","templated":true}]}}