{"id":20541,"date":"2023-08-12T07:04:20","date_gmt":"2023-08-12T05:04:20","guid":{"rendered":"https:\/\/www.tedom.com\/about-us\/"},"modified":"2026-01-29T11:09:54","modified_gmt":"2026-01-29T10:09:54","slug":"about-us","status":"publish","type":"page","link":"https:\/\/www.tedom.com\/de\/about-us\/","title":{"rendered":"TEDOM Group"},"content":{"rendered":"<p><span data-teams=\"true\">Seit <\/span>mehr als 33 Jahren entwickelt, produziert und betreibt TEDOM a.s. Blockheizkraftwerke \u2013 hocheffiziente Anlagen zur gleichzeitigen Erzeugung von Strom und W\u00e4rme. Das Unternehmen z\u00e4hlt zu den f\u00fchrenden Anbietern im Bereich der Kraft-W\u00e4rme-Kopplung. TEDOM vertreibt seine Produkte weltweit \u2013 von Japan \u00fcber Europa bis in die Vereinigten Staaten \u2013 und arbeitet mit Partnern in \u00fcber 55 L\u00e4ndern zusammen.<\/p>\n<p>TEDOM verf\u00fcgt \u00fcber vier Produktions- und Entwicklungsstandorte in der Tschechischen Republik sowie \u00fcber mehrere internationale Vertriebsb\u00fcros \u2013 das wichtigste davon befindet sich in Deutschland. Weitere Unternehmen der TEDOM-Gruppe sind in Polen, den USA, der Slowakei, Zentralasien und Gro\u00dfbritannien aktiv. Insgesamt besch\u00e4ftigt die Gruppe mehr als 1.000 Mitarbeiterinnen und Mitarbeiter.<\/p>\n<p>F\u00fcr seine Blockheizkraftwerke entwickelt und produziert TEDOM eigene Motoren und modifiziert zudem Motoren renommierter Weltmarken. Das Portfolio umfasst Anlagen mit elektrischen Leistungen von 20\u202fkW bis 4,5\u202fMW. Seit ihrer Gr\u00fcndung hat die TEDOM-Gruppe mehr als 10.000 Blockheizkraftwerke verkauft.<\/p>\n<p>Neben Blockheizkraftwerken bietet TEDOM eine Reihe weiterer Energiedienstleistungen an \u2013 darunter Ausgleichsleistungen, den An- und Verkauf von Energie, die Installation dezentraler Energieerzeugungsanlagen sowie die Planung und Umsetzung komplexer Energiesysteme.<\/p>\n<p>Hauptaktion\u00e4r der TEDOM-Gruppe ist das japanische Energie- und Maschinenbauunternehmen YANMAR.<\/p>\n","protected":false},"excerpt":{"rendered":"<p>Seit mehr als 33 Jahren entwickelt, produziert und betreibt TEDOM a.s. Blockheizkraftwerke \u2013 hocheffiziente Anlagen zur gleichzeitigen Erzeugung von Strom und W\u00e4rme. Das Unternehmen z\u00e4hlt zu den f\u00fchrenden Anbietern im Bereich der Kraft-W\u00e4rme-Kopplung. TEDOM vertreibt seine Produkte weltweit \u2013 von Japan \u00fcber Europa bis in die Vereinigten Staaten \u2013 und arbeitet mit Partnern in \u00fcber [&hellip;]<\/p>\n","protected":false},"author":2,"featured_media":7182,"parent":0,"menu_order":0,"comment_status":"closed","ping_status":"closed","template":"templates\/skupina-TEDOM.php","meta":{"_acf_changed":false,"footnotes":""},"class_list":["post-20541","page","type-page","status-publish","has-post-thumbnail","hentry"],"acf":[],"yoast_head":"<!-- This site is optimized with the Yoast SEO Premium plugin v24.6 (Yoast SEO v26.4) - https:\/\/yoast.com\/wordpress\/plugins\/seo\/ -->\n<title>TEDOM Group &#8211; TEDOM<\/title>\n<meta name=\"robots\" content=\"index, follow, max-snippet:-1, max-image-preview:large, max-video-preview:-1\" \/>\n<link rel=\"canonical\" href=\"https:\/\/www.tedom.com\/de\/about-us\/\" \/>\n<meta property=\"og:locale\" content=\"de_DE\" \/>\n<meta property=\"og:type\" content=\"article\" \/>\n<meta property=\"og:title\" content=\"TEDOM Group\" \/>\n<meta property=\"og:description\" content=\"Seit mehr als 33 Jahren entwickelt, produziert und betreibt TEDOM a.s. Blockheizkraftwerke \u2013 hocheffiziente Anlagen zur gleichzeitigen Erzeugung von Strom und W\u00e4rme. Das Unternehmen z\u00e4hlt zu den f\u00fchrenden Anbietern im Bereich der Kraft-W\u00e4rme-Kopplung. TEDOM vertreibt seine Produkte weltweit \u2013 von Japan \u00fcber Europa bis in die Vereinigten Staaten \u2013 und arbeitet mit Partnern in \u00fcber [&hellip;]\" \/>\n<meta property=\"og:url\" content=\"https:\/\/www.tedom.com\/de\/about-us\/\" \/>\n<meta property=\"og:site_name\" content=\"TEDOM\" \/>\n<meta property=\"article:publisher\" content=\"https:\/\/www.facebook.com\/tedom.cz\/\" \/>\n<meta property=\"article:modified_time\" content=\"2026-01-29T10:09:54+00:00\" \/>\n<meta property=\"og:image\" content=\"https:\/\/www.tedom.com\/wp-content\/uploads\/2023\/10\/10-scaled.jpg\" \/>\n\t<meta property=\"og:image:width\" content=\"2560\" \/>\n\t<meta property=\"og:image:height\" content=\"1706\" \/>\n\t<meta property=\"og:image:type\" content=\"image\/jpeg\" \/>\n<meta name=\"twitter:card\" content=\"summary_large_image\" \/>\n<meta name=\"twitter:site\" content=\"@tedom_chp\" \/>\n<meta name=\"twitter:label1\" content=\"Gesch\u00e4tzte Lesezeit\" \/>\n\t<meta name=\"twitter:data1\" content=\"2\u00a0Minuten\" \/>\n<script type=\"application\/ld+json\" class=\"yoast-schema-graph\">{\"@context\":\"https:\/\/schema.org\",\"@graph\":[{\"@type\":\"WebPage\",\"@id\":\"https:\/\/www.tedom.com\/de\/about-us\/\",\"url\":\"https:\/\/www.tedom.com\/de\/about-us\/\",\"name\":\"TEDOM Group &#8211; TEDOM\",\"isPartOf\":{\"@id\":\"https:\/\/www.tedom.com\/de\/#website\"},\"primaryImageOfPage\":{\"@id\":\"https:\/\/www.tedom.com\/de\/about-us\/#primaryimage\"},\"image\":{\"@id\":\"https:\/\/www.tedom.com\/de\/about-us\/#primaryimage\"},\"thumbnailUrl\":\"https:\/\/www.tedom.com\/wp-content\/uploads\/2023\/10\/10-scaled.jpg\",\"datePublished\":\"2023-08-12T05:04:20+00:00\",\"dateModified\":\"2026-01-29T10:09:54+00:00\",\"breadcrumb\":{\"@id\":\"https:\/\/www.tedom.com\/de\/about-us\/#breadcrumb\"},\"inLanguage\":\"de\",\"potentialAction\":[{\"@type\":\"ReadAction\",\"target\":[\"https:\/\/www.tedom.com\/de\/about-us\/\"]}]},{\"@type\":\"ImageObject\",\"inLanguage\":\"de\",\"@id\":\"https:\/\/www.tedom.com\/de\/about-us\/#primaryimage\",\"url\":\"https:\/\/www.tedom.com\/wp-content\/uploads\/2023\/10\/10-scaled.jpg\",\"contentUrl\":\"https:\/\/www.tedom.com\/wp-content\/uploads\/2023\/10\/10-scaled.jpg\",\"width\":2560,\"height\":1706},{\"@type\":\"BreadcrumbList\",\"@id\":\"https:\/\/www.tedom.com\/de\/about-us\/#breadcrumb\",\"itemListElement\":[{\"@type\":\"ListItem\",\"position\":1,\"name\":\"Home\",\"item\":\"https:\/\/www.tedom.com\/de\/\"},{\"@type\":\"ListItem\",\"position\":2,\"name\":\"TEDOM Group\"}]},{\"@type\":\"WebSite\",\"@id\":\"https:\/\/www.tedom.com\/de\/#website\",\"url\":\"https:\/\/www.tedom.com\/de\/\",\"name\":\"TEDOM\",\"description\":\"TEDOM se zab\u00fdv\u00e1 v\u00fdrobou kogenera\u010dn\u00edch jednotek, instalac\u00ed fotovoltaiky a poskytov\u00e1n\u00edm komplexn\u00edch slu\u017eeb pro modern\u00ed decentr\u00e1ln\u00ed energetiku.\",\"publisher\":{\"@id\":\"https:\/\/www.tedom.com\/de\/#organization\"},\"potentialAction\":[{\"@type\":\"SearchAction\",\"target\":{\"@type\":\"EntryPoint\",\"urlTemplate\":\"https:\/\/www.tedom.com\/de\/?s={search_term_string}\"},\"query-input\":{\"@type\":\"PropertyValueSpecification\",\"valueRequired\":true,\"valueName\":\"search_term_string\"}}],\"inLanguage\":\"de\"},{\"@type\":\"Organization\",\"@id\":\"https:\/\/www.tedom.com\/de\/#organization\",\"name\":\"TEDOM a. s.\",\"url\":\"https:\/\/www.tedom.com\/de\/\",\"logo\":{\"@type\":\"ImageObject\",\"inLanguage\":\"de\",\"@id\":\"https:\/\/www.tedom.com\/de\/#\/schema\/logo\/image\/\",\"url\":\"https:\/\/www.tedom.com\/wp-content\/uploads\/2023\/11\/TEDOM_logotype_RGB-scaled.jpg\",\"contentUrl\":\"https:\/\/www.tedom.com\/wp-content\/uploads\/2023\/11\/TEDOM_logotype_RGB-scaled.jpg\",\"width\":2560,\"height\":654,\"caption\":\"TEDOM a. s.\"},\"image\":{\"@id\":\"https:\/\/www.tedom.com\/de\/#\/schema\/logo\/image\/\"},\"sameAs\":[\"https:\/\/www.facebook.com\/tedom.cz\/\",\"https:\/\/x.com\/tedom_chp\",\"https:\/\/www.instagram.com\/tedom_a.s\/\",\"https:\/\/www.youtube.com\/channel\/UCEqr6fHr02vxVRVF_xtKZ2w\",\"https:\/\/www.linkedin.com\/company\/tedom-a-s-?originalSubdomain=cz\"]}]}<\/script>\n<!-- \/ Yoast SEO Premium plugin. -->","yoast_head_json":{"title":"TEDOM Group &#8211; TEDOM","robots":{"index":"index","follow":"follow","max-snippet":"max-snippet:-1","max-image-preview":"max-image-preview:large","max-video-preview":"max-video-preview:-1"},"canonical":"https:\/\/www.tedom.com\/de\/about-us\/","og_locale":"de_DE","og_type":"article","og_title":"TEDOM Group","og_description":"Seit mehr als 33 Jahren entwickelt, produziert und betreibt TEDOM a.s. Blockheizkraftwerke \u2013 hocheffiziente Anlagen zur gleichzeitigen Erzeugung von Strom und W\u00e4rme. Das Unternehmen z\u00e4hlt zu den f\u00fchrenden Anbietern im Bereich der Kraft-W\u00e4rme-Kopplung. TEDOM vertreibt seine Produkte weltweit \u2013 von Japan \u00fcber Europa bis in die Vereinigten Staaten \u2013 und arbeitet mit Partnern in \u00fcber [&hellip;]","og_url":"https:\/\/www.tedom.com\/de\/about-us\/","og_site_name":"TEDOM","article_publisher":"https:\/\/www.facebook.com\/tedom.cz\/","article_modified_time":"2026-01-29T10:09:54+00:00","og_image":[{"width":2560,"height":1706,"url":"https:\/\/www.tedom.com\/wp-content\/uploads\/2023\/10\/10-scaled.jpg","type":"image\/jpeg"}],"twitter_card":"summary_large_image","twitter_site":"@tedom_chp","twitter_misc":{"Gesch\u00e4tzte Lesezeit":"2\u00a0Minuten"},"schema":{"@context":"https:\/\/schema.org","@graph":[{"@type":"WebPage","@id":"https:\/\/www.tedom.com\/de\/about-us\/","url":"https:\/\/www.tedom.com\/de\/about-us\/","name":"TEDOM Group &#8211; TEDOM","isPartOf":{"@id":"https:\/\/www.tedom.com\/de\/#website"},"primaryImageOfPage":{"@id":"https:\/\/www.tedom.com\/de\/about-us\/#primaryimage"},"image":{"@id":"https:\/\/www.tedom.com\/de\/about-us\/#primaryimage"},"thumbnailUrl":"https:\/\/www.tedom.com\/wp-content\/uploads\/2023\/10\/10-scaled.jpg","datePublished":"2023-08-12T05:04:20+00:00","dateModified":"2026-01-29T10:09:54+00:00","breadcrumb":{"@id":"https:\/\/www.tedom.com\/de\/about-us\/#breadcrumb"},"inLanguage":"de","potentialAction":[{"@type":"ReadAction","target":["https:\/\/www.tedom.com\/de\/about-us\/"]}]},{"@type":"ImageObject","inLanguage":"de","@id":"https:\/\/www.tedom.com\/de\/about-us\/#primaryimage","url":"https:\/\/www.tedom.com\/wp-content\/uploads\/2023\/10\/10-scaled.jpg","contentUrl":"https:\/\/www.tedom.com\/wp-content\/uploads\/2023\/10\/10-scaled.jpg","width":2560,"height":1706},{"@type":"BreadcrumbList","@id":"https:\/\/www.tedom.com\/de\/about-us\/#breadcrumb","itemListElement":[{"@type":"ListItem","position":1,"name":"Home","item":"https:\/\/www.tedom.com\/de\/"},{"@type":"ListItem","position":2,"name":"TEDOM Group"}]},{"@type":"WebSite","@id":"https:\/\/www.tedom.com\/de\/#website","url":"https:\/\/www.tedom.com\/de\/","name":"TEDOM","description":"TEDOM se zab\u00fdv\u00e1 v\u00fdrobou kogenera\u010dn\u00edch jednotek, instalac\u00ed fotovoltaiky a poskytov\u00e1n\u00edm komplexn\u00edch slu\u017eeb pro modern\u00ed decentr\u00e1ln\u00ed energetiku.","publisher":{"@id":"https:\/\/www.tedom.com\/de\/#organization"},"potentialAction":[{"@type":"SearchAction","target":{"@type":"EntryPoint","urlTemplate":"https:\/\/www.tedom.com\/de\/?s={search_term_string}"},"query-input":{"@type":"PropertyValueSpecification","valueRequired":true,"valueName":"search_term_string"}}],"inLanguage":"de"},{"@type":"Organization","@id":"https:\/\/www.tedom.com\/de\/#organization","name":"TEDOM a. s.","url":"https:\/\/www.tedom.com\/de\/","logo":{"@type":"ImageObject","inLanguage":"de","@id":"https:\/\/www.tedom.com\/de\/#\/schema\/logo\/image\/","url":"https:\/\/www.tedom.com\/wp-content\/uploads\/2023\/11\/TEDOM_logotype_RGB-scaled.jpg","contentUrl":"https:\/\/www.tedom.com\/wp-content\/uploads\/2023\/11\/TEDOM_logotype_RGB-scaled.jpg","width":2560,"height":654,"caption":"TEDOM a. s."},"image":{"@id":"https:\/\/www.tedom.com\/de\/#\/schema\/logo\/image\/"},"sameAs":["https:\/\/www.facebook.com\/tedom.cz\/","https:\/\/x.com\/tedom_chp","https:\/\/www.instagram.com\/tedom_a.s\/","https:\/\/www.youtube.com\/channel\/UCEqr6fHr02vxVRVF_xtKZ2w","https:\/\/www.linkedin.com\/company\/tedom-a-s-?originalSubdomain=cz"]}]}},"_links":{"self":[{"href":"https:\/\/www.tedom.com\/de\/wp-json\/wp\/v2\/pages\/20541","targetHints":{"allow":["GET"]}}],"collection":[{"href":"https:\/\/www.tedom.com\/de\/wp-json\/wp\/v2\/pages"}],"about":[{"href":"https:\/\/www.tedom.com\/de\/wp-json\/wp\/v2\/types\/page"}],"author":[{"embeddable":true,"href":"https:\/\/www.tedom.com\/de\/wp-json\/wp\/v2\/users\/2"}],"replies":[{"embeddable":true,"href":"https:\/\/www.tedom.com\/de\/wp-json\/wp\/v2\/comments?post=20541"}],"version-history":[{"count":9,"href":"https:\/\/www.tedom.com\/de\/wp-json\/wp\/v2\/pages\/20541\/revisions"}],"predecessor-version":[{"id":26203,"href":"https:\/\/www.tedom.com\/de\/wp-json\/wp\/v2\/pages\/20541\/revisions\/26203"}],"wp:featuredmedia":[{"embeddable":true,"href":"https:\/\/www.tedom.com\/de\/wp-json\/wp\/v2\/media\/7182"}],"wp:attachment":[{"href":"https:\/\/www.tedom.com\/de\/wp-json\/wp\/v2\/media?parent=20541"}],"curies":[{"name":"wp","href":"https:\/\/api.w.org\/{rel}","templated":true}]}}