{"id":20467,"date":"2023-08-24T18:57:31","date_gmt":"2023-08-24T16:57:31","guid":{"rendered":"https:\/\/www.tedom.com\/iso-certification\/"},"modified":"2025-07-16T10:36:20","modified_gmt":"2025-07-16T08:36:20","slug":"iso-certification","status":"publish","type":"page","link":"https:\/\/www.tedom.com\/de\/iso-certification\/","title":{"rendered":"ISO certification"},"content":{"rendered":"<p style=\"text-align: center;\">Unsere T\u00e4tigkeit besteht im Verkauf von energiesparenden Technologien (Blockheizkraftwerke) sowie in der Lieferung von W\u00e4rme- und elektrischer Energie mit h\u00f6chstm\u00f6glicher Effizienz bei deren Erzeugung. Dies ist der Beitrag des Produkts der TEDOM a.s. zum Umweltschutz, n\u00e4mlich zur Einsparung prim\u00e4rer Energiequellen und zur Reduzierung von Treibhausgasemissionen.<\/p>\n<div class=\"erp-sidecar:h-fit erp-sidecar:pb-0 mx-auto h-full\">\n<div class=\"relative border-borderMain\/50 ring-borderMain\/50 divide-borderMain\/50 dark:divide-borderMainDark\/50 dark:ring-borderMainDark\/50 dark:border-borderMainDark\/50 bg-background\">\n<div class=\"\">\n<div>\n<div>\n<div>\n<div class=\"erp-sidecar:min-h-[var(--sidecar-content-height)] erp-tab:min-h-screen min-h-[var(--page-content-height-without-header)] pb-threadInputHeightWithPadding border-borderMain\/50 ring-borderMain\/50 divide-borderMain\/50 dark:divide-borderMainDark\/50 dark:ring-borderMainDark\/50 dark:border-borderMainDark\/50 bg-transparent\">\n<div class=\"isolate mx-auto md:pt-6 px-md\">\n<div class=\"pb-md mx-auto pt-5 md:pb-12 max-w-threadContentWidth\">\n<div class=\"relative\">\n<div class=\"gap-y-sm flex flex-col\">\n<div class=\"gap-y-lg mt-3 flex flex-col first:mt-0\">\n<div class=\"border-borderMain\/50 ring-borderMain\/50 divide-borderMain\/50 dark:divide-borderMainDark\/50 dark:ring-borderMainDark\/50 dark:border-borderMainDark\/50 bg-transparent\">\n<div class=\"gap-y-sm md:gap-y-md flex flex-col\">\n<div class=\"relative font-sans text-base text-textMain dark:text-textMainDark selection:bg-super\/50 selection:text-textMain dark:selection:bg-super\/10 dark:selection:text-super\">\n<div class=\"min-w-0 break-words [word-break:break-word]\">\n<div id=\"markdown-content-10\" class=\"gap-y-md after:clear-both after:block after:content-['']\" dir=\"auto\">\n<div class=\"relative\">\n<div class=\"prose text-pretty dark:prose-invert inline leading-normal break-words min-w-0 [word-break:break-word]\">\n<p class=\"my-0\" style=\"text-align: center;\">TEDOM ist au\u00dferdem entschlossen, die Anforderungen und Erwartungen der Kunden in Bezug auf die Qualit\u00e4t unserer Dienstleistungen zu erf\u00fcllen, die das Unternehmen gew\u00e4hrleistet. Einer der Hauptfaktoren f\u00fcr den Erfolg des Unternehmens ist das systematische und transparente Management der Arbeit in allen Phasen. Der Erfolg wird vor allem durch die Einf\u00fchrung und Aufrechterhaltung eines Kontrollsystems vorangetrieben, das auf die st\u00e4ndige Verbesserung der T\u00e4tigkeit und die gegenseitige Erf\u00fcllung abzielt, wobei die Bed\u00fcrfnisse und Anforderungen aller kooperierenden Parteien innerhalb und au\u00dferhalb des Unternehmens respektiert werden.<\/p>\n<\/div>\n<\/div>\n<\/div>\n<\/div>\n<\/div>\n<\/div>\n<\/div>\n<\/div>\n<\/div>\n<\/div>\n<\/div>\n<\/div>\n<\/div>\n<\/div>\n<\/div>\n<\/div>\n<\/div>\n<\/div>\n<\/div>\n","protected":false},"excerpt":{"rendered":"<p>Unsere T\u00e4tigkeit besteht im Verkauf von energiesparenden Technologien (Blockheizkraftwerke) sowie in der Lieferung von W\u00e4rme- und elektrischer Energie mit h\u00f6chstm\u00f6glicher Effizienz bei deren Erzeugung. Dies ist der Beitrag des Produkts der TEDOM a.s. zum Umweltschutz, n\u00e4mlich zur Einsparung prim\u00e4rer Energiequellen und zur Reduzierung von Treibhausgasemissionen. TEDOM ist au\u00dferdem entschlossen, die Anforderungen und Erwartungen der Kunden [&hellip;]<\/p>\n","protected":false},"author":2,"featured_media":0,"parent":0,"menu_order":0,"comment_status":"closed","ping_status":"closed","template":"templates\/Certifikace-ISO.php","meta":{"_acf_changed":false,"footnotes":""},"class_list":["post-20467","page","type-page","status-publish","hentry"],"acf":[],"yoast_head":"<!-- This site is optimized with the Yoast SEO Premium plugin v24.6 (Yoast SEO v26.4) - https:\/\/yoast.com\/wordpress\/plugins\/seo\/ -->\n<title>ISO certification &#8211; TEDOM<\/title>\n<meta name=\"robots\" content=\"index, follow, max-snippet:-1, max-image-preview:large, max-video-preview:-1\" \/>\n<link rel=\"canonical\" href=\"https:\/\/www.tedom.com\/de\/iso-certification\/\" \/>\n<meta property=\"og:locale\" content=\"de_DE\" \/>\n<meta property=\"og:type\" content=\"article\" \/>\n<meta property=\"og:title\" content=\"ISO certification\" \/>\n<meta property=\"og:description\" content=\"Unsere T\u00e4tigkeit besteht im Verkauf von energiesparenden Technologien (Blockheizkraftwerke) sowie in der Lieferung von W\u00e4rme- und elektrischer Energie mit h\u00f6chstm\u00f6glicher Effizienz bei deren Erzeugung. Dies ist der Beitrag des Produkts der TEDOM a.s. zum Umweltschutz, n\u00e4mlich zur Einsparung prim\u00e4rer Energiequellen und zur Reduzierung von Treibhausgasemissionen. TEDOM ist au\u00dferdem entschlossen, die Anforderungen und Erwartungen der Kunden [&hellip;]\" \/>\n<meta property=\"og:url\" content=\"https:\/\/www.tedom.com\/de\/iso-certification\/\" \/>\n<meta property=\"og:site_name\" content=\"TEDOM\" \/>\n<meta property=\"article:publisher\" content=\"https:\/\/www.facebook.com\/tedom.cz\/\" \/>\n<meta property=\"article:modified_time\" content=\"2025-07-16T08:36:20+00:00\" \/>\n<meta name=\"twitter:card\" content=\"summary_large_image\" \/>\n<meta name=\"twitter:site\" content=\"@tedom_chp\" \/>\n<meta name=\"twitter:label1\" content=\"Gesch\u00e4tzte Lesezeit\" \/>\n\t<meta name=\"twitter:data1\" content=\"1\u00a0Minute\" \/>\n<script type=\"application\/ld+json\" class=\"yoast-schema-graph\">{\"@context\":\"https:\/\/schema.org\",\"@graph\":[{\"@type\":\"WebPage\",\"@id\":\"https:\/\/www.tedom.com\/de\/iso-certification\/\",\"url\":\"https:\/\/www.tedom.com\/de\/iso-certification\/\",\"name\":\"ISO certification &#8211; TEDOM\",\"isPartOf\":{\"@id\":\"https:\/\/www.tedom.com\/de\/#website\"},\"datePublished\":\"2023-08-24T16:57:31+00:00\",\"dateModified\":\"2025-07-16T08:36:20+00:00\",\"breadcrumb\":{\"@id\":\"https:\/\/www.tedom.com\/de\/iso-certification\/#breadcrumb\"},\"inLanguage\":\"de\",\"potentialAction\":[{\"@type\":\"ReadAction\",\"target\":[\"https:\/\/www.tedom.com\/de\/iso-certification\/\"]}]},{\"@type\":\"BreadcrumbList\",\"@id\":\"https:\/\/www.tedom.com\/de\/iso-certification\/#breadcrumb\",\"itemListElement\":[{\"@type\":\"ListItem\",\"position\":1,\"name\":\"Home\",\"item\":\"https:\/\/www.tedom.com\/de\/\"},{\"@type\":\"ListItem\",\"position\":2,\"name\":\"ISO certification\"}]},{\"@type\":\"WebSite\",\"@id\":\"https:\/\/www.tedom.com\/de\/#website\",\"url\":\"https:\/\/www.tedom.com\/de\/\",\"name\":\"TEDOM\",\"description\":\"TEDOM se zab\u00fdv\u00e1 v\u00fdrobou kogenera\u010dn\u00edch jednotek, instalac\u00ed fotovoltaiky a poskytov\u00e1n\u00edm komplexn\u00edch slu\u017eeb pro modern\u00ed decentr\u00e1ln\u00ed energetiku.\",\"publisher\":{\"@id\":\"https:\/\/www.tedom.com\/de\/#organization\"},\"potentialAction\":[{\"@type\":\"SearchAction\",\"target\":{\"@type\":\"EntryPoint\",\"urlTemplate\":\"https:\/\/www.tedom.com\/de\/?s={search_term_string}\"},\"query-input\":{\"@type\":\"PropertyValueSpecification\",\"valueRequired\":true,\"valueName\":\"search_term_string\"}}],\"inLanguage\":\"de\"},{\"@type\":\"Organization\",\"@id\":\"https:\/\/www.tedom.com\/de\/#organization\",\"name\":\"TEDOM a. s.\",\"url\":\"https:\/\/www.tedom.com\/de\/\",\"logo\":{\"@type\":\"ImageObject\",\"inLanguage\":\"de\",\"@id\":\"https:\/\/www.tedom.com\/de\/#\/schema\/logo\/image\/\",\"url\":\"https:\/\/www.tedom.com\/wp-content\/uploads\/2023\/11\/TEDOM_logotype_RGB-scaled.jpg\",\"contentUrl\":\"https:\/\/www.tedom.com\/wp-content\/uploads\/2023\/11\/TEDOM_logotype_RGB-scaled.jpg\",\"width\":2560,\"height\":654,\"caption\":\"TEDOM a. s.\"},\"image\":{\"@id\":\"https:\/\/www.tedom.com\/de\/#\/schema\/logo\/image\/\"},\"sameAs\":[\"https:\/\/www.facebook.com\/tedom.cz\/\",\"https:\/\/x.com\/tedom_chp\",\"https:\/\/www.instagram.com\/tedom_a.s\/\",\"https:\/\/www.youtube.com\/channel\/UCEqr6fHr02vxVRVF_xtKZ2w\",\"https:\/\/www.linkedin.com\/company\/tedom-a-s-?originalSubdomain=cz\"]}]}<\/script>\n<!-- \/ Yoast SEO Premium plugin. -->","yoast_head_json":{"title":"ISO certification &#8211; TEDOM","robots":{"index":"index","follow":"follow","max-snippet":"max-snippet:-1","max-image-preview":"max-image-preview:large","max-video-preview":"max-video-preview:-1"},"canonical":"https:\/\/www.tedom.com\/de\/iso-certification\/","og_locale":"de_DE","og_type":"article","og_title":"ISO certification","og_description":"Unsere T\u00e4tigkeit besteht im Verkauf von energiesparenden Technologien (Blockheizkraftwerke) sowie in der Lieferung von W\u00e4rme- und elektrischer Energie mit h\u00f6chstm\u00f6glicher Effizienz bei deren Erzeugung. Dies ist der Beitrag des Produkts der TEDOM a.s. zum Umweltschutz, n\u00e4mlich zur Einsparung prim\u00e4rer Energiequellen und zur Reduzierung von Treibhausgasemissionen. TEDOM ist au\u00dferdem entschlossen, die Anforderungen und Erwartungen der Kunden [&hellip;]","og_url":"https:\/\/www.tedom.com\/de\/iso-certification\/","og_site_name":"TEDOM","article_publisher":"https:\/\/www.facebook.com\/tedom.cz\/","article_modified_time":"2025-07-16T08:36:20+00:00","twitter_card":"summary_large_image","twitter_site":"@tedom_chp","twitter_misc":{"Gesch\u00e4tzte Lesezeit":"1\u00a0Minute"},"schema":{"@context":"https:\/\/schema.org","@graph":[{"@type":"WebPage","@id":"https:\/\/www.tedom.com\/de\/iso-certification\/","url":"https:\/\/www.tedom.com\/de\/iso-certification\/","name":"ISO certification &#8211; TEDOM","isPartOf":{"@id":"https:\/\/www.tedom.com\/de\/#website"},"datePublished":"2023-08-24T16:57:31+00:00","dateModified":"2025-07-16T08:36:20+00:00","breadcrumb":{"@id":"https:\/\/www.tedom.com\/de\/iso-certification\/#breadcrumb"},"inLanguage":"de","potentialAction":[{"@type":"ReadAction","target":["https:\/\/www.tedom.com\/de\/iso-certification\/"]}]},{"@type":"BreadcrumbList","@id":"https:\/\/www.tedom.com\/de\/iso-certification\/#breadcrumb","itemListElement":[{"@type":"ListItem","position":1,"name":"Home","item":"https:\/\/www.tedom.com\/de\/"},{"@type":"ListItem","position":2,"name":"ISO certification"}]},{"@type":"WebSite","@id":"https:\/\/www.tedom.com\/de\/#website","url":"https:\/\/www.tedom.com\/de\/","name":"TEDOM","description":"TEDOM se zab\u00fdv\u00e1 v\u00fdrobou kogenera\u010dn\u00edch jednotek, instalac\u00ed fotovoltaiky a poskytov\u00e1n\u00edm komplexn\u00edch slu\u017eeb pro modern\u00ed decentr\u00e1ln\u00ed energetiku.","publisher":{"@id":"https:\/\/www.tedom.com\/de\/#organization"},"potentialAction":[{"@type":"SearchAction","target":{"@type":"EntryPoint","urlTemplate":"https:\/\/www.tedom.com\/de\/?s={search_term_string}"},"query-input":{"@type":"PropertyValueSpecification","valueRequired":true,"valueName":"search_term_string"}}],"inLanguage":"de"},{"@type":"Organization","@id":"https:\/\/www.tedom.com\/de\/#organization","name":"TEDOM a. s.","url":"https:\/\/www.tedom.com\/de\/","logo":{"@type":"ImageObject","inLanguage":"de","@id":"https:\/\/www.tedom.com\/de\/#\/schema\/logo\/image\/","url":"https:\/\/www.tedom.com\/wp-content\/uploads\/2023\/11\/TEDOM_logotype_RGB-scaled.jpg","contentUrl":"https:\/\/www.tedom.com\/wp-content\/uploads\/2023\/11\/TEDOM_logotype_RGB-scaled.jpg","width":2560,"height":654,"caption":"TEDOM a. s."},"image":{"@id":"https:\/\/www.tedom.com\/de\/#\/schema\/logo\/image\/"},"sameAs":["https:\/\/www.facebook.com\/tedom.cz\/","https:\/\/x.com\/tedom_chp","https:\/\/www.instagram.com\/tedom_a.s\/","https:\/\/www.youtube.com\/channel\/UCEqr6fHr02vxVRVF_xtKZ2w","https:\/\/www.linkedin.com\/company\/tedom-a-s-?originalSubdomain=cz"]}]}},"_links":{"self":[{"href":"https:\/\/www.tedom.com\/de\/wp-json\/wp\/v2\/pages\/20467","targetHints":{"allow":["GET"]}}],"collection":[{"href":"https:\/\/www.tedom.com\/de\/wp-json\/wp\/v2\/pages"}],"about":[{"href":"https:\/\/www.tedom.com\/de\/wp-json\/wp\/v2\/types\/page"}],"author":[{"embeddable":true,"href":"https:\/\/www.tedom.com\/de\/wp-json\/wp\/v2\/users\/2"}],"replies":[{"embeddable":true,"href":"https:\/\/www.tedom.com\/de\/wp-json\/wp\/v2\/comments?post=20467"}],"version-history":[{"count":4,"href":"https:\/\/www.tedom.com\/de\/wp-json\/wp\/v2\/pages\/20467\/revisions"}],"predecessor-version":[{"id":24788,"href":"https:\/\/www.tedom.com\/de\/wp-json\/wp\/v2\/pages\/20467\/revisions\/24788"}],"wp:attachment":[{"href":"https:\/\/www.tedom.com\/de\/wp-json\/wp\/v2\/media?parent=20467"}],"curies":[{"name":"wp","href":"https:\/\/api.w.org\/{rel}","templated":true}]}}