{"id":20463,"date":"2023-08-25T18:56:29","date_gmt":"2023-08-25T16:56:29","guid":{"rendered":"https:\/\/www.tedom.com\/benefits-and-use-of-cogeneration\/"},"modified":"2025-07-16T15:05:48","modified_gmt":"2025-07-16T13:05:48","slug":"vorteile-der-kraft-waerme-kopplung","status":"publish","type":"page","link":"https:\/\/www.tedom.com\/de\/vorteile-der-kraft-waerme-kopplung\/","title":{"rendered":"Vorteile der Kraft-W\u00e4rme-Kopplung"},"content":{"rendered":"<p>Bei der Kraft-W\u00e4rme-Kopplung (KWK) wird die entstehende Abw\u00e4rme sinnvoll weiterverwendet, beispielsweise zur Erzeugung von Heizwasser. Dadurch wird ein besonders hoher Wirkungsgrad bei der Nutzung des eingesetzten Brennstoffs erzielt. Gleichzeitig minimiert die KWK die Energieverluste, wie sie bei der herk\u00f6mmlichen, getrennten Erzeugung von Strom und W\u00e4rme \u00fcblich sind. Im Vergleich dazu kann der Brennstoffverbrauch um bis zu 70\u202f% reduziert werden \u2013 ein erheblicher Beitrag zur Energieeffizienz und Klimaschutz. Wird das Blockheizkraftwerk zus\u00e4tzlich um eine Absorptionsk\u00e4ltemaschine erweitert, entsteht ein sogenanntes Kraft-W\u00e4rme-K\u00e4lte-Kopplungssystem (KWKK).<\/p>\n","protected":false},"excerpt":{"rendered":"<p>Bei der Kraft-W\u00e4rme-Kopplung (KWK) wird die entstehende Abw\u00e4rme sinnvoll weiterverwendet, beispielsweise zur Erzeugung von Heizwasser. Dadurch wird ein besonders hoher Wirkungsgrad bei der Nutzung des eingesetzten Brennstoffs erzielt. Gleichzeitig minimiert die KWK die Energieverluste, wie sie bei der herk\u00f6mmlichen, getrennten Erzeugung von Strom und W\u00e4rme \u00fcblich sind. Im Vergleich dazu kann der Brennstoffverbrauch um bis [&hellip;]<\/p>\n","protected":false},"author":2,"featured_media":24794,"parent":0,"menu_order":0,"comment_status":"closed","ping_status":"closed","template":"templates\/vyhody-a-vyuziti-kogenerace.php","meta":{"_acf_changed":false,"footnotes":""},"class_list":["post-20463","page","type-page","status-publish","has-post-thumbnail","hentry"],"acf":[],"yoast_head":"<!-- This site is optimized with the Yoast SEO Premium plugin v24.6 (Yoast SEO v26.4) - https:\/\/yoast.com\/wordpress\/plugins\/seo\/ -->\n<title>Vorteile der Kraft-W\u00e4rme-Kopplung &#8211; TEDOM<\/title>\n<meta name=\"description\" content=\"Ein Blockheizkraftwerk (BHKW) ist eine dezentrale Energieerzeugungsanlage, die gleichzeitig Strom und W\u00e4rme erzeugt. Es nutzt den Prozess der Kraft-W\u00e4rme-Kopplung (KWK)\" \/>\n<meta name=\"robots\" content=\"index, follow, max-snippet:-1, max-image-preview:large, max-video-preview:-1\" \/>\n<link rel=\"canonical\" href=\"https:\/\/www.tedom.com\/de\/vorteile-der-kraft-waerme-kopplung\/\" \/>\n<meta property=\"og:locale\" content=\"de_DE\" \/>\n<meta property=\"og:type\" content=\"article\" \/>\n<meta property=\"og:title\" content=\"Vorteile der Kraft-W\u00e4rme-Kopplung\" \/>\n<meta property=\"og:description\" content=\"Ein Blockheizkraftwerk (BHKW) ist eine dezentrale Energieerzeugungsanlage, die gleichzeitig Strom und W\u00e4rme erzeugt. Es nutzt den Prozess der Kraft-W\u00e4rme-Kopplung (KWK)\" \/>\n<meta property=\"og:url\" content=\"https:\/\/www.tedom.com\/de\/vorteile-der-kraft-waerme-kopplung\/\" \/>\n<meta property=\"og:site_name\" content=\"TEDOM\" \/>\n<meta property=\"article:publisher\" content=\"https:\/\/www.facebook.com\/tedom.cz\/\" \/>\n<meta property=\"article:modified_time\" content=\"2025-07-16T13:05:48+00:00\" \/>\n<meta property=\"og:image\" content=\"https:\/\/www.tedom.com\/wp-content\/uploads\/2025\/07\/Vorteile-und-Verwendung-von-Blockheizkraftwerken-e1752671139216.png\" \/>\n\t<meta property=\"og:image:width\" content=\"3508\" \/>\n\t<meta property=\"og:image:height\" content=\"1280\" \/>\n\t<meta property=\"og:image:type\" content=\"image\/png\" \/>\n<meta name=\"twitter:card\" content=\"summary_large_image\" \/>\n<meta name=\"twitter:site\" content=\"@tedom_chp\" \/>\n<meta name=\"twitter:label1\" content=\"Gesch\u00e4tzte Lesezeit\" \/>\n\t<meta name=\"twitter:data1\" content=\"1\u00a0Minute\" \/>\n<script type=\"application\/ld+json\" class=\"yoast-schema-graph\">{\"@context\":\"https:\/\/schema.org\",\"@graph\":[{\"@type\":\"WebPage\",\"@id\":\"https:\/\/www.tedom.com\/de\/vorteile-der-kraft-waerme-kopplung\/\",\"url\":\"https:\/\/www.tedom.com\/de\/vorteile-der-kraft-waerme-kopplung\/\",\"name\":\"Vorteile der Kraft-W\u00e4rme-Kopplung &#8211; TEDOM\",\"isPartOf\":{\"@id\":\"https:\/\/www.tedom.com\/de\/#website\"},\"primaryImageOfPage\":{\"@id\":\"https:\/\/www.tedom.com\/de\/vorteile-der-kraft-waerme-kopplung\/#primaryimage\"},\"image\":{\"@id\":\"https:\/\/www.tedom.com\/de\/vorteile-der-kraft-waerme-kopplung\/#primaryimage\"},\"thumbnailUrl\":\"https:\/\/www.tedom.com\/wp-content\/uploads\/2025\/07\/Vorteile-und-Verwendung-von-Blockheizkraftwerken-e1752671139216.png\",\"datePublished\":\"2023-08-25T16:56:29+00:00\",\"dateModified\":\"2025-07-16T13:05:48+00:00\",\"description\":\"Ein Blockheizkraftwerk (BHKW) ist eine dezentrale Energieerzeugungsanlage, die gleichzeitig Strom und W\u00e4rme erzeugt. Es nutzt den Prozess der Kraft-W\u00e4rme-Kopplung (KWK)\",\"breadcrumb\":{\"@id\":\"https:\/\/www.tedom.com\/de\/vorteile-der-kraft-waerme-kopplung\/#breadcrumb\"},\"inLanguage\":\"de\",\"potentialAction\":[{\"@type\":\"ReadAction\",\"target\":[\"https:\/\/www.tedom.com\/de\/vorteile-der-kraft-waerme-kopplung\/\"]}]},{\"@type\":\"ImageObject\",\"inLanguage\":\"de\",\"@id\":\"https:\/\/www.tedom.com\/de\/vorteile-der-kraft-waerme-kopplung\/#primaryimage\",\"url\":\"https:\/\/www.tedom.com\/wp-content\/uploads\/2025\/07\/Vorteile-und-Verwendung-von-Blockheizkraftwerken-e1752671139216.png\",\"contentUrl\":\"https:\/\/www.tedom.com\/wp-content\/uploads\/2025\/07\/Vorteile-und-Verwendung-von-Blockheizkraftwerken-e1752671139216.png\",\"width\":3508,\"height\":1280},{\"@type\":\"BreadcrumbList\",\"@id\":\"https:\/\/www.tedom.com\/de\/vorteile-der-kraft-waerme-kopplung\/#breadcrumb\",\"itemListElement\":[{\"@type\":\"ListItem\",\"position\":1,\"name\":\"Home\",\"item\":\"https:\/\/www.tedom.com\/de\/\"},{\"@type\":\"ListItem\",\"position\":2,\"name\":\"Vorteile der Kraft-W\u00e4rme-Kopplung\"}]},{\"@type\":\"WebSite\",\"@id\":\"https:\/\/www.tedom.com\/de\/#website\",\"url\":\"https:\/\/www.tedom.com\/de\/\",\"name\":\"TEDOM\",\"description\":\"TEDOM se zab\u00fdv\u00e1 v\u00fdrobou kogenera\u010dn\u00edch jednotek, instalac\u00ed fotovoltaiky a poskytov\u00e1n\u00edm komplexn\u00edch slu\u017eeb pro modern\u00ed decentr\u00e1ln\u00ed energetiku.\",\"publisher\":{\"@id\":\"https:\/\/www.tedom.com\/de\/#organization\"},\"potentialAction\":[{\"@type\":\"SearchAction\",\"target\":{\"@type\":\"EntryPoint\",\"urlTemplate\":\"https:\/\/www.tedom.com\/de\/?s={search_term_string}\"},\"query-input\":{\"@type\":\"PropertyValueSpecification\",\"valueRequired\":true,\"valueName\":\"search_term_string\"}}],\"inLanguage\":\"de\"},{\"@type\":\"Organization\",\"@id\":\"https:\/\/www.tedom.com\/de\/#organization\",\"name\":\"TEDOM a. s.\",\"url\":\"https:\/\/www.tedom.com\/de\/\",\"logo\":{\"@type\":\"ImageObject\",\"inLanguage\":\"de\",\"@id\":\"https:\/\/www.tedom.com\/de\/#\/schema\/logo\/image\/\",\"url\":\"https:\/\/www.tedom.com\/wp-content\/uploads\/2023\/11\/TEDOM_logotype_RGB-scaled.jpg\",\"contentUrl\":\"https:\/\/www.tedom.com\/wp-content\/uploads\/2023\/11\/TEDOM_logotype_RGB-scaled.jpg\",\"width\":2560,\"height\":654,\"caption\":\"TEDOM a. s.\"},\"image\":{\"@id\":\"https:\/\/www.tedom.com\/de\/#\/schema\/logo\/image\/\"},\"sameAs\":[\"https:\/\/www.facebook.com\/tedom.cz\/\",\"https:\/\/x.com\/tedom_chp\",\"https:\/\/www.instagram.com\/tedom_a.s\/\",\"https:\/\/www.youtube.com\/channel\/UCEqr6fHr02vxVRVF_xtKZ2w\",\"https:\/\/www.linkedin.com\/company\/tedom-a-s-?originalSubdomain=cz\"]}]}<\/script>\n<!-- \/ Yoast SEO Premium plugin. -->","yoast_head_json":{"title":"Vorteile der Kraft-W\u00e4rme-Kopplung &#8211; TEDOM","description":"Ein Blockheizkraftwerk (BHKW) ist eine dezentrale Energieerzeugungsanlage, die gleichzeitig Strom und W\u00e4rme erzeugt. Es nutzt den Prozess der Kraft-W\u00e4rme-Kopplung (KWK)","robots":{"index":"index","follow":"follow","max-snippet":"max-snippet:-1","max-image-preview":"max-image-preview:large","max-video-preview":"max-video-preview:-1"},"canonical":"https:\/\/www.tedom.com\/de\/vorteile-der-kraft-waerme-kopplung\/","og_locale":"de_DE","og_type":"article","og_title":"Vorteile der Kraft-W\u00e4rme-Kopplung","og_description":"Ein Blockheizkraftwerk (BHKW) ist eine dezentrale Energieerzeugungsanlage, die gleichzeitig Strom und W\u00e4rme erzeugt. Es nutzt den Prozess der Kraft-W\u00e4rme-Kopplung (KWK)","og_url":"https:\/\/www.tedom.com\/de\/vorteile-der-kraft-waerme-kopplung\/","og_site_name":"TEDOM","article_publisher":"https:\/\/www.facebook.com\/tedom.cz\/","article_modified_time":"2025-07-16T13:05:48+00:00","og_image":[{"width":3508,"height":1280,"url":"https:\/\/www.tedom.com\/wp-content\/uploads\/2025\/07\/Vorteile-und-Verwendung-von-Blockheizkraftwerken-e1752671139216.png","type":"image\/png"}],"twitter_card":"summary_large_image","twitter_site":"@tedom_chp","twitter_misc":{"Gesch\u00e4tzte Lesezeit":"1\u00a0Minute"},"schema":{"@context":"https:\/\/schema.org","@graph":[{"@type":"WebPage","@id":"https:\/\/www.tedom.com\/de\/vorteile-der-kraft-waerme-kopplung\/","url":"https:\/\/www.tedom.com\/de\/vorteile-der-kraft-waerme-kopplung\/","name":"Vorteile der Kraft-W\u00e4rme-Kopplung &#8211; TEDOM","isPartOf":{"@id":"https:\/\/www.tedom.com\/de\/#website"},"primaryImageOfPage":{"@id":"https:\/\/www.tedom.com\/de\/vorteile-der-kraft-waerme-kopplung\/#primaryimage"},"image":{"@id":"https:\/\/www.tedom.com\/de\/vorteile-der-kraft-waerme-kopplung\/#primaryimage"},"thumbnailUrl":"https:\/\/www.tedom.com\/wp-content\/uploads\/2025\/07\/Vorteile-und-Verwendung-von-Blockheizkraftwerken-e1752671139216.png","datePublished":"2023-08-25T16:56:29+00:00","dateModified":"2025-07-16T13:05:48+00:00","description":"Ein Blockheizkraftwerk (BHKW) ist eine dezentrale Energieerzeugungsanlage, die gleichzeitig Strom und W\u00e4rme erzeugt. Es nutzt den Prozess der Kraft-W\u00e4rme-Kopplung (KWK)","breadcrumb":{"@id":"https:\/\/www.tedom.com\/de\/vorteile-der-kraft-waerme-kopplung\/#breadcrumb"},"inLanguage":"de","potentialAction":[{"@type":"ReadAction","target":["https:\/\/www.tedom.com\/de\/vorteile-der-kraft-waerme-kopplung\/"]}]},{"@type":"ImageObject","inLanguage":"de","@id":"https:\/\/www.tedom.com\/de\/vorteile-der-kraft-waerme-kopplung\/#primaryimage","url":"https:\/\/www.tedom.com\/wp-content\/uploads\/2025\/07\/Vorteile-und-Verwendung-von-Blockheizkraftwerken-e1752671139216.png","contentUrl":"https:\/\/www.tedom.com\/wp-content\/uploads\/2025\/07\/Vorteile-und-Verwendung-von-Blockheizkraftwerken-e1752671139216.png","width":3508,"height":1280},{"@type":"BreadcrumbList","@id":"https:\/\/www.tedom.com\/de\/vorteile-der-kraft-waerme-kopplung\/#breadcrumb","itemListElement":[{"@type":"ListItem","position":1,"name":"Home","item":"https:\/\/www.tedom.com\/de\/"},{"@type":"ListItem","position":2,"name":"Vorteile der Kraft-W\u00e4rme-Kopplung"}]},{"@type":"WebSite","@id":"https:\/\/www.tedom.com\/de\/#website","url":"https:\/\/www.tedom.com\/de\/","name":"TEDOM","description":"TEDOM se zab\u00fdv\u00e1 v\u00fdrobou kogenera\u010dn\u00edch jednotek, instalac\u00ed fotovoltaiky a poskytov\u00e1n\u00edm komplexn\u00edch slu\u017eeb pro modern\u00ed decentr\u00e1ln\u00ed energetiku.","publisher":{"@id":"https:\/\/www.tedom.com\/de\/#organization"},"potentialAction":[{"@type":"SearchAction","target":{"@type":"EntryPoint","urlTemplate":"https:\/\/www.tedom.com\/de\/?s={search_term_string}"},"query-input":{"@type":"PropertyValueSpecification","valueRequired":true,"valueName":"search_term_string"}}],"inLanguage":"de"},{"@type":"Organization","@id":"https:\/\/www.tedom.com\/de\/#organization","name":"TEDOM a. s.","url":"https:\/\/www.tedom.com\/de\/","logo":{"@type":"ImageObject","inLanguage":"de","@id":"https:\/\/www.tedom.com\/de\/#\/schema\/logo\/image\/","url":"https:\/\/www.tedom.com\/wp-content\/uploads\/2023\/11\/TEDOM_logotype_RGB-scaled.jpg","contentUrl":"https:\/\/www.tedom.com\/wp-content\/uploads\/2023\/11\/TEDOM_logotype_RGB-scaled.jpg","width":2560,"height":654,"caption":"TEDOM a. s."},"image":{"@id":"https:\/\/www.tedom.com\/de\/#\/schema\/logo\/image\/"},"sameAs":["https:\/\/www.facebook.com\/tedom.cz\/","https:\/\/x.com\/tedom_chp","https:\/\/www.instagram.com\/tedom_a.s\/","https:\/\/www.youtube.com\/channel\/UCEqr6fHr02vxVRVF_xtKZ2w","https:\/\/www.linkedin.com\/company\/tedom-a-s-?originalSubdomain=cz"]}]}},"_links":{"self":[{"href":"https:\/\/www.tedom.com\/de\/wp-json\/wp\/v2\/pages\/20463","targetHints":{"allow":["GET"]}}],"collection":[{"href":"https:\/\/www.tedom.com\/de\/wp-json\/wp\/v2\/pages"}],"about":[{"href":"https:\/\/www.tedom.com\/de\/wp-json\/wp\/v2\/types\/page"}],"author":[{"embeddable":true,"href":"https:\/\/www.tedom.com\/de\/wp-json\/wp\/v2\/users\/2"}],"replies":[{"embeddable":true,"href":"https:\/\/www.tedom.com\/de\/wp-json\/wp\/v2\/comments?post=20463"}],"version-history":[{"count":8,"href":"https:\/\/www.tedom.com\/de\/wp-json\/wp\/v2\/pages\/20463\/revisions"}],"predecessor-version":[{"id":24052,"href":"https:\/\/www.tedom.com\/de\/wp-json\/wp\/v2\/pages\/20463\/revisions\/24052"}],"wp:featuredmedia":[{"embeddable":true,"href":"https:\/\/www.tedom.com\/de\/wp-json\/wp\/v2\/media\/24794"}],"wp:attachment":[{"href":"https:\/\/www.tedom.com\/de\/wp-json\/wp\/v2\/media?parent=20463"}],"curies":[{"name":"wp","href":"https:\/\/api.w.org\/{rel}","templated":true}]}}