{"id":20428,"date":"2023-11-07T13:57:45","date_gmt":"2023-11-07T12:57:45","guid":{"rendered":"https:\/\/www.tedom.com\/combination-of-multiple-energy-devices-to-provide-ancillary-services\/"},"modified":"2024-10-01T15:05:31","modified_gmt":"2024-10-01T13:05:31","slug":"combination-of-multiple-energy-devices-to-provide-ancillary-services","status":"publish","type":"page","link":"https:\/\/www.tedom.com\/de\/combination-of-multiple-energy-devices-to-provide-ancillary-services\/","title":{"rendered":"Combination of multiple energy devices to provide ancillary services"},"content":{"rendered":"<p style=\"text-align: left;\"><strong>Customer: Greenhouse operator<\/strong><\/p>\n<p style=\"text-align: left;\"><b><\/b>Facility: Vegetable growing facility<\/p>\n<p>&nbsp;<\/p>\n<p style=\"text-align: left;\"><b><span data-contrast=\"auto\">Technologies installed:<\/span><\/b><\/p>\n<ul>\n<li style=\"text-align: left;\">CHP units of 6 MW output<\/li>\n<li style=\"text-align: left;\">Electric boiler of 10 MW power input<\/li>\n<li style=\"text-align: left;\">LED lighting of 4 MW power input<\/li>\n<li style=\"text-align: left;\">HPS lighting of 4 MW power input<\/li>\n<\/ul>\n<p>&nbsp;<\/p>\n<p style=\"text-align: left;\"><b><span data-contrast=\"auto\">Description of operation:<\/span><\/b><\/p>\n<p style=\"text-align: left;\">This is an agricultural greenhouse in which vegetables are grown all year round. The essential input for this type of operation is light and heat.<\/p>\n<p style=\"text-align: left;\">Light is provided by the HPS and LED light sources, among which the aFRR+, aFRR-, mFRR+ and mFRR- services are distributed. Due to their appropriate combination, the standard light cycle of the greenhouses during the year is not limited. By selecting the appropriate service and setting the activation prices according to the input\/output price, a light supply is ensured that provides the plants with the necessary conditions for their growth.<\/p>\n<p style=\"text-align: left;\">Heat is provided primarily by CHP units, which also generate the electric power for consumption by the lights or for supply to the grid. Their operation depends on the need for heat and light. Depending on the season, the units can thus provide a combination of mFRR+, mFRR- and aFRR+ services. Even the setting of activation prices corresponds to these needs, thus ensuring a more efficient overall operation. The backup heat source is an electric boiler which, thanks to its characteristics, can provide aFRR service all year round without limitations. Due to the frequency of service activations, the need to start CHP units can be reduced.<\/p>\n<p style=\"text-align: left;\">By connecting to the TEDOM aggregation block, the customer has received additional revenues of CZK 50,000,000 in the first 8 months of 2023, without changing its mode of operation and without any additional costs. Further savings would then be achieved through the activations in which electricity and heat would be produced and the customer would be paid for the production.<\/p>\n","protected":false},"excerpt":{"rendered":"<p>Customer: Greenhouse operator Facility: Vegetable growing facility &nbsp; Technologies installed: CHP units of 6 MW output Electric boiler of 10 MW power input LED lighting of 4 MW power input HPS lighting of 4 MW power input &nbsp; Description of operation: This is an agricultural greenhouse in which vegetables are grown all year round. The [&hellip;]<\/p>\n","protected":false},"author":7,"featured_media":0,"parent":0,"menu_order":0,"comment_status":"closed","ping_status":"closed","template":"templates\/universal.php","meta":{"_acf_changed":false,"footnotes":""},"class_list":["post-20428","page","type-page","status-publish","hentry"],"acf":[],"yoast_head":"<!-- This site is optimized with the Yoast SEO Premium plugin v24.6 (Yoast SEO v26.4) - https:\/\/yoast.com\/wordpress\/plugins\/seo\/ -->\n<title>Combination of multiple energy devices to provide ancillary services &#8211; TEDOM<\/title>\n<meta name=\"robots\" content=\"index, follow, max-snippet:-1, max-image-preview:large, max-video-preview:-1\" \/>\n<link rel=\"canonical\" href=\"https:\/\/www.tedom.com\/de\/combination-of-multiple-energy-devices-to-provide-ancillary-services\/\" \/>\n<meta property=\"og:locale\" content=\"de_DE\" \/>\n<meta property=\"og:type\" content=\"article\" \/>\n<meta property=\"og:title\" content=\"Combination of multiple energy devices to provide ancillary services\" \/>\n<meta property=\"og:description\" content=\"Customer: Greenhouse operator Facility: Vegetable growing facility &nbsp; Technologies installed: CHP units of 6 MW output Electric boiler of 10 MW power input LED lighting of 4 MW power input HPS lighting of 4 MW power input &nbsp; Description of operation: This is an agricultural greenhouse in which vegetables are grown all year round. The [&hellip;]\" \/>\n<meta property=\"og:url\" content=\"https:\/\/www.tedom.com\/de\/combination-of-multiple-energy-devices-to-provide-ancillary-services\/\" \/>\n<meta property=\"og:site_name\" content=\"TEDOM\" \/>\n<meta property=\"article:publisher\" content=\"https:\/\/www.facebook.com\/tedom.cz\/\" \/>\n<meta property=\"article:modified_time\" content=\"2024-10-01T13:05:31+00:00\" \/>\n<meta name=\"twitter:card\" content=\"summary_large_image\" \/>\n<meta name=\"twitter:site\" content=\"@tedom_chp\" \/>\n<meta name=\"twitter:label1\" content=\"Gesch\u00e4tzte Lesezeit\" \/>\n\t<meta name=\"twitter:data1\" content=\"2\u00a0Minuten\" \/>\n<script type=\"application\/ld+json\" class=\"yoast-schema-graph\">{\"@context\":\"https:\/\/schema.org\",\"@graph\":[{\"@type\":\"WebPage\",\"@id\":\"https:\/\/www.tedom.com\/de\/combination-of-multiple-energy-devices-to-provide-ancillary-services\/\",\"url\":\"https:\/\/www.tedom.com\/de\/combination-of-multiple-energy-devices-to-provide-ancillary-services\/\",\"name\":\"Combination of multiple energy devices to provide ancillary services &#8211; TEDOM\",\"isPartOf\":{\"@id\":\"https:\/\/www.tedom.com\/de\/#website\"},\"datePublished\":\"2023-11-07T12:57:45+00:00\",\"dateModified\":\"2024-10-01T13:05:31+00:00\",\"breadcrumb\":{\"@id\":\"https:\/\/www.tedom.com\/de\/combination-of-multiple-energy-devices-to-provide-ancillary-services\/#breadcrumb\"},\"inLanguage\":\"de\",\"potentialAction\":[{\"@type\":\"ReadAction\",\"target\":[\"https:\/\/www.tedom.com\/de\/combination-of-multiple-energy-devices-to-provide-ancillary-services\/\"]}]},{\"@type\":\"BreadcrumbList\",\"@id\":\"https:\/\/www.tedom.com\/de\/combination-of-multiple-energy-devices-to-provide-ancillary-services\/#breadcrumb\",\"itemListElement\":[{\"@type\":\"ListItem\",\"position\":1,\"name\":\"Home\",\"item\":\"https:\/\/www.tedom.com\/de\/\"},{\"@type\":\"ListItem\",\"position\":2,\"name\":\"Combination of multiple energy devices to provide ancillary services\"}]},{\"@type\":\"WebSite\",\"@id\":\"https:\/\/www.tedom.com\/de\/#website\",\"url\":\"https:\/\/www.tedom.com\/de\/\",\"name\":\"TEDOM\",\"description\":\"TEDOM se zab\u00fdv\u00e1 v\u00fdrobou kogenera\u010dn\u00edch jednotek, instalac\u00ed fotovoltaiky a poskytov\u00e1n\u00edm komplexn\u00edch slu\u017eeb pro modern\u00ed decentr\u00e1ln\u00ed energetiku.\",\"publisher\":{\"@id\":\"https:\/\/www.tedom.com\/de\/#organization\"},\"potentialAction\":[{\"@type\":\"SearchAction\",\"target\":{\"@type\":\"EntryPoint\",\"urlTemplate\":\"https:\/\/www.tedom.com\/de\/?s={search_term_string}\"},\"query-input\":{\"@type\":\"PropertyValueSpecification\",\"valueRequired\":true,\"valueName\":\"search_term_string\"}}],\"inLanguage\":\"de\"},{\"@type\":\"Organization\",\"@id\":\"https:\/\/www.tedom.com\/de\/#organization\",\"name\":\"TEDOM a. s.\",\"url\":\"https:\/\/www.tedom.com\/de\/\",\"logo\":{\"@type\":\"ImageObject\",\"inLanguage\":\"de\",\"@id\":\"https:\/\/www.tedom.com\/de\/#\/schema\/logo\/image\/\",\"url\":\"https:\/\/www.tedom.com\/wp-content\/uploads\/2023\/11\/TEDOM_logotype_RGB-scaled.jpg\",\"contentUrl\":\"https:\/\/www.tedom.com\/wp-content\/uploads\/2023\/11\/TEDOM_logotype_RGB-scaled.jpg\",\"width\":2560,\"height\":654,\"caption\":\"TEDOM a. s.\"},\"image\":{\"@id\":\"https:\/\/www.tedom.com\/de\/#\/schema\/logo\/image\/\"},\"sameAs\":[\"https:\/\/www.facebook.com\/tedom.cz\/\",\"https:\/\/x.com\/tedom_chp\",\"https:\/\/www.instagram.com\/tedom_a.s\/\",\"https:\/\/www.youtube.com\/channel\/UCEqr6fHr02vxVRVF_xtKZ2w\",\"https:\/\/www.linkedin.com\/company\/tedom-a-s-?originalSubdomain=cz\"]}]}<\/script>\n<!-- \/ Yoast SEO Premium plugin. -->","yoast_head_json":{"title":"Combination of multiple energy devices to provide ancillary services &#8211; TEDOM","robots":{"index":"index","follow":"follow","max-snippet":"max-snippet:-1","max-image-preview":"max-image-preview:large","max-video-preview":"max-video-preview:-1"},"canonical":"https:\/\/www.tedom.com\/de\/combination-of-multiple-energy-devices-to-provide-ancillary-services\/","og_locale":"de_DE","og_type":"article","og_title":"Combination of multiple energy devices to provide ancillary services","og_description":"Customer: Greenhouse operator Facility: Vegetable growing facility &nbsp; Technologies installed: CHP units of 6 MW output Electric boiler of 10 MW power input LED lighting of 4 MW power input HPS lighting of 4 MW power input &nbsp; Description of operation: This is an agricultural greenhouse in which vegetables are grown all year round. The [&hellip;]","og_url":"https:\/\/www.tedom.com\/de\/combination-of-multiple-energy-devices-to-provide-ancillary-services\/","og_site_name":"TEDOM","article_publisher":"https:\/\/www.facebook.com\/tedom.cz\/","article_modified_time":"2024-10-01T13:05:31+00:00","twitter_card":"summary_large_image","twitter_site":"@tedom_chp","twitter_misc":{"Gesch\u00e4tzte Lesezeit":"2\u00a0Minuten"},"schema":{"@context":"https:\/\/schema.org","@graph":[{"@type":"WebPage","@id":"https:\/\/www.tedom.com\/de\/combination-of-multiple-energy-devices-to-provide-ancillary-services\/","url":"https:\/\/www.tedom.com\/de\/combination-of-multiple-energy-devices-to-provide-ancillary-services\/","name":"Combination of multiple energy devices to provide ancillary services &#8211; TEDOM","isPartOf":{"@id":"https:\/\/www.tedom.com\/de\/#website"},"datePublished":"2023-11-07T12:57:45+00:00","dateModified":"2024-10-01T13:05:31+00:00","breadcrumb":{"@id":"https:\/\/www.tedom.com\/de\/combination-of-multiple-energy-devices-to-provide-ancillary-services\/#breadcrumb"},"inLanguage":"de","potentialAction":[{"@type":"ReadAction","target":["https:\/\/www.tedom.com\/de\/combination-of-multiple-energy-devices-to-provide-ancillary-services\/"]}]},{"@type":"BreadcrumbList","@id":"https:\/\/www.tedom.com\/de\/combination-of-multiple-energy-devices-to-provide-ancillary-services\/#breadcrumb","itemListElement":[{"@type":"ListItem","position":1,"name":"Home","item":"https:\/\/www.tedom.com\/de\/"},{"@type":"ListItem","position":2,"name":"Combination of multiple energy devices to provide ancillary services"}]},{"@type":"WebSite","@id":"https:\/\/www.tedom.com\/de\/#website","url":"https:\/\/www.tedom.com\/de\/","name":"TEDOM","description":"TEDOM se zab\u00fdv\u00e1 v\u00fdrobou kogenera\u010dn\u00edch jednotek, instalac\u00ed fotovoltaiky a poskytov\u00e1n\u00edm komplexn\u00edch slu\u017eeb pro modern\u00ed decentr\u00e1ln\u00ed energetiku.","publisher":{"@id":"https:\/\/www.tedom.com\/de\/#organization"},"potentialAction":[{"@type":"SearchAction","target":{"@type":"EntryPoint","urlTemplate":"https:\/\/www.tedom.com\/de\/?s={search_term_string}"},"query-input":{"@type":"PropertyValueSpecification","valueRequired":true,"valueName":"search_term_string"}}],"inLanguage":"de"},{"@type":"Organization","@id":"https:\/\/www.tedom.com\/de\/#organization","name":"TEDOM a. s.","url":"https:\/\/www.tedom.com\/de\/","logo":{"@type":"ImageObject","inLanguage":"de","@id":"https:\/\/www.tedom.com\/de\/#\/schema\/logo\/image\/","url":"https:\/\/www.tedom.com\/wp-content\/uploads\/2023\/11\/TEDOM_logotype_RGB-scaled.jpg","contentUrl":"https:\/\/www.tedom.com\/wp-content\/uploads\/2023\/11\/TEDOM_logotype_RGB-scaled.jpg","width":2560,"height":654,"caption":"TEDOM a. s."},"image":{"@id":"https:\/\/www.tedom.com\/de\/#\/schema\/logo\/image\/"},"sameAs":["https:\/\/www.facebook.com\/tedom.cz\/","https:\/\/x.com\/tedom_chp","https:\/\/www.instagram.com\/tedom_a.s\/","https:\/\/www.youtube.com\/channel\/UCEqr6fHr02vxVRVF_xtKZ2w","https:\/\/www.linkedin.com\/company\/tedom-a-s-?originalSubdomain=cz"]}]}},"_links":{"self":[{"href":"https:\/\/www.tedom.com\/de\/wp-json\/wp\/v2\/pages\/20428","targetHints":{"allow":["GET"]}}],"collection":[{"href":"https:\/\/www.tedom.com\/de\/wp-json\/wp\/v2\/pages"}],"about":[{"href":"https:\/\/www.tedom.com\/de\/wp-json\/wp\/v2\/types\/page"}],"author":[{"embeddable":true,"href":"https:\/\/www.tedom.com\/de\/wp-json\/wp\/v2\/users\/7"}],"replies":[{"embeddable":true,"href":"https:\/\/www.tedom.com\/de\/wp-json\/wp\/v2\/comments?post=20428"}],"version-history":[{"count":1,"href":"https:\/\/www.tedom.com\/de\/wp-json\/wp\/v2\/pages\/20428\/revisions"}],"predecessor-version":[{"id":20429,"href":"https:\/\/www.tedom.com\/de\/wp-json\/wp\/v2\/pages\/20428\/revisions\/20429"}],"wp:attachment":[{"href":"https:\/\/www.tedom.com\/de\/wp-json\/wp\/v2\/media?parent=20428"}],"curies":[{"name":"wp","href":"https:\/\/api.w.org\/{rel}","templated":true}]}}