{"id":365,"date":"2023-08-18T19:40:55","date_gmt":"2023-08-18T19:40:55","guid":{"rendered":"https:\/\/www.tedom.com\/?post_type=product&#038;p=365"},"modified":"2025-02-07T10:41:10","modified_gmt":"2025-02-07T09:41:10","slug":"quanto","status":"publish","type":"product","link":"https:\/\/www.tedom.com\/cs\/kogeneracni-jednotky\/quanto\/","title":{"rendered":"Quanto"},"content":{"rendered":"<p>Kogenera\u010dn\u00ed jednotky \u0159ady Quanto disponuj\u00ed opravdu velk\u00fdm v\u00fdkonem. Jedna takov\u00e1 jednotka dok\u00e1\u017ee spolehliv\u011b z\u00e1sobovat teplem cel\u00e9 s\u00eddli\u0161t\u011b o dv\u011b st\u011b pades\u00e1ti bytech v\u010detn\u011b p\u0159ilehl\u00e9ho are\u00e1lu z\u00e1kladn\u00ed \u0161koly.<\/p>\n<p>P\u0159itom vyrob\u00ed tolik elekt\u0159iny, \u017ee by to sta\u010dilo na pokryt\u00ed spot\u0159eby dvoutis\u00edcov\u00e9ho m\u011bsta. Dal\u0161\u00ed uplatn\u011bn\u00ed naleznou nap\u0159. v energeticky n\u00e1ro\u010dn\u00fdch pr\u016fmyslov\u00fdch z\u00e1vodech, dolech a podobn\u011b.<\/p>\n","protected":false},"excerpt":{"rendered":"<p>Kogenera\u010dn\u00ed jednotky \u0159ady Quanto disponuj\u00ed opravdu velk\u00fdm v\u00fdkonem. Jedna takov\u00e1 jednotka dok\u00e1\u017ee spolehliv\u011b z\u00e1sobovat teplem cel\u00e9 s\u00eddli\u0161t\u011b o dv\u011b st\u011b pades\u00e1ti bytech v\u010detn\u011b p\u0159ilehl\u00e9ho are\u00e1lu z\u00e1kladn\u00ed \u0161koly. P\u0159itom vyrob\u00ed tolik elekt\u0159iny, \u017ee by to sta\u010dilo na pokryt\u00ed spot\u0159eby dvoutis\u00edcov\u00e9ho m\u011bsta. Dal\u0161\u00ed uplatn\u011bn\u00ed naleznou nap\u0159. v energeticky n\u00e1ro\u010dn\u00fdch pr\u016fmyslov\u00fdch z\u00e1vodech, dolech a podobn\u011b.<\/p>\n","protected":false},"featured_media":21954,"template":"","meta":{"_acf_changed":false},"product_brand":[],"product_cat":[28],"product_tag":[],"class_list":{"0":"post-365","1":"product","2":"type-product","3":"status-publish","4":"has-post-thumbnail","6":"product_cat-kogenerace-kogeneracni-jednotky","8":"first","9":"instock","10":"sale","11":"virtual","12":"purchasable","13":"product-type-simple"},"acf":[],"yoast_head":"<!-- This site is optimized with the Yoast SEO Premium plugin v24.6 (Yoast SEO v26.4) - https:\/\/yoast.com\/wordpress\/plugins\/seo\/ -->\n<title>Quanto &#8211; TEDOM<\/title>\n<meta name=\"description\" content=\"Elektrick\u00fd v\u00fdkon od 600 kW do 4,5 MW. Kogenera\u010dn\u00ed jednotky \u0159ady QUANTO jsou vhodn\u00e9 pro komun\u00e1ln\u00ed v\u00fdtopny, pr\u016fmyslov\u00e9 kotelny, energocentra, nemocnice a jin\u00e9 energeticky n\u00e1ro\u010dn\u00e9 provozy. V\u00edce variant proveden\u00ed - z\u00e1kladn\u00ed modul, kapota, kontejner.\" \/>\n<meta name=\"robots\" content=\"index, follow, max-snippet:-1, max-image-preview:large, max-video-preview:-1\" \/>\n<link rel=\"canonical\" href=\"https:\/\/www.tedom.com\/cs\/kogeneracni-jednotky\/quanto\/\" \/>\n<meta property=\"og:locale\" content=\"cs_CZ\" \/>\n<meta property=\"og:type\" content=\"article\" \/>\n<meta property=\"og:title\" content=\"Quanto\" \/>\n<meta property=\"og:description\" content=\"Elektrick\u00fd v\u00fdkon od 600 kW do 4,5 MW. Kogenera\u010dn\u00ed jednotky \u0159ady QUANTO jsou vhodn\u00e9 pro komun\u00e1ln\u00ed v\u00fdtopny, pr\u016fmyslov\u00e9 kotelny, energocentra, nemocnice a jin\u00e9 energeticky n\u00e1ro\u010dn\u00e9 provozy. V\u00edce variant proveden\u00ed - z\u00e1kladn\u00ed modul, kapota, kontejner.\" \/>\n<meta property=\"og:url\" content=\"https:\/\/www.tedom.com\/cs\/kogeneracni-jednotky\/quanto\/\" \/>\n<meta property=\"og:site_name\" content=\"TEDOM\" \/>\n<meta property=\"article:publisher\" content=\"https:\/\/www.facebook.com\/tedom.cz\/\" \/>\n<meta property=\"article:modified_time\" content=\"2025-02-07T09:41:10+00:00\" \/>\n<meta property=\"og:image\" content=\"https:\/\/www.tedom.com\/wp-content\/uploads\/2025\/02\/QUANTO-2.png\" \/>\n\t<meta property=\"og:image:width\" content=\"2394\" \/>\n\t<meta property=\"og:image:height\" content=\"1827\" \/>\n\t<meta property=\"og:image:type\" content=\"image\/png\" \/>\n<meta name=\"twitter:card\" content=\"summary_large_image\" \/>\n<meta name=\"twitter:site\" content=\"@tedom_chp\" \/>\n<meta name=\"twitter:label1\" content=\"Odhadovan\u00e1 doba \u010dten\u00ed\" \/>\n\t<meta name=\"twitter:data1\" content=\"1 minuta\" \/>\n<script type=\"application\/ld+json\" class=\"yoast-schema-graph\">{\"@context\":\"https:\/\/schema.org\",\"@graph\":[{\"@type\":\"WebPage\",\"@id\":\"https:\/\/www.tedom.com\/cs\/kogeneracni-jednotky\/quanto\/\",\"url\":\"https:\/\/www.tedom.com\/cs\/kogeneracni-jednotky\/quanto\/\",\"name\":\"Quanto &#8211; TEDOM\",\"isPartOf\":{\"@id\":\"https:\/\/www.tedom.com\/cs\/#website\"},\"primaryImageOfPage\":{\"@id\":\"https:\/\/www.tedom.com\/cs\/kogeneracni-jednotky\/quanto\/#primaryimage\"},\"image\":{\"@id\":\"https:\/\/www.tedom.com\/cs\/kogeneracni-jednotky\/quanto\/#primaryimage\"},\"thumbnailUrl\":\"https:\/\/www.tedom.com\/wp-content\/uploads\/2025\/02\/QUANTO-2.png\",\"datePublished\":\"2023-08-18T19:40:55+00:00\",\"dateModified\":\"2025-02-07T09:41:10+00:00\",\"description\":\"Elektrick\u00fd v\u00fdkon od 600 kW do 4,5 MW. Kogenera\u010dn\u00ed jednotky \u0159ady QUANTO jsou vhodn\u00e9 pro komun\u00e1ln\u00ed v\u00fdtopny, pr\u016fmyslov\u00e9 kotelny, energocentra, nemocnice a jin\u00e9 energeticky n\u00e1ro\u010dn\u00e9 provozy. V\u00edce variant proveden\u00ed - z\u00e1kladn\u00ed modul, kapota, kontejner.\",\"breadcrumb\":{\"@id\":\"https:\/\/www.tedom.com\/cs\/kogeneracni-jednotky\/quanto\/#breadcrumb\"},\"inLanguage\":\"cs\",\"potentialAction\":[{\"@type\":\"ReadAction\",\"target\":[\"https:\/\/www.tedom.com\/cs\/kogeneracni-jednotky\/quanto\/\"]}]},{\"@type\":\"ImageObject\",\"inLanguage\":\"cs\",\"@id\":\"https:\/\/www.tedom.com\/cs\/kogeneracni-jednotky\/quanto\/#primaryimage\",\"url\":\"https:\/\/www.tedom.com\/wp-content\/uploads\/2025\/02\/QUANTO-2.png\",\"contentUrl\":\"https:\/\/www.tedom.com\/wp-content\/uploads\/2025\/02\/QUANTO-2.png\",\"width\":2394,\"height\":1827},{\"@type\":\"BreadcrumbList\",\"@id\":\"https:\/\/www.tedom.com\/cs\/kogeneracni-jednotky\/quanto\/#breadcrumb\",\"itemListElement\":[{\"@type\":\"ListItem\",\"position\":1,\"name\":\"Home\",\"item\":\"https:\/\/www.tedom.com\/cs\/\"},{\"@type\":\"ListItem\",\"position\":2,\"name\":\"Shop\",\"item\":\"https:\/\/www.tedom.com\/cs\/shop\/\"},{\"@type\":\"ListItem\",\"position\":3,\"name\":\"Quanto\"}]},{\"@type\":\"WebSite\",\"@id\":\"https:\/\/www.tedom.com\/cs\/#website\",\"url\":\"https:\/\/www.tedom.com\/cs\/\",\"name\":\"TEDOM\",\"description\":\"TEDOM se zab\u00fdv\u00e1 v\u00fdrobou kogenera\u010dn\u00edch jednotek, instalac\u00ed fotovoltaiky a poskytov\u00e1n\u00edm komplexn\u00edch slu\u017eeb pro modern\u00ed decentr\u00e1ln\u00ed energetiku.\",\"publisher\":{\"@id\":\"https:\/\/www.tedom.com\/cs\/#organization\"},\"potentialAction\":[{\"@type\":\"SearchAction\",\"target\":{\"@type\":\"EntryPoint\",\"urlTemplate\":\"https:\/\/www.tedom.com\/cs\/?s={search_term_string}\"},\"query-input\":{\"@type\":\"PropertyValueSpecification\",\"valueRequired\":true,\"valueName\":\"search_term_string\"}}],\"inLanguage\":\"cs\"},{\"@type\":\"Organization\",\"@id\":\"https:\/\/www.tedom.com\/cs\/#organization\",\"name\":\"TEDOM a. s.\",\"url\":\"https:\/\/www.tedom.com\/cs\/\",\"logo\":{\"@type\":\"ImageObject\",\"inLanguage\":\"cs\",\"@id\":\"https:\/\/www.tedom.com\/cs\/#\/schema\/logo\/image\/\",\"url\":\"https:\/\/www.tedom.com\/wp-content\/uploads\/2023\/11\/TEDOM_logotype_RGB-scaled.jpg\",\"contentUrl\":\"https:\/\/www.tedom.com\/wp-content\/uploads\/2023\/11\/TEDOM_logotype_RGB-scaled.jpg\",\"width\":2560,\"height\":654,\"caption\":\"TEDOM a. s.\"},\"image\":{\"@id\":\"https:\/\/www.tedom.com\/cs\/#\/schema\/logo\/image\/\"},\"sameAs\":[\"https:\/\/www.facebook.com\/tedom.cz\/\",\"https:\/\/x.com\/tedom_chp\",\"https:\/\/www.instagram.com\/tedom_a.s\/\",\"https:\/\/www.youtube.com\/channel\/UCEqr6fHr02vxVRVF_xtKZ2w\",\"https:\/\/www.linkedin.com\/company\/tedom-a-s-?originalSubdomain=cz\"]}]}<\/script>\n<!-- \/ Yoast SEO Premium plugin. -->","yoast_head_json":{"title":"Quanto &#8211; TEDOM","description":"Elektrick\u00fd v\u00fdkon od 600 kW do 4,5 MW. Kogenera\u010dn\u00ed jednotky \u0159ady QUANTO jsou vhodn\u00e9 pro komun\u00e1ln\u00ed v\u00fdtopny, pr\u016fmyslov\u00e9 kotelny, energocentra, nemocnice a jin\u00e9 energeticky n\u00e1ro\u010dn\u00e9 provozy. V\u00edce variant proveden\u00ed - z\u00e1kladn\u00ed modul, kapota, kontejner.","robots":{"index":"index","follow":"follow","max-snippet":"max-snippet:-1","max-image-preview":"max-image-preview:large","max-video-preview":"max-video-preview:-1"},"canonical":"https:\/\/www.tedom.com\/cs\/kogeneracni-jednotky\/quanto\/","og_locale":"cs_CZ","og_type":"article","og_title":"Quanto","og_description":"Elektrick\u00fd v\u00fdkon od 600 kW do 4,5 MW. Kogenera\u010dn\u00ed jednotky \u0159ady QUANTO jsou vhodn\u00e9 pro komun\u00e1ln\u00ed v\u00fdtopny, pr\u016fmyslov\u00e9 kotelny, energocentra, nemocnice a jin\u00e9 energeticky n\u00e1ro\u010dn\u00e9 provozy. V\u00edce variant proveden\u00ed - z\u00e1kladn\u00ed modul, kapota, kontejner.","og_url":"https:\/\/www.tedom.com\/cs\/kogeneracni-jednotky\/quanto\/","og_site_name":"TEDOM","article_publisher":"https:\/\/www.facebook.com\/tedom.cz\/","article_modified_time":"2025-02-07T09:41:10+00:00","og_image":[{"width":2394,"height":1827,"url":"https:\/\/www.tedom.com\/wp-content\/uploads\/2025\/02\/QUANTO-2.png","type":"image\/png"}],"twitter_card":"summary_large_image","twitter_site":"@tedom_chp","twitter_misc":{"Odhadovan\u00e1 doba \u010dten\u00ed":"1 minuta"},"schema":{"@context":"https:\/\/schema.org","@graph":[{"@type":"WebPage","@id":"https:\/\/www.tedom.com\/cs\/kogeneracni-jednotky\/quanto\/","url":"https:\/\/www.tedom.com\/cs\/kogeneracni-jednotky\/quanto\/","name":"Quanto &#8211; TEDOM","isPartOf":{"@id":"https:\/\/www.tedom.com\/cs\/#website"},"primaryImageOfPage":{"@id":"https:\/\/www.tedom.com\/cs\/kogeneracni-jednotky\/quanto\/#primaryimage"},"image":{"@id":"https:\/\/www.tedom.com\/cs\/kogeneracni-jednotky\/quanto\/#primaryimage"},"thumbnailUrl":"https:\/\/www.tedom.com\/wp-content\/uploads\/2025\/02\/QUANTO-2.png","datePublished":"2023-08-18T19:40:55+00:00","dateModified":"2025-02-07T09:41:10+00:00","description":"Elektrick\u00fd v\u00fdkon od 600 kW do 4,5 MW. Kogenera\u010dn\u00ed jednotky \u0159ady QUANTO jsou vhodn\u00e9 pro komun\u00e1ln\u00ed v\u00fdtopny, pr\u016fmyslov\u00e9 kotelny, energocentra, nemocnice a jin\u00e9 energeticky n\u00e1ro\u010dn\u00e9 provozy. V\u00edce variant proveden\u00ed - z\u00e1kladn\u00ed modul, kapota, kontejner.","breadcrumb":{"@id":"https:\/\/www.tedom.com\/cs\/kogeneracni-jednotky\/quanto\/#breadcrumb"},"inLanguage":"cs","potentialAction":[{"@type":"ReadAction","target":["https:\/\/www.tedom.com\/cs\/kogeneracni-jednotky\/quanto\/"]}]},{"@type":"ImageObject","inLanguage":"cs","@id":"https:\/\/www.tedom.com\/cs\/kogeneracni-jednotky\/quanto\/#primaryimage","url":"https:\/\/www.tedom.com\/wp-content\/uploads\/2025\/02\/QUANTO-2.png","contentUrl":"https:\/\/www.tedom.com\/wp-content\/uploads\/2025\/02\/QUANTO-2.png","width":2394,"height":1827},{"@type":"BreadcrumbList","@id":"https:\/\/www.tedom.com\/cs\/kogeneracni-jednotky\/quanto\/#breadcrumb","itemListElement":[{"@type":"ListItem","position":1,"name":"Home","item":"https:\/\/www.tedom.com\/cs\/"},{"@type":"ListItem","position":2,"name":"Shop","item":"https:\/\/www.tedom.com\/cs\/shop\/"},{"@type":"ListItem","position":3,"name":"Quanto"}]},{"@type":"WebSite","@id":"https:\/\/www.tedom.com\/cs\/#website","url":"https:\/\/www.tedom.com\/cs\/","name":"TEDOM","description":"TEDOM se zab\u00fdv\u00e1 v\u00fdrobou kogenera\u010dn\u00edch jednotek, instalac\u00ed fotovoltaiky a poskytov\u00e1n\u00edm komplexn\u00edch slu\u017eeb pro modern\u00ed decentr\u00e1ln\u00ed energetiku.","publisher":{"@id":"https:\/\/www.tedom.com\/cs\/#organization"},"potentialAction":[{"@type":"SearchAction","target":{"@type":"EntryPoint","urlTemplate":"https:\/\/www.tedom.com\/cs\/?s={search_term_string}"},"query-input":{"@type":"PropertyValueSpecification","valueRequired":true,"valueName":"search_term_string"}}],"inLanguage":"cs"},{"@type":"Organization","@id":"https:\/\/www.tedom.com\/cs\/#organization","name":"TEDOM a. s.","url":"https:\/\/www.tedom.com\/cs\/","logo":{"@type":"ImageObject","inLanguage":"cs","@id":"https:\/\/www.tedom.com\/cs\/#\/schema\/logo\/image\/","url":"https:\/\/www.tedom.com\/wp-content\/uploads\/2023\/11\/TEDOM_logotype_RGB-scaled.jpg","contentUrl":"https:\/\/www.tedom.com\/wp-content\/uploads\/2023\/11\/TEDOM_logotype_RGB-scaled.jpg","width":2560,"height":654,"caption":"TEDOM a. s."},"image":{"@id":"https:\/\/www.tedom.com\/cs\/#\/schema\/logo\/image\/"},"sameAs":["https:\/\/www.facebook.com\/tedom.cz\/","https:\/\/x.com\/tedom_chp","https:\/\/www.instagram.com\/tedom_a.s\/","https:\/\/www.youtube.com\/channel\/UCEqr6fHr02vxVRVF_xtKZ2w","https:\/\/www.linkedin.com\/company\/tedom-a-s-?originalSubdomain=cz"]}]}},"_links":{"self":[{"href":"https:\/\/www.tedom.com\/cs\/wp-json\/wp\/v2\/product\/365","targetHints":{"allow":["GET"]}}],"collection":[{"href":"https:\/\/www.tedom.com\/cs\/wp-json\/wp\/v2\/product"}],"about":[{"href":"https:\/\/www.tedom.com\/cs\/wp-json\/wp\/v2\/types\/product"}],"wp:featuredmedia":[{"embeddable":true,"href":"https:\/\/www.tedom.com\/cs\/wp-json\/wp\/v2\/media\/21954"}],"wp:attachment":[{"href":"https:\/\/www.tedom.com\/cs\/wp-json\/wp\/v2\/media?parent=365"}],"wp:term":[{"taxonomy":"product_brand","embeddable":true,"href":"https:\/\/www.tedom.com\/cs\/wp-json\/wp\/v2\/product_brand?post=365"},{"taxonomy":"product_cat","embeddable":true,"href":"https:\/\/www.tedom.com\/cs\/wp-json\/wp\/v2\/product_cat?post=365"},{"taxonomy":"product_tag","embeddable":true,"href":"https:\/\/www.tedom.com\/cs\/wp-json\/wp\/v2\/product_tag?post=365"}],"curies":[{"name":"wp","href":"https:\/\/api.w.org\/{rel}","templated":true}]}}