{"id":363,"date":"2023-08-18T19:40:08","date_gmt":"2023-08-18T19:40:08","guid":{"rendered":"https:\/\/www.tedom.com\/?post_type=product&#038;p=363"},"modified":"2025-05-29T14:12:53","modified_gmt":"2025-05-29T12:12:53","slug":"flexi","status":"publish","type":"product","link":"https:\/\/www.tedom.com\/cs\/kogeneracni-jednotky\/flexi\/","title":{"rendered":"Flexi"},"content":{"rendered":"<div class=\"text\">\n<p>Kogenera\u010dn\u00ed jednotky \u0159ady Flexi najdou uplatn\u011bn\u00ed v energeticky n\u00e1ro\u010dn\u00fdch budov\u00e1ch, jako jsou nap\u0159. nemocnice, \u0161koly, hotely, akvaparky, konferen\u010dn\u00ed centra nebo pr\u016fmyslov\u00e9 podniky.<\/p>\n<p>Jejich <strong>modul\u00e1rn\u00ed koncepce<\/strong> umo\u017e\u0148uje snadn\u00e9 p\u0159izp\u016fsoben\u00ed po\u017eadavk\u016fm z\u00e1kazn\u00edka, kter\u00fd m\u00e1 na v\u00fdb\u011br celou \u0159adu funkcionalit. Pr\u00e1v\u011b flexibilita a jednoduch\u00e1 konfigurovatelnost jsou hlavn\u00edmi rysy t\u00e9to v\u00fdkonov\u00e9 \u0159ady.<\/p>\n<\/div>\n","protected":false},"excerpt":{"rendered":"<p>Kogenera\u010dn\u00ed jednotky \u0159ady Flexi najdou uplatn\u011bn\u00ed v energeticky n\u00e1ro\u010dn\u00fdch budov\u00e1ch, jako jsou nap\u0159. nemocnice, \u0161koly, hotely, akvaparky, konferen\u010dn\u00ed centra nebo pr\u016fmyslov\u00e9 podniky. Jejich modul\u00e1rn\u00ed koncepce umo\u017e\u0148uje snadn\u00e9 p\u0159izp\u016fsoben\u00ed po\u017eadavk\u016fm z\u00e1kazn\u00edka, kter\u00fd m\u00e1 na v\u00fdb\u011br celou \u0159adu funkcionalit. Pr\u00e1v\u011b flexibilita a jednoduch\u00e1 konfigurovatelnost jsou hlavn\u00edmi rysy t\u00e9to v\u00fdkonov\u00e9 \u0159ady.<\/p>\n","protected":false},"featured_media":21986,"template":"","meta":{"_acf_changed":false},"product_brand":[],"product_cat":[28],"product_tag":[],"class_list":{"0":"post-363","1":"product","2":"type-product","3":"status-publish","4":"has-post-thumbnail","6":"product_cat-kogenerace-kogeneracni-jednotky","8":"first","9":"instock","10":"sale","11":"virtual","12":"purchasable","13":"product-type-simple"},"acf":[],"yoast_head":"<!-- This site is optimized with the Yoast SEO Premium plugin v24.6 (Yoast SEO v26.4) - https:\/\/yoast.com\/wordpress\/plugins\/seo\/ -->\n<title>Flexi &#8211; TEDOM<\/title>\n<meta name=\"description\" content=\"Kogenera\u010dn\u00ed jednotky \u0159ady Flexi najdou uplatn\u011bn\u00ed v energeticky n\u00e1ro\u010dn\u00fdch budov\u00e1ch, jako jsou nap\u0159. nemocnice, \u0161koly, hotely, akvaparky, konferen\u010dn\u00ed centra nebo pr\u016fmyslov\u00e9 podniky.\" \/>\n<meta name=\"robots\" content=\"index, follow, max-snippet:-1, max-image-preview:large, max-video-preview:-1\" \/>\n<link rel=\"canonical\" href=\"https:\/\/www.tedom.com\/cs\/kogeneracni-jednotky\/flexi\/\" \/>\n<meta property=\"og:locale\" content=\"cs_CZ\" \/>\n<meta property=\"og:type\" content=\"article\" \/>\n<meta property=\"og:title\" content=\"Flexi\" \/>\n<meta property=\"og:description\" content=\"Kogenera\u010dn\u00ed jednotky \u0159ady Flexi najdou uplatn\u011bn\u00ed v energeticky n\u00e1ro\u010dn\u00fdch budov\u00e1ch, jako jsou nap\u0159. nemocnice, \u0161koly, hotely, akvaparky, konferen\u010dn\u00ed centra nebo pr\u016fmyslov\u00e9 podniky.\" \/>\n<meta property=\"og:url\" content=\"https:\/\/www.tedom.com\/cs\/kogeneracni-jednotky\/flexi\/\" \/>\n<meta property=\"og:site_name\" content=\"TEDOM\" \/>\n<meta property=\"article:publisher\" content=\"https:\/\/www.facebook.com\/tedom.cz\/\" \/>\n<meta property=\"article:modified_time\" content=\"2025-05-29T12:12:53+00:00\" \/>\n<meta property=\"og:image\" content=\"https:\/\/www.tedom.com\/wp-content\/uploads\/2025\/02\/FLEXI-2-1024x768.png\" \/>\n\t<meta property=\"og:image:width\" content=\"1024\" \/>\n\t<meta property=\"og:image:height\" content=\"768\" \/>\n\t<meta property=\"og:image:type\" content=\"image\/png\" \/>\n<meta name=\"twitter:card\" content=\"summary_large_image\" \/>\n<meta name=\"twitter:site\" content=\"@tedom_chp\" \/>\n<meta name=\"twitter:label1\" content=\"Odhadovan\u00e1 doba \u010dten\u00ed\" \/>\n\t<meta name=\"twitter:data1\" content=\"1 minuta\" \/>\n<script type=\"application\/ld+json\" class=\"yoast-schema-graph\">{\"@context\":\"https:\/\/schema.org\",\"@graph\":[{\"@type\":\"WebPage\",\"@id\":\"https:\/\/www.tedom.com\/cs\/kogeneracni-jednotky\/flexi\/\",\"url\":\"https:\/\/www.tedom.com\/cs\/kogeneracni-jednotky\/flexi\/\",\"name\":\"Flexi &#8211; TEDOM\",\"isPartOf\":{\"@id\":\"https:\/\/www.tedom.com\/cs\/#website\"},\"primaryImageOfPage\":{\"@id\":\"https:\/\/www.tedom.com\/cs\/kogeneracni-jednotky\/flexi\/#primaryimage\"},\"image\":{\"@id\":\"https:\/\/www.tedom.com\/cs\/kogeneracni-jednotky\/flexi\/#primaryimage\"},\"thumbnailUrl\":\"https:\/\/www.tedom.com\/wp-content\/uploads\/2025\/02\/FLEXI-2.png\",\"datePublished\":\"2023-08-18T19:40:08+00:00\",\"dateModified\":\"2025-05-29T12:12:53+00:00\",\"description\":\"Kogenera\u010dn\u00ed jednotky \u0159ady Flexi najdou uplatn\u011bn\u00ed v energeticky n\u00e1ro\u010dn\u00fdch budov\u00e1ch, jako jsou nap\u0159. nemocnice, \u0161koly, hotely, akvaparky, konferen\u010dn\u00ed centra nebo pr\u016fmyslov\u00e9 podniky.\",\"breadcrumb\":{\"@id\":\"https:\/\/www.tedom.com\/cs\/kogeneracni-jednotky\/flexi\/#breadcrumb\"},\"inLanguage\":\"cs\",\"potentialAction\":[{\"@type\":\"ReadAction\",\"target\":[\"https:\/\/www.tedom.com\/cs\/kogeneracni-jednotky\/flexi\/\"]}]},{\"@type\":\"ImageObject\",\"inLanguage\":\"cs\",\"@id\":\"https:\/\/www.tedom.com\/cs\/kogeneracni-jednotky\/flexi\/#primaryimage\",\"url\":\"https:\/\/www.tedom.com\/wp-content\/uploads\/2025\/02\/FLEXI-2.png\",\"contentUrl\":\"https:\/\/www.tedom.com\/wp-content\/uploads\/2025\/02\/FLEXI-2.png\",\"width\":2772,\"height\":2079},{\"@type\":\"BreadcrumbList\",\"@id\":\"https:\/\/www.tedom.com\/cs\/kogeneracni-jednotky\/flexi\/#breadcrumb\",\"itemListElement\":[{\"@type\":\"ListItem\",\"position\":1,\"name\":\"Home\",\"item\":\"https:\/\/www.tedom.com\/cs\/\"},{\"@type\":\"ListItem\",\"position\":2,\"name\":\"Shop\",\"item\":\"https:\/\/www.tedom.com\/cs\/shop\/\"},{\"@type\":\"ListItem\",\"position\":3,\"name\":\"Flexi\"}]},{\"@type\":\"WebSite\",\"@id\":\"https:\/\/www.tedom.com\/cs\/#website\",\"url\":\"https:\/\/www.tedom.com\/cs\/\",\"name\":\"TEDOM\",\"description\":\"TEDOM se zab\u00fdv\u00e1 v\u00fdrobou kogenera\u010dn\u00edch jednotek, instalac\u00ed fotovoltaiky a poskytov\u00e1n\u00edm komplexn\u00edch slu\u017eeb pro modern\u00ed decentr\u00e1ln\u00ed energetiku.\",\"publisher\":{\"@id\":\"https:\/\/www.tedom.com\/cs\/#organization\"},\"potentialAction\":[{\"@type\":\"SearchAction\",\"target\":{\"@type\":\"EntryPoint\",\"urlTemplate\":\"https:\/\/www.tedom.com\/cs\/?s={search_term_string}\"},\"query-input\":{\"@type\":\"PropertyValueSpecification\",\"valueRequired\":true,\"valueName\":\"search_term_string\"}}],\"inLanguage\":\"cs\"},{\"@type\":\"Organization\",\"@id\":\"https:\/\/www.tedom.com\/cs\/#organization\",\"name\":\"TEDOM a. s.\",\"url\":\"https:\/\/www.tedom.com\/cs\/\",\"logo\":{\"@type\":\"ImageObject\",\"inLanguage\":\"cs\",\"@id\":\"https:\/\/www.tedom.com\/cs\/#\/schema\/logo\/image\/\",\"url\":\"https:\/\/www.tedom.com\/wp-content\/uploads\/2023\/11\/TEDOM_logotype_RGB-scaled.jpg\",\"contentUrl\":\"https:\/\/www.tedom.com\/wp-content\/uploads\/2023\/11\/TEDOM_logotype_RGB-scaled.jpg\",\"width\":2560,\"height\":654,\"caption\":\"TEDOM a. s.\"},\"image\":{\"@id\":\"https:\/\/www.tedom.com\/cs\/#\/schema\/logo\/image\/\"},\"sameAs\":[\"https:\/\/www.facebook.com\/tedom.cz\/\",\"https:\/\/x.com\/tedom_chp\",\"https:\/\/www.instagram.com\/tedom_a.s\/\",\"https:\/\/www.youtube.com\/channel\/UCEqr6fHr02vxVRVF_xtKZ2w\",\"https:\/\/www.linkedin.com\/company\/tedom-a-s-?originalSubdomain=cz\"]}]}<\/script>\n<!-- \/ Yoast SEO Premium plugin. -->","yoast_head_json":{"title":"Flexi &#8211; TEDOM","description":"Kogenera\u010dn\u00ed jednotky \u0159ady Flexi najdou uplatn\u011bn\u00ed v energeticky n\u00e1ro\u010dn\u00fdch budov\u00e1ch, jako jsou nap\u0159. nemocnice, \u0161koly, hotely, akvaparky, konferen\u010dn\u00ed centra nebo pr\u016fmyslov\u00e9 podniky.","robots":{"index":"index","follow":"follow","max-snippet":"max-snippet:-1","max-image-preview":"max-image-preview:large","max-video-preview":"max-video-preview:-1"},"canonical":"https:\/\/www.tedom.com\/cs\/kogeneracni-jednotky\/flexi\/","og_locale":"cs_CZ","og_type":"article","og_title":"Flexi","og_description":"Kogenera\u010dn\u00ed jednotky \u0159ady Flexi najdou uplatn\u011bn\u00ed v energeticky n\u00e1ro\u010dn\u00fdch budov\u00e1ch, jako jsou nap\u0159. nemocnice, \u0161koly, hotely, akvaparky, konferen\u010dn\u00ed centra nebo pr\u016fmyslov\u00e9 podniky.","og_url":"https:\/\/www.tedom.com\/cs\/kogeneracni-jednotky\/flexi\/","og_site_name":"TEDOM","article_publisher":"https:\/\/www.facebook.com\/tedom.cz\/","article_modified_time":"2025-05-29T12:12:53+00:00","og_image":[{"width":1024,"height":768,"url":"https:\/\/www.tedom.com\/wp-content\/uploads\/2025\/02\/FLEXI-2-1024x768.png","type":"image\/png"}],"twitter_card":"summary_large_image","twitter_site":"@tedom_chp","twitter_misc":{"Odhadovan\u00e1 doba \u010dten\u00ed":"1 minuta"},"schema":{"@context":"https:\/\/schema.org","@graph":[{"@type":"WebPage","@id":"https:\/\/www.tedom.com\/cs\/kogeneracni-jednotky\/flexi\/","url":"https:\/\/www.tedom.com\/cs\/kogeneracni-jednotky\/flexi\/","name":"Flexi &#8211; TEDOM","isPartOf":{"@id":"https:\/\/www.tedom.com\/cs\/#website"},"primaryImageOfPage":{"@id":"https:\/\/www.tedom.com\/cs\/kogeneracni-jednotky\/flexi\/#primaryimage"},"image":{"@id":"https:\/\/www.tedom.com\/cs\/kogeneracni-jednotky\/flexi\/#primaryimage"},"thumbnailUrl":"https:\/\/www.tedom.com\/wp-content\/uploads\/2025\/02\/FLEXI-2.png","datePublished":"2023-08-18T19:40:08+00:00","dateModified":"2025-05-29T12:12:53+00:00","description":"Kogenera\u010dn\u00ed jednotky \u0159ady Flexi najdou uplatn\u011bn\u00ed v energeticky n\u00e1ro\u010dn\u00fdch budov\u00e1ch, jako jsou nap\u0159. nemocnice, \u0161koly, hotely, akvaparky, konferen\u010dn\u00ed centra nebo pr\u016fmyslov\u00e9 podniky.","breadcrumb":{"@id":"https:\/\/www.tedom.com\/cs\/kogeneracni-jednotky\/flexi\/#breadcrumb"},"inLanguage":"cs","potentialAction":[{"@type":"ReadAction","target":["https:\/\/www.tedom.com\/cs\/kogeneracni-jednotky\/flexi\/"]}]},{"@type":"ImageObject","inLanguage":"cs","@id":"https:\/\/www.tedom.com\/cs\/kogeneracni-jednotky\/flexi\/#primaryimage","url":"https:\/\/www.tedom.com\/wp-content\/uploads\/2025\/02\/FLEXI-2.png","contentUrl":"https:\/\/www.tedom.com\/wp-content\/uploads\/2025\/02\/FLEXI-2.png","width":2772,"height":2079},{"@type":"BreadcrumbList","@id":"https:\/\/www.tedom.com\/cs\/kogeneracni-jednotky\/flexi\/#breadcrumb","itemListElement":[{"@type":"ListItem","position":1,"name":"Home","item":"https:\/\/www.tedom.com\/cs\/"},{"@type":"ListItem","position":2,"name":"Shop","item":"https:\/\/www.tedom.com\/cs\/shop\/"},{"@type":"ListItem","position":3,"name":"Flexi"}]},{"@type":"WebSite","@id":"https:\/\/www.tedom.com\/cs\/#website","url":"https:\/\/www.tedom.com\/cs\/","name":"TEDOM","description":"TEDOM se zab\u00fdv\u00e1 v\u00fdrobou kogenera\u010dn\u00edch jednotek, instalac\u00ed fotovoltaiky a poskytov\u00e1n\u00edm komplexn\u00edch slu\u017eeb pro modern\u00ed decentr\u00e1ln\u00ed energetiku.","publisher":{"@id":"https:\/\/www.tedom.com\/cs\/#organization"},"potentialAction":[{"@type":"SearchAction","target":{"@type":"EntryPoint","urlTemplate":"https:\/\/www.tedom.com\/cs\/?s={search_term_string}"},"query-input":{"@type":"PropertyValueSpecification","valueRequired":true,"valueName":"search_term_string"}}],"inLanguage":"cs"},{"@type":"Organization","@id":"https:\/\/www.tedom.com\/cs\/#organization","name":"TEDOM a. s.","url":"https:\/\/www.tedom.com\/cs\/","logo":{"@type":"ImageObject","inLanguage":"cs","@id":"https:\/\/www.tedom.com\/cs\/#\/schema\/logo\/image\/","url":"https:\/\/www.tedom.com\/wp-content\/uploads\/2023\/11\/TEDOM_logotype_RGB-scaled.jpg","contentUrl":"https:\/\/www.tedom.com\/wp-content\/uploads\/2023\/11\/TEDOM_logotype_RGB-scaled.jpg","width":2560,"height":654,"caption":"TEDOM a. s."},"image":{"@id":"https:\/\/www.tedom.com\/cs\/#\/schema\/logo\/image\/"},"sameAs":["https:\/\/www.facebook.com\/tedom.cz\/","https:\/\/x.com\/tedom_chp","https:\/\/www.instagram.com\/tedom_a.s\/","https:\/\/www.youtube.com\/channel\/UCEqr6fHr02vxVRVF_xtKZ2w","https:\/\/www.linkedin.com\/company\/tedom-a-s-?originalSubdomain=cz"]}]}},"_links":{"self":[{"href":"https:\/\/www.tedom.com\/cs\/wp-json\/wp\/v2\/product\/363","targetHints":{"allow":["GET"]}}],"collection":[{"href":"https:\/\/www.tedom.com\/cs\/wp-json\/wp\/v2\/product"}],"about":[{"href":"https:\/\/www.tedom.com\/cs\/wp-json\/wp\/v2\/types\/product"}],"wp:featuredmedia":[{"embeddable":true,"href":"https:\/\/www.tedom.com\/cs\/wp-json\/wp\/v2\/media\/21986"}],"wp:attachment":[{"href":"https:\/\/www.tedom.com\/cs\/wp-json\/wp\/v2\/media?parent=363"}],"wp:term":[{"taxonomy":"product_brand","embeddable":true,"href":"https:\/\/www.tedom.com\/cs\/wp-json\/wp\/v2\/product_brand?post=363"},{"taxonomy":"product_cat","embeddable":true,"href":"https:\/\/www.tedom.com\/cs\/wp-json\/wp\/v2\/product_cat?post=363"},{"taxonomy":"product_tag","embeddable":true,"href":"https:\/\/www.tedom.com\/cs\/wp-json\/wp\/v2\/product_tag?post=363"}],"curies":[{"name":"wp","href":"https:\/\/api.w.org\/{rel}","templated":true}]}}