{"id":60,"date":"2023-08-12T09:17:22","date_gmt":"2023-08-12T09:17:22","guid":{"rendered":"https:\/\/www.tedom.com\/?page_id=60"},"modified":"2025-07-23T14:37:52","modified_gmt":"2025-07-23T12:37:52","slug":"servis","status":"publish","type":"page","link":"https:\/\/www.tedom.com\/cs\/servis\/","title":{"rendered":"Servis TEDOM"},"content":{"rendered":"","protected":false},"excerpt":{"rendered":"","protected":false},"author":2,"featured_media":0,"parent":0,"menu_order":0,"comment_status":"closed","ping_status":"closed","template":"templates\/servis-tedom.php","meta":{"_acf_changed":false,"footnotes":""},"class_list":["post-60","page","type-page","status-publish","hentry"],"acf":[],"yoast_head":"<!-- This site is optimized with the Yoast SEO Premium plugin v24.6 (Yoast SEO v26.4) - https:\/\/yoast.com\/wordpress\/plugins\/seo\/ -->\n<title>Servis TEDOM &#8211; TEDOM<\/title>\n<meta name=\"description\" content=\"V \u010cesk\u00e9 republice m\u00e1me 9 vlastn\u00edch servisn\u00edch st\u0159edisek s v\u00edce ne\u017e t\u0159iceti servisn\u00edmi pos\u00e1dkami. V zahrani\u010d\u00ed se o \u00fadr\u017ebu kogenera\u010dn\u00edch jednotek TEDOM staraj\u00ed servisn\u00ed partne\u0159i, kter\u00e9 pravideln\u011b \u0161kol\u00edme a poskytujeme jim odbornou technickou podporu.\" \/>\n<meta name=\"robots\" content=\"index, follow, max-snippet:-1, max-image-preview:large, max-video-preview:-1\" \/>\n<link rel=\"canonical\" href=\"https:\/\/www.tedom.com\/cs\/servis\/\" \/>\n<meta property=\"og:locale\" content=\"cs_CZ\" \/>\n<meta property=\"og:type\" content=\"article\" \/>\n<meta property=\"og:title\" content=\"Servis TEDOM\" \/>\n<meta property=\"og:description\" content=\"V \u010cesk\u00e9 republice m\u00e1me 9 vlastn\u00edch servisn\u00edch st\u0159edisek s v\u00edce ne\u017e t\u0159iceti servisn\u00edmi pos\u00e1dkami. V zahrani\u010d\u00ed se o \u00fadr\u017ebu kogenera\u010dn\u00edch jednotek TEDOM staraj\u00ed servisn\u00ed partne\u0159i, kter\u00e9 pravideln\u011b \u0161kol\u00edme a poskytujeme jim odbornou technickou podporu.\" \/>\n<meta property=\"og:url\" content=\"https:\/\/www.tedom.com\/cs\/servis\/\" \/>\n<meta property=\"og:site_name\" content=\"TEDOM\" \/>\n<meta property=\"article:publisher\" content=\"https:\/\/www.facebook.com\/tedom.cz\/\" \/>\n<meta property=\"article:modified_time\" content=\"2025-07-23T12:37:52+00:00\" \/>\n<meta name=\"twitter:card\" content=\"summary_large_image\" \/>\n<meta name=\"twitter:site\" content=\"@tedom_chp\" \/>\n<script type=\"application\/ld+json\" class=\"yoast-schema-graph\">{\"@context\":\"https:\/\/schema.org\",\"@graph\":[{\"@type\":\"WebPage\",\"@id\":\"https:\/\/www.tedom.com\/cs\/servis\/\",\"url\":\"https:\/\/www.tedom.com\/cs\/servis\/\",\"name\":\"Servis TEDOM &#8211; TEDOM\",\"isPartOf\":{\"@id\":\"https:\/\/www.tedom.com\/cs\/#website\"},\"datePublished\":\"2023-08-12T09:17:22+00:00\",\"dateModified\":\"2025-07-23T12:37:52+00:00\",\"description\":\"V \u010cesk\u00e9 republice m\u00e1me 9 vlastn\u00edch servisn\u00edch st\u0159edisek s v\u00edce ne\u017e t\u0159iceti servisn\u00edmi pos\u00e1dkami. V zahrani\u010d\u00ed se o \u00fadr\u017ebu kogenera\u010dn\u00edch jednotek TEDOM staraj\u00ed servisn\u00ed partne\u0159i, kter\u00e9 pravideln\u011b \u0161kol\u00edme a poskytujeme jim odbornou technickou podporu.\",\"breadcrumb\":{\"@id\":\"https:\/\/www.tedom.com\/cs\/servis\/#breadcrumb\"},\"inLanguage\":\"cs\",\"potentialAction\":[{\"@type\":\"ReadAction\",\"target\":[\"https:\/\/www.tedom.com\/cs\/servis\/\"]}]},{\"@type\":\"BreadcrumbList\",\"@id\":\"https:\/\/www.tedom.com\/cs\/servis\/#breadcrumb\",\"itemListElement\":[{\"@type\":\"ListItem\",\"position\":1,\"name\":\"Home\",\"item\":\"https:\/\/www.tedom.com\/cs\/\"},{\"@type\":\"ListItem\",\"position\":2,\"name\":\"Servis TEDOM\"}]},{\"@type\":\"WebSite\",\"@id\":\"https:\/\/www.tedom.com\/cs\/#website\",\"url\":\"https:\/\/www.tedom.com\/cs\/\",\"name\":\"TEDOM\",\"description\":\"TEDOM se zab\u00fdv\u00e1 v\u00fdrobou kogenera\u010dn\u00edch jednotek, instalac\u00ed fotovoltaiky a poskytov\u00e1n\u00edm komplexn\u00edch slu\u017eeb pro modern\u00ed decentr\u00e1ln\u00ed energetiku.\",\"publisher\":{\"@id\":\"https:\/\/www.tedom.com\/cs\/#organization\"},\"potentialAction\":[{\"@type\":\"SearchAction\",\"target\":{\"@type\":\"EntryPoint\",\"urlTemplate\":\"https:\/\/www.tedom.com\/cs\/?s={search_term_string}\"},\"query-input\":{\"@type\":\"PropertyValueSpecification\",\"valueRequired\":true,\"valueName\":\"search_term_string\"}}],\"inLanguage\":\"cs\"},{\"@type\":\"Organization\",\"@id\":\"https:\/\/www.tedom.com\/cs\/#organization\",\"name\":\"TEDOM a. s.\",\"url\":\"https:\/\/www.tedom.com\/cs\/\",\"logo\":{\"@type\":\"ImageObject\",\"inLanguage\":\"cs\",\"@id\":\"https:\/\/www.tedom.com\/cs\/#\/schema\/logo\/image\/\",\"url\":\"https:\/\/www.tedom.com\/wp-content\/uploads\/2023\/11\/TEDOM_logotype_RGB-scaled.jpg\",\"contentUrl\":\"https:\/\/www.tedom.com\/wp-content\/uploads\/2023\/11\/TEDOM_logotype_RGB-scaled.jpg\",\"width\":2560,\"height\":654,\"caption\":\"TEDOM a. s.\"},\"image\":{\"@id\":\"https:\/\/www.tedom.com\/cs\/#\/schema\/logo\/image\/\"},\"sameAs\":[\"https:\/\/www.facebook.com\/tedom.cz\/\",\"https:\/\/x.com\/tedom_chp\",\"https:\/\/www.instagram.com\/tedom_a.s\/\",\"https:\/\/www.youtube.com\/channel\/UCEqr6fHr02vxVRVF_xtKZ2w\",\"https:\/\/www.linkedin.com\/company\/tedom-a-s-?originalSubdomain=cz\"]}]}<\/script>\n<!-- \/ Yoast SEO Premium plugin. -->","yoast_head_json":{"title":"Servis TEDOM &#8211; TEDOM","description":"V \u010cesk\u00e9 republice m\u00e1me 9 vlastn\u00edch servisn\u00edch st\u0159edisek s v\u00edce ne\u017e t\u0159iceti servisn\u00edmi pos\u00e1dkami. V zahrani\u010d\u00ed se o \u00fadr\u017ebu kogenera\u010dn\u00edch jednotek TEDOM staraj\u00ed servisn\u00ed partne\u0159i, kter\u00e9 pravideln\u011b \u0161kol\u00edme a poskytujeme jim odbornou technickou podporu.","robots":{"index":"index","follow":"follow","max-snippet":"max-snippet:-1","max-image-preview":"max-image-preview:large","max-video-preview":"max-video-preview:-1"},"canonical":"https:\/\/www.tedom.com\/cs\/servis\/","og_locale":"cs_CZ","og_type":"article","og_title":"Servis TEDOM","og_description":"V \u010cesk\u00e9 republice m\u00e1me 9 vlastn\u00edch servisn\u00edch st\u0159edisek s v\u00edce ne\u017e t\u0159iceti servisn\u00edmi pos\u00e1dkami. V zahrani\u010d\u00ed se o \u00fadr\u017ebu kogenera\u010dn\u00edch jednotek TEDOM staraj\u00ed servisn\u00ed partne\u0159i, kter\u00e9 pravideln\u011b \u0161kol\u00edme a poskytujeme jim odbornou technickou podporu.","og_url":"https:\/\/www.tedom.com\/cs\/servis\/","og_site_name":"TEDOM","article_publisher":"https:\/\/www.facebook.com\/tedom.cz\/","article_modified_time":"2025-07-23T12:37:52+00:00","twitter_card":"summary_large_image","twitter_site":"@tedom_chp","schema":{"@context":"https:\/\/schema.org","@graph":[{"@type":"WebPage","@id":"https:\/\/www.tedom.com\/cs\/servis\/","url":"https:\/\/www.tedom.com\/cs\/servis\/","name":"Servis TEDOM &#8211; TEDOM","isPartOf":{"@id":"https:\/\/www.tedom.com\/cs\/#website"},"datePublished":"2023-08-12T09:17:22+00:00","dateModified":"2025-07-23T12:37:52+00:00","description":"V \u010cesk\u00e9 republice m\u00e1me 9 vlastn\u00edch servisn\u00edch st\u0159edisek s v\u00edce ne\u017e t\u0159iceti servisn\u00edmi pos\u00e1dkami. V zahrani\u010d\u00ed se o \u00fadr\u017ebu kogenera\u010dn\u00edch jednotek TEDOM staraj\u00ed servisn\u00ed partne\u0159i, kter\u00e9 pravideln\u011b \u0161kol\u00edme a poskytujeme jim odbornou technickou podporu.","breadcrumb":{"@id":"https:\/\/www.tedom.com\/cs\/servis\/#breadcrumb"},"inLanguage":"cs","potentialAction":[{"@type":"ReadAction","target":["https:\/\/www.tedom.com\/cs\/servis\/"]}]},{"@type":"BreadcrumbList","@id":"https:\/\/www.tedom.com\/cs\/servis\/#breadcrumb","itemListElement":[{"@type":"ListItem","position":1,"name":"Home","item":"https:\/\/www.tedom.com\/cs\/"},{"@type":"ListItem","position":2,"name":"Servis TEDOM"}]},{"@type":"WebSite","@id":"https:\/\/www.tedom.com\/cs\/#website","url":"https:\/\/www.tedom.com\/cs\/","name":"TEDOM","description":"TEDOM se zab\u00fdv\u00e1 v\u00fdrobou kogenera\u010dn\u00edch jednotek, instalac\u00ed fotovoltaiky a poskytov\u00e1n\u00edm komplexn\u00edch slu\u017eeb pro modern\u00ed decentr\u00e1ln\u00ed energetiku.","publisher":{"@id":"https:\/\/www.tedom.com\/cs\/#organization"},"potentialAction":[{"@type":"SearchAction","target":{"@type":"EntryPoint","urlTemplate":"https:\/\/www.tedom.com\/cs\/?s={search_term_string}"},"query-input":{"@type":"PropertyValueSpecification","valueRequired":true,"valueName":"search_term_string"}}],"inLanguage":"cs"},{"@type":"Organization","@id":"https:\/\/www.tedom.com\/cs\/#organization","name":"TEDOM a. s.","url":"https:\/\/www.tedom.com\/cs\/","logo":{"@type":"ImageObject","inLanguage":"cs","@id":"https:\/\/www.tedom.com\/cs\/#\/schema\/logo\/image\/","url":"https:\/\/www.tedom.com\/wp-content\/uploads\/2023\/11\/TEDOM_logotype_RGB-scaled.jpg","contentUrl":"https:\/\/www.tedom.com\/wp-content\/uploads\/2023\/11\/TEDOM_logotype_RGB-scaled.jpg","width":2560,"height":654,"caption":"TEDOM a. s."},"image":{"@id":"https:\/\/www.tedom.com\/cs\/#\/schema\/logo\/image\/"},"sameAs":["https:\/\/www.facebook.com\/tedom.cz\/","https:\/\/x.com\/tedom_chp","https:\/\/www.instagram.com\/tedom_a.s\/","https:\/\/www.youtube.com\/channel\/UCEqr6fHr02vxVRVF_xtKZ2w","https:\/\/www.linkedin.com\/company\/tedom-a-s-?originalSubdomain=cz"]}]}},"_links":{"self":[{"href":"https:\/\/www.tedom.com\/cs\/wp-json\/wp\/v2\/pages\/60","targetHints":{"allow":["GET"]}}],"collection":[{"href":"https:\/\/www.tedom.com\/cs\/wp-json\/wp\/v2\/pages"}],"about":[{"href":"https:\/\/www.tedom.com\/cs\/wp-json\/wp\/v2\/types\/page"}],"author":[{"embeddable":true,"href":"https:\/\/www.tedom.com\/cs\/wp-json\/wp\/v2\/users\/2"}],"replies":[{"embeddable":true,"href":"https:\/\/www.tedom.com\/cs\/wp-json\/wp\/v2\/comments?post=60"}],"version-history":[{"count":1,"href":"https:\/\/www.tedom.com\/cs\/wp-json\/wp\/v2\/pages\/60\/revisions"}],"predecessor-version":[{"id":24874,"href":"https:\/\/www.tedom.com\/cs\/wp-json\/wp\/v2\/pages\/60\/revisions\/24874"}],"wp:attachment":[{"href":"https:\/\/www.tedom.com\/cs\/wp-json\/wp\/v2\/media?parent=60"}],"curies":[{"name":"wp","href":"https:\/\/api.w.org\/{rel}","templated":true}]}}