{"id":481,"date":"2023-08-25T18:56:29","date_gmt":"2023-08-25T18:56:29","guid":{"rendered":"https:\/\/www.tedom.com\/?page_id=481"},"modified":"2023-11-29T15:09:59","modified_gmt":"2023-11-29T14:09:59","slug":"vyhody-a-vyuziti-kogenerace","status":"publish","type":"page","link":"https:\/\/www.tedom.com\/cs\/vyhody-a-vyuziti-kogenerace\/","title":{"rendered":"V\u00fdhody a vyu\u017eit\u00ed kogenerace"},"content":{"rendered":"<p style=\"text-align: center;\">Kombinovan\u00e1 v\u00fdroba elekt\u0159iny a tepla neboli kogenerace je zp\u016fsob v\u00fdroby elektrick\u00e9 energie, p\u0159i kter\u00e9m se u\u017eite\u010dn\u00fdm zp\u016fsobem vyu\u017eije teplo, je\u017e se p\u0159i procesu v\u00fdroby elekt\u0159iny uvol\u0148uje. T\u00edm se dosahuje velmi vysok\u00e9 \u00fa\u010dinnosti vyu\u017eit\u00ed energie v palivu. Z\u00e1rove\u0148 se d\u00edky tomuto procesu minimalizuj\u00ed ztr\u00e1ty, kter\u00e9 p\u0159i tradi\u010dn\u00ed v\u00fdrob\u011b elektrick\u00e9 energie vznikaj\u00ed. D\u00edky efektivn\u00edmu vyu\u017eit\u00ed \u201eodpadn\u00edho tepla\u201c se p\u0159i kombinovan\u00e9 v\u00fdrob\u011b elekt\u0159iny a tepla u\u0161et\u0159\u00ed a\u017e 70 % energie obsa\u017een\u00e9 v palivu oproti odd\u011blen\u00e9 v\u00fdrob\u011b elekt\u0159iny a tepla. Pokud je kogenera\u010dn\u00ed jednotka dopln\u011bna o absorb\u010dn\u00ed jednotku, mluv\u00edme o <a href=\"https:\/\/www.tedom.com\/energetickyslovnik\/trigenerace\/\">trigeneraci<\/a>.<\/p>\n","protected":false},"excerpt":{"rendered":"<p>Kombinovan\u00e1 v\u00fdroba elekt\u0159iny a tepla neboli kogenerace je zp\u016fsob v\u00fdroby elektrick\u00e9 energie, p\u0159i kter\u00e9m se u\u017eite\u010dn\u00fdm zp\u016fsobem vyu\u017eije teplo, je\u017e se p\u0159i procesu v\u00fdroby elekt\u0159iny uvol\u0148uje. T\u00edm se dosahuje velmi vysok\u00e9 \u00fa\u010dinnosti vyu\u017eit\u00ed energie v palivu. Z\u00e1rove\u0148 se d\u00edky tomuto procesu minimalizuj\u00ed ztr\u00e1ty, kter\u00e9 p\u0159i tradi\u010dn\u00ed v\u00fdrob\u011b elektrick\u00e9 energie vznikaj\u00ed. D\u00edky efektivn\u00edmu vyu\u017eit\u00ed \u201eodpadn\u00edho tepla\u201c [&hellip;]<\/p>\n","protected":false},"author":2,"featured_media":3037,"parent":0,"menu_order":0,"comment_status":"closed","ping_status":"closed","template":"templates\/vyhody-a-vyuziti-kogenerace.php","meta":{"_acf_changed":false,"footnotes":""},"class_list":["post-481","page","type-page","status-publish","has-post-thumbnail","hentry"],"acf":[],"yoast_head":"<!-- This site is optimized with the Yoast SEO Premium plugin v24.6 (Yoast SEO v26.4) - https:\/\/yoast.com\/wordpress\/plugins\/seo\/ -->\n<title>V\u00fdhody a vyu\u017eit\u00ed kogenerace &#8211; TEDOM<\/title>\n<meta name=\"description\" content=\"Co je kogenerace? Kogenerace je zp\u016fsob v\u00fdroby elekt\u0159iny, p\u0159i n\u011bm\u017e se vyu\u017e\u00edv\u00e1 i teplo, kter\u00e9 se uvol\u0148uje do okol\u00ed. T\u00edm se dosahuje velmi vysok\u00e9 \u00fa\u010dinnosti vyu\u017eit\u00ed energie v palivu. Z\u00e1rove\u0148 se minimalizuj\u00ed ztr\u00e1ty, ke kter\u00fdm doch\u00e1z\u00ed p\u0159i tradi\u010dn\u00ed v\u00fdrob\u011b elektrick\u00e9 energie.\" \/>\n<meta name=\"robots\" content=\"index, follow, max-snippet:-1, max-image-preview:large, max-video-preview:-1\" \/>\n<link rel=\"canonical\" href=\"https:\/\/www.tedom.com\/cs\/vyhody-a-vyuziti-kogenerace\/\" \/>\n<meta property=\"og:locale\" content=\"cs_CZ\" \/>\n<meta property=\"og:type\" content=\"article\" \/>\n<meta property=\"og:title\" content=\"V\u00fdhody a vyu\u017eit\u00ed kogenerace\" \/>\n<meta property=\"og:description\" content=\"Co je kogenerace? Kogenerace je zp\u016fsob v\u00fdroby elekt\u0159iny, p\u0159i n\u011bm\u017e se vyu\u017e\u00edv\u00e1 i teplo, kter\u00e9 se uvol\u0148uje do okol\u00ed. T\u00edm se dosahuje velmi vysok\u00e9 \u00fa\u010dinnosti vyu\u017eit\u00ed energie v palivu. Z\u00e1rove\u0148 se minimalizuj\u00ed ztr\u00e1ty, ke kter\u00fdm doch\u00e1z\u00ed p\u0159i tradi\u010dn\u00ed v\u00fdrob\u011b elektrick\u00e9 energie.\" \/>\n<meta property=\"og:url\" content=\"https:\/\/www.tedom.com\/cs\/vyhody-a-vyuziti-kogenerace\/\" \/>\n<meta property=\"og:site_name\" content=\"TEDOM\" \/>\n<meta property=\"article:publisher\" content=\"https:\/\/www.facebook.com\/tedom.cz\/\" \/>\n<meta property=\"article:modified_time\" content=\"2023-11-29T14:09:59+00:00\" \/>\n<meta property=\"og:image\" content=\"https:\/\/www.tedom.com\/wp-content\/uploads\/2023\/10\/T-Princip_kogenerace-schema-CZ-01-e1698406384981.png\" \/>\n\t<meta property=\"og:image:width\" content=\"3508\" \/>\n\t<meta property=\"og:image:height\" content=\"1157\" \/>\n\t<meta property=\"og:image:type\" content=\"image\/png\" \/>\n<meta name=\"twitter:card\" content=\"summary_large_image\" \/>\n<meta name=\"twitter:site\" content=\"@tedom_chp\" \/>\n<meta name=\"twitter:label1\" content=\"Odhadovan\u00e1 doba \u010dten\u00ed\" \/>\n\t<meta name=\"twitter:data1\" content=\"1 minuta\" \/>\n<script type=\"application\/ld+json\" class=\"yoast-schema-graph\">{\"@context\":\"https:\/\/schema.org\",\"@graph\":[{\"@type\":\"WebPage\",\"@id\":\"https:\/\/www.tedom.com\/cs\/vyhody-a-vyuziti-kogenerace\/\",\"url\":\"https:\/\/www.tedom.com\/cs\/vyhody-a-vyuziti-kogenerace\/\",\"name\":\"V\u00fdhody a vyu\u017eit\u00ed kogenerace &#8211; TEDOM\",\"isPartOf\":{\"@id\":\"https:\/\/www.tedom.com\/cs\/#website\"},\"primaryImageOfPage\":{\"@id\":\"https:\/\/www.tedom.com\/cs\/vyhody-a-vyuziti-kogenerace\/#primaryimage\"},\"image\":{\"@id\":\"https:\/\/www.tedom.com\/cs\/vyhody-a-vyuziti-kogenerace\/#primaryimage\"},\"thumbnailUrl\":\"https:\/\/www.tedom.com\/wp-content\/uploads\/2023\/10\/T-Princip_kogenerace-schema-CZ-01-e1698406384981.png\",\"datePublished\":\"2023-08-25T18:56:29+00:00\",\"dateModified\":\"2023-11-29T14:09:59+00:00\",\"description\":\"Co je kogenerace? Kogenerace je zp\u016fsob v\u00fdroby elekt\u0159iny, p\u0159i n\u011bm\u017e se vyu\u017e\u00edv\u00e1 i teplo, kter\u00e9 se uvol\u0148uje do okol\u00ed. T\u00edm se dosahuje velmi vysok\u00e9 \u00fa\u010dinnosti vyu\u017eit\u00ed energie v palivu. Z\u00e1rove\u0148 se minimalizuj\u00ed ztr\u00e1ty, ke kter\u00fdm doch\u00e1z\u00ed p\u0159i tradi\u010dn\u00ed v\u00fdrob\u011b elektrick\u00e9 energie.\",\"breadcrumb\":{\"@id\":\"https:\/\/www.tedom.com\/cs\/vyhody-a-vyuziti-kogenerace\/#breadcrumb\"},\"inLanguage\":\"cs\",\"potentialAction\":[{\"@type\":\"ReadAction\",\"target\":[\"https:\/\/www.tedom.com\/cs\/vyhody-a-vyuziti-kogenerace\/\"]}]},{\"@type\":\"ImageObject\",\"inLanguage\":\"cs\",\"@id\":\"https:\/\/www.tedom.com\/cs\/vyhody-a-vyuziti-kogenerace\/#primaryimage\",\"url\":\"https:\/\/www.tedom.com\/wp-content\/uploads\/2023\/10\/T-Princip_kogenerace-schema-CZ-01-e1698406384981.png\",\"contentUrl\":\"https:\/\/www.tedom.com\/wp-content\/uploads\/2023\/10\/T-Princip_kogenerace-schema-CZ-01-e1698406384981.png\",\"width\":3508,\"height\":1157},{\"@type\":\"BreadcrumbList\",\"@id\":\"https:\/\/www.tedom.com\/cs\/vyhody-a-vyuziti-kogenerace\/#breadcrumb\",\"itemListElement\":[{\"@type\":\"ListItem\",\"position\":1,\"name\":\"Home\",\"item\":\"https:\/\/www.tedom.com\/cs\/\"},{\"@type\":\"ListItem\",\"position\":2,\"name\":\"V\u00fdhody a vyu\u017eit\u00ed kogenerace\"}]},{\"@type\":\"WebSite\",\"@id\":\"https:\/\/www.tedom.com\/cs\/#website\",\"url\":\"https:\/\/www.tedom.com\/cs\/\",\"name\":\"TEDOM\",\"description\":\"TEDOM se zab\u00fdv\u00e1 v\u00fdrobou kogenera\u010dn\u00edch jednotek, instalac\u00ed fotovoltaiky a poskytov\u00e1n\u00edm komplexn\u00edch slu\u017eeb pro modern\u00ed decentr\u00e1ln\u00ed energetiku.\",\"publisher\":{\"@id\":\"https:\/\/www.tedom.com\/cs\/#organization\"},\"potentialAction\":[{\"@type\":\"SearchAction\",\"target\":{\"@type\":\"EntryPoint\",\"urlTemplate\":\"https:\/\/www.tedom.com\/cs\/?s={search_term_string}\"},\"query-input\":{\"@type\":\"PropertyValueSpecification\",\"valueRequired\":true,\"valueName\":\"search_term_string\"}}],\"inLanguage\":\"cs\"},{\"@type\":\"Organization\",\"@id\":\"https:\/\/www.tedom.com\/cs\/#organization\",\"name\":\"TEDOM a. s.\",\"url\":\"https:\/\/www.tedom.com\/cs\/\",\"logo\":{\"@type\":\"ImageObject\",\"inLanguage\":\"cs\",\"@id\":\"https:\/\/www.tedom.com\/cs\/#\/schema\/logo\/image\/\",\"url\":\"https:\/\/www.tedom.com\/wp-content\/uploads\/2023\/11\/TEDOM_logotype_RGB-scaled.jpg\",\"contentUrl\":\"https:\/\/www.tedom.com\/wp-content\/uploads\/2023\/11\/TEDOM_logotype_RGB-scaled.jpg\",\"width\":2560,\"height\":654,\"caption\":\"TEDOM a. s.\"},\"image\":{\"@id\":\"https:\/\/www.tedom.com\/cs\/#\/schema\/logo\/image\/\"},\"sameAs\":[\"https:\/\/www.facebook.com\/tedom.cz\/\",\"https:\/\/x.com\/tedom_chp\",\"https:\/\/www.instagram.com\/tedom_a.s\/\",\"https:\/\/www.youtube.com\/channel\/UCEqr6fHr02vxVRVF_xtKZ2w\",\"https:\/\/www.linkedin.com\/company\/tedom-a-s-?originalSubdomain=cz\"]}]}<\/script>\n<!-- \/ Yoast SEO Premium plugin. -->","yoast_head_json":{"title":"V\u00fdhody a vyu\u017eit\u00ed kogenerace &#8211; TEDOM","description":"Co je kogenerace? Kogenerace je zp\u016fsob v\u00fdroby elekt\u0159iny, p\u0159i n\u011bm\u017e se vyu\u017e\u00edv\u00e1 i teplo, kter\u00e9 se uvol\u0148uje do okol\u00ed. T\u00edm se dosahuje velmi vysok\u00e9 \u00fa\u010dinnosti vyu\u017eit\u00ed energie v palivu. Z\u00e1rove\u0148 se minimalizuj\u00ed ztr\u00e1ty, ke kter\u00fdm doch\u00e1z\u00ed p\u0159i tradi\u010dn\u00ed v\u00fdrob\u011b elektrick\u00e9 energie.","robots":{"index":"index","follow":"follow","max-snippet":"max-snippet:-1","max-image-preview":"max-image-preview:large","max-video-preview":"max-video-preview:-1"},"canonical":"https:\/\/www.tedom.com\/cs\/vyhody-a-vyuziti-kogenerace\/","og_locale":"cs_CZ","og_type":"article","og_title":"V\u00fdhody a vyu\u017eit\u00ed kogenerace","og_description":"Co je kogenerace? Kogenerace je zp\u016fsob v\u00fdroby elekt\u0159iny, p\u0159i n\u011bm\u017e se vyu\u017e\u00edv\u00e1 i teplo, kter\u00e9 se uvol\u0148uje do okol\u00ed. T\u00edm se dosahuje velmi vysok\u00e9 \u00fa\u010dinnosti vyu\u017eit\u00ed energie v palivu. Z\u00e1rove\u0148 se minimalizuj\u00ed ztr\u00e1ty, ke kter\u00fdm doch\u00e1z\u00ed p\u0159i tradi\u010dn\u00ed v\u00fdrob\u011b elektrick\u00e9 energie.","og_url":"https:\/\/www.tedom.com\/cs\/vyhody-a-vyuziti-kogenerace\/","og_site_name":"TEDOM","article_publisher":"https:\/\/www.facebook.com\/tedom.cz\/","article_modified_time":"2023-11-29T14:09:59+00:00","og_image":[{"width":3508,"height":1157,"url":"https:\/\/www.tedom.com\/wp-content\/uploads\/2023\/10\/T-Princip_kogenerace-schema-CZ-01-e1698406384981.png","type":"image\/png"}],"twitter_card":"summary_large_image","twitter_site":"@tedom_chp","twitter_misc":{"Odhadovan\u00e1 doba \u010dten\u00ed":"1 minuta"},"schema":{"@context":"https:\/\/schema.org","@graph":[{"@type":"WebPage","@id":"https:\/\/www.tedom.com\/cs\/vyhody-a-vyuziti-kogenerace\/","url":"https:\/\/www.tedom.com\/cs\/vyhody-a-vyuziti-kogenerace\/","name":"V\u00fdhody a vyu\u017eit\u00ed kogenerace &#8211; TEDOM","isPartOf":{"@id":"https:\/\/www.tedom.com\/cs\/#website"},"primaryImageOfPage":{"@id":"https:\/\/www.tedom.com\/cs\/vyhody-a-vyuziti-kogenerace\/#primaryimage"},"image":{"@id":"https:\/\/www.tedom.com\/cs\/vyhody-a-vyuziti-kogenerace\/#primaryimage"},"thumbnailUrl":"https:\/\/www.tedom.com\/wp-content\/uploads\/2023\/10\/T-Princip_kogenerace-schema-CZ-01-e1698406384981.png","datePublished":"2023-08-25T18:56:29+00:00","dateModified":"2023-11-29T14:09:59+00:00","description":"Co je kogenerace? Kogenerace je zp\u016fsob v\u00fdroby elekt\u0159iny, p\u0159i n\u011bm\u017e se vyu\u017e\u00edv\u00e1 i teplo, kter\u00e9 se uvol\u0148uje do okol\u00ed. T\u00edm se dosahuje velmi vysok\u00e9 \u00fa\u010dinnosti vyu\u017eit\u00ed energie v palivu. Z\u00e1rove\u0148 se minimalizuj\u00ed ztr\u00e1ty, ke kter\u00fdm doch\u00e1z\u00ed p\u0159i tradi\u010dn\u00ed v\u00fdrob\u011b elektrick\u00e9 energie.","breadcrumb":{"@id":"https:\/\/www.tedom.com\/cs\/vyhody-a-vyuziti-kogenerace\/#breadcrumb"},"inLanguage":"cs","potentialAction":[{"@type":"ReadAction","target":["https:\/\/www.tedom.com\/cs\/vyhody-a-vyuziti-kogenerace\/"]}]},{"@type":"ImageObject","inLanguage":"cs","@id":"https:\/\/www.tedom.com\/cs\/vyhody-a-vyuziti-kogenerace\/#primaryimage","url":"https:\/\/www.tedom.com\/wp-content\/uploads\/2023\/10\/T-Princip_kogenerace-schema-CZ-01-e1698406384981.png","contentUrl":"https:\/\/www.tedom.com\/wp-content\/uploads\/2023\/10\/T-Princip_kogenerace-schema-CZ-01-e1698406384981.png","width":3508,"height":1157},{"@type":"BreadcrumbList","@id":"https:\/\/www.tedom.com\/cs\/vyhody-a-vyuziti-kogenerace\/#breadcrumb","itemListElement":[{"@type":"ListItem","position":1,"name":"Home","item":"https:\/\/www.tedom.com\/cs\/"},{"@type":"ListItem","position":2,"name":"V\u00fdhody a vyu\u017eit\u00ed kogenerace"}]},{"@type":"WebSite","@id":"https:\/\/www.tedom.com\/cs\/#website","url":"https:\/\/www.tedom.com\/cs\/","name":"TEDOM","description":"TEDOM se zab\u00fdv\u00e1 v\u00fdrobou kogenera\u010dn\u00edch jednotek, instalac\u00ed fotovoltaiky a poskytov\u00e1n\u00edm komplexn\u00edch slu\u017eeb pro modern\u00ed decentr\u00e1ln\u00ed energetiku.","publisher":{"@id":"https:\/\/www.tedom.com\/cs\/#organization"},"potentialAction":[{"@type":"SearchAction","target":{"@type":"EntryPoint","urlTemplate":"https:\/\/www.tedom.com\/cs\/?s={search_term_string}"},"query-input":{"@type":"PropertyValueSpecification","valueRequired":true,"valueName":"search_term_string"}}],"inLanguage":"cs"},{"@type":"Organization","@id":"https:\/\/www.tedom.com\/cs\/#organization","name":"TEDOM a. s.","url":"https:\/\/www.tedom.com\/cs\/","logo":{"@type":"ImageObject","inLanguage":"cs","@id":"https:\/\/www.tedom.com\/cs\/#\/schema\/logo\/image\/","url":"https:\/\/www.tedom.com\/wp-content\/uploads\/2023\/11\/TEDOM_logotype_RGB-scaled.jpg","contentUrl":"https:\/\/www.tedom.com\/wp-content\/uploads\/2023\/11\/TEDOM_logotype_RGB-scaled.jpg","width":2560,"height":654,"caption":"TEDOM a. s."},"image":{"@id":"https:\/\/www.tedom.com\/cs\/#\/schema\/logo\/image\/"},"sameAs":["https:\/\/www.facebook.com\/tedom.cz\/","https:\/\/x.com\/tedom_chp","https:\/\/www.instagram.com\/tedom_a.s\/","https:\/\/www.youtube.com\/channel\/UCEqr6fHr02vxVRVF_xtKZ2w","https:\/\/www.linkedin.com\/company\/tedom-a-s-?originalSubdomain=cz"]}]}},"_links":{"self":[{"href":"https:\/\/www.tedom.com\/cs\/wp-json\/wp\/v2\/pages\/481","targetHints":{"allow":["GET"]}}],"collection":[{"href":"https:\/\/www.tedom.com\/cs\/wp-json\/wp\/v2\/pages"}],"about":[{"href":"https:\/\/www.tedom.com\/cs\/wp-json\/wp\/v2\/types\/page"}],"author":[{"embeddable":true,"href":"https:\/\/www.tedom.com\/cs\/wp-json\/wp\/v2\/users\/2"}],"replies":[{"embeddable":true,"href":"https:\/\/www.tedom.com\/cs\/wp-json\/wp\/v2\/comments?post=481"}],"version-history":[{"count":0,"href":"https:\/\/www.tedom.com\/cs\/wp-json\/wp\/v2\/pages\/481\/revisions"}],"wp:featuredmedia":[{"embeddable":true,"href":"https:\/\/www.tedom.com\/cs\/wp-json\/wp\/v2\/media\/3037"}],"wp:attachment":[{"href":"https:\/\/www.tedom.com\/cs\/wp-json\/wp\/v2\/media?parent=481"}],"curies":[{"name":"wp","href":"https:\/\/api.w.org\/{rel}","templated":true}]}}