{"id":3712,"date":"2023-11-13T11:03:30","date_gmt":"2023-11-13T10:03:30","guid":{"rendered":"https:\/\/www.tedom.com\/certifikace-iso-2\/"},"modified":"2023-11-23T13:54:47","modified_gmt":"2023-11-23T12:54:47","slug":"certifikace-ul","status":"publish","type":"page","link":"https:\/\/www.tedom.com\/cs\/certifikace-ul\/","title":{"rendered":"Certifikace UL"},"content":{"rendered":"<div>\n<p style=\"text-align: left;\">Spole\u010dnost UL LLC\u00a0(d\u0159\u00edve\u00a0Underwriters Laboratories,\u00a0Inc.) je nez\u00e1visl\u00e1 certifika\u010dn\u00ed organizace zab\u00fdvaj\u00edc\u00ed se zkou\u0161enim a certifikac\u00ed bezpe\u010dnosti produkt\u016f a slu\u017eeb. Spole\u010dnost UL m\u00e1 v\u00edce ne\u017e 100 let zku\u0161enost\u00ed s certifikac\u00ed produkt\u016f podle bezpe\u010dnostn\u00edch p\u0159edpis\u016f.<\/p>\n<p style=\"text-align: left;\">UL certifikace je standardizovan\u00fd proces, jeho\u017e smyslem je prok\u00e1zat, \u017ee ur\u010dit\u00e9 v\u00fdrobky nebo slu\u017eby spl\u0148uj\u00ed vysok\u00e9 n\u00e1roky na bezpe\u010dnost a kvalitu. UL si klade za c\u00edl zv\u00fd\u0161it bezpe\u010dnost pracovn\u00edk\u016f i spot\u0159ebitel\u016f po cel\u00e9m sv\u011bt\u011b.<\/p>\n<p style=\"text-align: left;\">Na\u0161e spole\u010dnost m\u00e1 v\u00a0sou\u010dasn\u00e9 dob\u011b certifik\u00e1ty pro 4 kogenera\u010dn\u00ed jednotky na zemn\u00ed plyn s frekvenc\u00ed 60 Hz. Konkr\u00e9tn\u011b se jedn\u00e1 o modely Cento 150, Cento 285, Cento 375 a Cento 555; v\u0161echny jsou poh\u00e1n\u011bny motorem MAN. U ka\u017ed\u00e9 jednotky jsou nav\u00edc v\u017edy certifikov\u00e1ny 3 r\u016fzn\u00e1 proveden\u00ed (z\u00e1kladn\u00ed modul, s protihlukov\u00fdm krytem, v kontejneru). D\u00e1le jsme certifikovali i vybran\u00e9 opce, kter\u00e9 jsme d\u00edky anal\u00fdze trhu identifikovali jako st\u011b\u017eejn\u00ed.<\/p>\n<\/div>\n<div style=\"text-align: left;\"><\/div>\n<p style=\"text-align: left;\">\n","protected":false},"excerpt":{"rendered":"<p>Spole\u010dnost UL LLC\u00a0(d\u0159\u00edve\u00a0Underwriters Laboratories,\u00a0Inc.) je nez\u00e1visl\u00e1 certifika\u010dn\u00ed organizace zab\u00fdvaj\u00edc\u00ed se zkou\u0161enim a certifikac\u00ed bezpe\u010dnosti produkt\u016f a slu\u017eeb. Spole\u010dnost UL m\u00e1 v\u00edce ne\u017e 100 let zku\u0161enost\u00ed s certifikac\u00ed produkt\u016f podle bezpe\u010dnostn\u00edch p\u0159edpis\u016f. UL certifikace je standardizovan\u00fd proces, jeho\u017e smyslem je prok\u00e1zat, \u017ee ur\u010dit\u00e9 v\u00fdrobky nebo slu\u017eby spl\u0148uj\u00ed vysok\u00e9 n\u00e1roky na bezpe\u010dnost a kvalitu. UL si klade [&hellip;]<\/p>\n","protected":false},"author":7,"featured_media":0,"parent":0,"menu_order":0,"comment_status":"closed","ping_status":"closed","template":"templates\/Certifikace-ISO.php","meta":{"_acf_changed":false,"footnotes":""},"class_list":["post-3712","page","type-page","status-publish","hentry"],"acf":[],"yoast_head":"<!-- This site is optimized with the Yoast SEO Premium plugin v24.6 (Yoast SEO v26.4) - https:\/\/yoast.com\/wordpress\/plugins\/seo\/ -->\n<title>Certifikace UL &#8211; TEDOM<\/title>\n<meta name=\"robots\" content=\"index, follow, max-snippet:-1, max-image-preview:large, max-video-preview:-1\" \/>\n<link rel=\"canonical\" href=\"https:\/\/www.tedom.com\/cs\/certifikace-ul\/\" \/>\n<meta property=\"og:locale\" content=\"cs_CZ\" \/>\n<meta property=\"og:type\" content=\"article\" \/>\n<meta property=\"og:title\" content=\"Certifikace UL\" \/>\n<meta property=\"og:description\" content=\"Spole\u010dnost UL LLC\u00a0(d\u0159\u00edve\u00a0Underwriters Laboratories,\u00a0Inc.) je nez\u00e1visl\u00e1 certifika\u010dn\u00ed organizace zab\u00fdvaj\u00edc\u00ed se zkou\u0161enim a certifikac\u00ed bezpe\u010dnosti produkt\u016f a slu\u017eeb. Spole\u010dnost UL m\u00e1 v\u00edce ne\u017e 100 let zku\u0161enost\u00ed s certifikac\u00ed produkt\u016f podle bezpe\u010dnostn\u00edch p\u0159edpis\u016f. UL certifikace je standardizovan\u00fd proces, jeho\u017e smyslem je prok\u00e1zat, \u017ee ur\u010dit\u00e9 v\u00fdrobky nebo slu\u017eby spl\u0148uj\u00ed vysok\u00e9 n\u00e1roky na bezpe\u010dnost a kvalitu. UL si klade [&hellip;]\" \/>\n<meta property=\"og:url\" content=\"https:\/\/www.tedom.com\/cs\/certifikace-ul\/\" \/>\n<meta property=\"og:site_name\" content=\"TEDOM\" \/>\n<meta property=\"article:publisher\" content=\"https:\/\/www.facebook.com\/tedom.cz\/\" \/>\n<meta property=\"article:modified_time\" content=\"2023-11-23T12:54:47+00:00\" \/>\n<meta name=\"twitter:card\" content=\"summary_large_image\" \/>\n<meta name=\"twitter:site\" content=\"@tedom_chp\" \/>\n<meta name=\"twitter:label1\" content=\"Odhadovan\u00e1 doba \u010dten\u00ed\" \/>\n\t<meta name=\"twitter:data1\" content=\"1 minuta\" \/>\n<script type=\"application\/ld+json\" class=\"yoast-schema-graph\">{\"@context\":\"https:\/\/schema.org\",\"@graph\":[{\"@type\":\"WebPage\",\"@id\":\"https:\/\/www.tedom.com\/cs\/certifikace-ul\/\",\"url\":\"https:\/\/www.tedom.com\/cs\/certifikace-ul\/\",\"name\":\"Certifikace UL &#8211; TEDOM\",\"isPartOf\":{\"@id\":\"https:\/\/www.tedom.com\/cs\/#website\"},\"datePublished\":\"2023-11-13T10:03:30+00:00\",\"dateModified\":\"2023-11-23T12:54:47+00:00\",\"breadcrumb\":{\"@id\":\"https:\/\/www.tedom.com\/cs\/certifikace-ul\/#breadcrumb\"},\"inLanguage\":\"cs\",\"potentialAction\":[{\"@type\":\"ReadAction\",\"target\":[\"https:\/\/www.tedom.com\/cs\/certifikace-ul\/\"]}]},{\"@type\":\"BreadcrumbList\",\"@id\":\"https:\/\/www.tedom.com\/cs\/certifikace-ul\/#breadcrumb\",\"itemListElement\":[{\"@type\":\"ListItem\",\"position\":1,\"name\":\"Home\",\"item\":\"https:\/\/www.tedom.com\/cs\/\"},{\"@type\":\"ListItem\",\"position\":2,\"name\":\"Certifikace UL\"}]},{\"@type\":\"WebSite\",\"@id\":\"https:\/\/www.tedom.com\/cs\/#website\",\"url\":\"https:\/\/www.tedom.com\/cs\/\",\"name\":\"TEDOM\",\"description\":\"TEDOM se zab\u00fdv\u00e1 v\u00fdrobou kogenera\u010dn\u00edch jednotek, instalac\u00ed fotovoltaiky a poskytov\u00e1n\u00edm komplexn\u00edch slu\u017eeb pro modern\u00ed decentr\u00e1ln\u00ed energetiku.\",\"publisher\":{\"@id\":\"https:\/\/www.tedom.com\/cs\/#organization\"},\"potentialAction\":[{\"@type\":\"SearchAction\",\"target\":{\"@type\":\"EntryPoint\",\"urlTemplate\":\"https:\/\/www.tedom.com\/cs\/?s={search_term_string}\"},\"query-input\":{\"@type\":\"PropertyValueSpecification\",\"valueRequired\":true,\"valueName\":\"search_term_string\"}}],\"inLanguage\":\"cs\"},{\"@type\":\"Organization\",\"@id\":\"https:\/\/www.tedom.com\/cs\/#organization\",\"name\":\"TEDOM a. s.\",\"url\":\"https:\/\/www.tedom.com\/cs\/\",\"logo\":{\"@type\":\"ImageObject\",\"inLanguage\":\"cs\",\"@id\":\"https:\/\/www.tedom.com\/cs\/#\/schema\/logo\/image\/\",\"url\":\"https:\/\/www.tedom.com\/wp-content\/uploads\/2023\/11\/TEDOM_logotype_RGB-scaled.jpg\",\"contentUrl\":\"https:\/\/www.tedom.com\/wp-content\/uploads\/2023\/11\/TEDOM_logotype_RGB-scaled.jpg\",\"width\":2560,\"height\":654,\"caption\":\"TEDOM a. s.\"},\"image\":{\"@id\":\"https:\/\/www.tedom.com\/cs\/#\/schema\/logo\/image\/\"},\"sameAs\":[\"https:\/\/www.facebook.com\/tedom.cz\/\",\"https:\/\/x.com\/tedom_chp\",\"https:\/\/www.instagram.com\/tedom_a.s\/\",\"https:\/\/www.youtube.com\/channel\/UCEqr6fHr02vxVRVF_xtKZ2w\",\"https:\/\/www.linkedin.com\/company\/tedom-a-s-?originalSubdomain=cz\"]}]}<\/script>\n<!-- \/ Yoast SEO Premium plugin. -->","yoast_head_json":{"title":"Certifikace UL &#8211; TEDOM","robots":{"index":"index","follow":"follow","max-snippet":"max-snippet:-1","max-image-preview":"max-image-preview:large","max-video-preview":"max-video-preview:-1"},"canonical":"https:\/\/www.tedom.com\/cs\/certifikace-ul\/","og_locale":"cs_CZ","og_type":"article","og_title":"Certifikace UL","og_description":"Spole\u010dnost UL LLC\u00a0(d\u0159\u00edve\u00a0Underwriters Laboratories,\u00a0Inc.) je nez\u00e1visl\u00e1 certifika\u010dn\u00ed organizace zab\u00fdvaj\u00edc\u00ed se zkou\u0161enim a certifikac\u00ed bezpe\u010dnosti produkt\u016f a slu\u017eeb. Spole\u010dnost UL m\u00e1 v\u00edce ne\u017e 100 let zku\u0161enost\u00ed s certifikac\u00ed produkt\u016f podle bezpe\u010dnostn\u00edch p\u0159edpis\u016f. UL certifikace je standardizovan\u00fd proces, jeho\u017e smyslem je prok\u00e1zat, \u017ee ur\u010dit\u00e9 v\u00fdrobky nebo slu\u017eby spl\u0148uj\u00ed vysok\u00e9 n\u00e1roky na bezpe\u010dnost a kvalitu. UL si klade [&hellip;]","og_url":"https:\/\/www.tedom.com\/cs\/certifikace-ul\/","og_site_name":"TEDOM","article_publisher":"https:\/\/www.facebook.com\/tedom.cz\/","article_modified_time":"2023-11-23T12:54:47+00:00","twitter_card":"summary_large_image","twitter_site":"@tedom_chp","twitter_misc":{"Odhadovan\u00e1 doba \u010dten\u00ed":"1 minuta"},"schema":{"@context":"https:\/\/schema.org","@graph":[{"@type":"WebPage","@id":"https:\/\/www.tedom.com\/cs\/certifikace-ul\/","url":"https:\/\/www.tedom.com\/cs\/certifikace-ul\/","name":"Certifikace UL &#8211; TEDOM","isPartOf":{"@id":"https:\/\/www.tedom.com\/cs\/#website"},"datePublished":"2023-11-13T10:03:30+00:00","dateModified":"2023-11-23T12:54:47+00:00","breadcrumb":{"@id":"https:\/\/www.tedom.com\/cs\/certifikace-ul\/#breadcrumb"},"inLanguage":"cs","potentialAction":[{"@type":"ReadAction","target":["https:\/\/www.tedom.com\/cs\/certifikace-ul\/"]}]},{"@type":"BreadcrumbList","@id":"https:\/\/www.tedom.com\/cs\/certifikace-ul\/#breadcrumb","itemListElement":[{"@type":"ListItem","position":1,"name":"Home","item":"https:\/\/www.tedom.com\/cs\/"},{"@type":"ListItem","position":2,"name":"Certifikace UL"}]},{"@type":"WebSite","@id":"https:\/\/www.tedom.com\/cs\/#website","url":"https:\/\/www.tedom.com\/cs\/","name":"TEDOM","description":"TEDOM se zab\u00fdv\u00e1 v\u00fdrobou kogenera\u010dn\u00edch jednotek, instalac\u00ed fotovoltaiky a poskytov\u00e1n\u00edm komplexn\u00edch slu\u017eeb pro modern\u00ed decentr\u00e1ln\u00ed energetiku.","publisher":{"@id":"https:\/\/www.tedom.com\/cs\/#organization"},"potentialAction":[{"@type":"SearchAction","target":{"@type":"EntryPoint","urlTemplate":"https:\/\/www.tedom.com\/cs\/?s={search_term_string}"},"query-input":{"@type":"PropertyValueSpecification","valueRequired":true,"valueName":"search_term_string"}}],"inLanguage":"cs"},{"@type":"Organization","@id":"https:\/\/www.tedom.com\/cs\/#organization","name":"TEDOM a. s.","url":"https:\/\/www.tedom.com\/cs\/","logo":{"@type":"ImageObject","inLanguage":"cs","@id":"https:\/\/www.tedom.com\/cs\/#\/schema\/logo\/image\/","url":"https:\/\/www.tedom.com\/wp-content\/uploads\/2023\/11\/TEDOM_logotype_RGB-scaled.jpg","contentUrl":"https:\/\/www.tedom.com\/wp-content\/uploads\/2023\/11\/TEDOM_logotype_RGB-scaled.jpg","width":2560,"height":654,"caption":"TEDOM a. s."},"image":{"@id":"https:\/\/www.tedom.com\/cs\/#\/schema\/logo\/image\/"},"sameAs":["https:\/\/www.facebook.com\/tedom.cz\/","https:\/\/x.com\/tedom_chp","https:\/\/www.instagram.com\/tedom_a.s\/","https:\/\/www.youtube.com\/channel\/UCEqr6fHr02vxVRVF_xtKZ2w","https:\/\/www.linkedin.com\/company\/tedom-a-s-?originalSubdomain=cz"]}]}},"_links":{"self":[{"href":"https:\/\/www.tedom.com\/cs\/wp-json\/wp\/v2\/pages\/3712","targetHints":{"allow":["GET"]}}],"collection":[{"href":"https:\/\/www.tedom.com\/cs\/wp-json\/wp\/v2\/pages"}],"about":[{"href":"https:\/\/www.tedom.com\/cs\/wp-json\/wp\/v2\/types\/page"}],"author":[{"embeddable":true,"href":"https:\/\/www.tedom.com\/cs\/wp-json\/wp\/v2\/users\/7"}],"replies":[{"embeddable":true,"href":"https:\/\/www.tedom.com\/cs\/wp-json\/wp\/v2\/comments?post=3712"}],"version-history":[{"count":0,"href":"https:\/\/www.tedom.com\/cs\/wp-json\/wp\/v2\/pages\/3712\/revisions"}],"wp:attachment":[{"href":"https:\/\/www.tedom.com\/cs\/wp-json\/wp\/v2\/media?parent=3712"}],"curies":[{"name":"wp","href":"https:\/\/api.w.org\/{rel}","templated":true}]}}