{"id":3536,"date":"2023-11-07T13:57:45","date_gmt":"2023-11-07T12:57:45","guid":{"rendered":"https:\/\/www.tedom.com\/?page_id=3536"},"modified":"2023-11-23T13:55:55","modified_gmt":"2023-11-23T12:55:55","slug":"kombinace-vice-energetickych-zarizeni-pro-poskytovani-podpurnych-sluzeb","status":"publish","type":"page","link":"https:\/\/www.tedom.com\/cs\/kombinace-vice-energetickych-zarizeni-pro-poskytovani-podpurnych-sluzeb\/","title":{"rendered":"Kombinace v\u00edce energetick\u00fdch za\u0159\u00edzen\u00ed pro poskytov\u00e1n\u00ed podp\u016frn\u00fdch slu\u017eeb"},"content":{"rendered":"<p style=\"text-align: left;\"><b><span data-contrast=\"auto\">Z\u00e1kazn\u00edk : <\/span><\/b> <b><span data-contrast=\"auto\">Provozovatel sklen\u00edku<\/span><\/b><\/p>\n<p style=\"text-align: left;\"><b><\/b><b><\/b><span data-contrast=\"auto\">Provoz: <\/span> <span data-contrast=\"auto\">P\u011bst\u00edrna zeleniny<\/span><span data-ccp-props=\"{&quot;201341983&quot;:0,&quot;335559739&quot;:0,&quot;335559740&quot;:240}\">\u00a0<\/span><\/p>\n<p>&nbsp;<\/p>\n<p style=\"text-align: left;\"><b><span data-contrast=\"auto\">Instalovan\u00e9 technologie:<\/span><\/b><\/p>\n<ul>\n<li style=\"text-align: left;\"><span data-contrast=\"auto\">Kogenera\u010dn\u00ed jednotky o v\u00fdkonu 6 MW<\/span><\/li>\n<li style=\"text-align: left;\"><span data-contrast=\"auto\">Elektrokotel o p\u0159\u00edkonu 10 MW<\/span><\/li>\n<li style=\"text-align: left;\"><span data-contrast=\"auto\">LED osv\u011btlen\u00ed o p\u0159\u00edkonu 4 MW<\/span><\/li>\n<li style=\"text-align: left;\"><span data-contrast=\"auto\">HPS osv\u011btlen\u00ed o p\u0159\u00edkonu 4 MW<\/span><\/li>\n<\/ul>\n<p>&nbsp;<\/p>\n<p style=\"text-align: left;\"><b><span data-contrast=\"auto\">Popis provozu:<\/span><\/b><\/p>\n<p style=\"text-align: left;\"><span data-contrast=\"auto\">Jde o zem\u011bd\u011blsk\u00fd sklen\u00edk, ve kter\u00e9m se celoro\u010dn\u011b p\u011bstuje zelenina. Z\u00e1sadn\u00edm vstupem pro tento typ provozu je sv\u011btlo a teplo.\u00a0<\/span><span data-ccp-props=\"{&quot;201341983&quot;:0,&quot;335551550&quot;:6,&quot;335551620&quot;:6,&quot;335559739&quot;:160,&quot;335559740&quot;:259}\">\u00a0<\/span><\/p>\n<p style=\"text-align: left;\"><span data-contrast=\"auto\">Sv\u011btlo zaji\u0161\u0165uj\u00ed HPS a LED sv\u011bteln\u00e9 zdroje, mezi n\u011b\u017e jsou rozlo\u017eeny slu\u017eby aFRR+, aFRR-, mFRR+ a <\/span><br \/>\n<span data-contrast=\"auto\">mFRR-. D\u00edky jejich vhodn\u00e9 kombinaci nen\u00ed omezen standardn\u00ed sv\u011bteln\u00fd cyklus sklen\u00edk\u016f v\u202fpr\u016fb\u011bhu roku. Vhodnou volbou slu\u017eby a nastaven\u00edm aktiva\u010dn\u00edch cen v\u202fz\u00e1vislosti na cen\u011b vstup\u016f\/v\u00fdstup\u016f je zaji\u0161t\u011bna takov\u00e1 dod\u00e1vka sv\u011btla, kter\u00e1 poskytne rostlin\u00e1m pot\u0159ebn\u00e9 podm\u00ednky pro jejich r\u016fst.\u00a0<\/span><span data-ccp-props=\"{&quot;201341983&quot;:0,&quot;335551550&quot;:6,&quot;335551620&quot;:6,&quot;335559739&quot;:160,&quot;335559740&quot;:259}\">\u00a0<\/span><\/p>\n<p style=\"text-align: left;\"><span data-contrast=\"auto\">Teplo je zaji\u0161t\u011bno prim\u00e1rn\u011b kogenera\u010dn\u00edmi jednotkami, kter\u00e9 krom\u011b toho vyr\u00e1b\u00ed i elektrickou energii pro spot\u0159ebu sv\u011btel nebo pro dod\u00e1vku do s\u00edt\u011b. Jejich provoz se odv\u00edj\u00ed od pot\u0159eby tepla a sv\u011btla. V\u202fz\u00e1vislosti na ro\u010dn\u00edm obdob\u00ed tak mohou jednotky poskytovat kombinaci slu\u017eeb mFRR+, mFRR- a aFRR+. I nastaven\u00ed aktiva\u010dn\u00edch cen odpov\u00edd\u00e1 t\u011bmto pot\u0159eb\u00e1m a zaji\u0161\u0165uje tak zefektivn\u011bn\u00ed cel\u00e9ho provozu. Z\u00e1lo\u017en\u00edm zdrojem tepla je pak elektrokotel, kter\u00fd d\u00edky sv\u00fdm vlastnostem m\u016f\u017ee bez omezen\u00ed poskytovat slu\u017ebu aFRR- po cel\u00fd rok. Vzhledem k\u202f\u010detnosti aktivac\u00ed slu\u017eby lze omezit pot\u0159ebu spou\u0161t\u011bn\u00ed kogenera\u010dn\u00edch jednotek.<\/span><span data-ccp-props=\"{&quot;201341983&quot;:0,&quot;335551550&quot;:6,&quot;335551620&quot;:6,&quot;335559739&quot;:160,&quot;335559740&quot;:259}\">\u00a0<\/span><\/p>\n<p style=\"text-align: left;\"><span data-contrast=\"auto\">Zapojen\u00edm do agrega\u010dn\u00edho bloku by z\u00e1kazn\u00edk ve spolupr\u00e1ci s Tedom za prvn\u00edch 8 m\u011bs\u00edc\u016f roku 2023 z\u00edskal dodate\u010dn\u00e9 tr\u017eby ve v\u00fd\u0161i cca 50\u202f000\u202f000 CZK, a to beze zm\u011bny sv\u00e9ho standardn\u00edho provozu a bez jak\u00fdchkoliv dodate\u010dn\u00fdch n\u00e1klad\u016f. Dal\u0161\u00edch \u00faspor by pak dos\u00e1hl d\u00edky aktivac\u00edm, v\u202fnich\u017e by do\u0161lo k\u202fv\u00fdrob\u011b elekt\u0159iny a tepla, p\u0159i\u010dem\u017e za jejich v\u00fdrobu by dostal z\u00e1kazn\u00edk zaplaceno.<\/span><span data-ccp-props=\"{&quot;201341983&quot;:0,&quot;335551550&quot;:6,&quot;335551620&quot;:6,&quot;335559739&quot;:160,&quot;335559740&quot;:259}\">\u00a0<\/span><\/p>\n","protected":false},"excerpt":{"rendered":"<p>Z\u00e1kazn\u00edk : Provozovatel sklen\u00edku Provoz: P\u011bst\u00edrna zeleniny\u00a0 &nbsp; Instalovan\u00e9 technologie: Kogenera\u010dn\u00ed jednotky o v\u00fdkonu 6 MW Elektrokotel o p\u0159\u00edkonu 10 MW LED osv\u011btlen\u00ed o p\u0159\u00edkonu 4 MW HPS osv\u011btlen\u00ed o p\u0159\u00edkonu 4 MW &nbsp; Popis provozu: Jde o zem\u011bd\u011blsk\u00fd sklen\u00edk, ve kter\u00e9m se celoro\u010dn\u011b p\u011bstuje zelenina. Z\u00e1sadn\u00edm vstupem pro tento typ provozu je sv\u011btlo a [&hellip;]<\/p>\n","protected":false},"author":7,"featured_media":0,"parent":0,"menu_order":0,"comment_status":"closed","ping_status":"closed","template":"templates\/universal.php","meta":{"_acf_changed":false,"footnotes":""},"class_list":["post-3536","page","type-page","status-publish","hentry"],"acf":[],"yoast_head":"<!-- This site is optimized with the Yoast SEO Premium plugin v24.6 (Yoast SEO v26.4) - https:\/\/yoast.com\/wordpress\/plugins\/seo\/ -->\n<title>Kombinace v\u00edce energetick\u00fdch za\u0159\u00edzen\u00ed pro poskytov\u00e1n\u00ed podp\u016frn\u00fdch slu\u017eeb &#8211; TEDOM<\/title>\n<meta name=\"robots\" content=\"index, follow, max-snippet:-1, max-image-preview:large, max-video-preview:-1\" \/>\n<link rel=\"canonical\" href=\"https:\/\/www.tedom.com\/cs\/kombinace-vice-energetickych-zarizeni-pro-poskytovani-podpurnych-sluzeb\/\" \/>\n<meta property=\"og:locale\" content=\"cs_CZ\" \/>\n<meta property=\"og:type\" content=\"article\" \/>\n<meta property=\"og:title\" content=\"Kombinace v\u00edce energetick\u00fdch za\u0159\u00edzen\u00ed pro poskytov\u00e1n\u00ed podp\u016frn\u00fdch slu\u017eeb\" \/>\n<meta property=\"og:description\" content=\"Z\u00e1kazn\u00edk : Provozovatel sklen\u00edku Provoz: P\u011bst\u00edrna zeleniny\u00a0 &nbsp; Instalovan\u00e9 technologie: Kogenera\u010dn\u00ed jednotky o v\u00fdkonu 6 MW Elektrokotel o p\u0159\u00edkonu 10 MW LED osv\u011btlen\u00ed o p\u0159\u00edkonu 4 MW HPS osv\u011btlen\u00ed o p\u0159\u00edkonu 4 MW &nbsp; Popis provozu: Jde o zem\u011bd\u011blsk\u00fd sklen\u00edk, ve kter\u00e9m se celoro\u010dn\u011b p\u011bstuje zelenina. Z\u00e1sadn\u00edm vstupem pro tento typ provozu je sv\u011btlo a [&hellip;]\" \/>\n<meta property=\"og:url\" content=\"https:\/\/www.tedom.com\/cs\/kombinace-vice-energetickych-zarizeni-pro-poskytovani-podpurnych-sluzeb\/\" \/>\n<meta property=\"og:site_name\" content=\"TEDOM\" \/>\n<meta property=\"article:publisher\" content=\"https:\/\/www.facebook.com\/tedom.cz\/\" \/>\n<meta property=\"article:modified_time\" content=\"2023-11-23T12:55:55+00:00\" \/>\n<meta name=\"twitter:card\" content=\"summary_large_image\" \/>\n<meta name=\"twitter:site\" content=\"@tedom_chp\" \/>\n<meta name=\"twitter:label1\" content=\"Odhadovan\u00e1 doba \u010dten\u00ed\" \/>\n\t<meta name=\"twitter:data1\" content=\"2 minuty\" \/>\n<script type=\"application\/ld+json\" class=\"yoast-schema-graph\">{\"@context\":\"https:\/\/schema.org\",\"@graph\":[{\"@type\":\"WebPage\",\"@id\":\"https:\/\/www.tedom.com\/cs\/kombinace-vice-energetickych-zarizeni-pro-poskytovani-podpurnych-sluzeb\/\",\"url\":\"https:\/\/www.tedom.com\/cs\/kombinace-vice-energetickych-zarizeni-pro-poskytovani-podpurnych-sluzeb\/\",\"name\":\"Kombinace v\u00edce energetick\u00fdch za\u0159\u00edzen\u00ed pro poskytov\u00e1n\u00ed podp\u016frn\u00fdch slu\u017eeb &#8211; TEDOM\",\"isPartOf\":{\"@id\":\"https:\/\/www.tedom.com\/cs\/#website\"},\"datePublished\":\"2023-11-07T12:57:45+00:00\",\"dateModified\":\"2023-11-23T12:55:55+00:00\",\"breadcrumb\":{\"@id\":\"https:\/\/www.tedom.com\/cs\/kombinace-vice-energetickych-zarizeni-pro-poskytovani-podpurnych-sluzeb\/#breadcrumb\"},\"inLanguage\":\"cs\",\"potentialAction\":[{\"@type\":\"ReadAction\",\"target\":[\"https:\/\/www.tedom.com\/cs\/kombinace-vice-energetickych-zarizeni-pro-poskytovani-podpurnych-sluzeb\/\"]}]},{\"@type\":\"BreadcrumbList\",\"@id\":\"https:\/\/www.tedom.com\/cs\/kombinace-vice-energetickych-zarizeni-pro-poskytovani-podpurnych-sluzeb\/#breadcrumb\",\"itemListElement\":[{\"@type\":\"ListItem\",\"position\":1,\"name\":\"Home\",\"item\":\"https:\/\/www.tedom.com\/cs\/\"},{\"@type\":\"ListItem\",\"position\":2,\"name\":\"Kombinace v\u00edce energetick\u00fdch za\u0159\u00edzen\u00ed pro poskytov\u00e1n\u00ed podp\u016frn\u00fdch slu\u017eeb\"}]},{\"@type\":\"WebSite\",\"@id\":\"https:\/\/www.tedom.com\/cs\/#website\",\"url\":\"https:\/\/www.tedom.com\/cs\/\",\"name\":\"TEDOM\",\"description\":\"TEDOM se zab\u00fdv\u00e1 v\u00fdrobou kogenera\u010dn\u00edch jednotek, instalac\u00ed fotovoltaiky a poskytov\u00e1n\u00edm komplexn\u00edch slu\u017eeb pro modern\u00ed decentr\u00e1ln\u00ed energetiku.\",\"publisher\":{\"@id\":\"https:\/\/www.tedom.com\/cs\/#organization\"},\"potentialAction\":[{\"@type\":\"SearchAction\",\"target\":{\"@type\":\"EntryPoint\",\"urlTemplate\":\"https:\/\/www.tedom.com\/cs\/?s={search_term_string}\"},\"query-input\":{\"@type\":\"PropertyValueSpecification\",\"valueRequired\":true,\"valueName\":\"search_term_string\"}}],\"inLanguage\":\"cs\"},{\"@type\":\"Organization\",\"@id\":\"https:\/\/www.tedom.com\/cs\/#organization\",\"name\":\"TEDOM a. s.\",\"url\":\"https:\/\/www.tedom.com\/cs\/\",\"logo\":{\"@type\":\"ImageObject\",\"inLanguage\":\"cs\",\"@id\":\"https:\/\/www.tedom.com\/cs\/#\/schema\/logo\/image\/\",\"url\":\"https:\/\/www.tedom.com\/wp-content\/uploads\/2023\/11\/TEDOM_logotype_RGB-scaled.jpg\",\"contentUrl\":\"https:\/\/www.tedom.com\/wp-content\/uploads\/2023\/11\/TEDOM_logotype_RGB-scaled.jpg\",\"width\":2560,\"height\":654,\"caption\":\"TEDOM a. s.\"},\"image\":{\"@id\":\"https:\/\/www.tedom.com\/cs\/#\/schema\/logo\/image\/\"},\"sameAs\":[\"https:\/\/www.facebook.com\/tedom.cz\/\",\"https:\/\/x.com\/tedom_chp\",\"https:\/\/www.instagram.com\/tedom_a.s\/\",\"https:\/\/www.youtube.com\/channel\/UCEqr6fHr02vxVRVF_xtKZ2w\",\"https:\/\/www.linkedin.com\/company\/tedom-a-s-?originalSubdomain=cz\"]}]}<\/script>\n<!-- \/ Yoast SEO Premium plugin. -->","yoast_head_json":{"title":"Kombinace v\u00edce energetick\u00fdch za\u0159\u00edzen\u00ed pro poskytov\u00e1n\u00ed podp\u016frn\u00fdch slu\u017eeb &#8211; TEDOM","robots":{"index":"index","follow":"follow","max-snippet":"max-snippet:-1","max-image-preview":"max-image-preview:large","max-video-preview":"max-video-preview:-1"},"canonical":"https:\/\/www.tedom.com\/cs\/kombinace-vice-energetickych-zarizeni-pro-poskytovani-podpurnych-sluzeb\/","og_locale":"cs_CZ","og_type":"article","og_title":"Kombinace v\u00edce energetick\u00fdch za\u0159\u00edzen\u00ed pro poskytov\u00e1n\u00ed podp\u016frn\u00fdch slu\u017eeb","og_description":"Z\u00e1kazn\u00edk : Provozovatel sklen\u00edku Provoz: P\u011bst\u00edrna zeleniny\u00a0 &nbsp; Instalovan\u00e9 technologie: Kogenera\u010dn\u00ed jednotky o v\u00fdkonu 6 MW Elektrokotel o p\u0159\u00edkonu 10 MW LED osv\u011btlen\u00ed o p\u0159\u00edkonu 4 MW HPS osv\u011btlen\u00ed o p\u0159\u00edkonu 4 MW &nbsp; Popis provozu: Jde o zem\u011bd\u011blsk\u00fd sklen\u00edk, ve kter\u00e9m se celoro\u010dn\u011b p\u011bstuje zelenina. Z\u00e1sadn\u00edm vstupem pro tento typ provozu je sv\u011btlo a [&hellip;]","og_url":"https:\/\/www.tedom.com\/cs\/kombinace-vice-energetickych-zarizeni-pro-poskytovani-podpurnych-sluzeb\/","og_site_name":"TEDOM","article_publisher":"https:\/\/www.facebook.com\/tedom.cz\/","article_modified_time":"2023-11-23T12:55:55+00:00","twitter_card":"summary_large_image","twitter_site":"@tedom_chp","twitter_misc":{"Odhadovan\u00e1 doba \u010dten\u00ed":"2 minuty"},"schema":{"@context":"https:\/\/schema.org","@graph":[{"@type":"WebPage","@id":"https:\/\/www.tedom.com\/cs\/kombinace-vice-energetickych-zarizeni-pro-poskytovani-podpurnych-sluzeb\/","url":"https:\/\/www.tedom.com\/cs\/kombinace-vice-energetickych-zarizeni-pro-poskytovani-podpurnych-sluzeb\/","name":"Kombinace v\u00edce energetick\u00fdch za\u0159\u00edzen\u00ed pro poskytov\u00e1n\u00ed podp\u016frn\u00fdch slu\u017eeb &#8211; TEDOM","isPartOf":{"@id":"https:\/\/www.tedom.com\/cs\/#website"},"datePublished":"2023-11-07T12:57:45+00:00","dateModified":"2023-11-23T12:55:55+00:00","breadcrumb":{"@id":"https:\/\/www.tedom.com\/cs\/kombinace-vice-energetickych-zarizeni-pro-poskytovani-podpurnych-sluzeb\/#breadcrumb"},"inLanguage":"cs","potentialAction":[{"@type":"ReadAction","target":["https:\/\/www.tedom.com\/cs\/kombinace-vice-energetickych-zarizeni-pro-poskytovani-podpurnych-sluzeb\/"]}]},{"@type":"BreadcrumbList","@id":"https:\/\/www.tedom.com\/cs\/kombinace-vice-energetickych-zarizeni-pro-poskytovani-podpurnych-sluzeb\/#breadcrumb","itemListElement":[{"@type":"ListItem","position":1,"name":"Home","item":"https:\/\/www.tedom.com\/cs\/"},{"@type":"ListItem","position":2,"name":"Kombinace v\u00edce energetick\u00fdch za\u0159\u00edzen\u00ed pro poskytov\u00e1n\u00ed podp\u016frn\u00fdch slu\u017eeb"}]},{"@type":"WebSite","@id":"https:\/\/www.tedom.com\/cs\/#website","url":"https:\/\/www.tedom.com\/cs\/","name":"TEDOM","description":"TEDOM se zab\u00fdv\u00e1 v\u00fdrobou kogenera\u010dn\u00edch jednotek, instalac\u00ed fotovoltaiky a poskytov\u00e1n\u00edm komplexn\u00edch slu\u017eeb pro modern\u00ed decentr\u00e1ln\u00ed energetiku.","publisher":{"@id":"https:\/\/www.tedom.com\/cs\/#organization"},"potentialAction":[{"@type":"SearchAction","target":{"@type":"EntryPoint","urlTemplate":"https:\/\/www.tedom.com\/cs\/?s={search_term_string}"},"query-input":{"@type":"PropertyValueSpecification","valueRequired":true,"valueName":"search_term_string"}}],"inLanguage":"cs"},{"@type":"Organization","@id":"https:\/\/www.tedom.com\/cs\/#organization","name":"TEDOM a. s.","url":"https:\/\/www.tedom.com\/cs\/","logo":{"@type":"ImageObject","inLanguage":"cs","@id":"https:\/\/www.tedom.com\/cs\/#\/schema\/logo\/image\/","url":"https:\/\/www.tedom.com\/wp-content\/uploads\/2023\/11\/TEDOM_logotype_RGB-scaled.jpg","contentUrl":"https:\/\/www.tedom.com\/wp-content\/uploads\/2023\/11\/TEDOM_logotype_RGB-scaled.jpg","width":2560,"height":654,"caption":"TEDOM a. s."},"image":{"@id":"https:\/\/www.tedom.com\/cs\/#\/schema\/logo\/image\/"},"sameAs":["https:\/\/www.facebook.com\/tedom.cz\/","https:\/\/x.com\/tedom_chp","https:\/\/www.instagram.com\/tedom_a.s\/","https:\/\/www.youtube.com\/channel\/UCEqr6fHr02vxVRVF_xtKZ2w","https:\/\/www.linkedin.com\/company\/tedom-a-s-?originalSubdomain=cz"]}]}},"_links":{"self":[{"href":"https:\/\/www.tedom.com\/cs\/wp-json\/wp\/v2\/pages\/3536","targetHints":{"allow":["GET"]}}],"collection":[{"href":"https:\/\/www.tedom.com\/cs\/wp-json\/wp\/v2\/pages"}],"about":[{"href":"https:\/\/www.tedom.com\/cs\/wp-json\/wp\/v2\/types\/page"}],"author":[{"embeddable":true,"href":"https:\/\/www.tedom.com\/cs\/wp-json\/wp\/v2\/users\/7"}],"replies":[{"embeddable":true,"href":"https:\/\/www.tedom.com\/cs\/wp-json\/wp\/v2\/comments?post=3536"}],"version-history":[{"count":0,"href":"https:\/\/www.tedom.com\/cs\/wp-json\/wp\/v2\/pages\/3536\/revisions"}],"wp:attachment":[{"href":"https:\/\/www.tedom.com\/cs\/wp-json\/wp\/v2\/media?parent=3536"}],"curies":[{"name":"wp","href":"https:\/\/api.w.org\/{rel}","templated":true}]}}