{"id":3533,"date":"2023-11-07T13:54:01","date_gmt":"2023-11-07T12:54:01","guid":{"rendered":"https:\/\/www.tedom.com\/?page_id=3533"},"modified":"2023-11-30T11:18:12","modified_gmt":"2023-11-30T10:18:12","slug":"dlouhodoba-dodavka-elektriny-a-tepla-z-kogeneracni-jednotky-vlastnene-spolecnosti-tedom-a-provozovane-u-zakaznika","status":"publish","type":"page","link":"https:\/\/www.tedom.com\/cs\/dlouhodoba-dodavka-elektriny-a-tepla-z-kogeneracni-jednotky-vlastnene-spolecnosti-tedom-a-provozovane-u-zakaznika\/","title":{"rendered":"Dlouhodob\u00e1 dod\u00e1vka elekt\u0159iny a tepla z kogenera\u010dn\u00ed jednotky vlastn\u011bn\u00e9 spole\u010dnost\u00ed TEDOM a provozovan\u00e9 u z\u00e1kazn\u00edka"},"content":{"rendered":"<p style=\"text-align: left;\"><b><span data-contrast=\"auto\">Z\u00e1kazn\u00edk : <\/span><\/b> <b><span data-contrast=\"auto\">L\u00edhe\u0148 Studenec, s.r.o.<\/span><\/b><\/p>\n<p style=\"text-align: left;\"><span data-contrast=\"auto\">Provoz: <\/span> <span data-contrast=\"auto\">L\u00edhe\u0148 ku\u0159at a administrativn\u00ed prostory\u00a0<\/span><span data-ccp-props=\"{&quot;201341983&quot;:0,&quot;335559739&quot;:0,&quot;335559740&quot;:240}\">\u00a0<\/span><\/p>\n<p>&nbsp;<\/p>\n<p style=\"text-align: left;\"><b><span data-contrast=\"auto\">Instalovan\u00e9 technologie:<\/span><\/b><\/p>\n<ul>\n<li style=\"text-align: left;\"><span data-contrast=\"auto\">Zdroj energie: <\/span> <span data-contrast=\"auto\">Kogenera\u010dn\u00ed jednotka TEDOM Cento 200<\/span><\/li>\n<li style=\"text-align: left;\"><span data-contrast=\"auto\">Elektrick\u00fd v\u00fdkon: <\/span> <span data-contrast=\"auto\">200 kW<\/span><\/li>\n<li style=\"text-align: left;\"><span data-contrast=\"auto\">Vyu\u017eiteln\u00fd tepeln\u00fd v\u00fdkon:<\/span> <span data-contrast=\"auto\">236 kW<\/span><\/li>\n<li style=\"text-align: left;\"><span data-contrast=\"auto\">Akumula\u010dn\u00ed n\u00e1dr\u017e topn\u00e9 vody:<\/span> <span data-contrast=\"auto\">20 m\u00b3<\/span><\/li>\n<\/ul>\n<p>&nbsp;<\/p>\n<p style=\"text-align: left;\"><b><span data-contrast=\"auto\">Popis provozu:<\/span><\/b><\/p>\n<p style=\"text-align: left;\"><span data-contrast=\"auto\">Kogenera\u010dn\u00ed jednotka bude z\u00e1sobovat elekt\u0159inou a teplem v\u00fdrobn\u00ed a administrativn\u00ed prostory z\u00e1kazn\u00edka. Provoz jednotky se p\u0159edpokl\u00e1d\u00e1 5840 h\/rok.\u00a0<\/span><span data-ccp-props=\"{&quot;201341983&quot;:0,&quot;335559739&quot;:160,&quot;335559740&quot;:259}\"><br \/>\n<\/span><span data-contrast=\"auto\">Ve\u0161ker\u00e1 elekt\u0159ina bude spot\u0159ebov\u00e1na v\u202fprovozu z\u00e1kazn\u00edka. P\u0159etoky elekt\u0159iny do s\u00edt\u011b nejsou povoleny. Teplo bude dod\u00e1v\u00e1no do teplovodn\u00ed kotelny a z\u202fvelk\u00e9 m\u00edry nahrad\u00ed provoz plynov\u00fdch kotl\u016f z\u00e1kazn\u00edka, kter\u00e9 budou fungovat jako z\u00e1loha a \u0161pi\u010dkovac\u00ed zdroj.\u00a0<\/span><span data-ccp-props=\"{&quot;201341983&quot;:0,&quot;335559739&quot;:160,&quot;335559740&quot;:259}\"><br \/>\n<\/span><span data-contrast=\"auto\">Z\u00e1kazn\u00edkovi nab\u00edz\u00edme \u00fasporu ve v\u00fd\u0161i 5<\/span> <span data-contrast=\"auto\">% z\u202fjeho v\u00fdrobn\u00ed\u00a0<\/span> <span data-contrast=\"auto\">ceny tepla a slevu ve v\u00fd\u0161i 100<\/span> <span data-contrast=\"auto\">% z\u202fdistribu\u010dn\u00edch poplatk\u016f a plateb za POZE za elekt\u0159inu dodanou z\u202fv\u00fdrobny.\u00a0<\/span><span data-ccp-props=\"{&quot;201341983&quot;:0,&quot;335559739&quot;:160,&quot;335559740&quot;:259}\">\u00a0<\/span><\/p>\n<p style=\"text-align: left;\"><b><span data-contrast=\"auto\">Informace o v\u00fdrob\u011b a \u00faspor\u00e1ch:<\/span><\/b><\/p>\n<ul>\n<li style=\"text-align: left;\">Vyroben\u00e1 elekt\u0159ina: 1 133 MWh\/rok<\/li>\n<li style=\"text-align: left;\">Vyroben\u00e9 teplo: 5\u202f193 GJ\/rok<\/li>\n<li style=\"text-align: left;\">\u00daspora z\u00e1kazn\u00edka na teple: 186\u202f000,- K\u010d\/rok<\/li>\n<li style=\"text-align: left;\">\u00daspora z\u00e1kazn\u00edka na elekt\u0159in\u011b: 270\u202f000,- K\u010d\/rok<\/li>\n<li style=\"text-align: left;\">N\u00e1jem za prostory pro technologii: 50\u202f000,-K\u010d\/rok<\/li>\n<li style=\"text-align: left;\"><strong>Celkov\u00e1 \u00faspora pro z\u00e1kazn\u00edka: 505 000,- K\u010d\/rok<br \/>\n<\/strong><\/li>\n<\/ul>\n","protected":false},"excerpt":{"rendered":"<p>Z\u00e1kazn\u00edk : L\u00edhe\u0148 Studenec, s.r.o. Provoz: L\u00edhe\u0148 ku\u0159at a administrativn\u00ed prostory\u00a0\u00a0 &nbsp; Instalovan\u00e9 technologie: Zdroj energie: Kogenera\u010dn\u00ed jednotka TEDOM Cento 200 Elektrick\u00fd v\u00fdkon: 200 kW Vyu\u017eiteln\u00fd tepeln\u00fd v\u00fdkon: 236 kW Akumula\u010dn\u00ed n\u00e1dr\u017e topn\u00e9 vody: 20 m\u00b3 &nbsp; Popis provozu: Kogenera\u010dn\u00ed jednotka bude z\u00e1sobovat elekt\u0159inou a teplem v\u00fdrobn\u00ed a administrativn\u00ed prostory z\u00e1kazn\u00edka. Provoz jednotky se p\u0159edpokl\u00e1d\u00e1 [&hellip;]<\/p>\n","protected":false},"author":7,"featured_media":0,"parent":0,"menu_order":0,"comment_status":"closed","ping_status":"closed","template":"templates\/universal.php","meta":{"_acf_changed":false,"footnotes":""},"class_list":["post-3533","page","type-page","status-publish","hentry"],"acf":[],"yoast_head":"<!-- This site is optimized with the Yoast SEO Premium plugin v24.6 (Yoast SEO v26.4) - https:\/\/yoast.com\/wordpress\/plugins\/seo\/ -->\n<title>Dlouhodob\u00e1 dod\u00e1vka elekt\u0159iny a tepla z kogenera\u010dn\u00ed jednotky vlastn\u011bn\u00e9 spole\u010dnost\u00ed TEDOM a provozovan\u00e9 u z\u00e1kazn\u00edka &#8211; TEDOM<\/title>\n<meta name=\"robots\" content=\"index, follow, max-snippet:-1, max-image-preview:large, max-video-preview:-1\" \/>\n<link rel=\"canonical\" href=\"https:\/\/www.tedom.com\/cs\/dlouhodoba-dodavka-elektriny-a-tepla-z-kogeneracni-jednotky-vlastnene-spolecnosti-tedom-a-provozovane-u-zakaznika\/\" \/>\n<meta property=\"og:locale\" content=\"cs_CZ\" \/>\n<meta property=\"og:type\" content=\"article\" \/>\n<meta property=\"og:title\" content=\"Dlouhodob\u00e1 dod\u00e1vka elekt\u0159iny a tepla z kogenera\u010dn\u00ed jednotky vlastn\u011bn\u00e9 spole\u010dnost\u00ed TEDOM a provozovan\u00e9 u z\u00e1kazn\u00edka\" \/>\n<meta property=\"og:description\" content=\"Z\u00e1kazn\u00edk : L\u00edhe\u0148 Studenec, s.r.o. Provoz: L\u00edhe\u0148 ku\u0159at a administrativn\u00ed prostory\u00a0\u00a0 &nbsp; Instalovan\u00e9 technologie: Zdroj energie: Kogenera\u010dn\u00ed jednotka TEDOM Cento 200 Elektrick\u00fd v\u00fdkon: 200 kW Vyu\u017eiteln\u00fd tepeln\u00fd v\u00fdkon: 236 kW Akumula\u010dn\u00ed n\u00e1dr\u017e topn\u00e9 vody: 20 m\u00b3 &nbsp; Popis provozu: Kogenera\u010dn\u00ed jednotka bude z\u00e1sobovat elekt\u0159inou a teplem v\u00fdrobn\u00ed a administrativn\u00ed prostory z\u00e1kazn\u00edka. Provoz jednotky se p\u0159edpokl\u00e1d\u00e1 [&hellip;]\" \/>\n<meta property=\"og:url\" content=\"https:\/\/www.tedom.com\/cs\/dlouhodoba-dodavka-elektriny-a-tepla-z-kogeneracni-jednotky-vlastnene-spolecnosti-tedom-a-provozovane-u-zakaznika\/\" \/>\n<meta property=\"og:site_name\" content=\"TEDOM\" \/>\n<meta property=\"article:publisher\" content=\"https:\/\/www.facebook.com\/tedom.cz\/\" \/>\n<meta property=\"article:modified_time\" content=\"2023-11-30T10:18:12+00:00\" \/>\n<meta name=\"twitter:card\" content=\"summary_large_image\" \/>\n<meta name=\"twitter:site\" content=\"@tedom_chp\" \/>\n<meta name=\"twitter:label1\" content=\"Odhadovan\u00e1 doba \u010dten\u00ed\" \/>\n\t<meta name=\"twitter:data1\" content=\"1 minuta\" \/>\n<script type=\"application\/ld+json\" class=\"yoast-schema-graph\">{\"@context\":\"https:\/\/schema.org\",\"@graph\":[{\"@type\":\"WebPage\",\"@id\":\"https:\/\/www.tedom.com\/cs\/dlouhodoba-dodavka-elektriny-a-tepla-z-kogeneracni-jednotky-vlastnene-spolecnosti-tedom-a-provozovane-u-zakaznika\/\",\"url\":\"https:\/\/www.tedom.com\/cs\/dlouhodoba-dodavka-elektriny-a-tepla-z-kogeneracni-jednotky-vlastnene-spolecnosti-tedom-a-provozovane-u-zakaznika\/\",\"name\":\"Dlouhodob\u00e1 dod\u00e1vka elekt\u0159iny a tepla z kogenera\u010dn\u00ed jednotky vlastn\u011bn\u00e9 spole\u010dnost\u00ed TEDOM a provozovan\u00e9 u z\u00e1kazn\u00edka &#8211; TEDOM\",\"isPartOf\":{\"@id\":\"https:\/\/www.tedom.com\/cs\/#website\"},\"datePublished\":\"2023-11-07T12:54:01+00:00\",\"dateModified\":\"2023-11-30T10:18:12+00:00\",\"breadcrumb\":{\"@id\":\"https:\/\/www.tedom.com\/cs\/dlouhodoba-dodavka-elektriny-a-tepla-z-kogeneracni-jednotky-vlastnene-spolecnosti-tedom-a-provozovane-u-zakaznika\/#breadcrumb\"},\"inLanguage\":\"cs\",\"potentialAction\":[{\"@type\":\"ReadAction\",\"target\":[\"https:\/\/www.tedom.com\/cs\/dlouhodoba-dodavka-elektriny-a-tepla-z-kogeneracni-jednotky-vlastnene-spolecnosti-tedom-a-provozovane-u-zakaznika\/\"]}]},{\"@type\":\"BreadcrumbList\",\"@id\":\"https:\/\/www.tedom.com\/cs\/dlouhodoba-dodavka-elektriny-a-tepla-z-kogeneracni-jednotky-vlastnene-spolecnosti-tedom-a-provozovane-u-zakaznika\/#breadcrumb\",\"itemListElement\":[{\"@type\":\"ListItem\",\"position\":1,\"name\":\"Home\",\"item\":\"https:\/\/www.tedom.com\/cs\/\"},{\"@type\":\"ListItem\",\"position\":2,\"name\":\"Dlouhodob\u00e1 dod\u00e1vka elekt\u0159iny a tepla z kogenera\u010dn\u00ed jednotky vlastn\u011bn\u00e9 spole\u010dnost\u00ed TEDOM a provozovan\u00e9 u z\u00e1kazn\u00edka\"}]},{\"@type\":\"WebSite\",\"@id\":\"https:\/\/www.tedom.com\/cs\/#website\",\"url\":\"https:\/\/www.tedom.com\/cs\/\",\"name\":\"TEDOM\",\"description\":\"TEDOM se zab\u00fdv\u00e1 v\u00fdrobou kogenera\u010dn\u00edch jednotek, instalac\u00ed fotovoltaiky a poskytov\u00e1n\u00edm komplexn\u00edch slu\u017eeb pro modern\u00ed decentr\u00e1ln\u00ed energetiku.\",\"publisher\":{\"@id\":\"https:\/\/www.tedom.com\/cs\/#organization\"},\"potentialAction\":[{\"@type\":\"SearchAction\",\"target\":{\"@type\":\"EntryPoint\",\"urlTemplate\":\"https:\/\/www.tedom.com\/cs\/?s={search_term_string}\"},\"query-input\":{\"@type\":\"PropertyValueSpecification\",\"valueRequired\":true,\"valueName\":\"search_term_string\"}}],\"inLanguage\":\"cs\"},{\"@type\":\"Organization\",\"@id\":\"https:\/\/www.tedom.com\/cs\/#organization\",\"name\":\"TEDOM a. s.\",\"url\":\"https:\/\/www.tedom.com\/cs\/\",\"logo\":{\"@type\":\"ImageObject\",\"inLanguage\":\"cs\",\"@id\":\"https:\/\/www.tedom.com\/cs\/#\/schema\/logo\/image\/\",\"url\":\"https:\/\/www.tedom.com\/wp-content\/uploads\/2023\/11\/TEDOM_logotype_RGB-scaled.jpg\",\"contentUrl\":\"https:\/\/www.tedom.com\/wp-content\/uploads\/2023\/11\/TEDOM_logotype_RGB-scaled.jpg\",\"width\":2560,\"height\":654,\"caption\":\"TEDOM a. s.\"},\"image\":{\"@id\":\"https:\/\/www.tedom.com\/cs\/#\/schema\/logo\/image\/\"},\"sameAs\":[\"https:\/\/www.facebook.com\/tedom.cz\/\",\"https:\/\/x.com\/tedom_chp\",\"https:\/\/www.instagram.com\/tedom_a.s\/\",\"https:\/\/www.youtube.com\/channel\/UCEqr6fHr02vxVRVF_xtKZ2w\",\"https:\/\/www.linkedin.com\/company\/tedom-a-s-?originalSubdomain=cz\"]}]}<\/script>\n<!-- \/ Yoast SEO Premium plugin. -->","yoast_head_json":{"title":"Dlouhodob\u00e1 dod\u00e1vka elekt\u0159iny a tepla z kogenera\u010dn\u00ed jednotky vlastn\u011bn\u00e9 spole\u010dnost\u00ed TEDOM a provozovan\u00e9 u z\u00e1kazn\u00edka &#8211; TEDOM","robots":{"index":"index","follow":"follow","max-snippet":"max-snippet:-1","max-image-preview":"max-image-preview:large","max-video-preview":"max-video-preview:-1"},"canonical":"https:\/\/www.tedom.com\/cs\/dlouhodoba-dodavka-elektriny-a-tepla-z-kogeneracni-jednotky-vlastnene-spolecnosti-tedom-a-provozovane-u-zakaznika\/","og_locale":"cs_CZ","og_type":"article","og_title":"Dlouhodob\u00e1 dod\u00e1vka elekt\u0159iny a tepla z kogenera\u010dn\u00ed jednotky vlastn\u011bn\u00e9 spole\u010dnost\u00ed TEDOM a provozovan\u00e9 u z\u00e1kazn\u00edka","og_description":"Z\u00e1kazn\u00edk : L\u00edhe\u0148 Studenec, s.r.o. Provoz: L\u00edhe\u0148 ku\u0159at a administrativn\u00ed prostory\u00a0\u00a0 &nbsp; Instalovan\u00e9 technologie: Zdroj energie: Kogenera\u010dn\u00ed jednotka TEDOM Cento 200 Elektrick\u00fd v\u00fdkon: 200 kW Vyu\u017eiteln\u00fd tepeln\u00fd v\u00fdkon: 236 kW Akumula\u010dn\u00ed n\u00e1dr\u017e topn\u00e9 vody: 20 m\u00b3 &nbsp; Popis provozu: Kogenera\u010dn\u00ed jednotka bude z\u00e1sobovat elekt\u0159inou a teplem v\u00fdrobn\u00ed a administrativn\u00ed prostory z\u00e1kazn\u00edka. Provoz jednotky se p\u0159edpokl\u00e1d\u00e1 [&hellip;]","og_url":"https:\/\/www.tedom.com\/cs\/dlouhodoba-dodavka-elektriny-a-tepla-z-kogeneracni-jednotky-vlastnene-spolecnosti-tedom-a-provozovane-u-zakaznika\/","og_site_name":"TEDOM","article_publisher":"https:\/\/www.facebook.com\/tedom.cz\/","article_modified_time":"2023-11-30T10:18:12+00:00","twitter_card":"summary_large_image","twitter_site":"@tedom_chp","twitter_misc":{"Odhadovan\u00e1 doba \u010dten\u00ed":"1 minuta"},"schema":{"@context":"https:\/\/schema.org","@graph":[{"@type":"WebPage","@id":"https:\/\/www.tedom.com\/cs\/dlouhodoba-dodavka-elektriny-a-tepla-z-kogeneracni-jednotky-vlastnene-spolecnosti-tedom-a-provozovane-u-zakaznika\/","url":"https:\/\/www.tedom.com\/cs\/dlouhodoba-dodavka-elektriny-a-tepla-z-kogeneracni-jednotky-vlastnene-spolecnosti-tedom-a-provozovane-u-zakaznika\/","name":"Dlouhodob\u00e1 dod\u00e1vka elekt\u0159iny a tepla z kogenera\u010dn\u00ed jednotky vlastn\u011bn\u00e9 spole\u010dnost\u00ed TEDOM a provozovan\u00e9 u z\u00e1kazn\u00edka &#8211; TEDOM","isPartOf":{"@id":"https:\/\/www.tedom.com\/cs\/#website"},"datePublished":"2023-11-07T12:54:01+00:00","dateModified":"2023-11-30T10:18:12+00:00","breadcrumb":{"@id":"https:\/\/www.tedom.com\/cs\/dlouhodoba-dodavka-elektriny-a-tepla-z-kogeneracni-jednotky-vlastnene-spolecnosti-tedom-a-provozovane-u-zakaznika\/#breadcrumb"},"inLanguage":"cs","potentialAction":[{"@type":"ReadAction","target":["https:\/\/www.tedom.com\/cs\/dlouhodoba-dodavka-elektriny-a-tepla-z-kogeneracni-jednotky-vlastnene-spolecnosti-tedom-a-provozovane-u-zakaznika\/"]}]},{"@type":"BreadcrumbList","@id":"https:\/\/www.tedom.com\/cs\/dlouhodoba-dodavka-elektriny-a-tepla-z-kogeneracni-jednotky-vlastnene-spolecnosti-tedom-a-provozovane-u-zakaznika\/#breadcrumb","itemListElement":[{"@type":"ListItem","position":1,"name":"Home","item":"https:\/\/www.tedom.com\/cs\/"},{"@type":"ListItem","position":2,"name":"Dlouhodob\u00e1 dod\u00e1vka elekt\u0159iny a tepla z kogenera\u010dn\u00ed jednotky vlastn\u011bn\u00e9 spole\u010dnost\u00ed TEDOM a provozovan\u00e9 u z\u00e1kazn\u00edka"}]},{"@type":"WebSite","@id":"https:\/\/www.tedom.com\/cs\/#website","url":"https:\/\/www.tedom.com\/cs\/","name":"TEDOM","description":"TEDOM se zab\u00fdv\u00e1 v\u00fdrobou kogenera\u010dn\u00edch jednotek, instalac\u00ed fotovoltaiky a poskytov\u00e1n\u00edm komplexn\u00edch slu\u017eeb pro modern\u00ed decentr\u00e1ln\u00ed energetiku.","publisher":{"@id":"https:\/\/www.tedom.com\/cs\/#organization"},"potentialAction":[{"@type":"SearchAction","target":{"@type":"EntryPoint","urlTemplate":"https:\/\/www.tedom.com\/cs\/?s={search_term_string}"},"query-input":{"@type":"PropertyValueSpecification","valueRequired":true,"valueName":"search_term_string"}}],"inLanguage":"cs"},{"@type":"Organization","@id":"https:\/\/www.tedom.com\/cs\/#organization","name":"TEDOM a. s.","url":"https:\/\/www.tedom.com\/cs\/","logo":{"@type":"ImageObject","inLanguage":"cs","@id":"https:\/\/www.tedom.com\/cs\/#\/schema\/logo\/image\/","url":"https:\/\/www.tedom.com\/wp-content\/uploads\/2023\/11\/TEDOM_logotype_RGB-scaled.jpg","contentUrl":"https:\/\/www.tedom.com\/wp-content\/uploads\/2023\/11\/TEDOM_logotype_RGB-scaled.jpg","width":2560,"height":654,"caption":"TEDOM a. s."},"image":{"@id":"https:\/\/www.tedom.com\/cs\/#\/schema\/logo\/image\/"},"sameAs":["https:\/\/www.facebook.com\/tedom.cz\/","https:\/\/x.com\/tedom_chp","https:\/\/www.instagram.com\/tedom_a.s\/","https:\/\/www.youtube.com\/channel\/UCEqr6fHr02vxVRVF_xtKZ2w","https:\/\/www.linkedin.com\/company\/tedom-a-s-?originalSubdomain=cz"]}]}},"_links":{"self":[{"href":"https:\/\/www.tedom.com\/cs\/wp-json\/wp\/v2\/pages\/3533","targetHints":{"allow":["GET"]}}],"collection":[{"href":"https:\/\/www.tedom.com\/cs\/wp-json\/wp\/v2\/pages"}],"about":[{"href":"https:\/\/www.tedom.com\/cs\/wp-json\/wp\/v2\/types\/page"}],"author":[{"embeddable":true,"href":"https:\/\/www.tedom.com\/cs\/wp-json\/wp\/v2\/users\/7"}],"replies":[{"embeddable":true,"href":"https:\/\/www.tedom.com\/cs\/wp-json\/wp\/v2\/comments?post=3533"}],"version-history":[{"count":0,"href":"https:\/\/www.tedom.com\/cs\/wp-json\/wp\/v2\/pages\/3533\/revisions"}],"wp:attachment":[{"href":"https:\/\/www.tedom.com\/cs\/wp-json\/wp\/v2\/media?parent=3533"}],"curies":[{"name":"wp","href":"https:\/\/api.w.org\/{rel}","templated":true}]}}