{"id":3530,"date":"2023-11-07T13:49:04","date_gmt":"2023-11-07T12:49:04","guid":{"rendered":"https:\/\/www.tedom.com\/?page_id=3530"},"modified":"2023-11-23T13:57:29","modified_gmt":"2023-11-23T12:57:29","slug":"rozsireni-provozu-kogeneracni-jednotky-o-podpurne-sluzby","status":"publish","type":"page","link":"https:\/\/www.tedom.com\/cs\/rozsireni-provozu-kogeneracni-jednotky-o-podpurne-sluzby\/","title":{"rendered":"Roz\u0161\u00ed\u0159en\u00ed provozu kogenera\u010dn\u00ed jednotky o podp\u016frn\u00e9 slu\u017eby"},"content":{"rendered":"<p style=\"text-align: left;\"><b><span data-contrast=\"auto\">Z\u00e1kazn\u00edk : <\/span><\/b> <b><span data-contrast=\"auto\">Men\u0161\u00ed m\u011bstsk\u00e1 oblast<\/span><\/b><\/p>\n<p style=\"text-align: left;\"><span data-contrast=\"auto\">Druh provozu: <\/span> <span data-contrast=\"auto\">tepl\u00e1rensk\u00fd provoz<\/span><span data-ccp-props=\"{&quot;201341983&quot;:0,&quot;335559739&quot;:0,&quot;335559740&quot;:240}\">\u00a0<\/span><\/p>\n<p>&nbsp;<\/p>\n<p style=\"text-align: left;\"><b><span data-contrast=\"auto\">Instalovan\u00e9 technologie:<\/span><\/b><\/p>\n<ul>\n<li style=\"text-align: left;\"><span data-contrast=\"auto\">Zdroj energie: <\/span> <span data-contrast=\"auto\">Kogenera\u010dn\u00ed jednotka TEDOM Quanto 1000<\/span><\/li>\n<li style=\"text-align: left;\"><span data-contrast=\"auto\">Elektrick\u00fd v\u00fdkon:<\/span> <span data-contrast=\"auto\">999 kW<\/span><\/li>\n<li style=\"text-align: left;\"><span data-contrast=\"auto\">Tepeln\u00fd v\u00fdkon:<\/span> <span data-contrast=\"auto\">1155 kW<\/span><span data-ccp-props=\"{&quot;201341983&quot;:0,&quot;335559739&quot;:160,&quot;335559740&quot;:259}\">\u00a0<\/span><\/li>\n<\/ul>\n<p>&nbsp;<\/p>\n<p style=\"text-align: left;\"><b><span data-contrast=\"auto\">Popis provozu:<\/span><\/b><\/p>\n<p style=\"text-align: left;\"><span data-contrast=\"auto\">Kogenera\u010dn\u00ed jednotka na zemn\u00ed plyn o elektrick\u00e9m v\u00fdkonu 1 MW z\u00e1sobuje elekt\u0159inou a teplem reziden\u010dn\u00ed oblast men\u0161\u00edho m\u011bsta. Jednotka je provozov\u00e1na ve standardn\u00edm tepl\u00e1rensk\u00e9m diagramu, kdy v\u011bt\u0161inu zimy b\u011b\u017e\u00ed t\u00e9m\u011b\u0159 nep\u0159etr\u017eit\u011b, v\u202fp\u0159echodn\u00fdch obdob\u00edch ob\u010dasn\u011b a v\u202fl\u00e9t\u011b v\u016fbec.\u00a0<\/span><span data-ccp-props=\"{&quot;201341983&quot;:0,&quot;335559739&quot;:160,&quot;335559740&quot;:259}\">\u00a0<\/span><\/p>\n<p style=\"text-align: left;\"><span data-contrast=\"auto\">Elekt\u0159ina slou\u017e\u00ed ke kryt\u00ed vlastn\u00ed spot\u0159eby tepl\u00e1rny a k\u202fdod\u00e1vce do s\u00edt\u011b. Teplo je dod\u00e1v\u00e1no do teplovodn\u00ed kotelny, kter\u00e1 disponuje akumula\u010dn\u00ed n\u00e1dobou. Objem dodan\u00e9ho tepla je cca 24 000 GJ\/rok a elekt\u0159iny cca 5 000 MWh\/rok.<\/span><span data-ccp-props=\"{&quot;201341983&quot;:0,&quot;335559739&quot;:160,&quot;335559740&quot;:259}\">\u00a0<\/span><\/p>\n<p style=\"text-align: left;\"><span data-contrast=\"auto\">Zapojen\u00edm do agrega\u010dn\u00edho bloku TEDOM z\u00edskal z\u00e1kazn\u00edk za prvn\u00edch 8 m\u011bs\u00edc\u016f roku 2023 dodate\u010dn\u00e9 tr\u017eby ve v\u00fd\u0161i 1,6 milion\u016f korun, a to beze zm\u011bny zp\u016fsobu sv\u00e9ho provozu a bez jak\u00fdchkoli dal\u0161\u00edch\u00a0 n\u00e1klad\u016f.<\/span><span data-ccp-props=\"{&quot;201341983&quot;:0,&quot;335559739&quot;:160,&quot;335559740&quot;:259}\">\u00a0<\/span><\/p>\n","protected":false},"excerpt":{"rendered":"<p>Z\u00e1kazn\u00edk : Men\u0161\u00ed m\u011bstsk\u00e1 oblast Druh provozu: tepl\u00e1rensk\u00fd provoz\u00a0 &nbsp; Instalovan\u00e9 technologie: Zdroj energie: Kogenera\u010dn\u00ed jednotka TEDOM Quanto 1000 Elektrick\u00fd v\u00fdkon: 999 kW Tepeln\u00fd v\u00fdkon: 1155 kW\u00a0 &nbsp; Popis provozu: Kogenera\u010dn\u00ed jednotka na zemn\u00ed plyn o elektrick\u00e9m v\u00fdkonu 1 MW z\u00e1sobuje elekt\u0159inou a teplem reziden\u010dn\u00ed oblast men\u0161\u00edho m\u011bsta. Jednotka je provozov\u00e1na ve standardn\u00edm tepl\u00e1rensk\u00e9m diagramu, [&hellip;]<\/p>\n","protected":false},"author":7,"featured_media":0,"parent":0,"menu_order":0,"comment_status":"closed","ping_status":"closed","template":"templates\/universal.php","meta":{"_acf_changed":false,"footnotes":""},"class_list":["post-3530","page","type-page","status-publish","hentry"],"acf":[],"yoast_head":"<!-- This site is optimized with the Yoast SEO Premium plugin v24.6 (Yoast SEO v26.4) - https:\/\/yoast.com\/wordpress\/plugins\/seo\/ -->\n<title>Roz\u0161\u00ed\u0159en\u00ed provozu kogenera\u010dn\u00ed jednotky o podp\u016frn\u00e9 slu\u017eby &#8211; TEDOM<\/title>\n<meta name=\"robots\" content=\"index, follow, max-snippet:-1, max-image-preview:large, max-video-preview:-1\" \/>\n<link rel=\"canonical\" href=\"https:\/\/www.tedom.com\/cs\/rozsireni-provozu-kogeneracni-jednotky-o-podpurne-sluzby\/\" \/>\n<meta property=\"og:locale\" content=\"cs_CZ\" \/>\n<meta property=\"og:type\" content=\"article\" \/>\n<meta property=\"og:title\" content=\"Roz\u0161\u00ed\u0159en\u00ed provozu kogenera\u010dn\u00ed jednotky o podp\u016frn\u00e9 slu\u017eby\" \/>\n<meta property=\"og:description\" content=\"Z\u00e1kazn\u00edk : Men\u0161\u00ed m\u011bstsk\u00e1 oblast Druh provozu: tepl\u00e1rensk\u00fd provoz\u00a0 &nbsp; Instalovan\u00e9 technologie: Zdroj energie: Kogenera\u010dn\u00ed jednotka TEDOM Quanto 1000 Elektrick\u00fd v\u00fdkon: 999 kW Tepeln\u00fd v\u00fdkon: 1155 kW\u00a0 &nbsp; Popis provozu: Kogenera\u010dn\u00ed jednotka na zemn\u00ed plyn o elektrick\u00e9m v\u00fdkonu 1 MW z\u00e1sobuje elekt\u0159inou a teplem reziden\u010dn\u00ed oblast men\u0161\u00edho m\u011bsta. Jednotka je provozov\u00e1na ve standardn\u00edm tepl\u00e1rensk\u00e9m diagramu, [&hellip;]\" \/>\n<meta property=\"og:url\" content=\"https:\/\/www.tedom.com\/cs\/rozsireni-provozu-kogeneracni-jednotky-o-podpurne-sluzby\/\" \/>\n<meta property=\"og:site_name\" content=\"TEDOM\" \/>\n<meta property=\"article:publisher\" content=\"https:\/\/www.facebook.com\/tedom.cz\/\" \/>\n<meta property=\"article:modified_time\" content=\"2023-11-23T12:57:29+00:00\" \/>\n<meta name=\"twitter:card\" content=\"summary_large_image\" \/>\n<meta name=\"twitter:site\" content=\"@tedom_chp\" \/>\n<meta name=\"twitter:label1\" content=\"Odhadovan\u00e1 doba \u010dten\u00ed\" \/>\n\t<meta name=\"twitter:data1\" content=\"1 minuta\" \/>\n<script type=\"application\/ld+json\" class=\"yoast-schema-graph\">{\"@context\":\"https:\/\/schema.org\",\"@graph\":[{\"@type\":\"WebPage\",\"@id\":\"https:\/\/www.tedom.com\/cs\/rozsireni-provozu-kogeneracni-jednotky-o-podpurne-sluzby\/\",\"url\":\"https:\/\/www.tedom.com\/cs\/rozsireni-provozu-kogeneracni-jednotky-o-podpurne-sluzby\/\",\"name\":\"Roz\u0161\u00ed\u0159en\u00ed provozu kogenera\u010dn\u00ed jednotky o podp\u016frn\u00e9 slu\u017eby &#8211; TEDOM\",\"isPartOf\":{\"@id\":\"https:\/\/www.tedom.com\/cs\/#website\"},\"datePublished\":\"2023-11-07T12:49:04+00:00\",\"dateModified\":\"2023-11-23T12:57:29+00:00\",\"breadcrumb\":{\"@id\":\"https:\/\/www.tedom.com\/cs\/rozsireni-provozu-kogeneracni-jednotky-o-podpurne-sluzby\/#breadcrumb\"},\"inLanguage\":\"cs\",\"potentialAction\":[{\"@type\":\"ReadAction\",\"target\":[\"https:\/\/www.tedom.com\/cs\/rozsireni-provozu-kogeneracni-jednotky-o-podpurne-sluzby\/\"]}]},{\"@type\":\"BreadcrumbList\",\"@id\":\"https:\/\/www.tedom.com\/cs\/rozsireni-provozu-kogeneracni-jednotky-o-podpurne-sluzby\/#breadcrumb\",\"itemListElement\":[{\"@type\":\"ListItem\",\"position\":1,\"name\":\"Home\",\"item\":\"https:\/\/www.tedom.com\/cs\/\"},{\"@type\":\"ListItem\",\"position\":2,\"name\":\"Roz\u0161\u00ed\u0159en\u00ed provozu kogenera\u010dn\u00ed jednotky o podp\u016frn\u00e9 slu\u017eby\"}]},{\"@type\":\"WebSite\",\"@id\":\"https:\/\/www.tedom.com\/cs\/#website\",\"url\":\"https:\/\/www.tedom.com\/cs\/\",\"name\":\"TEDOM\",\"description\":\"TEDOM se zab\u00fdv\u00e1 v\u00fdrobou kogenera\u010dn\u00edch jednotek, instalac\u00ed fotovoltaiky a poskytov\u00e1n\u00edm komplexn\u00edch slu\u017eeb pro modern\u00ed decentr\u00e1ln\u00ed energetiku.\",\"publisher\":{\"@id\":\"https:\/\/www.tedom.com\/cs\/#organization\"},\"potentialAction\":[{\"@type\":\"SearchAction\",\"target\":{\"@type\":\"EntryPoint\",\"urlTemplate\":\"https:\/\/www.tedom.com\/cs\/?s={search_term_string}\"},\"query-input\":{\"@type\":\"PropertyValueSpecification\",\"valueRequired\":true,\"valueName\":\"search_term_string\"}}],\"inLanguage\":\"cs\"},{\"@type\":\"Organization\",\"@id\":\"https:\/\/www.tedom.com\/cs\/#organization\",\"name\":\"TEDOM a. s.\",\"url\":\"https:\/\/www.tedom.com\/cs\/\",\"logo\":{\"@type\":\"ImageObject\",\"inLanguage\":\"cs\",\"@id\":\"https:\/\/www.tedom.com\/cs\/#\/schema\/logo\/image\/\",\"url\":\"https:\/\/www.tedom.com\/wp-content\/uploads\/2023\/11\/TEDOM_logotype_RGB-scaled.jpg\",\"contentUrl\":\"https:\/\/www.tedom.com\/wp-content\/uploads\/2023\/11\/TEDOM_logotype_RGB-scaled.jpg\",\"width\":2560,\"height\":654,\"caption\":\"TEDOM a. s.\"},\"image\":{\"@id\":\"https:\/\/www.tedom.com\/cs\/#\/schema\/logo\/image\/\"},\"sameAs\":[\"https:\/\/www.facebook.com\/tedom.cz\/\",\"https:\/\/x.com\/tedom_chp\",\"https:\/\/www.instagram.com\/tedom_a.s\/\",\"https:\/\/www.youtube.com\/channel\/UCEqr6fHr02vxVRVF_xtKZ2w\",\"https:\/\/www.linkedin.com\/company\/tedom-a-s-?originalSubdomain=cz\"]}]}<\/script>\n<!-- \/ Yoast SEO Premium plugin. -->","yoast_head_json":{"title":"Roz\u0161\u00ed\u0159en\u00ed provozu kogenera\u010dn\u00ed jednotky o podp\u016frn\u00e9 slu\u017eby &#8211; TEDOM","robots":{"index":"index","follow":"follow","max-snippet":"max-snippet:-1","max-image-preview":"max-image-preview:large","max-video-preview":"max-video-preview:-1"},"canonical":"https:\/\/www.tedom.com\/cs\/rozsireni-provozu-kogeneracni-jednotky-o-podpurne-sluzby\/","og_locale":"cs_CZ","og_type":"article","og_title":"Roz\u0161\u00ed\u0159en\u00ed provozu kogenera\u010dn\u00ed jednotky o podp\u016frn\u00e9 slu\u017eby","og_description":"Z\u00e1kazn\u00edk : Men\u0161\u00ed m\u011bstsk\u00e1 oblast Druh provozu: tepl\u00e1rensk\u00fd provoz\u00a0 &nbsp; Instalovan\u00e9 technologie: Zdroj energie: Kogenera\u010dn\u00ed jednotka TEDOM Quanto 1000 Elektrick\u00fd v\u00fdkon: 999 kW Tepeln\u00fd v\u00fdkon: 1155 kW\u00a0 &nbsp; Popis provozu: Kogenera\u010dn\u00ed jednotka na zemn\u00ed plyn o elektrick\u00e9m v\u00fdkonu 1 MW z\u00e1sobuje elekt\u0159inou a teplem reziden\u010dn\u00ed oblast men\u0161\u00edho m\u011bsta. Jednotka je provozov\u00e1na ve standardn\u00edm tepl\u00e1rensk\u00e9m diagramu, [&hellip;]","og_url":"https:\/\/www.tedom.com\/cs\/rozsireni-provozu-kogeneracni-jednotky-o-podpurne-sluzby\/","og_site_name":"TEDOM","article_publisher":"https:\/\/www.facebook.com\/tedom.cz\/","article_modified_time":"2023-11-23T12:57:29+00:00","twitter_card":"summary_large_image","twitter_site":"@tedom_chp","twitter_misc":{"Odhadovan\u00e1 doba \u010dten\u00ed":"1 minuta"},"schema":{"@context":"https:\/\/schema.org","@graph":[{"@type":"WebPage","@id":"https:\/\/www.tedom.com\/cs\/rozsireni-provozu-kogeneracni-jednotky-o-podpurne-sluzby\/","url":"https:\/\/www.tedom.com\/cs\/rozsireni-provozu-kogeneracni-jednotky-o-podpurne-sluzby\/","name":"Roz\u0161\u00ed\u0159en\u00ed provozu kogenera\u010dn\u00ed jednotky o podp\u016frn\u00e9 slu\u017eby &#8211; TEDOM","isPartOf":{"@id":"https:\/\/www.tedom.com\/cs\/#website"},"datePublished":"2023-11-07T12:49:04+00:00","dateModified":"2023-11-23T12:57:29+00:00","breadcrumb":{"@id":"https:\/\/www.tedom.com\/cs\/rozsireni-provozu-kogeneracni-jednotky-o-podpurne-sluzby\/#breadcrumb"},"inLanguage":"cs","potentialAction":[{"@type":"ReadAction","target":["https:\/\/www.tedom.com\/cs\/rozsireni-provozu-kogeneracni-jednotky-o-podpurne-sluzby\/"]}]},{"@type":"BreadcrumbList","@id":"https:\/\/www.tedom.com\/cs\/rozsireni-provozu-kogeneracni-jednotky-o-podpurne-sluzby\/#breadcrumb","itemListElement":[{"@type":"ListItem","position":1,"name":"Home","item":"https:\/\/www.tedom.com\/cs\/"},{"@type":"ListItem","position":2,"name":"Roz\u0161\u00ed\u0159en\u00ed provozu kogenera\u010dn\u00ed jednotky o podp\u016frn\u00e9 slu\u017eby"}]},{"@type":"WebSite","@id":"https:\/\/www.tedom.com\/cs\/#website","url":"https:\/\/www.tedom.com\/cs\/","name":"TEDOM","description":"TEDOM se zab\u00fdv\u00e1 v\u00fdrobou kogenera\u010dn\u00edch jednotek, instalac\u00ed fotovoltaiky a poskytov\u00e1n\u00edm komplexn\u00edch slu\u017eeb pro modern\u00ed decentr\u00e1ln\u00ed energetiku.","publisher":{"@id":"https:\/\/www.tedom.com\/cs\/#organization"},"potentialAction":[{"@type":"SearchAction","target":{"@type":"EntryPoint","urlTemplate":"https:\/\/www.tedom.com\/cs\/?s={search_term_string}"},"query-input":{"@type":"PropertyValueSpecification","valueRequired":true,"valueName":"search_term_string"}}],"inLanguage":"cs"},{"@type":"Organization","@id":"https:\/\/www.tedom.com\/cs\/#organization","name":"TEDOM a. s.","url":"https:\/\/www.tedom.com\/cs\/","logo":{"@type":"ImageObject","inLanguage":"cs","@id":"https:\/\/www.tedom.com\/cs\/#\/schema\/logo\/image\/","url":"https:\/\/www.tedom.com\/wp-content\/uploads\/2023\/11\/TEDOM_logotype_RGB-scaled.jpg","contentUrl":"https:\/\/www.tedom.com\/wp-content\/uploads\/2023\/11\/TEDOM_logotype_RGB-scaled.jpg","width":2560,"height":654,"caption":"TEDOM a. s."},"image":{"@id":"https:\/\/www.tedom.com\/cs\/#\/schema\/logo\/image\/"},"sameAs":["https:\/\/www.facebook.com\/tedom.cz\/","https:\/\/x.com\/tedom_chp","https:\/\/www.instagram.com\/tedom_a.s\/","https:\/\/www.youtube.com\/channel\/UCEqr6fHr02vxVRVF_xtKZ2w","https:\/\/www.linkedin.com\/company\/tedom-a-s-?originalSubdomain=cz"]}]}},"_links":{"self":[{"href":"https:\/\/www.tedom.com\/cs\/wp-json\/wp\/v2\/pages\/3530","targetHints":{"allow":["GET"]}}],"collection":[{"href":"https:\/\/www.tedom.com\/cs\/wp-json\/wp\/v2\/pages"}],"about":[{"href":"https:\/\/www.tedom.com\/cs\/wp-json\/wp\/v2\/types\/page"}],"author":[{"embeddable":true,"href":"https:\/\/www.tedom.com\/cs\/wp-json\/wp\/v2\/users\/7"}],"replies":[{"embeddable":true,"href":"https:\/\/www.tedom.com\/cs\/wp-json\/wp\/v2\/comments?post=3530"}],"version-history":[{"count":0,"href":"https:\/\/www.tedom.com\/cs\/wp-json\/wp\/v2\/pages\/3530\/revisions"}],"wp:attachment":[{"href":"https:\/\/www.tedom.com\/cs\/wp-json\/wp\/v2\/media?parent=3530"}],"curies":[{"name":"wp","href":"https:\/\/api.w.org\/{rel}","templated":true}]}}