{"id":35,"date":"2023-08-12T07:04:20","date_gmt":"2023-08-12T07:04:20","guid":{"rendered":"https:\/\/www.tedom.com\/?page_id=35"},"modified":"2024-12-06T16:06:09","modified_gmt":"2024-12-06T15:06:09","slug":"skupina-tedom","status":"publish","type":"page","link":"https:\/\/www.tedom.com\/cs\/skupina-tedom\/","title":{"rendered":"Skupina TEDOM"},"content":{"rendered":"<p>TEDOM a.s. se v\u00edce ne\u017e 30 let se zab\u00fdv\u00e1 v\u00fdvojem, v\u00fdrobou a provozov\u00e1n\u00edm kogenera\u010dn\u00edch jednotek, vysoce \u00fa\u010dinn\u00fdch zdroj\u016f pro spole\u010dnou v\u00fdrobu elekt\u0159iny a tepla. V oboru kogenerace pat\u0159\u00ed k p\u0159edn\u00edm firm\u00e1m. Sv\u00e9 v\u00fdrobky prod\u00e1v\u00e1 v des\u00edtk\u00e1ch zem\u00ed sv\u011bta od Japonska, p\u0159es Evropu a\u017e po Spojen\u00e9 st\u00e1ty a spolupracuje tak\u00e9 s \u0159adou zahrani\u010dn\u00edch partner\u016f ve v\u00edce ne\u017e 55 zem\u00edch sv\u011bta.<\/p>\n<p>&nbsp;<\/p>\n<p>TEDOM m\u00e1 \u010dty\u0159i v\u00fdrobn\u00ed a v\u00fdvojov\u00e9 z\u00e1vody v \u010cesk\u00e9 republice a n\u011bkolik mezin\u00e1rodn\u00edch obchodn\u00edch pobo\u010dek, z nich\u017e nejv\u00fdznamn\u011bj\u0161\u00ed je v N\u011bmecku. Dal\u0161\u00ed \u010dlenov\u00e9 skupiny pak p\u016fsob\u00ed v Polsku, USA, It\u00e1lii, na Slovensku, ve st\u0159edn\u00ed Asii a Velk\u00e9 Brit\u00e1nii. Cel\u00e1 skupina TEDOM m\u00e1 p\u0159es 1 000 zam\u011bstnanc\u016f.<\/p>\n<p>&nbsp;<\/p>\n<p>Pro sv\u00e9 kogenera\u010dn\u00ed jednotky TEDOM vyv\u00edj\u00ed a vyr\u00e1b\u00ed vlastn\u00ed spalovac\u00ed motory a sou\u010dasn\u011b upravuje motory renomovan\u00fdch sv\u011btov\u00fdch v\u00fdrobc\u016f. V nab\u00eddce m\u00e1 plynov\u00e9 kogenera\u010dn\u00ed jednotky s elektrick\u00fdm v\u00fdkonem od 20 kW do 4,5 MW. Za dobu sv\u00e9 existence prodala skupina TEDOM v\u00edce ne\u017e 10 000 kogenera\u010dn\u00edch jednotek.<\/p>\n<p>&nbsp;<\/p>\n<p>Krom\u011b kogenera\u010dn\u00edch jednotek poskytuje TEDOM \u0159adu dal\u0161\u00edch energetick\u00fdch slu\u017eeb, jako jsou slu\u017eby v\u00fdkonov\u00e9 rovnov\u00e1hy, n\u00e1kup a prodej energi\u00ed, instalace decentralizovan\u00fdch zdroj\u016f energie \u010di komplexn\u00ed dod\u00e1vky energetick\u00fdch celk\u016f.<br \/>\nHlavn\u00edm akcion\u00e1\u0159em skupiny TEDOM je japonsk\u00e1 stroj\u00edrensko-energetick\u00e1 spole\u010dnost YANMAR.<\/p>\n","protected":false},"excerpt":{"rendered":"<p>TEDOM a.s. se v\u00edce ne\u017e 30 let se zab\u00fdv\u00e1 v\u00fdvojem, v\u00fdrobou a provozov\u00e1n\u00edm kogenera\u010dn\u00edch jednotek, vysoce \u00fa\u010dinn\u00fdch zdroj\u016f pro spole\u010dnou v\u00fdrobu elekt\u0159iny a tepla. V oboru kogenerace pat\u0159\u00ed k p\u0159edn\u00edm firm\u00e1m. Sv\u00e9 v\u00fdrobky prod\u00e1v\u00e1 v des\u00edtk\u00e1ch zem\u00ed sv\u011bta od Japonska, p\u0159es Evropu a\u017e po Spojen\u00e9 st\u00e1ty a spolupracuje tak\u00e9 s \u0159adou zahrani\u010dn\u00edch partner\u016f ve v\u00edce [&hellip;]<\/p>\n","protected":false},"author":2,"featured_media":3030,"parent":0,"menu_order":0,"comment_status":"closed","ping_status":"closed","template":"templates\/skupina-TEDOM.php","meta":{"_acf_changed":false,"footnotes":""},"class_list":["post-35","page","type-page","status-publish","has-post-thumbnail","hentry"],"acf":[],"yoast_head":"<!-- This site is optimized with the Yoast SEO Premium plugin v24.6 (Yoast SEO v26.4) - https:\/\/yoast.com\/wordpress\/plugins\/seo\/ -->\n<title>Skupina TEDOM &#8211; TEDOM<\/title>\n<meta name=\"description\" content=\"TEDOM a.s. je \u010desk\u00e1 stroj\u00edrensk\u00e1 firma zalo\u017een\u00e1 v T\u0159eb\u00ed\u010di roku 1991. Zab\u00fdv\u00e1me se v\u00fdvojem a v\u00fdrobou kogenera\u010dn\u00edch jednotek. Na trhu kogenerace a energetiky p\u016fsob\u00edme v\u00edce ne\u017e 30 let a za tuto dobu jsme vyrobili p\u0159es 5 000 kogenera\u010dn\u00edch jednotek, kter\u00e9 \u00fasp\u011b\u0161n\u011b vyv\u00e1\u017e\u00edme do des\u00edtek zem\u00ed cel\u00e9ho sv\u011bta. Na\u0161\u00ed filozofi\u00ed je efektivn\u00ed a ekologick\u00e9 vyu\u017eit\u00ed paliv. Proto vyr\u00e1b\u00edme za\u0159\u00edzen\u00ed pro kombinovanou v\u00fdrobu elekt\u0159iny a tepla, kter\u00e1 se vyzna\u010duj\u00ed vysokou \u00fa\u010dinnost\u00ed a \u0161etrnost\u00ed k \u017eivotn\u00edmu prost\u0159ed\u00ed. V t\u00e9to oblasti pat\u0159\u00edme ke sv\u011btov\u00e9 \u0161pi\u010dce. Sami jsme rovn\u011b\u017e v\u00fdznamn\u00fdm provozovatelem kogenera\u010dn\u00edch jednotek. Ve\u0161ker\u00e9 v\u00fdrobn\u00ed procesy podrobujeme p\u0159\u00edsn\u00e9 kontrole. Zavedli jsme syst\u00e9m \u0159\u00edzen\u00ed kvality podle norem ISO 9001 a db\u00e1me i na ochranu \u017eivotn\u00edho prost\u0159ed\u00ed podle ISO 14001.\" \/>\n<meta name=\"robots\" content=\"index, follow, max-snippet:-1, max-image-preview:large, max-video-preview:-1\" \/>\n<link rel=\"canonical\" href=\"https:\/\/www.tedom.com\/cs\/skupina-tedom\/\" \/>\n<meta property=\"og:locale\" content=\"cs_CZ\" \/>\n<meta property=\"og:type\" content=\"article\" \/>\n<meta property=\"og:title\" content=\"Skupina TEDOM\" \/>\n<meta property=\"og:description\" content=\"TEDOM a.s. je \u010desk\u00e1 stroj\u00edrensk\u00e1 firma zalo\u017een\u00e1 v T\u0159eb\u00ed\u010di roku 1991. Zab\u00fdv\u00e1me se v\u00fdvojem a v\u00fdrobou kogenera\u010dn\u00edch jednotek. Na trhu kogenerace a energetiky p\u016fsob\u00edme v\u00edce ne\u017e 30 let a za tuto dobu jsme vyrobili p\u0159es 5 000 kogenera\u010dn\u00edch jednotek, kter\u00e9 \u00fasp\u011b\u0161n\u011b vyv\u00e1\u017e\u00edme do des\u00edtek zem\u00ed cel\u00e9ho sv\u011bta. Na\u0161\u00ed filozofi\u00ed je efektivn\u00ed a ekologick\u00e9 vyu\u017eit\u00ed paliv. Proto vyr\u00e1b\u00edme za\u0159\u00edzen\u00ed pro kombinovanou v\u00fdrobu elekt\u0159iny a tepla, kter\u00e1 se vyzna\u010duj\u00ed vysokou \u00fa\u010dinnost\u00ed a \u0161etrnost\u00ed k \u017eivotn\u00edmu prost\u0159ed\u00ed. V t\u00e9to oblasti pat\u0159\u00edme ke sv\u011btov\u00e9 \u0161pi\u010dce. Sami jsme rovn\u011b\u017e v\u00fdznamn\u00fdm provozovatelem kogenera\u010dn\u00edch jednotek. Ve\u0161ker\u00e9 v\u00fdrobn\u00ed procesy podrobujeme p\u0159\u00edsn\u00e9 kontrole. Zavedli jsme syst\u00e9m \u0159\u00edzen\u00ed kvality podle norem ISO 9001 a db\u00e1me i na ochranu \u017eivotn\u00edho prost\u0159ed\u00ed podle ISO 14001.\" \/>\n<meta property=\"og:url\" content=\"https:\/\/www.tedom.com\/cs\/skupina-tedom\/\" \/>\n<meta property=\"og:site_name\" content=\"TEDOM\" \/>\n<meta property=\"article:publisher\" content=\"https:\/\/www.facebook.com\/tedom.cz\/\" \/>\n<meta property=\"article:modified_time\" content=\"2024-12-06T15:06:09+00:00\" \/>\n<meta property=\"og:image\" content=\"https:\/\/www.tedom.com\/wp-content\/uploads\/2023\/10\/10-scaled.jpg\" \/>\n\t<meta property=\"og:image:width\" content=\"2560\" \/>\n\t<meta property=\"og:image:height\" content=\"1706\" \/>\n\t<meta property=\"og:image:type\" content=\"image\/jpeg\" \/>\n<meta name=\"twitter:card\" content=\"summary_large_image\" \/>\n<meta name=\"twitter:site\" content=\"@tedom_chp\" \/>\n<meta name=\"twitter:label1\" content=\"Odhadovan\u00e1 doba \u010dten\u00ed\" \/>\n\t<meta name=\"twitter:data1\" content=\"2 minuty\" \/>\n<script type=\"application\/ld+json\" class=\"yoast-schema-graph\">{\"@context\":\"https:\/\/schema.org\",\"@graph\":[{\"@type\":\"WebPage\",\"@id\":\"https:\/\/www.tedom.com\/cs\/skupina-tedom\/\",\"url\":\"https:\/\/www.tedom.com\/cs\/skupina-tedom\/\",\"name\":\"Skupina TEDOM &#8211; TEDOM\",\"isPartOf\":{\"@id\":\"https:\/\/www.tedom.com\/cs\/#website\"},\"primaryImageOfPage\":{\"@id\":\"https:\/\/www.tedom.com\/cs\/skupina-tedom\/#primaryimage\"},\"image\":{\"@id\":\"https:\/\/www.tedom.com\/cs\/skupina-tedom\/#primaryimage\"},\"thumbnailUrl\":\"https:\/\/www.tedom.com\/wp-content\/uploads\/2023\/10\/10-scaled.jpg\",\"datePublished\":\"2023-08-12T07:04:20+00:00\",\"dateModified\":\"2024-12-06T15:06:09+00:00\",\"description\":\"TEDOM a.s. je \u010desk\u00e1 stroj\u00edrensk\u00e1 firma zalo\u017een\u00e1 v T\u0159eb\u00ed\u010di roku 1991. Zab\u00fdv\u00e1me se v\u00fdvojem a v\u00fdrobou kogenera\u010dn\u00edch jednotek. Na trhu kogenerace a energetiky p\u016fsob\u00edme v\u00edce ne\u017e 30 let a za tuto dobu jsme vyrobili p\u0159es 5 000 kogenera\u010dn\u00edch jednotek, kter\u00e9 \u00fasp\u011b\u0161n\u011b vyv\u00e1\u017e\u00edme do des\u00edtek zem\u00ed cel\u00e9ho sv\u011bta. Na\u0161\u00ed filozofi\u00ed je efektivn\u00ed a ekologick\u00e9 vyu\u017eit\u00ed paliv. Proto vyr\u00e1b\u00edme za\u0159\u00edzen\u00ed pro kombinovanou v\u00fdrobu elekt\u0159iny a tepla, kter\u00e1 se vyzna\u010duj\u00ed vysokou \u00fa\u010dinnost\u00ed a \u0161etrnost\u00ed k \u017eivotn\u00edmu prost\u0159ed\u00ed. V t\u00e9to oblasti pat\u0159\u00edme ke sv\u011btov\u00e9 \u0161pi\u010dce. Sami jsme rovn\u011b\u017e v\u00fdznamn\u00fdm provozovatelem kogenera\u010dn\u00edch jednotek. Ve\u0161ker\u00e9 v\u00fdrobn\u00ed procesy podrobujeme p\u0159\u00edsn\u00e9 kontrole. Zavedli jsme syst\u00e9m \u0159\u00edzen\u00ed kvality podle norem ISO 9001 a db\u00e1me i na ochranu \u017eivotn\u00edho prost\u0159ed\u00ed podle ISO 14001.\",\"breadcrumb\":{\"@id\":\"https:\/\/www.tedom.com\/cs\/skupina-tedom\/#breadcrumb\"},\"inLanguage\":\"cs\",\"potentialAction\":[{\"@type\":\"ReadAction\",\"target\":[\"https:\/\/www.tedom.com\/cs\/skupina-tedom\/\"]}]},{\"@type\":\"ImageObject\",\"inLanguage\":\"cs\",\"@id\":\"https:\/\/www.tedom.com\/cs\/skupina-tedom\/#primaryimage\",\"url\":\"https:\/\/www.tedom.com\/wp-content\/uploads\/2023\/10\/10-scaled.jpg\",\"contentUrl\":\"https:\/\/www.tedom.com\/wp-content\/uploads\/2023\/10\/10-scaled.jpg\",\"width\":2560,\"height\":1706},{\"@type\":\"BreadcrumbList\",\"@id\":\"https:\/\/www.tedom.com\/cs\/skupina-tedom\/#breadcrumb\",\"itemListElement\":[{\"@type\":\"ListItem\",\"position\":1,\"name\":\"Home\",\"item\":\"https:\/\/www.tedom.com\/cs\/\"},{\"@type\":\"ListItem\",\"position\":2,\"name\":\"Skupina TEDOM\"}]},{\"@type\":\"WebSite\",\"@id\":\"https:\/\/www.tedom.com\/cs\/#website\",\"url\":\"https:\/\/www.tedom.com\/cs\/\",\"name\":\"TEDOM\",\"description\":\"TEDOM se zab\u00fdv\u00e1 v\u00fdrobou kogenera\u010dn\u00edch jednotek, instalac\u00ed fotovoltaiky a poskytov\u00e1n\u00edm komplexn\u00edch slu\u017eeb pro modern\u00ed decentr\u00e1ln\u00ed energetiku.\",\"publisher\":{\"@id\":\"https:\/\/www.tedom.com\/cs\/#organization\"},\"potentialAction\":[{\"@type\":\"SearchAction\",\"target\":{\"@type\":\"EntryPoint\",\"urlTemplate\":\"https:\/\/www.tedom.com\/cs\/?s={search_term_string}\"},\"query-input\":{\"@type\":\"PropertyValueSpecification\",\"valueRequired\":true,\"valueName\":\"search_term_string\"}}],\"inLanguage\":\"cs\"},{\"@type\":\"Organization\",\"@id\":\"https:\/\/www.tedom.com\/cs\/#organization\",\"name\":\"TEDOM a. s.\",\"url\":\"https:\/\/www.tedom.com\/cs\/\",\"logo\":{\"@type\":\"ImageObject\",\"inLanguage\":\"cs\",\"@id\":\"https:\/\/www.tedom.com\/cs\/#\/schema\/logo\/image\/\",\"url\":\"https:\/\/www.tedom.com\/wp-content\/uploads\/2023\/11\/TEDOM_logotype_RGB-scaled.jpg\",\"contentUrl\":\"https:\/\/www.tedom.com\/wp-content\/uploads\/2023\/11\/TEDOM_logotype_RGB-scaled.jpg\",\"width\":2560,\"height\":654,\"caption\":\"TEDOM a. s.\"},\"image\":{\"@id\":\"https:\/\/www.tedom.com\/cs\/#\/schema\/logo\/image\/\"},\"sameAs\":[\"https:\/\/www.facebook.com\/tedom.cz\/\",\"https:\/\/x.com\/tedom_chp\",\"https:\/\/www.instagram.com\/tedom_a.s\/\",\"https:\/\/www.youtube.com\/channel\/UCEqr6fHr02vxVRVF_xtKZ2w\",\"https:\/\/www.linkedin.com\/company\/tedom-a-s-?originalSubdomain=cz\"]}]}<\/script>\n<!-- \/ Yoast SEO Premium plugin. -->","yoast_head_json":{"title":"Skupina TEDOM &#8211; TEDOM","description":"TEDOM a.s. je \u010desk\u00e1 stroj\u00edrensk\u00e1 firma zalo\u017een\u00e1 v T\u0159eb\u00ed\u010di roku 1991. Zab\u00fdv\u00e1me se v\u00fdvojem a v\u00fdrobou kogenera\u010dn\u00edch jednotek. Na trhu kogenerace a energetiky p\u016fsob\u00edme v\u00edce ne\u017e 30 let a za tuto dobu jsme vyrobili p\u0159es 5 000 kogenera\u010dn\u00edch jednotek, kter\u00e9 \u00fasp\u011b\u0161n\u011b vyv\u00e1\u017e\u00edme do des\u00edtek zem\u00ed cel\u00e9ho sv\u011bta. Na\u0161\u00ed filozofi\u00ed je efektivn\u00ed a ekologick\u00e9 vyu\u017eit\u00ed paliv. Proto vyr\u00e1b\u00edme za\u0159\u00edzen\u00ed pro kombinovanou v\u00fdrobu elekt\u0159iny a tepla, kter\u00e1 se vyzna\u010duj\u00ed vysokou \u00fa\u010dinnost\u00ed a \u0161etrnost\u00ed k \u017eivotn\u00edmu prost\u0159ed\u00ed. V t\u00e9to oblasti pat\u0159\u00edme ke sv\u011btov\u00e9 \u0161pi\u010dce. Sami jsme rovn\u011b\u017e v\u00fdznamn\u00fdm provozovatelem kogenera\u010dn\u00edch jednotek. Ve\u0161ker\u00e9 v\u00fdrobn\u00ed procesy podrobujeme p\u0159\u00edsn\u00e9 kontrole. Zavedli jsme syst\u00e9m \u0159\u00edzen\u00ed kvality podle norem ISO 9001 a db\u00e1me i na ochranu \u017eivotn\u00edho prost\u0159ed\u00ed podle ISO 14001.","robots":{"index":"index","follow":"follow","max-snippet":"max-snippet:-1","max-image-preview":"max-image-preview:large","max-video-preview":"max-video-preview:-1"},"canonical":"https:\/\/www.tedom.com\/cs\/skupina-tedom\/","og_locale":"cs_CZ","og_type":"article","og_title":"Skupina TEDOM","og_description":"TEDOM a.s. je \u010desk\u00e1 stroj\u00edrensk\u00e1 firma zalo\u017een\u00e1 v T\u0159eb\u00ed\u010di roku 1991. Zab\u00fdv\u00e1me se v\u00fdvojem a v\u00fdrobou kogenera\u010dn\u00edch jednotek. Na trhu kogenerace a energetiky p\u016fsob\u00edme v\u00edce ne\u017e 30 let a za tuto dobu jsme vyrobili p\u0159es 5 000 kogenera\u010dn\u00edch jednotek, kter\u00e9 \u00fasp\u011b\u0161n\u011b vyv\u00e1\u017e\u00edme do des\u00edtek zem\u00ed cel\u00e9ho sv\u011bta. Na\u0161\u00ed filozofi\u00ed je efektivn\u00ed a ekologick\u00e9 vyu\u017eit\u00ed paliv. Proto vyr\u00e1b\u00edme za\u0159\u00edzen\u00ed pro kombinovanou v\u00fdrobu elekt\u0159iny a tepla, kter\u00e1 se vyzna\u010duj\u00ed vysokou \u00fa\u010dinnost\u00ed a \u0161etrnost\u00ed k \u017eivotn\u00edmu prost\u0159ed\u00ed. V t\u00e9to oblasti pat\u0159\u00edme ke sv\u011btov\u00e9 \u0161pi\u010dce. Sami jsme rovn\u011b\u017e v\u00fdznamn\u00fdm provozovatelem kogenera\u010dn\u00edch jednotek. Ve\u0161ker\u00e9 v\u00fdrobn\u00ed procesy podrobujeme p\u0159\u00edsn\u00e9 kontrole. Zavedli jsme syst\u00e9m \u0159\u00edzen\u00ed kvality podle norem ISO 9001 a db\u00e1me i na ochranu \u017eivotn\u00edho prost\u0159ed\u00ed podle ISO 14001.","og_url":"https:\/\/www.tedom.com\/cs\/skupina-tedom\/","og_site_name":"TEDOM","article_publisher":"https:\/\/www.facebook.com\/tedom.cz\/","article_modified_time":"2024-12-06T15:06:09+00:00","og_image":[{"width":2560,"height":1706,"url":"https:\/\/www.tedom.com\/wp-content\/uploads\/2023\/10\/10-scaled.jpg","type":"image\/jpeg"}],"twitter_card":"summary_large_image","twitter_site":"@tedom_chp","twitter_misc":{"Odhadovan\u00e1 doba \u010dten\u00ed":"2 minuty"},"schema":{"@context":"https:\/\/schema.org","@graph":[{"@type":"WebPage","@id":"https:\/\/www.tedom.com\/cs\/skupina-tedom\/","url":"https:\/\/www.tedom.com\/cs\/skupina-tedom\/","name":"Skupina TEDOM &#8211; TEDOM","isPartOf":{"@id":"https:\/\/www.tedom.com\/cs\/#website"},"primaryImageOfPage":{"@id":"https:\/\/www.tedom.com\/cs\/skupina-tedom\/#primaryimage"},"image":{"@id":"https:\/\/www.tedom.com\/cs\/skupina-tedom\/#primaryimage"},"thumbnailUrl":"https:\/\/www.tedom.com\/wp-content\/uploads\/2023\/10\/10-scaled.jpg","datePublished":"2023-08-12T07:04:20+00:00","dateModified":"2024-12-06T15:06:09+00:00","description":"TEDOM a.s. je \u010desk\u00e1 stroj\u00edrensk\u00e1 firma zalo\u017een\u00e1 v T\u0159eb\u00ed\u010di roku 1991. Zab\u00fdv\u00e1me se v\u00fdvojem a v\u00fdrobou kogenera\u010dn\u00edch jednotek. Na trhu kogenerace a energetiky p\u016fsob\u00edme v\u00edce ne\u017e 30 let a za tuto dobu jsme vyrobili p\u0159es 5 000 kogenera\u010dn\u00edch jednotek, kter\u00e9 \u00fasp\u011b\u0161n\u011b vyv\u00e1\u017e\u00edme do des\u00edtek zem\u00ed cel\u00e9ho sv\u011bta. Na\u0161\u00ed filozofi\u00ed je efektivn\u00ed a ekologick\u00e9 vyu\u017eit\u00ed paliv. Proto vyr\u00e1b\u00edme za\u0159\u00edzen\u00ed pro kombinovanou v\u00fdrobu elekt\u0159iny a tepla, kter\u00e1 se vyzna\u010duj\u00ed vysokou \u00fa\u010dinnost\u00ed a \u0161etrnost\u00ed k \u017eivotn\u00edmu prost\u0159ed\u00ed. V t\u00e9to oblasti pat\u0159\u00edme ke sv\u011btov\u00e9 \u0161pi\u010dce. Sami jsme rovn\u011b\u017e v\u00fdznamn\u00fdm provozovatelem kogenera\u010dn\u00edch jednotek. Ve\u0161ker\u00e9 v\u00fdrobn\u00ed procesy podrobujeme p\u0159\u00edsn\u00e9 kontrole. Zavedli jsme syst\u00e9m \u0159\u00edzen\u00ed kvality podle norem ISO 9001 a db\u00e1me i na ochranu \u017eivotn\u00edho prost\u0159ed\u00ed podle ISO 14001.","breadcrumb":{"@id":"https:\/\/www.tedom.com\/cs\/skupina-tedom\/#breadcrumb"},"inLanguage":"cs","potentialAction":[{"@type":"ReadAction","target":["https:\/\/www.tedom.com\/cs\/skupina-tedom\/"]}]},{"@type":"ImageObject","inLanguage":"cs","@id":"https:\/\/www.tedom.com\/cs\/skupina-tedom\/#primaryimage","url":"https:\/\/www.tedom.com\/wp-content\/uploads\/2023\/10\/10-scaled.jpg","contentUrl":"https:\/\/www.tedom.com\/wp-content\/uploads\/2023\/10\/10-scaled.jpg","width":2560,"height":1706},{"@type":"BreadcrumbList","@id":"https:\/\/www.tedom.com\/cs\/skupina-tedom\/#breadcrumb","itemListElement":[{"@type":"ListItem","position":1,"name":"Home","item":"https:\/\/www.tedom.com\/cs\/"},{"@type":"ListItem","position":2,"name":"Skupina TEDOM"}]},{"@type":"WebSite","@id":"https:\/\/www.tedom.com\/cs\/#website","url":"https:\/\/www.tedom.com\/cs\/","name":"TEDOM","description":"TEDOM se zab\u00fdv\u00e1 v\u00fdrobou kogenera\u010dn\u00edch jednotek, instalac\u00ed fotovoltaiky a poskytov\u00e1n\u00edm komplexn\u00edch slu\u017eeb pro modern\u00ed decentr\u00e1ln\u00ed energetiku.","publisher":{"@id":"https:\/\/www.tedom.com\/cs\/#organization"},"potentialAction":[{"@type":"SearchAction","target":{"@type":"EntryPoint","urlTemplate":"https:\/\/www.tedom.com\/cs\/?s={search_term_string}"},"query-input":{"@type":"PropertyValueSpecification","valueRequired":true,"valueName":"search_term_string"}}],"inLanguage":"cs"},{"@type":"Organization","@id":"https:\/\/www.tedom.com\/cs\/#organization","name":"TEDOM a. s.","url":"https:\/\/www.tedom.com\/cs\/","logo":{"@type":"ImageObject","inLanguage":"cs","@id":"https:\/\/www.tedom.com\/cs\/#\/schema\/logo\/image\/","url":"https:\/\/www.tedom.com\/wp-content\/uploads\/2023\/11\/TEDOM_logotype_RGB-scaled.jpg","contentUrl":"https:\/\/www.tedom.com\/wp-content\/uploads\/2023\/11\/TEDOM_logotype_RGB-scaled.jpg","width":2560,"height":654,"caption":"TEDOM a. s."},"image":{"@id":"https:\/\/www.tedom.com\/cs\/#\/schema\/logo\/image\/"},"sameAs":["https:\/\/www.facebook.com\/tedom.cz\/","https:\/\/x.com\/tedom_chp","https:\/\/www.instagram.com\/tedom_a.s\/","https:\/\/www.youtube.com\/channel\/UCEqr6fHr02vxVRVF_xtKZ2w","https:\/\/www.linkedin.com\/company\/tedom-a-s-?originalSubdomain=cz"]}]}},"_links":{"self":[{"href":"https:\/\/www.tedom.com\/cs\/wp-json\/wp\/v2\/pages\/35","targetHints":{"allow":["GET"]}}],"collection":[{"href":"https:\/\/www.tedom.com\/cs\/wp-json\/wp\/v2\/pages"}],"about":[{"href":"https:\/\/www.tedom.com\/cs\/wp-json\/wp\/v2\/types\/page"}],"author":[{"embeddable":true,"href":"https:\/\/www.tedom.com\/cs\/wp-json\/wp\/v2\/users\/2"}],"replies":[{"embeddable":true,"href":"https:\/\/www.tedom.com\/cs\/wp-json\/wp\/v2\/comments?post=35"}],"version-history":[{"count":14,"href":"https:\/\/www.tedom.com\/cs\/wp-json\/wp\/v2\/pages\/35\/revisions"}],"predecessor-version":[{"id":21493,"href":"https:\/\/www.tedom.com\/cs\/wp-json\/wp\/v2\/pages\/35\/revisions\/21493"}],"wp:featuredmedia":[{"embeddable":true,"href":"https:\/\/www.tedom.com\/cs\/wp-json\/wp\/v2\/media\/3030"}],"wp:attachment":[{"href":"https:\/\/www.tedom.com\/cs\/wp-json\/wp\/v2\/media?parent=35"}],"curies":[{"name":"wp","href":"https:\/\/api.w.org\/{rel}","templated":true}]}}