{"id":2817,"date":"2023-10-25T14:40:12","date_gmt":"2023-10-25T12:40:12","guid":{"rendered":"https:\/\/www.tedom.com\/?page_id=2817"},"modified":"2025-05-28T13:11:21","modified_gmt":"2025-05-28T11:11:21","slug":"kogenerace-bez-vlastni-investice","status":"publish","type":"page","link":"https:\/\/www.tedom.com\/cs\/energeticke-systemy\/kogenerace-bez-vlastni-investice\/","title":{"rendered":"Kogenerace bez vlastn\u00ed investice"},"content":{"rendered":"","protected":false},"excerpt":{"rendered":"","protected":false},"author":8,"featured_media":3466,"parent":64,"menu_order":0,"comment_status":"closed","ping_status":"closed","template":"templates\/kogenerace-bez-investice.php","meta":{"_acf_changed":false,"footnotes":""},"class_list":["post-2817","page","type-page","status-publish","has-post-thumbnail","hentry"],"acf":[],"yoast_head":"<!-- This site is optimized with the Yoast SEO Premium plugin v24.6 (Yoast SEO v26.4) - https:\/\/yoast.com\/wordpress\/plugins\/seo\/ -->\n<title>Kogenerace bez vlastn\u00ed investice &#8211; TEDOM<\/title>\n<meta name=\"description\" content=\"TEDOM se zab\u00fdv\u00e1 v\u00fdrobou kogenera\u010dn\u00edch jednotek, instalac\u00ed fotovoltaiky a poskytov\u00e1n\u00edm komplexn\u00edch slu\u017eeb pro modern\u00ed decentr\u00e1ln\u00ed energetiku.\" \/>\n<meta name=\"robots\" content=\"index, follow, max-snippet:-1, max-image-preview:large, max-video-preview:-1\" \/>\n<link rel=\"canonical\" href=\"https:\/\/www.tedom.com\/cs\/energeticke-systemy\/kogenerace-bez-vlastni-investice\/\" \/>\n<meta property=\"og:locale\" content=\"cs_CZ\" \/>\n<meta property=\"og:type\" content=\"article\" \/>\n<meta property=\"og:title\" content=\"Kogenerace bez vlastn\u00ed investice\" \/>\n<meta property=\"og:description\" content=\"TEDOM se zab\u00fdv\u00e1 v\u00fdrobou kogenera\u010dn\u00edch jednotek, instalac\u00ed fotovoltaiky a poskytov\u00e1n\u00edm komplexn\u00edch slu\u017eeb pro modern\u00ed decentr\u00e1ln\u00ed energetiku.\" \/>\n<meta property=\"og:url\" content=\"https:\/\/www.tedom.com\/cs\/energeticke-systemy\/kogenerace-bez-vlastni-investice\/\" \/>\n<meta property=\"og:site_name\" content=\"TEDOM\" \/>\n<meta property=\"article:publisher\" content=\"https:\/\/www.facebook.com\/tedom.cz\/\" \/>\n<meta property=\"article:modified_time\" content=\"2025-05-28T11:11:21+00:00\" \/>\n<meta property=\"og:image\" content=\"https:\/\/www.tedom.com\/wp-content\/uploads\/2023\/11\/Svit-scaled.jpg\" \/>\n\t<meta property=\"og:image:width\" content=\"2560\" \/>\n\t<meta property=\"og:image:height\" content=\"1707\" \/>\n\t<meta property=\"og:image:type\" content=\"image\/jpeg\" \/>\n<meta name=\"twitter:card\" content=\"summary_large_image\" \/>\n<meta name=\"twitter:site\" content=\"@tedom_chp\" \/>\n<meta name=\"twitter:label1\" content=\"Odhadovan\u00e1 doba \u010dten\u00ed\" \/>\n\t<meta name=\"twitter:data1\" content=\"1 minuta\" \/>\n<script type=\"application\/ld+json\" class=\"yoast-schema-graph\">{\"@context\":\"https:\/\/schema.org\",\"@graph\":[{\"@type\":\"WebPage\",\"@id\":\"https:\/\/www.tedom.com\/cs\/energeticke-systemy\/kogenerace-bez-vlastni-investice\/\",\"url\":\"https:\/\/www.tedom.com\/cs\/energeticke-systemy\/kogenerace-bez-vlastni-investice\/\",\"name\":\"Kogenerace bez vlastn\u00ed investice &#8211; TEDOM\",\"isPartOf\":{\"@id\":\"https:\/\/www.tedom.com\/cs\/#website\"},\"primaryImageOfPage\":{\"@id\":\"https:\/\/www.tedom.com\/cs\/energeticke-systemy\/kogenerace-bez-vlastni-investice\/#primaryimage\"},\"image\":{\"@id\":\"https:\/\/www.tedom.com\/cs\/energeticke-systemy\/kogenerace-bez-vlastni-investice\/#primaryimage\"},\"thumbnailUrl\":\"https:\/\/www.tedom.com\/wp-content\/uploads\/2023\/11\/Svit-scaled.jpg\",\"datePublished\":\"2023-10-25T12:40:12+00:00\",\"dateModified\":\"2025-05-28T11:11:21+00:00\",\"description\":\"TEDOM se zab\u00fdv\u00e1 v\u00fdrobou kogenera\u010dn\u00edch jednotek, instalac\u00ed fotovoltaiky a poskytov\u00e1n\u00edm komplexn\u00edch slu\u017eeb pro modern\u00ed decentr\u00e1ln\u00ed energetiku.\",\"breadcrumb\":{\"@id\":\"https:\/\/www.tedom.com\/cs\/energeticke-systemy\/kogenerace-bez-vlastni-investice\/#breadcrumb\"},\"inLanguage\":\"cs\",\"potentialAction\":[{\"@type\":\"ReadAction\",\"target\":[\"https:\/\/www.tedom.com\/cs\/energeticke-systemy\/kogenerace-bez-vlastni-investice\/\"]}]},{\"@type\":\"ImageObject\",\"inLanguage\":\"cs\",\"@id\":\"https:\/\/www.tedom.com\/cs\/energeticke-systemy\/kogenerace-bez-vlastni-investice\/#primaryimage\",\"url\":\"https:\/\/www.tedom.com\/wp-content\/uploads\/2023\/11\/Svit-scaled.jpg\",\"contentUrl\":\"https:\/\/www.tedom.com\/wp-content\/uploads\/2023\/11\/Svit-scaled.jpg\",\"width\":2560,\"height\":1707},{\"@type\":\"BreadcrumbList\",\"@id\":\"https:\/\/www.tedom.com\/cs\/energeticke-systemy\/kogenerace-bez-vlastni-investice\/#breadcrumb\",\"itemListElement\":[{\"@type\":\"ListItem\",\"position\":1,\"name\":\"Home\",\"item\":\"https:\/\/www.tedom.com\/cs\/\"},{\"@type\":\"ListItem\",\"position\":2,\"name\":\"Energetick\u00e9 syst\u00e9my\",\"item\":\"https:\/\/www.tedom.com\/cs\/energeticke-systemy\/\"},{\"@type\":\"ListItem\",\"position\":3,\"name\":\"Kogenerace bez vlastn\u00ed investice\"}]},{\"@type\":\"WebSite\",\"@id\":\"https:\/\/www.tedom.com\/cs\/#website\",\"url\":\"https:\/\/www.tedom.com\/cs\/\",\"name\":\"TEDOM\",\"description\":\"TEDOM se zab\u00fdv\u00e1 v\u00fdrobou kogenera\u010dn\u00edch jednotek, instalac\u00ed fotovoltaiky a poskytov\u00e1n\u00edm komplexn\u00edch slu\u017eeb pro modern\u00ed decentr\u00e1ln\u00ed energetiku.\",\"publisher\":{\"@id\":\"https:\/\/www.tedom.com\/cs\/#organization\"},\"potentialAction\":[{\"@type\":\"SearchAction\",\"target\":{\"@type\":\"EntryPoint\",\"urlTemplate\":\"https:\/\/www.tedom.com\/cs\/?s={search_term_string}\"},\"query-input\":{\"@type\":\"PropertyValueSpecification\",\"valueRequired\":true,\"valueName\":\"search_term_string\"}}],\"inLanguage\":\"cs\"},{\"@type\":\"Organization\",\"@id\":\"https:\/\/www.tedom.com\/cs\/#organization\",\"name\":\"TEDOM a. s.\",\"url\":\"https:\/\/www.tedom.com\/cs\/\",\"logo\":{\"@type\":\"ImageObject\",\"inLanguage\":\"cs\",\"@id\":\"https:\/\/www.tedom.com\/cs\/#\/schema\/logo\/image\/\",\"url\":\"https:\/\/www.tedom.com\/wp-content\/uploads\/2023\/11\/TEDOM_logotype_RGB-scaled.jpg\",\"contentUrl\":\"https:\/\/www.tedom.com\/wp-content\/uploads\/2023\/11\/TEDOM_logotype_RGB-scaled.jpg\",\"width\":2560,\"height\":654,\"caption\":\"TEDOM a. s.\"},\"image\":{\"@id\":\"https:\/\/www.tedom.com\/cs\/#\/schema\/logo\/image\/\"},\"sameAs\":[\"https:\/\/www.facebook.com\/tedom.cz\/\",\"https:\/\/x.com\/tedom_chp\",\"https:\/\/www.instagram.com\/tedom_a.s\/\",\"https:\/\/www.youtube.com\/channel\/UCEqr6fHr02vxVRVF_xtKZ2w\",\"https:\/\/www.linkedin.com\/company\/tedom-a-s-?originalSubdomain=cz\"]}]}<\/script>\n<!-- \/ Yoast SEO Premium plugin. -->","yoast_head_json":{"title":"Kogenerace bez vlastn\u00ed investice &#8211; TEDOM","description":"TEDOM se zab\u00fdv\u00e1 v\u00fdrobou kogenera\u010dn\u00edch jednotek, instalac\u00ed fotovoltaiky a poskytov\u00e1n\u00edm komplexn\u00edch slu\u017eeb pro modern\u00ed decentr\u00e1ln\u00ed energetiku.","robots":{"index":"index","follow":"follow","max-snippet":"max-snippet:-1","max-image-preview":"max-image-preview:large","max-video-preview":"max-video-preview:-1"},"canonical":"https:\/\/www.tedom.com\/cs\/energeticke-systemy\/kogenerace-bez-vlastni-investice\/","og_locale":"cs_CZ","og_type":"article","og_title":"Kogenerace bez vlastn\u00ed investice","og_description":"TEDOM se zab\u00fdv\u00e1 v\u00fdrobou kogenera\u010dn\u00edch jednotek, instalac\u00ed fotovoltaiky a poskytov\u00e1n\u00edm komplexn\u00edch slu\u017eeb pro modern\u00ed decentr\u00e1ln\u00ed energetiku.","og_url":"https:\/\/www.tedom.com\/cs\/energeticke-systemy\/kogenerace-bez-vlastni-investice\/","og_site_name":"TEDOM","article_publisher":"https:\/\/www.facebook.com\/tedom.cz\/","article_modified_time":"2025-05-28T11:11:21+00:00","og_image":[{"width":2560,"height":1707,"url":"https:\/\/www.tedom.com\/wp-content\/uploads\/2023\/11\/Svit-scaled.jpg","type":"image\/jpeg"}],"twitter_card":"summary_large_image","twitter_site":"@tedom_chp","twitter_misc":{"Odhadovan\u00e1 doba \u010dten\u00ed":"1 minuta"},"schema":{"@context":"https:\/\/schema.org","@graph":[{"@type":"WebPage","@id":"https:\/\/www.tedom.com\/cs\/energeticke-systemy\/kogenerace-bez-vlastni-investice\/","url":"https:\/\/www.tedom.com\/cs\/energeticke-systemy\/kogenerace-bez-vlastni-investice\/","name":"Kogenerace bez vlastn\u00ed investice &#8211; TEDOM","isPartOf":{"@id":"https:\/\/www.tedom.com\/cs\/#website"},"primaryImageOfPage":{"@id":"https:\/\/www.tedom.com\/cs\/energeticke-systemy\/kogenerace-bez-vlastni-investice\/#primaryimage"},"image":{"@id":"https:\/\/www.tedom.com\/cs\/energeticke-systemy\/kogenerace-bez-vlastni-investice\/#primaryimage"},"thumbnailUrl":"https:\/\/www.tedom.com\/wp-content\/uploads\/2023\/11\/Svit-scaled.jpg","datePublished":"2023-10-25T12:40:12+00:00","dateModified":"2025-05-28T11:11:21+00:00","description":"TEDOM se zab\u00fdv\u00e1 v\u00fdrobou kogenera\u010dn\u00edch jednotek, instalac\u00ed fotovoltaiky a poskytov\u00e1n\u00edm komplexn\u00edch slu\u017eeb pro modern\u00ed decentr\u00e1ln\u00ed energetiku.","breadcrumb":{"@id":"https:\/\/www.tedom.com\/cs\/energeticke-systemy\/kogenerace-bez-vlastni-investice\/#breadcrumb"},"inLanguage":"cs","potentialAction":[{"@type":"ReadAction","target":["https:\/\/www.tedom.com\/cs\/energeticke-systemy\/kogenerace-bez-vlastni-investice\/"]}]},{"@type":"ImageObject","inLanguage":"cs","@id":"https:\/\/www.tedom.com\/cs\/energeticke-systemy\/kogenerace-bez-vlastni-investice\/#primaryimage","url":"https:\/\/www.tedom.com\/wp-content\/uploads\/2023\/11\/Svit-scaled.jpg","contentUrl":"https:\/\/www.tedom.com\/wp-content\/uploads\/2023\/11\/Svit-scaled.jpg","width":2560,"height":1707},{"@type":"BreadcrumbList","@id":"https:\/\/www.tedom.com\/cs\/energeticke-systemy\/kogenerace-bez-vlastni-investice\/#breadcrumb","itemListElement":[{"@type":"ListItem","position":1,"name":"Home","item":"https:\/\/www.tedom.com\/cs\/"},{"@type":"ListItem","position":2,"name":"Energetick\u00e9 syst\u00e9my","item":"https:\/\/www.tedom.com\/cs\/energeticke-systemy\/"},{"@type":"ListItem","position":3,"name":"Kogenerace bez vlastn\u00ed investice"}]},{"@type":"WebSite","@id":"https:\/\/www.tedom.com\/cs\/#website","url":"https:\/\/www.tedom.com\/cs\/","name":"TEDOM","description":"TEDOM se zab\u00fdv\u00e1 v\u00fdrobou kogenera\u010dn\u00edch jednotek, instalac\u00ed fotovoltaiky a poskytov\u00e1n\u00edm komplexn\u00edch slu\u017eeb pro modern\u00ed decentr\u00e1ln\u00ed energetiku.","publisher":{"@id":"https:\/\/www.tedom.com\/cs\/#organization"},"potentialAction":[{"@type":"SearchAction","target":{"@type":"EntryPoint","urlTemplate":"https:\/\/www.tedom.com\/cs\/?s={search_term_string}"},"query-input":{"@type":"PropertyValueSpecification","valueRequired":true,"valueName":"search_term_string"}}],"inLanguage":"cs"},{"@type":"Organization","@id":"https:\/\/www.tedom.com\/cs\/#organization","name":"TEDOM a. s.","url":"https:\/\/www.tedom.com\/cs\/","logo":{"@type":"ImageObject","inLanguage":"cs","@id":"https:\/\/www.tedom.com\/cs\/#\/schema\/logo\/image\/","url":"https:\/\/www.tedom.com\/wp-content\/uploads\/2023\/11\/TEDOM_logotype_RGB-scaled.jpg","contentUrl":"https:\/\/www.tedom.com\/wp-content\/uploads\/2023\/11\/TEDOM_logotype_RGB-scaled.jpg","width":2560,"height":654,"caption":"TEDOM a. s."},"image":{"@id":"https:\/\/www.tedom.com\/cs\/#\/schema\/logo\/image\/"},"sameAs":["https:\/\/www.facebook.com\/tedom.cz\/","https:\/\/x.com\/tedom_chp","https:\/\/www.instagram.com\/tedom_a.s\/","https:\/\/www.youtube.com\/channel\/UCEqr6fHr02vxVRVF_xtKZ2w","https:\/\/www.linkedin.com\/company\/tedom-a-s-?originalSubdomain=cz"]}]}},"_links":{"self":[{"href":"https:\/\/www.tedom.com\/cs\/wp-json\/wp\/v2\/pages\/2817","targetHints":{"allow":["GET"]}}],"collection":[{"href":"https:\/\/www.tedom.com\/cs\/wp-json\/wp\/v2\/pages"}],"about":[{"href":"https:\/\/www.tedom.com\/cs\/wp-json\/wp\/v2\/types\/page"}],"author":[{"embeddable":true,"href":"https:\/\/www.tedom.com\/cs\/wp-json\/wp\/v2\/users\/8"}],"replies":[{"embeddable":true,"href":"https:\/\/www.tedom.com\/cs\/wp-json\/wp\/v2\/comments?post=2817"}],"version-history":[{"count":4,"href":"https:\/\/www.tedom.com\/cs\/wp-json\/wp\/v2\/pages\/2817\/revisions"}],"predecessor-version":[{"id":23673,"href":"https:\/\/www.tedom.com\/cs\/wp-json\/wp\/v2\/pages\/2817\/revisions\/23673"}],"up":[{"embeddable":true,"href":"https:\/\/www.tedom.com\/cs\/wp-json\/wp\/v2\/pages\/64"}],"wp:featuredmedia":[{"embeddable":true,"href":"https:\/\/www.tedom.com\/cs\/wp-json\/wp\/v2\/media\/3466"}],"wp:attachment":[{"href":"https:\/\/www.tedom.com\/cs\/wp-json\/wp\/v2\/media?parent=2817"}],"curies":[{"name":"wp","href":"https:\/\/api.w.org\/{rel}","templated":true}]}}