{"id":1139,"date":"2023-10-04T17:04:51","date_gmt":"2023-10-04T17:04:51","guid":{"rendered":"https:\/\/www.tedom.com\/?page_id=1139"},"modified":"2023-11-29T14:58:59","modified_gmt":"2023-11-29T13:58:59","slug":"lpg","status":"publish","type":"page","link":"https:\/\/www.tedom.com\/cs\/kogenerace-jednotky\/lpg\/","title":{"rendered":"LPG"},"content":{"rendered":"","protected":false},"excerpt":{"rendered":"","protected":false},"author":2,"featured_media":3144,"parent":70,"menu_order":0,"comment_status":"closed","ping_status":"closed","template":"templates\/technicke-parametry.php","meta":{"_acf_changed":false,"footnotes":""},"class_list":["post-1139","page","type-page","status-publish","has-post-thumbnail","hentry"],"acf":[],"yoast_head":"<!-- This site is optimized with the Yoast SEO Premium plugin v24.6 (Yoast SEO v26.4) - https:\/\/yoast.com\/wordpress\/plugins\/seo\/ -->\n<title>LPG &#8211; Kogenera\u010dn\u00ed jednotky TEDOM<\/title>\n<meta name=\"description\" content=\"P\u0159ehled vyr\u00e1b\u011bn\u00fdch typ\u016f kogenera\u010dn\u00edch jednotek TEDOM na LPG. Celkem jsme nainstalovali p\u0159es 4 000 kogenera\u010dn\u00edch jednotek ve v\u00edce ne\u017e 40 zem\u00edch sv\u011bta.\" \/>\n<meta name=\"robots\" content=\"index, follow, max-snippet:-1, max-image-preview:large, max-video-preview:-1\" \/>\n<link rel=\"canonical\" href=\"https:\/\/www.tedom.com\/cs\/kogenerace-jednotky\/lpg\/\" \/>\n<meta property=\"og:locale\" content=\"cs_CZ\" \/>\n<meta property=\"og:type\" content=\"article\" \/>\n<meta property=\"og:title\" content=\"LPG\" \/>\n<meta property=\"og:description\" content=\"P\u0159ehled vyr\u00e1b\u011bn\u00fdch typ\u016f kogenera\u010dn\u00edch jednotek TEDOM na LPG. Celkem jsme nainstalovali p\u0159es 4 000 kogenera\u010dn\u00edch jednotek ve v\u00edce ne\u017e 40 zem\u00edch sv\u011bta.\" \/>\n<meta property=\"og:url\" content=\"https:\/\/www.tedom.com\/cs\/kogenerace-jednotky\/lpg\/\" \/>\n<meta property=\"og:site_name\" content=\"TEDOM\" \/>\n<meta property=\"article:publisher\" content=\"https:\/\/www.facebook.com\/tedom.cz\/\" \/>\n<meta property=\"article:modified_time\" content=\"2023-11-29T13:58:59+00:00\" \/>\n<meta property=\"og:image\" content=\"https:\/\/www.tedom.com\/wp-content\/uploads\/2023\/10\/LPG.jpg\" \/>\n\t<meta property=\"og:image:width\" content=\"1600\" \/>\n\t<meta property=\"og:image:height\" content=\"1067\" \/>\n\t<meta property=\"og:image:type\" content=\"image\/jpeg\" \/>\n<meta name=\"twitter:card\" content=\"summary_large_image\" \/>\n<meta name=\"twitter:site\" content=\"@tedom_chp\" \/>\n<script type=\"application\/ld+json\" class=\"yoast-schema-graph\">{\"@context\":\"https:\/\/schema.org\",\"@graph\":[{\"@type\":\"WebPage\",\"@id\":\"https:\/\/www.tedom.com\/cs\/kogenerace-jednotky\/lpg\/\",\"url\":\"https:\/\/www.tedom.com\/cs\/kogenerace-jednotky\/lpg\/\",\"name\":\"LPG &#8211; Kogenera\u010dn\u00ed jednotky TEDOM\",\"isPartOf\":{\"@id\":\"https:\/\/www.tedom.com\/cs\/#website\"},\"primaryImageOfPage\":{\"@id\":\"https:\/\/www.tedom.com\/cs\/kogenerace-jednotky\/lpg\/#primaryimage\"},\"image\":{\"@id\":\"https:\/\/www.tedom.com\/cs\/kogenerace-jednotky\/lpg\/#primaryimage\"},\"thumbnailUrl\":\"https:\/\/www.tedom.com\/wp-content\/uploads\/2023\/10\/LPG.jpg\",\"datePublished\":\"2023-10-04T17:04:51+00:00\",\"dateModified\":\"2023-11-29T13:58:59+00:00\",\"description\":\"P\u0159ehled vyr\u00e1b\u011bn\u00fdch typ\u016f kogenera\u010dn\u00edch jednotek TEDOM na LPG. Celkem jsme nainstalovali p\u0159es 4 000 kogenera\u010dn\u00edch jednotek ve v\u00edce ne\u017e 40 zem\u00edch sv\u011bta.\",\"breadcrumb\":{\"@id\":\"https:\/\/www.tedom.com\/cs\/kogenerace-jednotky\/lpg\/#breadcrumb\"},\"inLanguage\":\"cs\",\"potentialAction\":[{\"@type\":\"ReadAction\",\"target\":[\"https:\/\/www.tedom.com\/cs\/kogenerace-jednotky\/lpg\/\"]}]},{\"@type\":\"ImageObject\",\"inLanguage\":\"cs\",\"@id\":\"https:\/\/www.tedom.com\/cs\/kogenerace-jednotky\/lpg\/#primaryimage\",\"url\":\"https:\/\/www.tedom.com\/wp-content\/uploads\/2023\/10\/LPG.jpg\",\"contentUrl\":\"https:\/\/www.tedom.com\/wp-content\/uploads\/2023\/10\/LPG.jpg\",\"width\":1600,\"height\":1067},{\"@type\":\"BreadcrumbList\",\"@id\":\"https:\/\/www.tedom.com\/cs\/kogenerace-jednotky\/lpg\/#breadcrumb\",\"itemListElement\":[{\"@type\":\"ListItem\",\"position\":1,\"name\":\"Home\",\"item\":\"https:\/\/www.tedom.com\/cs\/\"},{\"@type\":\"ListItem\",\"position\":2,\"name\":\"Kogenerace\",\"item\":\"https:\/\/www.tedom.com\/cs\/kogenerace-jednotky\/\"},{\"@type\":\"ListItem\",\"position\":3,\"name\":\"LPG\"}]},{\"@type\":\"WebSite\",\"@id\":\"https:\/\/www.tedom.com\/cs\/#website\",\"url\":\"https:\/\/www.tedom.com\/cs\/\",\"name\":\"TEDOM\",\"description\":\"TEDOM se zab\u00fdv\u00e1 v\u00fdrobou kogenera\u010dn\u00edch jednotek, instalac\u00ed fotovoltaiky a poskytov\u00e1n\u00edm komplexn\u00edch slu\u017eeb pro modern\u00ed decentr\u00e1ln\u00ed energetiku.\",\"publisher\":{\"@id\":\"https:\/\/www.tedom.com\/cs\/#organization\"},\"potentialAction\":[{\"@type\":\"SearchAction\",\"target\":{\"@type\":\"EntryPoint\",\"urlTemplate\":\"https:\/\/www.tedom.com\/cs\/?s={search_term_string}\"},\"query-input\":{\"@type\":\"PropertyValueSpecification\",\"valueRequired\":true,\"valueName\":\"search_term_string\"}}],\"inLanguage\":\"cs\"},{\"@type\":\"Organization\",\"@id\":\"https:\/\/www.tedom.com\/cs\/#organization\",\"name\":\"TEDOM a. s.\",\"url\":\"https:\/\/www.tedom.com\/cs\/\",\"logo\":{\"@type\":\"ImageObject\",\"inLanguage\":\"cs\",\"@id\":\"https:\/\/www.tedom.com\/cs\/#\/schema\/logo\/image\/\",\"url\":\"https:\/\/www.tedom.com\/wp-content\/uploads\/2023\/11\/TEDOM_logotype_RGB-scaled.jpg\",\"contentUrl\":\"https:\/\/www.tedom.com\/wp-content\/uploads\/2023\/11\/TEDOM_logotype_RGB-scaled.jpg\",\"width\":2560,\"height\":654,\"caption\":\"TEDOM a. s.\"},\"image\":{\"@id\":\"https:\/\/www.tedom.com\/cs\/#\/schema\/logo\/image\/\"},\"sameAs\":[\"https:\/\/www.facebook.com\/tedom.cz\/\",\"https:\/\/x.com\/tedom_chp\",\"https:\/\/www.instagram.com\/tedom_a.s\/\",\"https:\/\/www.youtube.com\/channel\/UCEqr6fHr02vxVRVF_xtKZ2w\",\"https:\/\/www.linkedin.com\/company\/tedom-a-s-?originalSubdomain=cz\"]}]}<\/script>\n<!-- \/ Yoast SEO Premium plugin. -->","yoast_head_json":{"title":"LPG &#8211; Kogenera\u010dn\u00ed jednotky TEDOM","description":"P\u0159ehled vyr\u00e1b\u011bn\u00fdch typ\u016f kogenera\u010dn\u00edch jednotek TEDOM na LPG. Celkem jsme nainstalovali p\u0159es 4 000 kogenera\u010dn\u00edch jednotek ve v\u00edce ne\u017e 40 zem\u00edch sv\u011bta.","robots":{"index":"index","follow":"follow","max-snippet":"max-snippet:-1","max-image-preview":"max-image-preview:large","max-video-preview":"max-video-preview:-1"},"canonical":"https:\/\/www.tedom.com\/cs\/kogenerace-jednotky\/lpg\/","og_locale":"cs_CZ","og_type":"article","og_title":"LPG","og_description":"P\u0159ehled vyr\u00e1b\u011bn\u00fdch typ\u016f kogenera\u010dn\u00edch jednotek TEDOM na LPG. Celkem jsme nainstalovali p\u0159es 4 000 kogenera\u010dn\u00edch jednotek ve v\u00edce ne\u017e 40 zem\u00edch sv\u011bta.","og_url":"https:\/\/www.tedom.com\/cs\/kogenerace-jednotky\/lpg\/","og_site_name":"TEDOM","article_publisher":"https:\/\/www.facebook.com\/tedom.cz\/","article_modified_time":"2023-11-29T13:58:59+00:00","og_image":[{"width":1600,"height":1067,"url":"https:\/\/www.tedom.com\/wp-content\/uploads\/2023\/10\/LPG.jpg","type":"image\/jpeg"}],"twitter_card":"summary_large_image","twitter_site":"@tedom_chp","schema":{"@context":"https:\/\/schema.org","@graph":[{"@type":"WebPage","@id":"https:\/\/www.tedom.com\/cs\/kogenerace-jednotky\/lpg\/","url":"https:\/\/www.tedom.com\/cs\/kogenerace-jednotky\/lpg\/","name":"LPG &#8211; Kogenera\u010dn\u00ed jednotky TEDOM","isPartOf":{"@id":"https:\/\/www.tedom.com\/cs\/#website"},"primaryImageOfPage":{"@id":"https:\/\/www.tedom.com\/cs\/kogenerace-jednotky\/lpg\/#primaryimage"},"image":{"@id":"https:\/\/www.tedom.com\/cs\/kogenerace-jednotky\/lpg\/#primaryimage"},"thumbnailUrl":"https:\/\/www.tedom.com\/wp-content\/uploads\/2023\/10\/LPG.jpg","datePublished":"2023-10-04T17:04:51+00:00","dateModified":"2023-11-29T13:58:59+00:00","description":"P\u0159ehled vyr\u00e1b\u011bn\u00fdch typ\u016f kogenera\u010dn\u00edch jednotek TEDOM na LPG. Celkem jsme nainstalovali p\u0159es 4 000 kogenera\u010dn\u00edch jednotek ve v\u00edce ne\u017e 40 zem\u00edch sv\u011bta.","breadcrumb":{"@id":"https:\/\/www.tedom.com\/cs\/kogenerace-jednotky\/lpg\/#breadcrumb"},"inLanguage":"cs","potentialAction":[{"@type":"ReadAction","target":["https:\/\/www.tedom.com\/cs\/kogenerace-jednotky\/lpg\/"]}]},{"@type":"ImageObject","inLanguage":"cs","@id":"https:\/\/www.tedom.com\/cs\/kogenerace-jednotky\/lpg\/#primaryimage","url":"https:\/\/www.tedom.com\/wp-content\/uploads\/2023\/10\/LPG.jpg","contentUrl":"https:\/\/www.tedom.com\/wp-content\/uploads\/2023\/10\/LPG.jpg","width":1600,"height":1067},{"@type":"BreadcrumbList","@id":"https:\/\/www.tedom.com\/cs\/kogenerace-jednotky\/lpg\/#breadcrumb","itemListElement":[{"@type":"ListItem","position":1,"name":"Home","item":"https:\/\/www.tedom.com\/cs\/"},{"@type":"ListItem","position":2,"name":"Kogenerace","item":"https:\/\/www.tedom.com\/cs\/kogenerace-jednotky\/"},{"@type":"ListItem","position":3,"name":"LPG"}]},{"@type":"WebSite","@id":"https:\/\/www.tedom.com\/cs\/#website","url":"https:\/\/www.tedom.com\/cs\/","name":"TEDOM","description":"TEDOM se zab\u00fdv\u00e1 v\u00fdrobou kogenera\u010dn\u00edch jednotek, instalac\u00ed fotovoltaiky a poskytov\u00e1n\u00edm komplexn\u00edch slu\u017eeb pro modern\u00ed decentr\u00e1ln\u00ed energetiku.","publisher":{"@id":"https:\/\/www.tedom.com\/cs\/#organization"},"potentialAction":[{"@type":"SearchAction","target":{"@type":"EntryPoint","urlTemplate":"https:\/\/www.tedom.com\/cs\/?s={search_term_string}"},"query-input":{"@type":"PropertyValueSpecification","valueRequired":true,"valueName":"search_term_string"}}],"inLanguage":"cs"},{"@type":"Organization","@id":"https:\/\/www.tedom.com\/cs\/#organization","name":"TEDOM a. s.","url":"https:\/\/www.tedom.com\/cs\/","logo":{"@type":"ImageObject","inLanguage":"cs","@id":"https:\/\/www.tedom.com\/cs\/#\/schema\/logo\/image\/","url":"https:\/\/www.tedom.com\/wp-content\/uploads\/2023\/11\/TEDOM_logotype_RGB-scaled.jpg","contentUrl":"https:\/\/www.tedom.com\/wp-content\/uploads\/2023\/11\/TEDOM_logotype_RGB-scaled.jpg","width":2560,"height":654,"caption":"TEDOM a. s."},"image":{"@id":"https:\/\/www.tedom.com\/cs\/#\/schema\/logo\/image\/"},"sameAs":["https:\/\/www.facebook.com\/tedom.cz\/","https:\/\/x.com\/tedom_chp","https:\/\/www.instagram.com\/tedom_a.s\/","https:\/\/www.youtube.com\/channel\/UCEqr6fHr02vxVRVF_xtKZ2w","https:\/\/www.linkedin.com\/company\/tedom-a-s-?originalSubdomain=cz"]}]}},"_links":{"self":[{"href":"https:\/\/www.tedom.com\/cs\/wp-json\/wp\/v2\/pages\/1139","targetHints":{"allow":["GET"]}}],"collection":[{"href":"https:\/\/www.tedom.com\/cs\/wp-json\/wp\/v2\/pages"}],"about":[{"href":"https:\/\/www.tedom.com\/cs\/wp-json\/wp\/v2\/types\/page"}],"author":[{"embeddable":true,"href":"https:\/\/www.tedom.com\/cs\/wp-json\/wp\/v2\/users\/2"}],"replies":[{"embeddable":true,"href":"https:\/\/www.tedom.com\/cs\/wp-json\/wp\/v2\/comments?post=1139"}],"version-history":[{"count":0,"href":"https:\/\/www.tedom.com\/cs\/wp-json\/wp\/v2\/pages\/1139\/revisions"}],"up":[{"embeddable":true,"href":"https:\/\/www.tedom.com\/cs\/wp-json\/wp\/v2\/pages\/70"}],"wp:featuredmedia":[{"embeddable":true,"href":"https:\/\/www.tedom.com\/cs\/wp-json\/wp\/v2\/media\/3144"}],"wp:attachment":[{"href":"https:\/\/www.tedom.com\/cs\/wp-json\/wp\/v2\/media?parent=1139"}],"curies":[{"name":"wp","href":"https:\/\/api.w.org\/{rel}","templated":true}]}}